{"id":21602,"date":"2025-04-29T15:36:44","date_gmt":"2025-04-29T15:36:44","guid":{"rendered":"https:\/\/www.texpol.sk\/cart\/"},"modified":"2025-04-29T15:36:45","modified_gmt":"2025-04-29T15:36:45","slug":"cart","status":"publish","type":"page","link":"https:\/\/www.texpol.sk\/cs\/cart\/","title":{"rendered":"Cart"},"content":{"rendered":"<div data-block-name=\"woocommerce\/cart\" class=\"wp-block-woocommerce-cart alignwide is-loading\"><div data-block-name=\"woocommerce\/filled-cart-block\" class=\"wp-block-woocommerce-filled-cart-block\"><div data-block-name=\"woocommerce\/cart-items-block\" class=\"wp-block-woocommerce-cart-items-block\"><div data-block-name=\"woocommerce\/cart-line-items-block\" class=\"wp-block-woocommerce-cart-line-items-block\"><\/div>\n\n<div data-block-name=\"woocommerce\/cart-cross-sells-block\" class=\"wp-block-woocommerce-cart-cross-sells-block\"><h2 class=\"wp-block-heading has-large-font-size\">Mohlo by v\u00e1s zauj\u00edma\u0165&#8230;<\/h2>\n\n<div data-block-name=\"woocommerce\/cart-cross-sells-products-block\" class=\"wp-block-woocommerce-cart-cross-sells-products-block\"><\/div><\/div><\/div>\n\n<div data-block-name=\"woocommerce\/cart-totals-block\" class=\"wp-block-woocommerce-cart-totals-block\"><div data-block-name=\"woocommerce\/cart-order-summary-block\" class=\"wp-block-woocommerce-cart-order-summary-block\"><div data-block-name=\"woocommerce\/cart-order-summary-heading-block\" class=\"wp-block-woocommerce-cart-order-summary-heading-block\"><\/div><div data-block-name=\"woocommerce\/cart-order-summary-coupon-form-block\" class=\"wp-block-woocommerce-cart-order-summary-coupon-form-block\"><\/div><div data-block-name=\"woocommerce\/cart-order-summary-totals-block\" class=\"wp-block-woocommerce-cart-order-summary-totals-block\">\n<div data-block-name=\"woocommerce\/cart-order-summary-subtotal-block\" class=\"wp-block-woocommerce-cart-order-summary-subtotal-block\"><\/div>\n<div data-block-name=\"woocommerce\/cart-order-summary-discount-block\" class=\"wp-block-woocommerce-cart-order-summary-discount-block\"><\/div>\n<div data-block-name=\"woocommerce\/cart-order-summary-fee-block\" class=\"wp-block-woocommerce-cart-order-summary-fee-block\"><\/div>\n<div data-block-name=\"woocommerce\/cart-order-summary-shipping-block\" class=\"wp-block-woocommerce-cart-order-summary-shipping-block\"><\/div>\n<div data-block-name=\"woocommerce\/cart-order-summary-taxes-block\" class=\"wp-block-woocommerce-cart-order-summary-taxes-block\"><\/div><\/div><\/div>\n\n<div data-block-name=\"woocommerce\/cart-express-payment-block\" class=\"wp-block-woocommerce-cart-express-payment-block\"><\/div>\n\n<div data-block-name=\"woocommerce\/proceed-to-checkout-block\" class=\"wp-block-woocommerce-proceed-to-checkout-block\"><\/div>\n\n<div data-block-name=\"woocommerce\/cart-accepted-payment-methods-block\" class=\"wp-block-woocommerce-cart-accepted-payment-methods-block\"><\/div><\/div><\/div>\n\n<div data-block-name=\"woocommerce\/empty-cart-block\" class=\"wp-block-woocommerce-empty-cart-block\"><h2 class=\"wp-block-heading has-text-align-center with-empty-cart-icon wc-block-cart__empty-cart__title\">V\u00e1\u0161 ko\u0161\u00edk je moment\u00e1lne pr\u00e1zdny!<\/h2>\n\n<hr class=\"wp-block-separator has-alpha-channel-opacity is-style-dots\"\/>\n\n<h2 class=\"wp-block-heading has-text-align-center\">Novinky v obchode<\/h2>\n\n<div data-block-name=\"woocommerce\/product-new\" data-columns=\"4\" data-rows=\"1\" class=\"wc-block-grid wp-block-product-new wc-block-product-new has-4-columns\"><ul class=\"wc-block-grid__products\"><li class=\"wc-block-grid__product\">\n\t\t\t\t<a href=\"https:\/\/www.texpol.sk\/cs\/eshop\/matrace-cs\/podle-vyuziti\/detske-cs\/detska-matrace-pur-kokos-air\/\" class=\"wc-block-grid__product-link\">\n\t\t\t\t\t\n\t\t\t\t\t<div class=\"wc-block-grid__product-image\"><img fetchpriority=\"high\" decoding=\"async\" width=\"300\" height=\"300\" src=\"https:\/\/www.texpol.sk\/wp-content\/uploads\/2024\/10\/Detsky-matrac-PUR-Kokos-potah-Protective-web-300x300.jpg\" class=\"attachment-woocommerce_thumbnail size-woocommerce_thumbnail\" alt=\"D\u011btsk\u00e1 matrace PUR Ko\" srcset=\"https:\/\/www.texpol.sk\/wp-content\/uploads\/2024\/10\/Detsky-matrac-PUR-Kokos-potah-Protective-web-300x300.jpg 300w, https:\/\/www.texpol.sk\/wp-content\/uploads\/2024\/10\/Detsky-matrac-PUR-Kokos-potah-Protective-web-150x150.jpg 150w, https:\/\/www.texpol.sk\/wp-content\/uploads\/2024\/10\/Detsky-matrac-PUR-Kokos-potah-Protective-web-100x100.jpg 100w, https:\/\/www.texpol.sk\/wp-content\/uploads\/2024\/10\/Detsky-matrac-PUR-Kokos-potah-Protective-web.jpg 600w\" sizes=\"(max-width: 300px) 100vw, 300px\" \/><\/div>\n\t\t\t\t\t<div class=\"wc-block-grid__product-title\">D\u011btsk\u00e1 matrace Pur Kokos Air<\/div>\n\t\t\t\t<\/a>\n\t\t\t\t<div class=\"wc-block-grid__product-price price\"><span class=\"woocommerce-Price-amount amount\">1 694,00&nbsp;<span class=\"woocommerce-Price-currencySymbol\">&#075;&#269;<\/span><\/span> &ndash; <span class=\"woocommerce-Price-amount amount\">2 410,00&nbsp;<span class=\"woocommerce-Price-currencySymbol\">&#075;&#269;<\/span><\/span><\/div>\n\t\t\t\t\n\t\t\t\t<div class=\"wp-block-button wc-block-grid__product-add-to-cart\"><a href=\"https:\/\/www.texpol.sk\/cs\/eshop\/matrace-cs\/podle-vyuziti\/detske-cs\/detska-matrace-pur-kokos-air\/\" aria-label=\"Vyberte nastaven\u00ed pro &bdquo;D\u011btsk\u00e1 matrace Pur Kokos Air&ldquo;\" data-quantity=\"1\" data-product_id=\"23505\" data-product_sku=\"9976-1-1-1\" data-price=\"0\" rel=\"nofollow\" class=\"wp-block-button__link  add_to_cart_button\">\u010ct\u011bte v\u00edce<\/a><\/div>\n\t\t\t<\/li><li class=\"wc-block-grid__product\">\n\t\t\t\t<a href=\"https:\/\/www.texpol.sk\/cs\/eshop\/matrace-cs\/podle-vyuziti\/detske-cs\/detska-matrace-pur-air\/\" class=\"wc-block-grid__product-link\">\n\t\t\t\t\t\n\t\t\t\t\t<div class=\"wc-block-grid__product-image\"><img decoding=\"async\" width=\"300\" height=\"300\" src=\"https:\/\/www.texpol.sk\/wp-content\/uploads\/2024\/10\/Detsky-matrac-PUR-AIR-potah-Protective-hviezdicky-web-300x300.jpg\" class=\"attachment-woocommerce_thumbnail size-woocommerce_thumbnail\" alt=\"D\u011btsk\u00e1 matrace PUR AIR - potah Ochrann\u00e9 hv\u011bzdy - web\" srcset=\"https:\/\/www.texpol.sk\/wp-content\/uploads\/2024\/10\/Detsky-matrac-PUR-AIR-potah-Protective-hviezdicky-web-300x300.jpg 300w, https:\/\/www.texpol.sk\/wp-content\/uploads\/2024\/10\/Detsky-matrac-PUR-AIR-potah-Protective-hviezdicky-web-150x150.jpg 150w, https:\/\/www.texpol.sk\/wp-content\/uploads\/2024\/10\/Detsky-matrac-PUR-AIR-potah-Protective-hviezdicky-web-100x100.jpg 100w, https:\/\/www.texpol.sk\/wp-content\/uploads\/2024\/10\/Detsky-matrac-PUR-AIR-potah-Protective-hviezdicky-web.jpg 600w\" sizes=\"(max-width: 300px) 100vw, 300px\" \/><\/div>\n\t\t\t\t\t<div class=\"wc-block-grid__product-title\">D\u011btsk\u00e1 matrace Pur Air<\/div>\n\t\t\t\t<\/a>\n\t\t\t\t<div class=\"wc-block-grid__product-price price\"><span class=\"woocommerce-Price-amount amount\">1 299,00&nbsp;<span class=\"woocommerce-Price-currencySymbol\">&#075;&#269;<\/span><\/span> &ndash; <span class=\"woocommerce-Price-amount amount\">1 922,00&nbsp;<span class=\"woocommerce-Price-currencySymbol\">&#075;&#269;<\/span><\/span><\/div>\n\t\t\t\t\n\t\t\t\t<div class=\"wp-block-button wc-block-grid__product-add-to-cart\"><a href=\"https:\/\/www.texpol.sk\/cs\/eshop\/matrace-cs\/podle-vyuziti\/detske-cs\/detska-matrace-pur-air\/\" aria-label=\"Vyberte nastaven\u00ed pro &bdquo;D\u011btsk\u00e1 matrace Pur Air&ldquo;\" data-quantity=\"1\" data-product_id=\"23561\" data-product_sku=\"9976-1-1\" data-price=\"0\" rel=\"nofollow\" class=\"wp-block-button__link  add_to_cart_button\">\u010ct\u011bte v\u00edce<\/a><\/div>\n\t\t\t<\/li><li class=\"wc-block-grid__product\">\n\t\t\t\t<a href=\"https:\/\/www.texpol.sk\/cs\/eshop\/matrace-cs\/podle-vyuziti\/detske-cs\/detska-matrace-pur\/\" class=\"wc-block-grid__product-link\">\n\t\t\t\t\t\n\t\t\t\t\t<div class=\"wc-block-grid__product-image\"><img decoding=\"async\" width=\"300\" height=\"300\" src=\"https:\/\/www.texpol.sk\/wp-content\/uploads\/2024\/10\/Detsky-matrac-PUR-potah-Protective-hviezdicky-web-300x300.jpg\" class=\"attachment-woocommerce_thumbnail size-woocommerce_thumbnail\" alt=\"D\u011btsk\u00e1 matrace PUR\" srcset=\"https:\/\/www.texpol.sk\/wp-content\/uploads\/2024\/10\/Detsky-matrac-PUR-potah-Protective-hviezdicky-web-300x300.jpg 300w, https:\/\/www.texpol.sk\/wp-content\/uploads\/2024\/10\/Detsky-matrac-PUR-potah-Protective-hviezdicky-web-150x150.jpg 150w, https:\/\/www.texpol.sk\/wp-content\/uploads\/2024\/10\/Detsky-matrac-PUR-potah-Protective-hviezdicky-web-100x100.jpg 100w, https:\/\/www.texpol.sk\/wp-content\/uploads\/2024\/10\/Detsky-matrac-PUR-potah-Protective-hviezdicky-web.jpg 600w\" sizes=\"(max-width: 300px) 100vw, 300px\" \/><\/div>\n\t\t\t\t\t<div class=\"wc-block-grid__product-title\">D\u011btsk\u00e1 matrace Pur<\/div>\n\t\t\t\t<\/a>\n\t\t\t\t<div class=\"wc-block-grid__product-price price\"><span class=\"woocommerce-Price-amount amount\">1 078,00&nbsp;<span class=\"woocommerce-Price-currencySymbol\">&#075;&#269;<\/span><\/span> &ndash; <span class=\"woocommerce-Price-amount amount\">1 708,00&nbsp;<span class=\"woocommerce-Price-currencySymbol\">&#075;&#269;<\/span><\/span><\/div>\n\t\t\t\t\n\t\t\t\t<div class=\"wp-block-button wc-block-grid__product-add-to-cart\"><a href=\"https:\/\/www.texpol.sk\/cs\/eshop\/matrace-cs\/podle-vyuziti\/detske-cs\/detska-matrace-pur\/\" aria-label=\"Vyberte nastaven\u00ed pro &bdquo;D\u011btsk\u00e1 matrace Pur&ldquo;\" data-quantity=\"1\" data-product_id=\"23575\" data-product_sku=\"9976-1\" data-price=\"0\" rel=\"nofollow\" class=\"wp-block-button__link  add_to_cart_button\">\u010ct\u011bte v\u00edce<\/a><\/div>\n\t\t\t<\/li><li class=\"wc-block-grid__product\">\n\t\t\t\t<a href=\"https:\/\/www.texpol.sk\/cs\/eshop\/matrace-cs\/podle-vyuziti\/studentske-cs\/studentska-matrace-student\/\" class=\"wc-block-grid__product-link\">\n\t\t\t\t\t\n\t\t\t\t\t<div class=\"wc-block-grid__product-image\"><img loading=\"lazy\" decoding=\"async\" width=\"300\" height=\"300\" src=\"https:\/\/www.texpol.sk\/wp-content\/uploads\/2024\/09\/Student-Protective-web-300x300.png\" class=\"attachment-woocommerce_thumbnail size-woocommerce_thumbnail\" alt=\"Studentsk\u00fd ochrann\u00fd web\" srcset=\"https:\/\/www.texpol.sk\/wp-content\/uploads\/2024\/09\/Student-Protective-web-300x300.png 300w, https:\/\/www.texpol.sk\/wp-content\/uploads\/2024\/09\/Student-Protective-web-150x150.png 150w, https:\/\/www.texpol.sk\/wp-content\/uploads\/2024\/09\/Student-Protective-web-100x100.png 100w, https:\/\/www.texpol.sk\/wp-content\/uploads\/2024\/09\/Student-Protective-web.png 600w\" sizes=\"(max-width: 300px) 100vw, 300px\" \/><\/div>\n\t\t\t\t\t<div class=\"wc-block-grid__product-title\">Studentsk\u00e1 matrace Student<\/div>\n\t\t\t\t<\/a>\n\t\t\t\t<div class=\"wc-block-grid__product-price price\"><span class=\"woocommerce-Price-amount amount\">2 299,00&nbsp;<span class=\"woocommerce-Price-currencySymbol\">&#075;&#269;<\/span><\/span><\/div>\n\t\t\t\t\n\t\t\t\t<div class=\"wp-block-button wc-block-grid__product-add-to-cart\"><a href=\"https:\/\/www.texpol.sk\/cs\/eshop\/matrace-cs\/podle-vyuziti\/studentske-cs\/studentska-matrace-student\/\" aria-label=\"Vyberte nastaven\u00ed pro &bdquo;Studentsk\u00e1 matrace Student&ldquo;\" data-quantity=\"1\" data-product_id=\"23558\" data-product_sku=\"82046-2-1-1\" data-price=\"0\" rel=\"nofollow\" class=\"wp-block-button__link  add_to_cart_button\">\u010ct\u011bte v\u00edce<\/a><\/div>\n\t\t\t<\/li><\/ul><\/div><\/div><\/div>","protected":false},"excerpt":{"rendered":"","protected":false},"author":6,"featured_media":0,"parent":0,"menu_order":0,"comment_status":"closed","ping_status":"closed","template":"","meta":{"_acf_changed":false,"inline_featured_image":false},"class_list":["post-21602","page","type-page","status-publish","hentry"],"acf":[],"yoast_head":"<!-- This site is optimized with the Yoast SEO plugin v23.9 - https:\/\/yoast.com\/wordpress\/plugins\/seo\/ -->\n<title>Cart | texpol.sk<\/title>\n<meta name=\"robots\" content=\"index, follow, max-snippet:-1, max-image-preview:large, max-video-preview:-1\" \/>\n<link rel=\"canonical\" href=\"https:\/\/www.texpol.sk\/cs\/cart\/\" \/>\n<meta property=\"og:locale\" content=\"cs_CZ\" \/>\n<meta property=\"og:type\" content=\"article\" \/>\n<meta property=\"og:title\" content=\"Cart | texpol.sk\" \/>\n<meta property=\"og:url\" content=\"https:\/\/www.texpol.sk\/cs\/cart\/\" \/>\n<meta property=\"og:site_name\" content=\"texpol.sk\" \/>\n<meta property=\"article:modified_time\" content=\"2025-04-29T15:36:45+00:00\" \/>\n<meta name=\"twitter:card\" content=\"summary_large_image\" \/>\n<script type=\"application\/ld+json\" class=\"yoast-schema-graph\">{\"@context\":\"https:\/\/schema.org\",\"@graph\":[{\"@type\":\"WebPage\",\"@id\":\"https:\/\/www.texpol.sk\/cs\/cart\/\",\"url\":\"https:\/\/www.texpol.sk\/cs\/cart\/\",\"name\":\"Cart | texpol.sk\",\"isPartOf\":{\"@id\":\"https:\/\/www.texpol.sk\/cs\/#website\"},\"datePublished\":\"2025-04-29T15:36:44+00:00\",\"dateModified\":\"2025-04-29T15:36:45+00:00\",\"breadcrumb\":{\"@id\":\"https:\/\/www.texpol.sk\/cs\/cart\/#breadcrumb\"},\"inLanguage\":\"cs\",\"potentialAction\":[{\"@type\":\"ReadAction\",\"target\":[\"https:\/\/www.texpol.sk\/cs\/cart\/\"]}]},{\"@type\":\"BreadcrumbList\",\"@id\":\"https:\/\/www.texpol.sk\/cs\/cart\/#breadcrumb\",\"itemListElement\":[{\"@type\":\"ListItem\",\"position\":1,\"name\":\"Home\",\"item\":\"https:\/\/www.texpol.sk\/cs\/\"},{\"@type\":\"ListItem\",\"position\":2,\"name\":\"Cart\"}]},{\"@type\":\"WebSite\",\"@id\":\"https:\/\/www.texpol.sk\/cs\/#website\",\"url\":\"https:\/\/www.texpol.sk\/cs\/\",\"name\":\"texpol.sk\",\"description\":\"\",\"publisher\":{\"@id\":\"https:\/\/www.texpol.sk\/cs\/#organization\"},\"potentialAction\":[{\"@type\":\"SearchAction\",\"target\":{\"@type\":\"EntryPoint\",\"urlTemplate\":\"https:\/\/www.texpol.sk\/cs\/?s={search_term_string}\"},\"query-input\":{\"@type\":\"PropertyValueSpecification\",\"valueRequired\":true,\"valueName\":\"search_term_string\"}}],\"inLanguage\":\"cs\"},{\"@type\":\"Organization\",\"@id\":\"https:\/\/www.texpol.sk\/cs\/#organization\",\"name\":\"texpol.sk\",\"url\":\"https:\/\/www.texpol.sk\/cs\/\",\"logo\":{\"@type\":\"ImageObject\",\"inLanguage\":\"cs\",\"@id\":\"https:\/\/www.texpol.sk\/cs\/#\/schema\/logo\/image\/\",\"url\":\"https:\/\/www.texpol.sk\/wp-content\/uploads\/2022\/12\/texpol-logo-navbar.png\",\"contentUrl\":\"https:\/\/www.texpol.sk\/wp-content\/uploads\/2022\/12\/texpol-logo-navbar.png\",\"width\":151,\"height\":57,\"caption\":\"texpol.sk\"},\"image\":{\"@id\":\"https:\/\/www.texpol.sk\/cs\/#\/schema\/logo\/image\/\"}}]}<\/script>\n<!-- \/ Yoast SEO plugin. -->","yoast_head_json":{"title":"Cart | texpol.sk","robots":{"index":"index","follow":"follow","max-snippet":"max-snippet:-1","max-image-preview":"max-image-preview:large","max-video-preview":"max-video-preview:-1"},"canonical":"https:\/\/www.texpol.sk\/cs\/cart\/","og_locale":"cs_CZ","og_type":"article","og_title":"Cart | texpol.sk","og_url":"https:\/\/www.texpol.sk\/cs\/cart\/","og_site_name":"texpol.sk","article_modified_time":"2025-04-29T15:36:45+00:00","twitter_card":"summary_large_image","schema":{"@context":"https:\/\/schema.org","@graph":[{"@type":"WebPage","@id":"https:\/\/www.texpol.sk\/cs\/cart\/","url":"https:\/\/www.texpol.sk\/cs\/cart\/","name":"Cart | texpol.sk","isPartOf":{"@id":"https:\/\/www.texpol.sk\/cs\/#website"},"datePublished":"2025-04-29T15:36:44+00:00","dateModified":"2025-04-29T15:36:45+00:00","breadcrumb":{"@id":"https:\/\/www.texpol.sk\/cs\/cart\/#breadcrumb"},"inLanguage":"cs","potentialAction":[{"@type":"ReadAction","target":["https:\/\/www.texpol.sk\/cs\/cart\/"]}]},{"@type":"BreadcrumbList","@id":"https:\/\/www.texpol.sk\/cs\/cart\/#breadcrumb","itemListElement":[{"@type":"ListItem","position":1,"name":"Home","item":"https:\/\/www.texpol.sk\/cs\/"},{"@type":"ListItem","position":2,"name":"Cart"}]},{"@type":"WebSite","@id":"https:\/\/www.texpol.sk\/cs\/#website","url":"https:\/\/www.texpol.sk\/cs\/","name":"texpol.sk","description":"","publisher":{"@id":"https:\/\/www.texpol.sk\/cs\/#organization"},"potentialAction":[{"@type":"SearchAction","target":{"@type":"EntryPoint","urlTemplate":"https:\/\/www.texpol.sk\/cs\/?s={search_term_string}"},"query-input":{"@type":"PropertyValueSpecification","valueRequired":true,"valueName":"search_term_string"}}],"inLanguage":"cs"},{"@type":"Organization","@id":"https:\/\/www.texpol.sk\/cs\/#organization","name":"texpol.sk","url":"https:\/\/www.texpol.sk\/cs\/","logo":{"@type":"ImageObject","inLanguage":"cs","@id":"https:\/\/www.texpol.sk\/cs\/#\/schema\/logo\/image\/","url":"https:\/\/www.texpol.sk\/wp-content\/uploads\/2022\/12\/texpol-logo-navbar.png","contentUrl":"https:\/\/www.texpol.sk\/wp-content\/uploads\/2022\/12\/texpol-logo-navbar.png","width":151,"height":57,"caption":"texpol.sk"},"image":{"@id":"https:\/\/www.texpol.sk\/cs\/#\/schema\/logo\/image\/"}}]}},"_links":{"self":[{"href":"https:\/\/www.texpol.sk\/cs\/wp-json\/wp\/v2\/pages\/21602","targetHints":{"allow":["GET"]}}],"collection":[{"href":"https:\/\/www.texpol.sk\/cs\/wp-json\/wp\/v2\/pages"}],"about":[{"href":"https:\/\/www.texpol.sk\/cs\/wp-json\/wp\/v2\/types\/page"}],"author":[{"embeddable":true,"href":"https:\/\/www.texpol.sk\/cs\/wp-json\/wp\/v2\/users\/6"}],"replies":[{"embeddable":true,"href":"https:\/\/www.texpol.sk\/cs\/wp-json\/wp\/v2\/comments?post=21602"}],"version-history":[{"count":0,"href":"https:\/\/www.texpol.sk\/cs\/wp-json\/wp\/v2\/pages\/21602\/revisions"}],"wp:attachment":[{"href":"https:\/\/www.texpol.sk\/cs\/wp-json\/wp\/v2\/media?parent=21602"}],"curies":[{"name":"wp","href":"https:\/\/api.w.org\/{rel}","templated":true}]}}