{"id":23526,"date":"2016-03-10T15:28:41","date_gmt":"2016-03-10T15:28:41","guid":{"rendered":"https:\/\/www.texpol.sk\/eshop\/neza\u0159azen\u00e9\/pohodlna-manzelska-postel-sofia\/"},"modified":"2025-06-04T12:58:03","modified_gmt":"2025-06-04T12:58:03","slug":"pohodlna-manzelska-postel-sofia","status":"publish","type":"product","link":"https:\/\/www.texpol.sk\/cs\/eshop\/loznice\/manzelske-postele-cs\/pohodlna-manzelska-postel-sofia\/","title":{"rendered":"Pohodln\u00e1 man\u017eelsk\u00e1 postel Sofia"},"content":{"rendered":"","protected":false},"excerpt":{"rendered":"<h4><span class=\"text_kurziva1\"><strong>Pohodln\u00e1 postel z masivu SOFIA<\/strong> &#8211; elegance pro va\u0161i lo\u017enici.<\/span><\/h4>\n<h4><\/h4>\n<p><span class=\"text_kurziva1\">N\u00e1bytek do lo\u017enice TEXPOL p\u0159in\u00e1\u0161\u00ed dokonalou souhru \u010dist\u00fdch lini\u00ed, jejich jednoduch\u00e9 kombinace jsou z\u00e1rukou vysok\u00e9ho komfortu. D\u00edky pou\u017eit\u00e9mu materi\u00e1lu a kvalit\u011b p\u0159edstavuj\u00ed vy\u0161\u0161\u00ed standard a pln\u011b uspokoj\u00ed i toho nejn\u00e1ro\u010dn\u011bj\u0161\u00edho z\u00e1kazn\u00edka. <\/span><\/p>\n<h3><\/h3>\n<h4><strong>DOD\u00c1N\u00cd DO 3 &#8211; 5 T\u00ddDN\u016e<\/strong><\/h4>\n","protected":false},"featured_media":22686,"comment_status":"closed","ping_status":"closed","template":"","meta":{"_acf_changed":false,"inline_featured_image":false},"product_cat":[941,944],"product_tag":[],"class_list":{"0":"post-23526","1":"product","2":"type-product","3":"status-publish","4":"has-post-thumbnail","6":"product_cat-loznice","7":"product_cat-manzelske-postele-cs","8":"pa_velkost-200-x-140-cm","9":"pa_velkost-200x160cm-cs","10":"pa_velkost-200-x-170-cm","11":"pa_velkost-200x180cm-cs","12":"pa_velkost-200-x-200-cm","14":"first","15":"onbackorder","16":"taxable","17":"shipping-taxable","18":"product-type-variable","19":"has-default-attributes"},"acf":[],"yoast_head":"<!-- This site is optimized with the Yoast SEO plugin v23.9 - https:\/\/yoast.com\/wordpress\/plugins\/seo\/ -->\n<title>Pohodln\u00e1 man\u017eelsk\u00e1 postel Sofia | texpol.sk<\/title>\n<meta name=\"robots\" content=\"index, follow, max-snippet:-1, max-image-preview:large, max-video-preview:-1\" \/>\n<link rel=\"canonical\" href=\"https:\/\/www.texpol.sk\/cs\/eshop\/loznice\/manzelske-postele-cs\/pohodlna-manzelska-postel-sofia\/\" \/>\n<meta property=\"og:locale\" content=\"cs_CZ\" \/>\n<meta property=\"og:type\" content=\"article\" \/>\n<meta property=\"og:title\" content=\"Pohodln\u00e1 man\u017eelsk\u00e1 postel Sofia | texpol.sk\" \/>\n<meta property=\"og:description\" content=\"Pohodln\u00e1 postel z masivu SOFIA - elegance pro va\u0161i lo\u017enici.  N\u00e1bytek do lo\u017enice TEXPOL p\u0159in\u00e1\u0161\u00ed dokonalou souhru \u010dist\u00fdch lini\u00ed, jejich jednoduch\u00e9 kombinace jsou z\u00e1rukou vysok\u00e9ho komfortu. D\u00edky pou\u017eit\u00e9mu materi\u00e1lu a kvalit\u011b p\u0159edstavuj\u00ed vy\u0161\u0161\u00ed standard a pln\u011b uspokoj\u00ed i toho nejn\u00e1ro\u010dn\u011bj\u0161\u00edho z\u00e1kazn\u00edka.   DOD\u00c1N\u00cd DO 3 - 5 T\u00ddDN\u016e\" \/>\n<meta property=\"og:url\" content=\"https:\/\/www.texpol.sk\/cs\/eshop\/loznice\/manzelske-postele-cs\/pohodlna-manzelska-postel-sofia\/\" \/>\n<meta property=\"og:site_name\" content=\"texpol.sk\" \/>\n<meta property=\"article:modified_time\" content=\"2025-06-04T12:58:03+00:00\" \/>\n<meta property=\"og:image\" content=\"http:\/\/www.texpol.sk\/wp-content\/uploads\/2016\/03\/Sofia-mp.jpg\" \/>\n\t<meta property=\"og:image:width\" content=\"600\" \/>\n\t<meta property=\"og:image:height\" content=\"600\" \/>\n\t<meta property=\"og:image:type\" content=\"image\/jpeg\" \/>\n<meta name=\"twitter:card\" content=\"summary_large_image\" \/>\n<meta name=\"twitter:label1\" content=\"Odhadovan\u00e1 doba \u010dten\u00ed\" \/>\n\t<meta name=\"twitter:data1\" content=\"1 minuta\" \/>\n<script type=\"application\/ld+json\" class=\"yoast-schema-graph\">{\"@context\":\"https:\/\/schema.org\",\"@graph\":[{\"@type\":\"WebPage\",\"@id\":\"https:\/\/www.texpol.sk\/cs\/eshop\/loznice\/manzelske-postele-cs\/pohodlna-manzelska-postel-sofia\/\",\"url\":\"https:\/\/www.texpol.sk\/cs\/eshop\/loznice\/manzelske-postele-cs\/pohodlna-manzelska-postel-sofia\/\",\"name\":\"Pohodln\u00e1 man\u017eelsk\u00e1 postel Sofia | texpol.sk\",\"isPartOf\":{\"@id\":\"https:\/\/www.texpol.sk\/cs\/#website\"},\"primaryImageOfPage\":{\"@id\":\"https:\/\/www.texpol.sk\/cs\/eshop\/loznice\/manzelske-postele-cs\/pohodlna-manzelska-postel-sofia\/#primaryimage\"},\"image\":{\"@id\":\"https:\/\/www.texpol.sk\/cs\/eshop\/loznice\/manzelske-postele-cs\/pohodlna-manzelska-postel-sofia\/#primaryimage\"},\"thumbnailUrl\":\"https:\/\/www.texpol.sk\/wp-content\/uploads\/2016\/03\/Sofia-mp.jpg\",\"datePublished\":\"2016-03-10T15:28:41+00:00\",\"dateModified\":\"2025-06-04T12:58:03+00:00\",\"breadcrumb\":{\"@id\":\"https:\/\/www.texpol.sk\/cs\/eshop\/loznice\/manzelske-postele-cs\/pohodlna-manzelska-postel-sofia\/#breadcrumb\"},\"inLanguage\":\"cs\",\"potentialAction\":[{\"@type\":\"ReadAction\",\"target\":[\"https:\/\/www.texpol.sk\/cs\/eshop\/loznice\/manzelske-postele-cs\/pohodlna-manzelska-postel-sofia\/\"]}]},{\"@type\":\"ImageObject\",\"inLanguage\":\"cs\",\"@id\":\"https:\/\/www.texpol.sk\/cs\/eshop\/loznice\/manzelske-postele-cs\/pohodlna-manzelska-postel-sofia\/#primaryimage\",\"url\":\"https:\/\/www.texpol.sk\/wp-content\/uploads\/2016\/03\/Sofia-mp.jpg\",\"contentUrl\":\"https:\/\/www.texpol.sk\/wp-content\/uploads\/2016\/03\/Sofia-mp.jpg\",\"width\":600,\"height\":600,\"caption\":\"Sofie mp\"},{\"@type\":\"BreadcrumbList\",\"@id\":\"https:\/\/www.texpol.sk\/cs\/eshop\/loznice\/manzelske-postele-cs\/pohodlna-manzelska-postel-sofia\/#breadcrumb\",\"itemListElement\":[{\"@type\":\"ListItem\",\"position\":1,\"name\":\"Home\",\"item\":\"https:\/\/www.texpol.sk\/cs\/\"},{\"@type\":\"ListItem\",\"position\":2,\"name\":\"Produkty\",\"item\":\"https:\/\/www.texpol.sk\/cs\/shop\/\"},{\"@type\":\"ListItem\",\"position\":3,\"name\":\"Pohodln\u00e1 man\u017eelsk\u00e1 postel Sofia\"}]},{\"@type\":\"WebSite\",\"@id\":\"https:\/\/www.texpol.sk\/cs\/#website\",\"url\":\"https:\/\/www.texpol.sk\/cs\/\",\"name\":\"texpol.sk\",\"description\":\"\",\"publisher\":{\"@id\":\"https:\/\/www.texpol.sk\/cs\/#organization\"},\"potentialAction\":[{\"@type\":\"SearchAction\",\"target\":{\"@type\":\"EntryPoint\",\"urlTemplate\":\"https:\/\/www.texpol.sk\/cs\/?s={search_term_string}\"},\"query-input\":{\"@type\":\"PropertyValueSpecification\",\"valueRequired\":true,\"valueName\":\"search_term_string\"}}],\"inLanguage\":\"cs\"},{\"@type\":\"Organization\",\"@id\":\"https:\/\/www.texpol.sk\/cs\/#organization\",\"name\":\"texpol.sk\",\"url\":\"https:\/\/www.texpol.sk\/cs\/\",\"logo\":{\"@type\":\"ImageObject\",\"inLanguage\":\"cs\",\"@id\":\"https:\/\/www.texpol.sk\/cs\/#\/schema\/logo\/image\/\",\"url\":\"https:\/\/www.texpol.sk\/wp-content\/uploads\/2022\/12\/texpol-logo-navbar.png\",\"contentUrl\":\"https:\/\/www.texpol.sk\/wp-content\/uploads\/2022\/12\/texpol-logo-navbar.png\",\"width\":151,\"height\":57,\"caption\":\"texpol.sk\"},\"image\":{\"@id\":\"https:\/\/www.texpol.sk\/cs\/#\/schema\/logo\/image\/\"}}]}<\/script>\n<!-- \/ Yoast SEO plugin. -->","yoast_head_json":{"title":"Pohodln\u00e1 man\u017eelsk\u00e1 postel Sofia | texpol.sk","robots":{"index":"index","follow":"follow","max-snippet":"max-snippet:-1","max-image-preview":"max-image-preview:large","max-video-preview":"max-video-preview:-1"},"canonical":"https:\/\/www.texpol.sk\/cs\/eshop\/loznice\/manzelske-postele-cs\/pohodlna-manzelska-postel-sofia\/","og_locale":"cs_CZ","og_type":"article","og_title":"Pohodln\u00e1 man\u017eelsk\u00e1 postel Sofia | texpol.sk","og_description":"Pohodln\u00e1 postel z masivu SOFIA - elegance pro va\u0161i lo\u017enici.  N\u00e1bytek do lo\u017enice TEXPOL p\u0159in\u00e1\u0161\u00ed dokonalou souhru \u010dist\u00fdch lini\u00ed, jejich jednoduch\u00e9 kombinace jsou z\u00e1rukou vysok\u00e9ho komfortu. D\u00edky pou\u017eit\u00e9mu materi\u00e1lu a kvalit\u011b p\u0159edstavuj\u00ed vy\u0161\u0161\u00ed standard a pln\u011b uspokoj\u00ed i toho nejn\u00e1ro\u010dn\u011bj\u0161\u00edho z\u00e1kazn\u00edka.   DOD\u00c1N\u00cd DO 3 - 5 T\u00ddDN\u016e","og_url":"https:\/\/www.texpol.sk\/cs\/eshop\/loznice\/manzelske-postele-cs\/pohodlna-manzelska-postel-sofia\/","og_site_name":"texpol.sk","article_modified_time":"2025-06-04T12:58:03+00:00","og_image":[{"width":600,"height":600,"url":"http:\/\/www.texpol.sk\/wp-content\/uploads\/2016\/03\/Sofia-mp.jpg","type":"image\/jpeg"}],"twitter_card":"summary_large_image","twitter_misc":{"Odhadovan\u00e1 doba \u010dten\u00ed":"1 minuta"},"schema":{"@context":"https:\/\/schema.org","@graph":[{"@type":"WebPage","@id":"https:\/\/www.texpol.sk\/cs\/eshop\/loznice\/manzelske-postele-cs\/pohodlna-manzelska-postel-sofia\/","url":"https:\/\/www.texpol.sk\/cs\/eshop\/loznice\/manzelske-postele-cs\/pohodlna-manzelska-postel-sofia\/","name":"Pohodln\u00e1 man\u017eelsk\u00e1 postel Sofia | texpol.sk","isPartOf":{"@id":"https:\/\/www.texpol.sk\/cs\/#website"},"primaryImageOfPage":{"@id":"https:\/\/www.texpol.sk\/cs\/eshop\/loznice\/manzelske-postele-cs\/pohodlna-manzelska-postel-sofia\/#primaryimage"},"image":{"@id":"https:\/\/www.texpol.sk\/cs\/eshop\/loznice\/manzelske-postele-cs\/pohodlna-manzelska-postel-sofia\/#primaryimage"},"thumbnailUrl":"https:\/\/www.texpol.sk\/wp-content\/uploads\/2016\/03\/Sofia-mp.jpg","datePublished":"2016-03-10T15:28:41+00:00","dateModified":"2025-06-04T12:58:03+00:00","breadcrumb":{"@id":"https:\/\/www.texpol.sk\/cs\/eshop\/loznice\/manzelske-postele-cs\/pohodlna-manzelska-postel-sofia\/#breadcrumb"},"inLanguage":"cs","potentialAction":[{"@type":"ReadAction","target":["https:\/\/www.texpol.sk\/cs\/eshop\/loznice\/manzelske-postele-cs\/pohodlna-manzelska-postel-sofia\/"]}]},{"@type":"ImageObject","inLanguage":"cs","@id":"https:\/\/www.texpol.sk\/cs\/eshop\/loznice\/manzelske-postele-cs\/pohodlna-manzelska-postel-sofia\/#primaryimage","url":"https:\/\/www.texpol.sk\/wp-content\/uploads\/2016\/03\/Sofia-mp.jpg","contentUrl":"https:\/\/www.texpol.sk\/wp-content\/uploads\/2016\/03\/Sofia-mp.jpg","width":600,"height":600,"caption":"Sofie mp"},{"@type":"BreadcrumbList","@id":"https:\/\/www.texpol.sk\/cs\/eshop\/loznice\/manzelske-postele-cs\/pohodlna-manzelska-postel-sofia\/#breadcrumb","itemListElement":[{"@type":"ListItem","position":1,"name":"Home","item":"https:\/\/www.texpol.sk\/cs\/"},{"@type":"ListItem","position":2,"name":"Produkty","item":"https:\/\/www.texpol.sk\/cs\/shop\/"},{"@type":"ListItem","position":3,"name":"Pohodln\u00e1 man\u017eelsk\u00e1 postel Sofia"}]},{"@type":"WebSite","@id":"https:\/\/www.texpol.sk\/cs\/#website","url":"https:\/\/www.texpol.sk\/cs\/","name":"texpol.sk","description":"","publisher":{"@id":"https:\/\/www.texpol.sk\/cs\/#organization"},"potentialAction":[{"@type":"SearchAction","target":{"@type":"EntryPoint","urlTemplate":"https:\/\/www.texpol.sk\/cs\/?s={search_term_string}"},"query-input":{"@type":"PropertyValueSpecification","valueRequired":true,"valueName":"search_term_string"}}],"inLanguage":"cs"},{"@type":"Organization","@id":"https:\/\/www.texpol.sk\/cs\/#organization","name":"texpol.sk","url":"https:\/\/www.texpol.sk\/cs\/","logo":{"@type":"ImageObject","inLanguage":"cs","@id":"https:\/\/www.texpol.sk\/cs\/#\/schema\/logo\/image\/","url":"https:\/\/www.texpol.sk\/wp-content\/uploads\/2022\/12\/texpol-logo-navbar.png","contentUrl":"https:\/\/www.texpol.sk\/wp-content\/uploads\/2022\/12\/texpol-logo-navbar.png","width":151,"height":57,"caption":"texpol.sk"},"image":{"@id":"https:\/\/www.texpol.sk\/cs\/#\/schema\/logo\/image\/"}}]}},"_links":{"self":[{"href":"https:\/\/www.texpol.sk\/cs\/wp-json\/wp\/v2\/product\/23526","targetHints":{"allow":["GET"]}}],"collection":[{"href":"https:\/\/www.texpol.sk\/cs\/wp-json\/wp\/v2\/product"}],"about":[{"href":"https:\/\/www.texpol.sk\/cs\/wp-json\/wp\/v2\/types\/product"}],"replies":[{"embeddable":true,"href":"https:\/\/www.texpol.sk\/cs\/wp-json\/wp\/v2\/comments?post=23526"}],"wp:featuredmedia":[{"embeddable":true,"href":"https:\/\/www.texpol.sk\/cs\/wp-json\/wp\/v2\/media\/22686"}],"wp:attachment":[{"href":"https:\/\/www.texpol.sk\/cs\/wp-json\/wp\/v2\/media?parent=23526"}],"wp:term":[{"taxonomy":"product_cat","embeddable":true,"href":"https:\/\/www.texpol.sk\/cs\/wp-json\/wp\/v2\/product_cat?post=23526"},{"taxonomy":"product_tag","embeddable":true,"href":"https:\/\/www.texpol.sk\/cs\/wp-json\/wp\/v2\/product_tag?post=23526"}],"curies":[{"name":"wp","href":"https:\/\/api.w.org\/{rel}","templated":true}]}}