{"id":23569,"date":"2024-09-16T09:07:01","date_gmt":"2024-09-16T09:07:01","guid":{"rendered":"https:\/\/www.texpol.sk\/eshop\/nezaraden\u00e9\/kvalitni-pametova-matrace-dream-lux\/"},"modified":"2025-06-16T13:06:03","modified_gmt":"2025-06-16T13:06:03","slug":"kvalitni-pametova-matrace-dream-lux","status":"publish","type":"product","link":"https:\/\/www.texpol.sk\/cs\/eshop\/akce\/matrace-akce\/kvalitni-pametova-matrace-dream-lux\/","title":{"rendered":"Kvalitn\u00ed pam\u011b\u0165ov\u00e1 matrace Dream Lux"},"content":{"rendered":"","protected":false},"excerpt":{"rendered":"<h4><\/h4>\n<p><strong>DREAM LUX<\/strong> <strong>je vysoce kvalitn\u00ed pohodln\u00e1<\/strong> matrace z <strong>pam\u011b\u0165ov\u00e9 p\u011bny<\/strong><strong> o v\u00fd\u0161ce cca 20 cm<\/strong>, kter\u00e1 d\u00edky 7z\u00f3nov\u00e9 profilaci j\u00e1dra a pam\u011b\u0165ov\u00e9 p\u011bn\u011b VISCO umo\u017e\u0148uje dokonalou relaxaci a uvoln\u011bn\u00ed. Je vhodn\u00e1 v p\u0159\u00edpad\u011b alergi\u00ed a bolest\u00ed \u010di deformac\u00ed p\u00e1te\u0159e.<\/p>\n<h3><\/h3>\n<h4><strong>DOD\u00c1N\u00cd DO 10 PRACOVN\u00cdCH DN\u016e<\/strong><\/h4>\n","protected":false},"featured_media":22853,"comment_status":"closed","ping_status":"closed","template":"","meta":{"_acf_changed":false,"inline_featured_image":false},"product_cat":[901,900],"product_tag":[],"class_list":{"0":"post-23569","1":"product","2":"type-product","3":"status-publish","4":"has-post-thumbnail","6":"product_cat-matrace-akce","7":"product_cat-akce","8":"pa_velkost-200x80cm-cs","9":"pa_velkost-200x90cm-cs","11":"first","12":"instock","13":"taxable","14":"shipping-taxable","15":"product-type-variable"},"acf":[],"yoast_head":"<!-- This site is optimized with the Yoast SEO plugin v23.9 - https:\/\/yoast.com\/wordpress\/plugins\/seo\/ -->\n<title>Kvalitn\u00ed pam\u011b\u0165ov\u00e1 matrace Dream Lux | texpol.sk<\/title>\n<meta name=\"robots\" content=\"index, follow, max-snippet:-1, max-image-preview:large, max-video-preview:-1\" \/>\n<link rel=\"canonical\" href=\"https:\/\/www.texpol.sk\/cs\/eshop\/akce\/matrace-akce\/kvalitni-pametova-matrace-dream-lux\/\" \/>\n<meta property=\"og:locale\" content=\"cs_CZ\" \/>\n<meta property=\"og:type\" content=\"article\" \/>\n<meta property=\"og:title\" content=\"Kvalitn\u00ed pam\u011b\u0165ov\u00e1 matrace Dream Lux | texpol.sk\" \/>\n<meta property=\"og:description\" content=\"DREAM LUX je vysoce kvalitn\u00ed pohodln\u00e1 matrace z pam\u011b\u0165ov\u00e9 p\u011bny o v\u00fd\u0161ce cca 20 cm, kter\u00e1 d\u00edky 7z\u00f3nov\u00e9 profilaci j\u00e1dra a pam\u011b\u0165ov\u00e9 p\u011bn\u011b VISCO umo\u017e\u0148uje dokonalou relaxaci a uvoln\u011bn\u00ed. Je vhodn\u00e1 v p\u0159\u00edpad\u011b alergi\u00ed a bolest\u00ed \u010di deformac\u00ed p\u00e1te\u0159e.  DOD\u00c1N\u00cd DO 10 PRACOVN\u00cdCH DN\u016e\" \/>\n<meta property=\"og:url\" content=\"https:\/\/www.texpol.sk\/cs\/eshop\/akce\/matrace-akce\/kvalitni-pametova-matrace-dream-lux\/\" \/>\n<meta property=\"og:site_name\" content=\"texpol.sk\" \/>\n<meta property=\"article:modified_time\" content=\"2025-06-16T13:06:03+00:00\" \/>\n<meta property=\"og:image\" content=\"http:\/\/www.texpol.sk\/wp-content\/uploads\/2015\/08\/Dream-Lux.jpg\" \/>\n\t<meta property=\"og:image:width\" content=\"600\" \/>\n\t<meta property=\"og:image:height\" content=\"600\" \/>\n\t<meta property=\"og:image:type\" content=\"image\/jpeg\" \/>\n<meta name=\"twitter:card\" content=\"summary_large_image\" \/>\n<meta name=\"twitter:label1\" content=\"Odhadovan\u00e1 doba \u010dten\u00ed\" \/>\n\t<meta name=\"twitter:data1\" content=\"1 minuta\" \/>\n<script type=\"application\/ld+json\" class=\"yoast-schema-graph\">{\"@context\":\"https:\/\/schema.org\",\"@graph\":[{\"@type\":\"WebPage\",\"@id\":\"https:\/\/www.texpol.sk\/cs\/eshop\/akce\/matrace-akce\/kvalitni-pametova-matrace-dream-lux\/\",\"url\":\"https:\/\/www.texpol.sk\/cs\/eshop\/akce\/matrace-akce\/kvalitni-pametova-matrace-dream-lux\/\",\"name\":\"Kvalitn\u00ed pam\u011b\u0165ov\u00e1 matrace Dream Lux | texpol.sk\",\"isPartOf\":{\"@id\":\"https:\/\/www.texpol.sk\/cs\/#website\"},\"primaryImageOfPage\":{\"@id\":\"https:\/\/www.texpol.sk\/cs\/eshop\/akce\/matrace-akce\/kvalitni-pametova-matrace-dream-lux\/#primaryimage\"},\"image\":{\"@id\":\"https:\/\/www.texpol.sk\/cs\/eshop\/akce\/matrace-akce\/kvalitni-pametova-matrace-dream-lux\/#primaryimage\"},\"thumbnailUrl\":\"https:\/\/www.texpol.sk\/wp-content\/uploads\/2015\/08\/Dream-Lux.jpg\",\"datePublished\":\"2024-09-16T09:07:01+00:00\",\"dateModified\":\"2025-06-16T13:06:03+00:00\",\"breadcrumb\":{\"@id\":\"https:\/\/www.texpol.sk\/cs\/eshop\/akce\/matrace-akce\/kvalitni-pametova-matrace-dream-lux\/#breadcrumb\"},\"inLanguage\":\"cs\",\"potentialAction\":[{\"@type\":\"ReadAction\",\"target\":[\"https:\/\/www.texpol.sk\/cs\/eshop\/akce\/matrace-akce\/kvalitni-pametova-matrace-dream-lux\/\"]}]},{\"@type\":\"ImageObject\",\"inLanguage\":\"cs\",\"@id\":\"https:\/\/www.texpol.sk\/cs\/eshop\/akce\/matrace-akce\/kvalitni-pametova-matrace-dream-lux\/#primaryimage\",\"url\":\"https:\/\/www.texpol.sk\/wp-content\/uploads\/2015\/08\/Dream-Lux.jpg\",\"contentUrl\":\"https:\/\/www.texpol.sk\/wp-content\/uploads\/2015\/08\/Dream-Lux.jpg\",\"width\":600,\"height\":600,\"caption\":\"Dream Lux\"},{\"@type\":\"BreadcrumbList\",\"@id\":\"https:\/\/www.texpol.sk\/cs\/eshop\/akce\/matrace-akce\/kvalitni-pametova-matrace-dream-lux\/#breadcrumb\",\"itemListElement\":[{\"@type\":\"ListItem\",\"position\":1,\"name\":\"Home\",\"item\":\"https:\/\/www.texpol.sk\/cs\/\"},{\"@type\":\"ListItem\",\"position\":2,\"name\":\"Produkty\",\"item\":\"https:\/\/www.texpol.sk\/cs\/shop\/\"},{\"@type\":\"ListItem\",\"position\":3,\"name\":\"Kvalitn\u00ed pam\u011b\u0165ov\u00e1 matrace Dream Lux\"}]},{\"@type\":\"WebSite\",\"@id\":\"https:\/\/www.texpol.sk\/cs\/#website\",\"url\":\"https:\/\/www.texpol.sk\/cs\/\",\"name\":\"texpol.sk\",\"description\":\"\",\"publisher\":{\"@id\":\"https:\/\/www.texpol.sk\/cs\/#organization\"},\"potentialAction\":[{\"@type\":\"SearchAction\",\"target\":{\"@type\":\"EntryPoint\",\"urlTemplate\":\"https:\/\/www.texpol.sk\/cs\/?s={search_term_string}\"},\"query-input\":{\"@type\":\"PropertyValueSpecification\",\"valueRequired\":true,\"valueName\":\"search_term_string\"}}],\"inLanguage\":\"cs\"},{\"@type\":\"Organization\",\"@id\":\"https:\/\/www.texpol.sk\/cs\/#organization\",\"name\":\"texpol.sk\",\"url\":\"https:\/\/www.texpol.sk\/cs\/\",\"logo\":{\"@type\":\"ImageObject\",\"inLanguage\":\"cs\",\"@id\":\"https:\/\/www.texpol.sk\/cs\/#\/schema\/logo\/image\/\",\"url\":\"https:\/\/www.texpol.sk\/wp-content\/uploads\/2022\/12\/texpol-logo-navbar.png\",\"contentUrl\":\"https:\/\/www.texpol.sk\/wp-content\/uploads\/2022\/12\/texpol-logo-navbar.png\",\"width\":151,\"height\":57,\"caption\":\"texpol.sk\"},\"image\":{\"@id\":\"https:\/\/www.texpol.sk\/cs\/#\/schema\/logo\/image\/\"}}]}<\/script>\n<!-- \/ Yoast SEO plugin. -->","yoast_head_json":{"title":"Kvalitn\u00ed pam\u011b\u0165ov\u00e1 matrace Dream Lux | texpol.sk","robots":{"index":"index","follow":"follow","max-snippet":"max-snippet:-1","max-image-preview":"max-image-preview:large","max-video-preview":"max-video-preview:-1"},"canonical":"https:\/\/www.texpol.sk\/cs\/eshop\/akce\/matrace-akce\/kvalitni-pametova-matrace-dream-lux\/","og_locale":"cs_CZ","og_type":"article","og_title":"Kvalitn\u00ed pam\u011b\u0165ov\u00e1 matrace Dream Lux | texpol.sk","og_description":"DREAM LUX je vysoce kvalitn\u00ed pohodln\u00e1 matrace z pam\u011b\u0165ov\u00e9 p\u011bny o v\u00fd\u0161ce cca 20 cm, kter\u00e1 d\u00edky 7z\u00f3nov\u00e9 profilaci j\u00e1dra a pam\u011b\u0165ov\u00e9 p\u011bn\u011b VISCO umo\u017e\u0148uje dokonalou relaxaci a uvoln\u011bn\u00ed. Je vhodn\u00e1 v p\u0159\u00edpad\u011b alergi\u00ed a bolest\u00ed \u010di deformac\u00ed p\u00e1te\u0159e.  DOD\u00c1N\u00cd DO 10 PRACOVN\u00cdCH DN\u016e","og_url":"https:\/\/www.texpol.sk\/cs\/eshop\/akce\/matrace-akce\/kvalitni-pametova-matrace-dream-lux\/","og_site_name":"texpol.sk","article_modified_time":"2025-06-16T13:06:03+00:00","og_image":[{"width":600,"height":600,"url":"http:\/\/www.texpol.sk\/wp-content\/uploads\/2015\/08\/Dream-Lux.jpg","type":"image\/jpeg"}],"twitter_card":"summary_large_image","twitter_misc":{"Odhadovan\u00e1 doba \u010dten\u00ed":"1 minuta"},"schema":{"@context":"https:\/\/schema.org","@graph":[{"@type":"WebPage","@id":"https:\/\/www.texpol.sk\/cs\/eshop\/akce\/matrace-akce\/kvalitni-pametova-matrace-dream-lux\/","url":"https:\/\/www.texpol.sk\/cs\/eshop\/akce\/matrace-akce\/kvalitni-pametova-matrace-dream-lux\/","name":"Kvalitn\u00ed pam\u011b\u0165ov\u00e1 matrace Dream Lux | texpol.sk","isPartOf":{"@id":"https:\/\/www.texpol.sk\/cs\/#website"},"primaryImageOfPage":{"@id":"https:\/\/www.texpol.sk\/cs\/eshop\/akce\/matrace-akce\/kvalitni-pametova-matrace-dream-lux\/#primaryimage"},"image":{"@id":"https:\/\/www.texpol.sk\/cs\/eshop\/akce\/matrace-akce\/kvalitni-pametova-matrace-dream-lux\/#primaryimage"},"thumbnailUrl":"https:\/\/www.texpol.sk\/wp-content\/uploads\/2015\/08\/Dream-Lux.jpg","datePublished":"2024-09-16T09:07:01+00:00","dateModified":"2025-06-16T13:06:03+00:00","breadcrumb":{"@id":"https:\/\/www.texpol.sk\/cs\/eshop\/akce\/matrace-akce\/kvalitni-pametova-matrace-dream-lux\/#breadcrumb"},"inLanguage":"cs","potentialAction":[{"@type":"ReadAction","target":["https:\/\/www.texpol.sk\/cs\/eshop\/akce\/matrace-akce\/kvalitni-pametova-matrace-dream-lux\/"]}]},{"@type":"ImageObject","inLanguage":"cs","@id":"https:\/\/www.texpol.sk\/cs\/eshop\/akce\/matrace-akce\/kvalitni-pametova-matrace-dream-lux\/#primaryimage","url":"https:\/\/www.texpol.sk\/wp-content\/uploads\/2015\/08\/Dream-Lux.jpg","contentUrl":"https:\/\/www.texpol.sk\/wp-content\/uploads\/2015\/08\/Dream-Lux.jpg","width":600,"height":600,"caption":"Dream Lux"},{"@type":"BreadcrumbList","@id":"https:\/\/www.texpol.sk\/cs\/eshop\/akce\/matrace-akce\/kvalitni-pametova-matrace-dream-lux\/#breadcrumb","itemListElement":[{"@type":"ListItem","position":1,"name":"Home","item":"https:\/\/www.texpol.sk\/cs\/"},{"@type":"ListItem","position":2,"name":"Produkty","item":"https:\/\/www.texpol.sk\/cs\/shop\/"},{"@type":"ListItem","position":3,"name":"Kvalitn\u00ed pam\u011b\u0165ov\u00e1 matrace Dream Lux"}]},{"@type":"WebSite","@id":"https:\/\/www.texpol.sk\/cs\/#website","url":"https:\/\/www.texpol.sk\/cs\/","name":"texpol.sk","description":"","publisher":{"@id":"https:\/\/www.texpol.sk\/cs\/#organization"},"potentialAction":[{"@type":"SearchAction","target":{"@type":"EntryPoint","urlTemplate":"https:\/\/www.texpol.sk\/cs\/?s={search_term_string}"},"query-input":{"@type":"PropertyValueSpecification","valueRequired":true,"valueName":"search_term_string"}}],"inLanguage":"cs"},{"@type":"Organization","@id":"https:\/\/www.texpol.sk\/cs\/#organization","name":"texpol.sk","url":"https:\/\/www.texpol.sk\/cs\/","logo":{"@type":"ImageObject","inLanguage":"cs","@id":"https:\/\/www.texpol.sk\/cs\/#\/schema\/logo\/image\/","url":"https:\/\/www.texpol.sk\/wp-content\/uploads\/2022\/12\/texpol-logo-navbar.png","contentUrl":"https:\/\/www.texpol.sk\/wp-content\/uploads\/2022\/12\/texpol-logo-navbar.png","width":151,"height":57,"caption":"texpol.sk"},"image":{"@id":"https:\/\/www.texpol.sk\/cs\/#\/schema\/logo\/image\/"}}]}},"_links":{"self":[{"href":"https:\/\/www.texpol.sk\/cs\/wp-json\/wp\/v2\/product\/23569","targetHints":{"allow":["GET"]}}],"collection":[{"href":"https:\/\/www.texpol.sk\/cs\/wp-json\/wp\/v2\/product"}],"about":[{"href":"https:\/\/www.texpol.sk\/cs\/wp-json\/wp\/v2\/types\/product"}],"replies":[{"embeddable":true,"href":"https:\/\/www.texpol.sk\/cs\/wp-json\/wp\/v2\/comments?post=23569"}],"wp:featuredmedia":[{"embeddable":true,"href":"https:\/\/www.texpol.sk\/cs\/wp-json\/wp\/v2\/media\/22853"}],"wp:attachment":[{"href":"https:\/\/www.texpol.sk\/cs\/wp-json\/wp\/v2\/media?parent=23569"}],"wp:term":[{"taxonomy":"product_cat","embeddable":true,"href":"https:\/\/www.texpol.sk\/cs\/wp-json\/wp\/v2\/product_cat?post=23569"},{"taxonomy":"product_tag","embeddable":true,"href":"https:\/\/www.texpol.sk\/cs\/wp-json\/wp\/v2\/product_tag?post=23569"}],"curies":[{"name":"wp","href":"https:\/\/api.w.org\/{rel}","templated":true}]}}