{"id":23669,"date":"2024-09-13T12:08:19","date_gmt":"2024-09-13T12:08:19","guid":{"rendered":"https:\/\/www.texpol.sk\/eshop\/nezaraden\u00e9\/kapesni-matrace-silstar-1-1\/"},"modified":"2025-06-17T06:48:31","modified_gmt":"2025-06-17T06:48:31","slug":"tastickova-matrace-silstar-1-1","status":"publish","type":"product","link":"https:\/\/www.texpol.sk\/cs\/eshop\/akce\/matrace-akce\/tastickova-matrace-silstar-1-1\/","title":{"rendered":"Ta\u0161ti\u010dkov\u00e1 matrace Silstar 1 + 1"},"content":{"rendered":"","protected":false},"excerpt":{"rendered":"<h4><strong>V\u00ddPRODEJ ZBO\u017d\u00cd<\/strong><\/h4>\n<h4><\/h4>\n<p><strong>SILSTAR<\/strong> je <strong>21 cm vysok\u00e1<\/strong>, pru\u017en\u00e1 a vzdu\u0161n\u00e1 <strong>matrace<\/strong>. St\u0159ed j\u00e1dra tvo\u0159\u00ed 240 <sup>ks\/m2<\/sup> <strong>dla\u017edic<\/strong>, kter\u00e9 vynikaj\u00ed <strong>vysokou nosnost\u00ed<\/strong> a <strong>dlouhou \u017eivotnost\u00ed<\/strong>. Jsou odstup\u0148ov\u00e1ny do <strong>7 anatomick\u00fdch z\u00f3n tuhosti. <\/strong><\/p>\n<h3><\/h3>\n<h4><strong>DOD\u00c1N\u00cd DO 3 PRACOVN\u00cdCH DN\u016e<\/strong><\/h4>\n","protected":false},"featured_media":22903,"comment_status":"closed","ping_status":"closed","template":"","meta":{"_acf_changed":false,"inline_featured_image":false},"product_cat":[901,900],"product_tag":[],"class_list":{"0":"post-23669","1":"product","2":"type-product","3":"status-publish","4":"has-post-thumbnail","6":"product_cat-matrace-akce","7":"product_cat-akce","8":"pa_velkost-200x80cm-cs","10":"first","11":"instock","12":"taxable","13":"shipping-taxable","14":"product-type-variable","15":"has-default-attributes"},"acf":[],"yoast_head":"<!-- This site is optimized with the Yoast SEO plugin v23.9 - https:\/\/yoast.com\/wordpress\/plugins\/seo\/ -->\n<title>Ta\u0161ti\u010dkov\u00e1 matrace Silstar 1 + 1 | texpol.sk<\/title>\n<meta name=\"robots\" content=\"index, follow, max-snippet:-1, max-image-preview:large, max-video-preview:-1\" \/>\n<link rel=\"canonical\" href=\"https:\/\/www.texpol.sk\/cs\/eshop\/akce\/matrace-akce\/tastickova-matrace-silstar-1-1\/\" \/>\n<meta property=\"og:locale\" content=\"cs_CZ\" \/>\n<meta property=\"og:type\" content=\"article\" \/>\n<meta property=\"og:title\" content=\"Ta\u0161ti\u010dkov\u00e1 matrace Silstar 1 + 1 | texpol.sk\" \/>\n<meta property=\"og:description\" content=\"V\u00ddPRODEJ ZBO\u017d\u00cd  SILSTAR je 21 cm vysok\u00e1, pru\u017en\u00e1 a vzdu\u0161n\u00e1 matrace. St\u0159ed j\u00e1dra tvo\u0159\u00ed 240 ks\/m2 dla\u017edic, kter\u00e9 vynikaj\u00ed vysokou nosnost\u00ed a dlouhou \u017eivotnost\u00ed. Jsou odstup\u0148ov\u00e1ny do 7 anatomick\u00fdch z\u00f3n tuhosti.   DOD\u00c1N\u00cd DO 3 PRACOVN\u00cdCH DN\u016e\" \/>\n<meta property=\"og:url\" content=\"https:\/\/www.texpol.sk\/cs\/eshop\/akce\/matrace-akce\/tastickova-matrace-silstar-1-1\/\" \/>\n<meta property=\"og:site_name\" content=\"texpol.sk\" \/>\n<meta property=\"article:modified_time\" content=\"2025-06-17T06:48:31+00:00\" \/>\n<meta property=\"og:image\" content=\"http:\/\/www.texpol.sk\/wp-content\/uploads\/2024\/09\/Silstar-AV-11-web-\u2013-kopia.png\" \/>\n\t<meta property=\"og:image:width\" content=\"600\" \/>\n\t<meta property=\"og:image:height\" content=\"600\" \/>\n\t<meta property=\"og:image:type\" content=\"image\/png\" \/>\n<meta name=\"twitter:card\" content=\"summary_large_image\" \/>\n<meta name=\"twitter:label1\" content=\"Odhadovan\u00e1 doba \u010dten\u00ed\" \/>\n\t<meta name=\"twitter:data1\" content=\"1 minuta\" \/>\n<script type=\"application\/ld+json\" class=\"yoast-schema-graph\">{\"@context\":\"https:\/\/schema.org\",\"@graph\":[{\"@type\":\"WebPage\",\"@id\":\"https:\/\/www.texpol.sk\/cs\/eshop\/akce\/matrace-akce\/tastickova-matrace-silstar-1-1\/\",\"url\":\"https:\/\/www.texpol.sk\/cs\/eshop\/akce\/matrace-akce\/tastickova-matrace-silstar-1-1\/\",\"name\":\"Ta\u0161ti\u010dkov\u00e1 matrace Silstar 1 + 1 | texpol.sk\",\"isPartOf\":{\"@id\":\"https:\/\/www.texpol.sk\/cs\/#website\"},\"primaryImageOfPage\":{\"@id\":\"https:\/\/www.texpol.sk\/cs\/eshop\/akce\/matrace-akce\/tastickova-matrace-silstar-1-1\/#primaryimage\"},\"image\":{\"@id\":\"https:\/\/www.texpol.sk\/cs\/eshop\/akce\/matrace-akce\/tastickova-matrace-silstar-1-1\/#primaryimage\"},\"thumbnailUrl\":\"https:\/\/www.texpol.sk\/wp-content\/uploads\/2024\/09\/Silstar-AV-11-web-\u2013-kopia.png\",\"datePublished\":\"2024-09-13T12:08:19+00:00\",\"dateModified\":\"2025-06-17T06:48:31+00:00\",\"breadcrumb\":{\"@id\":\"https:\/\/www.texpol.sk\/cs\/eshop\/akce\/matrace-akce\/tastickova-matrace-silstar-1-1\/#breadcrumb\"},\"inLanguage\":\"cs\",\"potentialAction\":[{\"@type\":\"ReadAction\",\"target\":[\"https:\/\/www.texpol.sk\/cs\/eshop\/akce\/matrace-akce\/tastickova-matrace-silstar-1-1\/\"]}]},{\"@type\":\"ImageObject\",\"inLanguage\":\"cs\",\"@id\":\"https:\/\/www.texpol.sk\/cs\/eshop\/akce\/matrace-akce\/tastickova-matrace-silstar-1-1\/#primaryimage\",\"url\":\"https:\/\/www.texpol.sk\/wp-content\/uploads\/2024\/09\/Silstar-AV-11-web-\u2013-kopia.png\",\"contentUrl\":\"https:\/\/www.texpol.sk\/wp-content\/uploads\/2024\/09\/Silstar-AV-11-web-\u2013-kopia.png\",\"width\":600,\"height\":600,\"caption\":\"Silstar AV 1+1 web\"},{\"@type\":\"BreadcrumbList\",\"@id\":\"https:\/\/www.texpol.sk\/cs\/eshop\/akce\/matrace-akce\/tastickova-matrace-silstar-1-1\/#breadcrumb\",\"itemListElement\":[{\"@type\":\"ListItem\",\"position\":1,\"name\":\"Home\",\"item\":\"https:\/\/www.texpol.sk\/cs\/\"},{\"@type\":\"ListItem\",\"position\":2,\"name\":\"Produkty\",\"item\":\"https:\/\/www.texpol.sk\/cs\/shop\/\"},{\"@type\":\"ListItem\",\"position\":3,\"name\":\"Ta\u0161ti\u010dkov\u00e1 matrace Silstar 1 + 1\"}]},{\"@type\":\"WebSite\",\"@id\":\"https:\/\/www.texpol.sk\/cs\/#website\",\"url\":\"https:\/\/www.texpol.sk\/cs\/\",\"name\":\"texpol.sk\",\"description\":\"\",\"publisher\":{\"@id\":\"https:\/\/www.texpol.sk\/cs\/#organization\"},\"potentialAction\":[{\"@type\":\"SearchAction\",\"target\":{\"@type\":\"EntryPoint\",\"urlTemplate\":\"https:\/\/www.texpol.sk\/cs\/?s={search_term_string}\"},\"query-input\":{\"@type\":\"PropertyValueSpecification\",\"valueRequired\":true,\"valueName\":\"search_term_string\"}}],\"inLanguage\":\"cs\"},{\"@type\":\"Organization\",\"@id\":\"https:\/\/www.texpol.sk\/cs\/#organization\",\"name\":\"texpol.sk\",\"url\":\"https:\/\/www.texpol.sk\/cs\/\",\"logo\":{\"@type\":\"ImageObject\",\"inLanguage\":\"cs\",\"@id\":\"https:\/\/www.texpol.sk\/cs\/#\/schema\/logo\/image\/\",\"url\":\"https:\/\/www.texpol.sk\/wp-content\/uploads\/2022\/12\/texpol-logo-navbar.png\",\"contentUrl\":\"https:\/\/www.texpol.sk\/wp-content\/uploads\/2022\/12\/texpol-logo-navbar.png\",\"width\":151,\"height\":57,\"caption\":\"texpol.sk\"},\"image\":{\"@id\":\"https:\/\/www.texpol.sk\/cs\/#\/schema\/logo\/image\/\"}}]}<\/script>\n<!-- \/ Yoast SEO plugin. -->","yoast_head_json":{"title":"Ta\u0161ti\u010dkov\u00e1 matrace Silstar 1 + 1 | texpol.sk","robots":{"index":"index","follow":"follow","max-snippet":"max-snippet:-1","max-image-preview":"max-image-preview:large","max-video-preview":"max-video-preview:-1"},"canonical":"https:\/\/www.texpol.sk\/cs\/eshop\/akce\/matrace-akce\/tastickova-matrace-silstar-1-1\/","og_locale":"cs_CZ","og_type":"article","og_title":"Ta\u0161ti\u010dkov\u00e1 matrace Silstar 1 + 1 | texpol.sk","og_description":"V\u00ddPRODEJ ZBO\u017d\u00cd  SILSTAR je 21 cm vysok\u00e1, pru\u017en\u00e1 a vzdu\u0161n\u00e1 matrace. St\u0159ed j\u00e1dra tvo\u0159\u00ed 240 ks\/m2 dla\u017edic, kter\u00e9 vynikaj\u00ed vysokou nosnost\u00ed a dlouhou \u017eivotnost\u00ed. Jsou odstup\u0148ov\u00e1ny do 7 anatomick\u00fdch z\u00f3n tuhosti.   DOD\u00c1N\u00cd DO 3 PRACOVN\u00cdCH DN\u016e","og_url":"https:\/\/www.texpol.sk\/cs\/eshop\/akce\/matrace-akce\/tastickova-matrace-silstar-1-1\/","og_site_name":"texpol.sk","article_modified_time":"2025-06-17T06:48:31+00:00","og_image":[{"width":600,"height":600,"url":"http:\/\/www.texpol.sk\/wp-content\/uploads\/2024\/09\/Silstar-AV-11-web-\u2013-kopia.png","type":"image\/png"}],"twitter_card":"summary_large_image","twitter_misc":{"Odhadovan\u00e1 doba \u010dten\u00ed":"1 minuta"},"schema":{"@context":"https:\/\/schema.org","@graph":[{"@type":"WebPage","@id":"https:\/\/www.texpol.sk\/cs\/eshop\/akce\/matrace-akce\/tastickova-matrace-silstar-1-1\/","url":"https:\/\/www.texpol.sk\/cs\/eshop\/akce\/matrace-akce\/tastickova-matrace-silstar-1-1\/","name":"Ta\u0161ti\u010dkov\u00e1 matrace Silstar 1 + 1 | texpol.sk","isPartOf":{"@id":"https:\/\/www.texpol.sk\/cs\/#website"},"primaryImageOfPage":{"@id":"https:\/\/www.texpol.sk\/cs\/eshop\/akce\/matrace-akce\/tastickova-matrace-silstar-1-1\/#primaryimage"},"image":{"@id":"https:\/\/www.texpol.sk\/cs\/eshop\/akce\/matrace-akce\/tastickova-matrace-silstar-1-1\/#primaryimage"},"thumbnailUrl":"https:\/\/www.texpol.sk\/wp-content\/uploads\/2024\/09\/Silstar-AV-11-web-\u2013-kopia.png","datePublished":"2024-09-13T12:08:19+00:00","dateModified":"2025-06-17T06:48:31+00:00","breadcrumb":{"@id":"https:\/\/www.texpol.sk\/cs\/eshop\/akce\/matrace-akce\/tastickova-matrace-silstar-1-1\/#breadcrumb"},"inLanguage":"cs","potentialAction":[{"@type":"ReadAction","target":["https:\/\/www.texpol.sk\/cs\/eshop\/akce\/matrace-akce\/tastickova-matrace-silstar-1-1\/"]}]},{"@type":"ImageObject","inLanguage":"cs","@id":"https:\/\/www.texpol.sk\/cs\/eshop\/akce\/matrace-akce\/tastickova-matrace-silstar-1-1\/#primaryimage","url":"https:\/\/www.texpol.sk\/wp-content\/uploads\/2024\/09\/Silstar-AV-11-web-\u2013-kopia.png","contentUrl":"https:\/\/www.texpol.sk\/wp-content\/uploads\/2024\/09\/Silstar-AV-11-web-\u2013-kopia.png","width":600,"height":600,"caption":"Silstar AV 1+1 web"},{"@type":"BreadcrumbList","@id":"https:\/\/www.texpol.sk\/cs\/eshop\/akce\/matrace-akce\/tastickova-matrace-silstar-1-1\/#breadcrumb","itemListElement":[{"@type":"ListItem","position":1,"name":"Home","item":"https:\/\/www.texpol.sk\/cs\/"},{"@type":"ListItem","position":2,"name":"Produkty","item":"https:\/\/www.texpol.sk\/cs\/shop\/"},{"@type":"ListItem","position":3,"name":"Ta\u0161ti\u010dkov\u00e1 matrace Silstar 1 + 1"}]},{"@type":"WebSite","@id":"https:\/\/www.texpol.sk\/cs\/#website","url":"https:\/\/www.texpol.sk\/cs\/","name":"texpol.sk","description":"","publisher":{"@id":"https:\/\/www.texpol.sk\/cs\/#organization"},"potentialAction":[{"@type":"SearchAction","target":{"@type":"EntryPoint","urlTemplate":"https:\/\/www.texpol.sk\/cs\/?s={search_term_string}"},"query-input":{"@type":"PropertyValueSpecification","valueRequired":true,"valueName":"search_term_string"}}],"inLanguage":"cs"},{"@type":"Organization","@id":"https:\/\/www.texpol.sk\/cs\/#organization","name":"texpol.sk","url":"https:\/\/www.texpol.sk\/cs\/","logo":{"@type":"ImageObject","inLanguage":"cs","@id":"https:\/\/www.texpol.sk\/cs\/#\/schema\/logo\/image\/","url":"https:\/\/www.texpol.sk\/wp-content\/uploads\/2022\/12\/texpol-logo-navbar.png","contentUrl":"https:\/\/www.texpol.sk\/wp-content\/uploads\/2022\/12\/texpol-logo-navbar.png","width":151,"height":57,"caption":"texpol.sk"},"image":{"@id":"https:\/\/www.texpol.sk\/cs\/#\/schema\/logo\/image\/"}}]}},"_links":{"self":[{"href":"https:\/\/www.texpol.sk\/cs\/wp-json\/wp\/v2\/product\/23669","targetHints":{"allow":["GET"]}}],"collection":[{"href":"https:\/\/www.texpol.sk\/cs\/wp-json\/wp\/v2\/product"}],"about":[{"href":"https:\/\/www.texpol.sk\/cs\/wp-json\/wp\/v2\/types\/product"}],"replies":[{"embeddable":true,"href":"https:\/\/www.texpol.sk\/cs\/wp-json\/wp\/v2\/comments?post=23669"}],"wp:featuredmedia":[{"embeddable":true,"href":"https:\/\/www.texpol.sk\/cs\/wp-json\/wp\/v2\/media\/22903"}],"wp:attachment":[{"href":"https:\/\/www.texpol.sk\/cs\/wp-json\/wp\/v2\/media?parent=23669"}],"wp:term":[{"taxonomy":"product_cat","embeddable":true,"href":"https:\/\/www.texpol.sk\/cs\/wp-json\/wp\/v2\/product_cat?post=23669"},{"taxonomy":"product_tag","embeddable":true,"href":"https:\/\/www.texpol.sk\/cs\/wp-json\/wp\/v2\/product_tag?post=23669"}],"curies":[{"name":"wp","href":"https:\/\/api.w.org\/{rel}","templated":true}]}}