{"id":23679,"date":"2024-09-16T08:44:32","date_gmt":"2024-09-16T08:44:32","guid":{"rendered":"https:\/\/www.texpol.sk\/eshop\/nezaraden\u00e9\/vynikajici-vysoka-ortopedicka-matrace\/"},"modified":"2025-06-16T13:19:57","modified_gmt":"2025-06-16T13:19:57","slug":"vysoka-ortopedicka-matrace-excelent-2","status":"publish","type":"product","link":"https:\/\/www.texpol.sk\/cs\/eshop\/akce\/matrace-akce\/vysoka-ortopedicka-matrace-excelent-2\/","title":{"rendered":"Vysok\u00e1 ortopedick\u00e1 matrace Excelent"},"content":{"rendered":"","protected":false},"excerpt":{"rendered":"<h4><\/h4>\n<p><strong>Vysok\u00e1 ortopedick\u00e1 <\/strong>matrace<strong> EXCELENT<\/strong> je <strong>oboustrann\u00e1 <\/strong>matrace s <strong>3D efektem <\/strong>a nejvy\u0161\u0161\u00ed mo\u017enou prody\u0161nost\u00ed &#8211; <strong>syst\u00e9m AIR.<\/strong> M\u011bk\u010d\u00ed a tu\u017e\u0161\u00ed strana je vyrobena z kvalitn\u00ed HR p\u011bny, d\u00edky syst\u00e9mu AIR a 7z\u00f3nov\u00e9 profilaci <strong>ulevuje kloub\u016fm<\/strong> a zaji\u0161\u0165uje <strong>pohodln\u00fd sp\u00e1nek<\/strong>. St\u0159edn\u00ed \u010d\u00e1st, <strong>studen\u00e1 p\u011bna<\/strong>, je anatomicky tvarovan\u00e1, aby zajistila <strong>ide\u00e1ln\u00ed polohu p\u00e1te\u0159e. <\/strong><\/p>\n<h4><\/h4>\n<h4 style=\"text-align: left;\"><strong>DOD\u00c1N\u00cd DO 10 PRACOVN\u00cdCH DN\u016e<\/strong><\/h4>\n","protected":false},"featured_media":22854,"comment_status":"closed","ping_status":"closed","template":"","meta":{"_acf_changed":false,"inline_featured_image":false},"product_cat":[901,900],"product_tag":[],"class_list":{"0":"post-23679","1":"product","2":"type-product","3":"status-publish","4":"has-post-thumbnail","6":"product_cat-matrace-akce","7":"product_cat-akce","8":"pa_velkost-200x80cm-cs","9":"pa_velkost-200x90cm-cs","11":"first","12":"instock","13":"taxable","14":"shipping-taxable","15":"product-type-variable"},"acf":[],"yoast_head":"<!-- This site is optimized with the Yoast SEO plugin v23.9 - https:\/\/yoast.com\/wordpress\/plugins\/seo\/ -->\n<title>Vysok\u00e1 ortopedick\u00e1 matrace Excelent | texpol.sk<\/title>\n<meta name=\"robots\" content=\"index, follow, max-snippet:-1, max-image-preview:large, max-video-preview:-1\" \/>\n<link rel=\"canonical\" href=\"https:\/\/www.texpol.sk\/cs\/eshop\/akce\/matrace-akce\/vysoka-ortopedicka-matrace-excelent-2\/\" \/>\n<meta property=\"og:locale\" content=\"cs_CZ\" \/>\n<meta property=\"og:type\" content=\"article\" \/>\n<meta property=\"og:title\" content=\"Vysok\u00e1 ortopedick\u00e1 matrace Excelent | texpol.sk\" \/>\n<meta property=\"og:description\" content=\"Vysok\u00e1 ortopedick\u00e1 matrace EXCELENT je oboustrann\u00e1 matrace s 3D efektem a nejvy\u0161\u0161\u00ed mo\u017enou prody\u0161nost\u00ed - syst\u00e9m AIR. M\u011bk\u010d\u00ed a tu\u017e\u0161\u00ed strana je vyrobena z kvalitn\u00ed HR p\u011bny, d\u00edky syst\u00e9mu AIR a 7z\u00f3nov\u00e9 profilaci ulevuje kloub\u016fm a zaji\u0161\u0165uje pohodln\u00fd sp\u00e1nek. St\u0159edn\u00ed \u010d\u00e1st, studen\u00e1 p\u011bna, je anatomicky tvarovan\u00e1, aby zajistila ide\u00e1ln\u00ed polohu p\u00e1te\u0159e.   DOD\u00c1N\u00cd DO 10 PRACOVN\u00cdCH DN\u016e\" \/>\n<meta property=\"og:url\" content=\"https:\/\/www.texpol.sk\/cs\/eshop\/akce\/matrace-akce\/vysoka-ortopedicka-matrace-excelent-2\/\" \/>\n<meta property=\"og:site_name\" content=\"texpol.sk\" \/>\n<meta property=\"article:modified_time\" content=\"2025-06-16T13:19:57+00:00\" \/>\n<meta property=\"og:image\" content=\"http:\/\/www.texpol.sk\/wp-content\/uploads\/2015\/08\/Excelent.jpg\" \/>\n\t<meta property=\"og:image:width\" content=\"600\" \/>\n\t<meta property=\"og:image:height\" content=\"600\" \/>\n\t<meta property=\"og:image:type\" content=\"image\/jpeg\" \/>\n<meta name=\"twitter:card\" content=\"summary_large_image\" \/>\n<meta name=\"twitter:label1\" content=\"Odhadovan\u00e1 doba \u010dten\u00ed\" \/>\n\t<meta name=\"twitter:data1\" content=\"1 minuta\" \/>\n<script type=\"application\/ld+json\" class=\"yoast-schema-graph\">{\"@context\":\"https:\/\/schema.org\",\"@graph\":[{\"@type\":\"WebPage\",\"@id\":\"https:\/\/www.texpol.sk\/cs\/eshop\/akce\/matrace-akce\/vysoka-ortopedicka-matrace-excelent-2\/\",\"url\":\"https:\/\/www.texpol.sk\/cs\/eshop\/akce\/matrace-akce\/vysoka-ortopedicka-matrace-excelent-2\/\",\"name\":\"Vysok\u00e1 ortopedick\u00e1 matrace Excelent | texpol.sk\",\"isPartOf\":{\"@id\":\"https:\/\/www.texpol.sk\/cs\/#website\"},\"primaryImageOfPage\":{\"@id\":\"https:\/\/www.texpol.sk\/cs\/eshop\/akce\/matrace-akce\/vysoka-ortopedicka-matrace-excelent-2\/#primaryimage\"},\"image\":{\"@id\":\"https:\/\/www.texpol.sk\/cs\/eshop\/akce\/matrace-akce\/vysoka-ortopedicka-matrace-excelent-2\/#primaryimage\"},\"thumbnailUrl\":\"https:\/\/www.texpol.sk\/wp-content\/uploads\/2015\/08\/Excelent.jpg\",\"datePublished\":\"2024-09-16T08:44:32+00:00\",\"dateModified\":\"2025-06-16T13:19:57+00:00\",\"breadcrumb\":{\"@id\":\"https:\/\/www.texpol.sk\/cs\/eshop\/akce\/matrace-akce\/vysoka-ortopedicka-matrace-excelent-2\/#breadcrumb\"},\"inLanguage\":\"cs\",\"potentialAction\":[{\"@type\":\"ReadAction\",\"target\":[\"https:\/\/www.texpol.sk\/cs\/eshop\/akce\/matrace-akce\/vysoka-ortopedicka-matrace-excelent-2\/\"]}]},{\"@type\":\"ImageObject\",\"inLanguage\":\"cs\",\"@id\":\"https:\/\/www.texpol.sk\/cs\/eshop\/akce\/matrace-akce\/vysoka-ortopedicka-matrace-excelent-2\/#primaryimage\",\"url\":\"https:\/\/www.texpol.sk\/wp-content\/uploads\/2015\/08\/Excelent.jpg\",\"contentUrl\":\"https:\/\/www.texpol.sk\/wp-content\/uploads\/2015\/08\/Excelent.jpg\",\"width\":600,\"height\":600,\"caption\":\"Excelentn\u00ed\"},{\"@type\":\"BreadcrumbList\",\"@id\":\"https:\/\/www.texpol.sk\/cs\/eshop\/akce\/matrace-akce\/vysoka-ortopedicka-matrace-excelent-2\/#breadcrumb\",\"itemListElement\":[{\"@type\":\"ListItem\",\"position\":1,\"name\":\"Home\",\"item\":\"https:\/\/www.texpol.sk\/cs\/\"},{\"@type\":\"ListItem\",\"position\":2,\"name\":\"Produkty\",\"item\":\"https:\/\/www.texpol.sk\/cs\/shop\/\"},{\"@type\":\"ListItem\",\"position\":3,\"name\":\"Vysok\u00e1 ortopedick\u00e1 matrace Excelent\"}]},{\"@type\":\"WebSite\",\"@id\":\"https:\/\/www.texpol.sk\/cs\/#website\",\"url\":\"https:\/\/www.texpol.sk\/cs\/\",\"name\":\"texpol.sk\",\"description\":\"\",\"publisher\":{\"@id\":\"https:\/\/www.texpol.sk\/cs\/#organization\"},\"potentialAction\":[{\"@type\":\"SearchAction\",\"target\":{\"@type\":\"EntryPoint\",\"urlTemplate\":\"https:\/\/www.texpol.sk\/cs\/?s={search_term_string}\"},\"query-input\":{\"@type\":\"PropertyValueSpecification\",\"valueRequired\":true,\"valueName\":\"search_term_string\"}}],\"inLanguage\":\"cs\"},{\"@type\":\"Organization\",\"@id\":\"https:\/\/www.texpol.sk\/cs\/#organization\",\"name\":\"texpol.sk\",\"url\":\"https:\/\/www.texpol.sk\/cs\/\",\"logo\":{\"@type\":\"ImageObject\",\"inLanguage\":\"cs\",\"@id\":\"https:\/\/www.texpol.sk\/cs\/#\/schema\/logo\/image\/\",\"url\":\"https:\/\/www.texpol.sk\/wp-content\/uploads\/2022\/12\/texpol-logo-navbar.png\",\"contentUrl\":\"https:\/\/www.texpol.sk\/wp-content\/uploads\/2022\/12\/texpol-logo-navbar.png\",\"width\":151,\"height\":57,\"caption\":\"texpol.sk\"},\"image\":{\"@id\":\"https:\/\/www.texpol.sk\/cs\/#\/schema\/logo\/image\/\"}}]}<\/script>\n<!-- \/ Yoast SEO plugin. -->","yoast_head_json":{"title":"Vysok\u00e1 ortopedick\u00e1 matrace Excelent | texpol.sk","robots":{"index":"index","follow":"follow","max-snippet":"max-snippet:-1","max-image-preview":"max-image-preview:large","max-video-preview":"max-video-preview:-1"},"canonical":"https:\/\/www.texpol.sk\/cs\/eshop\/akce\/matrace-akce\/vysoka-ortopedicka-matrace-excelent-2\/","og_locale":"cs_CZ","og_type":"article","og_title":"Vysok\u00e1 ortopedick\u00e1 matrace Excelent | texpol.sk","og_description":"Vysok\u00e1 ortopedick\u00e1 matrace EXCELENT je oboustrann\u00e1 matrace s 3D efektem a nejvy\u0161\u0161\u00ed mo\u017enou prody\u0161nost\u00ed - syst\u00e9m AIR. M\u011bk\u010d\u00ed a tu\u017e\u0161\u00ed strana je vyrobena z kvalitn\u00ed HR p\u011bny, d\u00edky syst\u00e9mu AIR a 7z\u00f3nov\u00e9 profilaci ulevuje kloub\u016fm a zaji\u0161\u0165uje pohodln\u00fd sp\u00e1nek. St\u0159edn\u00ed \u010d\u00e1st, studen\u00e1 p\u011bna, je anatomicky tvarovan\u00e1, aby zajistila ide\u00e1ln\u00ed polohu p\u00e1te\u0159e.   DOD\u00c1N\u00cd DO 10 PRACOVN\u00cdCH DN\u016e","og_url":"https:\/\/www.texpol.sk\/cs\/eshop\/akce\/matrace-akce\/vysoka-ortopedicka-matrace-excelent-2\/","og_site_name":"texpol.sk","article_modified_time":"2025-06-16T13:19:57+00:00","og_image":[{"width":600,"height":600,"url":"http:\/\/www.texpol.sk\/wp-content\/uploads\/2015\/08\/Excelent.jpg","type":"image\/jpeg"}],"twitter_card":"summary_large_image","twitter_misc":{"Odhadovan\u00e1 doba \u010dten\u00ed":"1 minuta"},"schema":{"@context":"https:\/\/schema.org","@graph":[{"@type":"WebPage","@id":"https:\/\/www.texpol.sk\/cs\/eshop\/akce\/matrace-akce\/vysoka-ortopedicka-matrace-excelent-2\/","url":"https:\/\/www.texpol.sk\/cs\/eshop\/akce\/matrace-akce\/vysoka-ortopedicka-matrace-excelent-2\/","name":"Vysok\u00e1 ortopedick\u00e1 matrace Excelent | texpol.sk","isPartOf":{"@id":"https:\/\/www.texpol.sk\/cs\/#website"},"primaryImageOfPage":{"@id":"https:\/\/www.texpol.sk\/cs\/eshop\/akce\/matrace-akce\/vysoka-ortopedicka-matrace-excelent-2\/#primaryimage"},"image":{"@id":"https:\/\/www.texpol.sk\/cs\/eshop\/akce\/matrace-akce\/vysoka-ortopedicka-matrace-excelent-2\/#primaryimage"},"thumbnailUrl":"https:\/\/www.texpol.sk\/wp-content\/uploads\/2015\/08\/Excelent.jpg","datePublished":"2024-09-16T08:44:32+00:00","dateModified":"2025-06-16T13:19:57+00:00","breadcrumb":{"@id":"https:\/\/www.texpol.sk\/cs\/eshop\/akce\/matrace-akce\/vysoka-ortopedicka-matrace-excelent-2\/#breadcrumb"},"inLanguage":"cs","potentialAction":[{"@type":"ReadAction","target":["https:\/\/www.texpol.sk\/cs\/eshop\/akce\/matrace-akce\/vysoka-ortopedicka-matrace-excelent-2\/"]}]},{"@type":"ImageObject","inLanguage":"cs","@id":"https:\/\/www.texpol.sk\/cs\/eshop\/akce\/matrace-akce\/vysoka-ortopedicka-matrace-excelent-2\/#primaryimage","url":"https:\/\/www.texpol.sk\/wp-content\/uploads\/2015\/08\/Excelent.jpg","contentUrl":"https:\/\/www.texpol.sk\/wp-content\/uploads\/2015\/08\/Excelent.jpg","width":600,"height":600,"caption":"Excelentn\u00ed"},{"@type":"BreadcrumbList","@id":"https:\/\/www.texpol.sk\/cs\/eshop\/akce\/matrace-akce\/vysoka-ortopedicka-matrace-excelent-2\/#breadcrumb","itemListElement":[{"@type":"ListItem","position":1,"name":"Home","item":"https:\/\/www.texpol.sk\/cs\/"},{"@type":"ListItem","position":2,"name":"Produkty","item":"https:\/\/www.texpol.sk\/cs\/shop\/"},{"@type":"ListItem","position":3,"name":"Vysok\u00e1 ortopedick\u00e1 matrace Excelent"}]},{"@type":"WebSite","@id":"https:\/\/www.texpol.sk\/cs\/#website","url":"https:\/\/www.texpol.sk\/cs\/","name":"texpol.sk","description":"","publisher":{"@id":"https:\/\/www.texpol.sk\/cs\/#organization"},"potentialAction":[{"@type":"SearchAction","target":{"@type":"EntryPoint","urlTemplate":"https:\/\/www.texpol.sk\/cs\/?s={search_term_string}"},"query-input":{"@type":"PropertyValueSpecification","valueRequired":true,"valueName":"search_term_string"}}],"inLanguage":"cs"},{"@type":"Organization","@id":"https:\/\/www.texpol.sk\/cs\/#organization","name":"texpol.sk","url":"https:\/\/www.texpol.sk\/cs\/","logo":{"@type":"ImageObject","inLanguage":"cs","@id":"https:\/\/www.texpol.sk\/cs\/#\/schema\/logo\/image\/","url":"https:\/\/www.texpol.sk\/wp-content\/uploads\/2022\/12\/texpol-logo-navbar.png","contentUrl":"https:\/\/www.texpol.sk\/wp-content\/uploads\/2022\/12\/texpol-logo-navbar.png","width":151,"height":57,"caption":"texpol.sk"},"image":{"@id":"https:\/\/www.texpol.sk\/cs\/#\/schema\/logo\/image\/"}}]}},"_links":{"self":[{"href":"https:\/\/www.texpol.sk\/cs\/wp-json\/wp\/v2\/product\/23679","targetHints":{"allow":["GET"]}}],"collection":[{"href":"https:\/\/www.texpol.sk\/cs\/wp-json\/wp\/v2\/product"}],"about":[{"href":"https:\/\/www.texpol.sk\/cs\/wp-json\/wp\/v2\/types\/product"}],"replies":[{"embeddable":true,"href":"https:\/\/www.texpol.sk\/cs\/wp-json\/wp\/v2\/comments?post=23679"}],"wp:featuredmedia":[{"embeddable":true,"href":"https:\/\/www.texpol.sk\/cs\/wp-json\/wp\/v2\/media\/22854"}],"wp:attachment":[{"href":"https:\/\/www.texpol.sk\/cs\/wp-json\/wp\/v2\/media?parent=23679"}],"wp:term":[{"taxonomy":"product_cat","embeddable":true,"href":"https:\/\/www.texpol.sk\/cs\/wp-json\/wp\/v2\/product_cat?post=23679"},{"taxonomy":"product_tag","embeddable":true,"href":"https:\/\/www.texpol.sk\/cs\/wp-json\/wp\/v2\/product_tag?post=23679"}],"curies":[{"name":"wp","href":"https:\/\/api.w.org\/{rel}","templated":true}]}}