{"id":23777,"date":"2023-11-06T14:32:05","date_gmt":"2023-11-06T14:32:05","guid":{"rendered":"https:\/\/www.texpol.sk\/eshop\/nezaraden\u00e9\/pridavny-lamelovy-rost-v-ramu\/"},"modified":"2026-03-30T21:49:54","modified_gmt":"2026-03-30T21:49:54","slug":"latovy-rost-extra-v-ramu","status":"publish","type":"product","link":"https:\/\/www.texpol.sk\/cs\/eshop\/rosty-cs\/latkove-rosty\/rada-extra-do-180-kg-cs\/latovy-rost-extra-v-ramu\/","title":{"rendered":"La\u0165ov\u00fd ro\u0161t Extra v r\u00e1mu"},"content":{"rendered":"","protected":false},"excerpt":{"rendered":"<h4><\/h4>\n<p>Standardn\u00ed<strong> lamelov\u00fd pevn\u00fd <\/strong>ro\u0161t PRO IN FRAME<strong>, nepolohovateln\u00fd.<\/strong><\/p>\n<h3><\/h3>\n<h4><strong>DOD\u00c1N\u00cd DO 3 PRACOVN\u00cdCH DN\u016e<\/strong><\/h4>\n","protected":false},"featured_media":22786,"comment_status":"closed","ping_status":"closed","template":"","meta":{"_acf_changed":false,"inline_featured_image":false},"product_cat":[939,937,931],"product_tag":[825,826,827,823,824],"class_list":{"0":"post-23777","1":"product","2":"type-product","3":"status-publish","4":"has-post-thumbnail","6":"product_cat-rada-extra-do-180-kg-cs","7":"product_cat-latkove-rosty","8":"product_cat-rosty-cs","9":"product_tag-nepolohovatelny-cs","10":"product_tag-rost-cs","11":"product_tag-v-rame-cs","12":"product_tag-latovy-cs","13":"product_tag-masiv-cs","14":"pa_velkost-195x80cm-cs","15":"pa_velkost-195x85cm-cs","16":"pa_velkost-195x90cm-cs","17":"pa_velkost-195x100cm-cs","18":"pa_velkost-195x120cm-cs","19":"pa_velkost-195-x-140-cm","20":"pa_velkost-200x80cm-cs","21":"pa_velkost-200x85cm-cs","22":"pa_velkost-200x90cm-cs","23":"pa_velkost-200x100cm-cs","24":"pa_velkost-200x120cm-cs","25":"pa_velkost-200-x-140-cm","27":"first","28":"onbackorder","29":"taxable","30":"shipping-taxable","31":"product-type-variable","32":"has-default-attributes"},"acf":[],"yoast_head":"<!-- This site is optimized with the Yoast SEO plugin v23.9 - https:\/\/yoast.com\/wordpress\/plugins\/seo\/ -->\n<title>La\u0165ov\u00fd ro\u0161t Extra v r\u00e1mu | texpol.sk<\/title>\n<meta name=\"robots\" content=\"index, follow, max-snippet:-1, max-image-preview:large, max-video-preview:-1\" \/>\n<link rel=\"canonical\" href=\"https:\/\/www.texpol.sk\/cs\/eshop\/rosty-cs\/latkove-rosty\/rada-extra-do-180-kg-cs\/latovy-rost-extra-v-ramu\/\" \/>\n<meta property=\"og:locale\" content=\"cs_CZ\" \/>\n<meta property=\"og:type\" content=\"article\" \/>\n<meta property=\"og:title\" content=\"La\u0165ov\u00fd ro\u0161t Extra v r\u00e1mu | texpol.sk\" \/>\n<meta property=\"og:description\" content=\"Standardn\u00ed lamelov\u00fd pevn\u00fd ro\u0161t PRO IN FRAME, nepolohovateln\u00fd.  DOD\u00c1N\u00cd DO 3 PRACOVN\u00cdCH DN\u016e\" \/>\n<meta property=\"og:url\" content=\"https:\/\/www.texpol.sk\/cs\/eshop\/rosty-cs\/latkove-rosty\/rada-extra-do-180-kg-cs\/latovy-rost-extra-v-ramu\/\" \/>\n<meta property=\"og:site_name\" content=\"texpol.sk\" \/>\n<meta property=\"article:modified_time\" content=\"2026-03-30T21:49:54+00:00\" \/>\n<meta property=\"og:image\" content=\"http:\/\/www.texpol.sk\/wp-content\/uploads\/2023\/11\/Extra-v-rame-1.jpg\" \/>\n\t<meta property=\"og:image:width\" content=\"600\" \/>\n\t<meta property=\"og:image:height\" content=\"600\" \/>\n\t<meta property=\"og:image:type\" content=\"image\/jpeg\" \/>\n<meta name=\"twitter:card\" content=\"summary_large_image\" \/>\n<meta name=\"twitter:label1\" content=\"Odhadovan\u00e1 doba \u010dten\u00ed\" \/>\n\t<meta name=\"twitter:data1\" content=\"1 minuta\" \/>\n<script type=\"application\/ld+json\" class=\"yoast-schema-graph\">{\"@context\":\"https:\/\/schema.org\",\"@graph\":[{\"@type\":\"WebPage\",\"@id\":\"https:\/\/www.texpol.sk\/cs\/eshop\/rosty-cs\/latkove-rosty\/rada-extra-do-180-kg-cs\/latovy-rost-extra-v-ramu\/\",\"url\":\"https:\/\/www.texpol.sk\/cs\/eshop\/rosty-cs\/latkove-rosty\/rada-extra-do-180-kg-cs\/latovy-rost-extra-v-ramu\/\",\"name\":\"La\u0165ov\u00fd ro\u0161t Extra v r\u00e1mu | texpol.sk\",\"isPartOf\":{\"@id\":\"https:\/\/www.texpol.sk\/cs\/#website\"},\"primaryImageOfPage\":{\"@id\":\"https:\/\/www.texpol.sk\/cs\/eshop\/rosty-cs\/latkove-rosty\/rada-extra-do-180-kg-cs\/latovy-rost-extra-v-ramu\/#primaryimage\"},\"image\":{\"@id\":\"https:\/\/www.texpol.sk\/cs\/eshop\/rosty-cs\/latkove-rosty\/rada-extra-do-180-kg-cs\/latovy-rost-extra-v-ramu\/#primaryimage\"},\"thumbnailUrl\":\"https:\/\/www.texpol.sk\/wp-content\/uploads\/2023\/11\/Extra-v-rame-1.jpg\",\"datePublished\":\"2023-11-06T14:32:05+00:00\",\"dateModified\":\"2026-03-30T21:49:54+00:00\",\"breadcrumb\":{\"@id\":\"https:\/\/www.texpol.sk\/cs\/eshop\/rosty-cs\/latkove-rosty\/rada-extra-do-180-kg-cs\/latovy-rost-extra-v-ramu\/#breadcrumb\"},\"inLanguage\":\"cs\",\"potentialAction\":[{\"@type\":\"ReadAction\",\"target\":[\"https:\/\/www.texpol.sk\/cs\/eshop\/rosty-cs\/latkove-rosty\/rada-extra-do-180-kg-cs\/latovy-rost-extra-v-ramu\/\"]}]},{\"@type\":\"ImageObject\",\"inLanguage\":\"cs\",\"@id\":\"https:\/\/www.texpol.sk\/cs\/eshop\/rosty-cs\/latkove-rosty\/rada-extra-do-180-kg-cs\/latovy-rost-extra-v-ramu\/#primaryimage\",\"url\":\"https:\/\/www.texpol.sk\/wp-content\/uploads\/2023\/11\/Extra-v-rame-1.jpg\",\"contentUrl\":\"https:\/\/www.texpol.sk\/wp-content\/uploads\/2023\/11\/Extra-v-rame-1.jpg\",\"width\":600,\"height\":600,\"caption\":\"Extra v r\u00e1mu\"},{\"@type\":\"BreadcrumbList\",\"@id\":\"https:\/\/www.texpol.sk\/cs\/eshop\/rosty-cs\/latkove-rosty\/rada-extra-do-180-kg-cs\/latovy-rost-extra-v-ramu\/#breadcrumb\",\"itemListElement\":[{\"@type\":\"ListItem\",\"position\":1,\"name\":\"Home\",\"item\":\"https:\/\/www.texpol.sk\/cs\/\"},{\"@type\":\"ListItem\",\"position\":2,\"name\":\"Produkty\",\"item\":\"https:\/\/www.texpol.sk\/cs\/shop\/\"},{\"@type\":\"ListItem\",\"position\":3,\"name\":\"La\u0165ov\u00fd ro\u0161t Extra v r\u00e1mu\"}]},{\"@type\":\"WebSite\",\"@id\":\"https:\/\/www.texpol.sk\/cs\/#website\",\"url\":\"https:\/\/www.texpol.sk\/cs\/\",\"name\":\"texpol.sk\",\"description\":\"\",\"publisher\":{\"@id\":\"https:\/\/www.texpol.sk\/cs\/#organization\"},\"potentialAction\":[{\"@type\":\"SearchAction\",\"target\":{\"@type\":\"EntryPoint\",\"urlTemplate\":\"https:\/\/www.texpol.sk\/cs\/?s={search_term_string}\"},\"query-input\":{\"@type\":\"PropertyValueSpecification\",\"valueRequired\":true,\"valueName\":\"search_term_string\"}}],\"inLanguage\":\"cs\"},{\"@type\":\"Organization\",\"@id\":\"https:\/\/www.texpol.sk\/cs\/#organization\",\"name\":\"texpol.sk\",\"url\":\"https:\/\/www.texpol.sk\/cs\/\",\"logo\":{\"@type\":\"ImageObject\",\"inLanguage\":\"cs\",\"@id\":\"https:\/\/www.texpol.sk\/cs\/#\/schema\/logo\/image\/\",\"url\":\"https:\/\/www.texpol.sk\/wp-content\/uploads\/2022\/12\/texpol-logo-navbar.png\",\"contentUrl\":\"https:\/\/www.texpol.sk\/wp-content\/uploads\/2022\/12\/texpol-logo-navbar.png\",\"width\":151,\"height\":57,\"caption\":\"texpol.sk\"},\"image\":{\"@id\":\"https:\/\/www.texpol.sk\/cs\/#\/schema\/logo\/image\/\"}}]}<\/script>\n<!-- \/ Yoast SEO plugin. -->","yoast_head_json":{"title":"La\u0165ov\u00fd ro\u0161t Extra v r\u00e1mu | texpol.sk","robots":{"index":"index","follow":"follow","max-snippet":"max-snippet:-1","max-image-preview":"max-image-preview:large","max-video-preview":"max-video-preview:-1"},"canonical":"https:\/\/www.texpol.sk\/cs\/eshop\/rosty-cs\/latkove-rosty\/rada-extra-do-180-kg-cs\/latovy-rost-extra-v-ramu\/","og_locale":"cs_CZ","og_type":"article","og_title":"La\u0165ov\u00fd ro\u0161t Extra v r\u00e1mu | texpol.sk","og_description":"Standardn\u00ed lamelov\u00fd pevn\u00fd ro\u0161t PRO IN FRAME, nepolohovateln\u00fd.  DOD\u00c1N\u00cd DO 3 PRACOVN\u00cdCH DN\u016e","og_url":"https:\/\/www.texpol.sk\/cs\/eshop\/rosty-cs\/latkove-rosty\/rada-extra-do-180-kg-cs\/latovy-rost-extra-v-ramu\/","og_site_name":"texpol.sk","article_modified_time":"2026-03-30T21:49:54+00:00","og_image":[{"width":600,"height":600,"url":"http:\/\/www.texpol.sk\/wp-content\/uploads\/2023\/11\/Extra-v-rame-1.jpg","type":"image\/jpeg"}],"twitter_card":"summary_large_image","twitter_misc":{"Odhadovan\u00e1 doba \u010dten\u00ed":"1 minuta"},"schema":{"@context":"https:\/\/schema.org","@graph":[{"@type":"WebPage","@id":"https:\/\/www.texpol.sk\/cs\/eshop\/rosty-cs\/latkove-rosty\/rada-extra-do-180-kg-cs\/latovy-rost-extra-v-ramu\/","url":"https:\/\/www.texpol.sk\/cs\/eshop\/rosty-cs\/latkove-rosty\/rada-extra-do-180-kg-cs\/latovy-rost-extra-v-ramu\/","name":"La\u0165ov\u00fd ro\u0161t Extra v r\u00e1mu | texpol.sk","isPartOf":{"@id":"https:\/\/www.texpol.sk\/cs\/#website"},"primaryImageOfPage":{"@id":"https:\/\/www.texpol.sk\/cs\/eshop\/rosty-cs\/latkove-rosty\/rada-extra-do-180-kg-cs\/latovy-rost-extra-v-ramu\/#primaryimage"},"image":{"@id":"https:\/\/www.texpol.sk\/cs\/eshop\/rosty-cs\/latkove-rosty\/rada-extra-do-180-kg-cs\/latovy-rost-extra-v-ramu\/#primaryimage"},"thumbnailUrl":"https:\/\/www.texpol.sk\/wp-content\/uploads\/2023\/11\/Extra-v-rame-1.jpg","datePublished":"2023-11-06T14:32:05+00:00","dateModified":"2026-03-30T21:49:54+00:00","breadcrumb":{"@id":"https:\/\/www.texpol.sk\/cs\/eshop\/rosty-cs\/latkove-rosty\/rada-extra-do-180-kg-cs\/latovy-rost-extra-v-ramu\/#breadcrumb"},"inLanguage":"cs","potentialAction":[{"@type":"ReadAction","target":["https:\/\/www.texpol.sk\/cs\/eshop\/rosty-cs\/latkove-rosty\/rada-extra-do-180-kg-cs\/latovy-rost-extra-v-ramu\/"]}]},{"@type":"ImageObject","inLanguage":"cs","@id":"https:\/\/www.texpol.sk\/cs\/eshop\/rosty-cs\/latkove-rosty\/rada-extra-do-180-kg-cs\/latovy-rost-extra-v-ramu\/#primaryimage","url":"https:\/\/www.texpol.sk\/wp-content\/uploads\/2023\/11\/Extra-v-rame-1.jpg","contentUrl":"https:\/\/www.texpol.sk\/wp-content\/uploads\/2023\/11\/Extra-v-rame-1.jpg","width":600,"height":600,"caption":"Extra v r\u00e1mu"},{"@type":"BreadcrumbList","@id":"https:\/\/www.texpol.sk\/cs\/eshop\/rosty-cs\/latkove-rosty\/rada-extra-do-180-kg-cs\/latovy-rost-extra-v-ramu\/#breadcrumb","itemListElement":[{"@type":"ListItem","position":1,"name":"Home","item":"https:\/\/www.texpol.sk\/cs\/"},{"@type":"ListItem","position":2,"name":"Produkty","item":"https:\/\/www.texpol.sk\/cs\/shop\/"},{"@type":"ListItem","position":3,"name":"La\u0165ov\u00fd ro\u0161t Extra v r\u00e1mu"}]},{"@type":"WebSite","@id":"https:\/\/www.texpol.sk\/cs\/#website","url":"https:\/\/www.texpol.sk\/cs\/","name":"texpol.sk","description":"","publisher":{"@id":"https:\/\/www.texpol.sk\/cs\/#organization"},"potentialAction":[{"@type":"SearchAction","target":{"@type":"EntryPoint","urlTemplate":"https:\/\/www.texpol.sk\/cs\/?s={search_term_string}"},"query-input":{"@type":"PropertyValueSpecification","valueRequired":true,"valueName":"search_term_string"}}],"inLanguage":"cs"},{"@type":"Organization","@id":"https:\/\/www.texpol.sk\/cs\/#organization","name":"texpol.sk","url":"https:\/\/www.texpol.sk\/cs\/","logo":{"@type":"ImageObject","inLanguage":"cs","@id":"https:\/\/www.texpol.sk\/cs\/#\/schema\/logo\/image\/","url":"https:\/\/www.texpol.sk\/wp-content\/uploads\/2022\/12\/texpol-logo-navbar.png","contentUrl":"https:\/\/www.texpol.sk\/wp-content\/uploads\/2022\/12\/texpol-logo-navbar.png","width":151,"height":57,"caption":"texpol.sk"},"image":{"@id":"https:\/\/www.texpol.sk\/cs\/#\/schema\/logo\/image\/"}}]}},"_links":{"self":[{"href":"https:\/\/www.texpol.sk\/cs\/wp-json\/wp\/v2\/product\/23777","targetHints":{"allow":["GET"]}}],"collection":[{"href":"https:\/\/www.texpol.sk\/cs\/wp-json\/wp\/v2\/product"}],"about":[{"href":"https:\/\/www.texpol.sk\/cs\/wp-json\/wp\/v2\/types\/product"}],"replies":[{"embeddable":true,"href":"https:\/\/www.texpol.sk\/cs\/wp-json\/wp\/v2\/comments?post=23777"}],"wp:featuredmedia":[{"embeddable":true,"href":"https:\/\/www.texpol.sk\/cs\/wp-json\/wp\/v2\/media\/22786"}],"wp:attachment":[{"href":"https:\/\/www.texpol.sk\/cs\/wp-json\/wp\/v2\/media?parent=23777"}],"wp:term":[{"taxonomy":"product_cat","embeddable":true,"href":"https:\/\/www.texpol.sk\/cs\/wp-json\/wp\/v2\/product_cat?post=23777"},{"taxonomy":"product_tag","embeddable":true,"href":"https:\/\/www.texpol.sk\/cs\/wp-json\/wp\/v2\/product_tag?post=23777"}],"curies":[{"name":"wp","href":"https:\/\/api.w.org\/{rel}","templated":true}]}}