{"id":24000,"date":"2022-08-25T12:58:04","date_gmt":"2022-08-25T12:58:04","guid":{"rendered":"https:\/\/www.texpol.sk\/eshop\/nezaraden\u00e9\/ulozny-prostor-pro-sklapec-uni\/"},"modified":"2025-06-06T08:07:49","modified_gmt":"2025-06-06T08:07:49","slug":"ulozny-prostor-pro-vyklop-uni","status":"publish","type":"product","link":"https:\/\/www.texpol.sk\/cs\/eshop\/loznice\/ulozne-prostory-a-doplnky\/ulozny-prostor-pro-vyklop-uni\/","title":{"rendered":"\u00dalo\u017en\u00fd prostor pro v\u00fdklop Uni"},"content":{"rendered":"","protected":false},"excerpt":{"rendered":"<div id=\"short_description_content\" class=\"rte align_justify\">\n<h4><strong>\u00dalo\u017en\u00e9 prostory pro vykl\u00e1p\u011bn\u00ed &#8211; Petra<\/strong><\/h4>\n<h4><\/h4>\n<p>\u00dalo\u017en\u00fd prostor se dod\u00e1v\u00e1 smontovan\u00fd.<\/p>\n<h5><\/h5>\n<p>N\u00e1bytek do lo\u017enice TEXPOL v\u00e1m nab\u00edz\u00ed vysoce kvalitn\u00ed materi\u00e1ly a jedine\u010dn\u00fd vzhled masivn\u00edho dubov\u00e9ho a bukov\u00e9ho d\u0159eva.<\/p>\n<h3><\/h3>\n<h4><strong>DOD\u00c1N\u00cd DO 3 &#8211; 5 T\u00ddDN\u016e<\/strong><\/h4>\n<\/div>\n","protected":false},"featured_media":22727,"comment_status":"closed","ping_status":"closed","template":"","meta":{"_acf_changed":false,"inline_featured_image":false},"product_cat":[941,947],"product_tag":[],"class_list":{"0":"post-24000","1":"product","2":"type-product","3":"status-publish","4":"has-post-thumbnail","6":"product_cat-loznice","7":"product_cat-ulozne-prostory-a-doplnky","8":"pa_velkost-200-x-70-cm","9":"pa_velkost-200x80cm-cs","10":"pa_velkost-200x85cm-cs","11":"pa_velkost-200x90cm-cs","12":"pa_velkost-200x100cm-cs","13":"pa_velkost-200-x-140-cm","14":"pa_velkost-200x160cm-cs","15":"pa_velkost-200-x-170-cm","16":"pa_velkost-200x180cm-cs","17":"pa_velkost-200-x-200-cm","19":"first","20":"onbackorder","21":"taxable","22":"shipping-taxable","23":"product-type-variable","24":"has-default-attributes"},"acf":[],"yoast_head":"<!-- This site is optimized with the Yoast SEO plugin v23.9 - https:\/\/yoast.com\/wordpress\/plugins\/seo\/ -->\n<title>\u00dalo\u017en\u00fd prostor pro v\u00fdklop Uni | texpol.sk<\/title>\n<meta name=\"robots\" content=\"index, follow, max-snippet:-1, max-image-preview:large, max-video-preview:-1\" \/>\n<link rel=\"canonical\" href=\"https:\/\/www.texpol.sk\/cs\/eshop\/loznice\/ulozne-prostory-a-doplnky\/ulozny-prostor-pro-vyklop-uni\/\" \/>\n<meta property=\"og:locale\" content=\"cs_CZ\" \/>\n<meta property=\"og:type\" content=\"article\" \/>\n<meta property=\"og:title\" content=\"\u00dalo\u017en\u00fd prostor pro v\u00fdklop Uni | texpol.sk\" \/>\n<meta property=\"og:description\" content=\"\u00dalo\u017en\u00e9 prostory pro vykl\u00e1p\u011bn\u00ed - Petra  \u00dalo\u017en\u00fd prostor se dod\u00e1v\u00e1 smontovan\u00fd.  N\u00e1bytek do lo\u017enice TEXPOL v\u00e1m nab\u00edz\u00ed vysoce kvalitn\u00ed materi\u00e1ly a jedine\u010dn\u00fd vzhled masivn\u00edho dubov\u00e9ho a bukov\u00e9ho d\u0159eva.  DOD\u00c1N\u00cd DO 3 - 5 T\u00ddDN\u016e\" \/>\n<meta property=\"og:url\" content=\"https:\/\/www.texpol.sk\/cs\/eshop\/loznice\/ulozne-prostory-a-doplnky\/ulozny-prostor-pro-vyklop-uni\/\" \/>\n<meta property=\"og:site_name\" content=\"texpol.sk\" \/>\n<meta property=\"article:modified_time\" content=\"2025-06-06T08:07:49+00:00\" \/>\n<meta property=\"og:image\" content=\"http:\/\/www.texpol.sk\/wp-content\/uploads\/2021\/08\/ulozne-priestory-pre-vyklop-uni-jpg.jpg\" \/>\n\t<meta property=\"og:image:width\" content=\"600\" \/>\n\t<meta property=\"og:image:height\" content=\"600\" \/>\n\t<meta property=\"og:image:type\" content=\"image\/jpeg\" \/>\n<meta name=\"twitter:card\" content=\"summary_large_image\" \/>\n<meta name=\"twitter:label1\" content=\"Odhadovan\u00e1 doba \u010dten\u00ed\" \/>\n\t<meta name=\"twitter:data1\" content=\"1 minuta\" \/>\n<script type=\"application\/ld+json\" class=\"yoast-schema-graph\">{\"@context\":\"https:\/\/schema.org\",\"@graph\":[{\"@type\":\"WebPage\",\"@id\":\"https:\/\/www.texpol.sk\/cs\/eshop\/loznice\/ulozne-prostory-a-doplnky\/ulozny-prostor-pro-vyklop-uni\/\",\"url\":\"https:\/\/www.texpol.sk\/cs\/eshop\/loznice\/ulozne-prostory-a-doplnky\/ulozny-prostor-pro-vyklop-uni\/\",\"name\":\"\u00dalo\u017en\u00fd prostor pro v\u00fdklop Uni | texpol.sk\",\"isPartOf\":{\"@id\":\"https:\/\/www.texpol.sk\/cs\/#website\"},\"primaryImageOfPage\":{\"@id\":\"https:\/\/www.texpol.sk\/cs\/eshop\/loznice\/ulozne-prostory-a-doplnky\/ulozny-prostor-pro-vyklop-uni\/#primaryimage\"},\"image\":{\"@id\":\"https:\/\/www.texpol.sk\/cs\/eshop\/loznice\/ulozne-prostory-a-doplnky\/ulozny-prostor-pro-vyklop-uni\/#primaryimage\"},\"thumbnailUrl\":\"https:\/\/www.texpol.sk\/wp-content\/uploads\/2021\/08\/ulozne-priestory-pre-vyklop-uni-jpg.jpg\",\"datePublished\":\"2022-08-25T12:58:04+00:00\",\"dateModified\":\"2025-06-06T08:07:49+00:00\",\"breadcrumb\":{\"@id\":\"https:\/\/www.texpol.sk\/cs\/eshop\/loznice\/ulozne-prostory-a-doplnky\/ulozny-prostor-pro-vyklop-uni\/#breadcrumb\"},\"inLanguage\":\"cs\",\"potentialAction\":[{\"@type\":\"ReadAction\",\"target\":[\"https:\/\/www.texpol.sk\/cs\/eshop\/loznice\/ulozne-prostory-a-doplnky\/ulozny-prostor-pro-vyklop-uni\/\"]}]},{\"@type\":\"ImageObject\",\"inLanguage\":\"cs\",\"@id\":\"https:\/\/www.texpol.sk\/cs\/eshop\/loznice\/ulozne-prostory-a-doplnky\/ulozny-prostor-pro-vyklop-uni\/#primaryimage\",\"url\":\"https:\/\/www.texpol.sk\/wp-content\/uploads\/2021\/08\/ulozne-priestory-pre-vyklop-uni-jpg.jpg\",\"contentUrl\":\"https:\/\/www.texpol.sk\/wp-content\/uploads\/2021\/08\/ulozne-priestory-pre-vyklop-uni-jpg.jpg\",\"width\":600,\"height\":600,\"caption\":\"\u00falo\u017en\u00e9 prostory pro skl\u00e1p\u011bc\u00ed uni jpg\"},{\"@type\":\"BreadcrumbList\",\"@id\":\"https:\/\/www.texpol.sk\/cs\/eshop\/loznice\/ulozne-prostory-a-doplnky\/ulozny-prostor-pro-vyklop-uni\/#breadcrumb\",\"itemListElement\":[{\"@type\":\"ListItem\",\"position\":1,\"name\":\"Home\",\"item\":\"https:\/\/www.texpol.sk\/cs\/\"},{\"@type\":\"ListItem\",\"position\":2,\"name\":\"Produkty\",\"item\":\"https:\/\/www.texpol.sk\/cs\/shop\/\"},{\"@type\":\"ListItem\",\"position\":3,\"name\":\"\u00dalo\u017en\u00fd prostor pro v\u00fdklop Uni\"}]},{\"@type\":\"WebSite\",\"@id\":\"https:\/\/www.texpol.sk\/cs\/#website\",\"url\":\"https:\/\/www.texpol.sk\/cs\/\",\"name\":\"texpol.sk\",\"description\":\"\",\"publisher\":{\"@id\":\"https:\/\/www.texpol.sk\/cs\/#organization\"},\"potentialAction\":[{\"@type\":\"SearchAction\",\"target\":{\"@type\":\"EntryPoint\",\"urlTemplate\":\"https:\/\/www.texpol.sk\/cs\/?s={search_term_string}\"},\"query-input\":{\"@type\":\"PropertyValueSpecification\",\"valueRequired\":true,\"valueName\":\"search_term_string\"}}],\"inLanguage\":\"cs\"},{\"@type\":\"Organization\",\"@id\":\"https:\/\/www.texpol.sk\/cs\/#organization\",\"name\":\"texpol.sk\",\"url\":\"https:\/\/www.texpol.sk\/cs\/\",\"logo\":{\"@type\":\"ImageObject\",\"inLanguage\":\"cs\",\"@id\":\"https:\/\/www.texpol.sk\/cs\/#\/schema\/logo\/image\/\",\"url\":\"https:\/\/www.texpol.sk\/wp-content\/uploads\/2022\/12\/texpol-logo-navbar.png\",\"contentUrl\":\"https:\/\/www.texpol.sk\/wp-content\/uploads\/2022\/12\/texpol-logo-navbar.png\",\"width\":151,\"height\":57,\"caption\":\"texpol.sk\"},\"image\":{\"@id\":\"https:\/\/www.texpol.sk\/cs\/#\/schema\/logo\/image\/\"}}]}<\/script>\n<!-- \/ Yoast SEO plugin. -->","yoast_head_json":{"title":"\u00dalo\u017en\u00fd prostor pro v\u00fdklop Uni | texpol.sk","robots":{"index":"index","follow":"follow","max-snippet":"max-snippet:-1","max-image-preview":"max-image-preview:large","max-video-preview":"max-video-preview:-1"},"canonical":"https:\/\/www.texpol.sk\/cs\/eshop\/loznice\/ulozne-prostory-a-doplnky\/ulozny-prostor-pro-vyklop-uni\/","og_locale":"cs_CZ","og_type":"article","og_title":"\u00dalo\u017en\u00fd prostor pro v\u00fdklop Uni | texpol.sk","og_description":"\u00dalo\u017en\u00e9 prostory pro vykl\u00e1p\u011bn\u00ed - Petra  \u00dalo\u017en\u00fd prostor se dod\u00e1v\u00e1 smontovan\u00fd.  N\u00e1bytek do lo\u017enice TEXPOL v\u00e1m nab\u00edz\u00ed vysoce kvalitn\u00ed materi\u00e1ly a jedine\u010dn\u00fd vzhled masivn\u00edho dubov\u00e9ho a bukov\u00e9ho d\u0159eva.  DOD\u00c1N\u00cd DO 3 - 5 T\u00ddDN\u016e","og_url":"https:\/\/www.texpol.sk\/cs\/eshop\/loznice\/ulozne-prostory-a-doplnky\/ulozny-prostor-pro-vyklop-uni\/","og_site_name":"texpol.sk","article_modified_time":"2025-06-06T08:07:49+00:00","og_image":[{"width":600,"height":600,"url":"http:\/\/www.texpol.sk\/wp-content\/uploads\/2021\/08\/ulozne-priestory-pre-vyklop-uni-jpg.jpg","type":"image\/jpeg"}],"twitter_card":"summary_large_image","twitter_misc":{"Odhadovan\u00e1 doba \u010dten\u00ed":"1 minuta"},"schema":{"@context":"https:\/\/schema.org","@graph":[{"@type":"WebPage","@id":"https:\/\/www.texpol.sk\/cs\/eshop\/loznice\/ulozne-prostory-a-doplnky\/ulozny-prostor-pro-vyklop-uni\/","url":"https:\/\/www.texpol.sk\/cs\/eshop\/loznice\/ulozne-prostory-a-doplnky\/ulozny-prostor-pro-vyklop-uni\/","name":"\u00dalo\u017en\u00fd prostor pro v\u00fdklop Uni | texpol.sk","isPartOf":{"@id":"https:\/\/www.texpol.sk\/cs\/#website"},"primaryImageOfPage":{"@id":"https:\/\/www.texpol.sk\/cs\/eshop\/loznice\/ulozne-prostory-a-doplnky\/ulozny-prostor-pro-vyklop-uni\/#primaryimage"},"image":{"@id":"https:\/\/www.texpol.sk\/cs\/eshop\/loznice\/ulozne-prostory-a-doplnky\/ulozny-prostor-pro-vyklop-uni\/#primaryimage"},"thumbnailUrl":"https:\/\/www.texpol.sk\/wp-content\/uploads\/2021\/08\/ulozne-priestory-pre-vyklop-uni-jpg.jpg","datePublished":"2022-08-25T12:58:04+00:00","dateModified":"2025-06-06T08:07:49+00:00","breadcrumb":{"@id":"https:\/\/www.texpol.sk\/cs\/eshop\/loznice\/ulozne-prostory-a-doplnky\/ulozny-prostor-pro-vyklop-uni\/#breadcrumb"},"inLanguage":"cs","potentialAction":[{"@type":"ReadAction","target":["https:\/\/www.texpol.sk\/cs\/eshop\/loznice\/ulozne-prostory-a-doplnky\/ulozny-prostor-pro-vyklop-uni\/"]}]},{"@type":"ImageObject","inLanguage":"cs","@id":"https:\/\/www.texpol.sk\/cs\/eshop\/loznice\/ulozne-prostory-a-doplnky\/ulozny-prostor-pro-vyklop-uni\/#primaryimage","url":"https:\/\/www.texpol.sk\/wp-content\/uploads\/2021\/08\/ulozne-priestory-pre-vyklop-uni-jpg.jpg","contentUrl":"https:\/\/www.texpol.sk\/wp-content\/uploads\/2021\/08\/ulozne-priestory-pre-vyklop-uni-jpg.jpg","width":600,"height":600,"caption":"\u00falo\u017en\u00e9 prostory pro skl\u00e1p\u011bc\u00ed uni jpg"},{"@type":"BreadcrumbList","@id":"https:\/\/www.texpol.sk\/cs\/eshop\/loznice\/ulozne-prostory-a-doplnky\/ulozny-prostor-pro-vyklop-uni\/#breadcrumb","itemListElement":[{"@type":"ListItem","position":1,"name":"Home","item":"https:\/\/www.texpol.sk\/cs\/"},{"@type":"ListItem","position":2,"name":"Produkty","item":"https:\/\/www.texpol.sk\/cs\/shop\/"},{"@type":"ListItem","position":3,"name":"\u00dalo\u017en\u00fd prostor pro v\u00fdklop Uni"}]},{"@type":"WebSite","@id":"https:\/\/www.texpol.sk\/cs\/#website","url":"https:\/\/www.texpol.sk\/cs\/","name":"texpol.sk","description":"","publisher":{"@id":"https:\/\/www.texpol.sk\/cs\/#organization"},"potentialAction":[{"@type":"SearchAction","target":{"@type":"EntryPoint","urlTemplate":"https:\/\/www.texpol.sk\/cs\/?s={search_term_string}"},"query-input":{"@type":"PropertyValueSpecification","valueRequired":true,"valueName":"search_term_string"}}],"inLanguage":"cs"},{"@type":"Organization","@id":"https:\/\/www.texpol.sk\/cs\/#organization","name":"texpol.sk","url":"https:\/\/www.texpol.sk\/cs\/","logo":{"@type":"ImageObject","inLanguage":"cs","@id":"https:\/\/www.texpol.sk\/cs\/#\/schema\/logo\/image\/","url":"https:\/\/www.texpol.sk\/wp-content\/uploads\/2022\/12\/texpol-logo-navbar.png","contentUrl":"https:\/\/www.texpol.sk\/wp-content\/uploads\/2022\/12\/texpol-logo-navbar.png","width":151,"height":57,"caption":"texpol.sk"},"image":{"@id":"https:\/\/www.texpol.sk\/cs\/#\/schema\/logo\/image\/"}}]}},"_links":{"self":[{"href":"https:\/\/www.texpol.sk\/cs\/wp-json\/wp\/v2\/product\/24000","targetHints":{"allow":["GET"]}}],"collection":[{"href":"https:\/\/www.texpol.sk\/cs\/wp-json\/wp\/v2\/product"}],"about":[{"href":"https:\/\/www.texpol.sk\/cs\/wp-json\/wp\/v2\/types\/product"}],"replies":[{"embeddable":true,"href":"https:\/\/www.texpol.sk\/cs\/wp-json\/wp\/v2\/comments?post=24000"}],"wp:featuredmedia":[{"embeddable":true,"href":"https:\/\/www.texpol.sk\/cs\/wp-json\/wp\/v2\/media\/22727"}],"wp:attachment":[{"href":"https:\/\/www.texpol.sk\/cs\/wp-json\/wp\/v2\/media?parent=24000"}],"wp:term":[{"taxonomy":"product_cat","embeddable":true,"href":"https:\/\/www.texpol.sk\/cs\/wp-json\/wp\/v2\/product_cat?post=24000"},{"taxonomy":"product_tag","embeddable":true,"href":"https:\/\/www.texpol.sk\/cs\/wp-json\/wp\/v2\/product_tag?post=24000"}],"curies":[{"name":"wp","href":"https:\/\/api.w.org\/{rel}","templated":true}]}}