{"id":24075,"date":"2020-06-10T12:58:57","date_gmt":"2020-06-10T12:58:57","guid":{"rendered":"https:\/\/www.texpol.sk\/eshop\/nezaraden\u00e9\/cenove-dostupna-matrace-gallus\/"},"modified":"2025-06-10T08:00:52","modified_gmt":"2025-06-10T08:00:52","slug":"cenove-dostupna-matrace-gallus","status":"publish","type":"product","link":"https:\/\/www.texpol.sk\/cs\/eshop\/matrace-cs\/podle-vyuziti\/pro-dospele\/cenove-dostupna-matrace-gallus\/","title":{"rendered":"Cenov\u011b dostupn\u00e1 matrace Gallus"},"content":{"rendered":"","protected":false},"excerpt":{"rendered":"<p>Cenov\u011b dostupn\u00e1, extra <strong>prody\u0161n\u00e1<\/strong> monoblokov\u00e1 matrace. Je vyrobena z kvalitn\u00ed a dob\u0159e pru\u017en\u00e9 <strong>PUR p\u011bny<\/strong>. Matrace vyhovuje u\u017eivatel\u016fm, kte\u0159\u00ed d\u00e1vaj\u00ed p\u0159ednost sp\u00ed\u0161e <strong>m\u011bk\u010d\u00edmu l\u016f\u017eku<\/strong>.<\/p>\n<h4><\/h4>\n<h4><strong><span style=\"color: #464646;\"><span style=\"color: #464646;\">DOD\u00c1N\u00cd DO 10 PRACOVN\u00cdCH DN\u016e<\/span><\/span><\/strong><\/h4>\n","protected":false},"featured_media":22637,"comment_status":"closed","ping_status":"closed","template":"","meta":{"_acf_changed":false,"inline_featured_image":false},"product_cat":[912,915,908,917,909,911,925],"product_tag":[],"class_list":{"0":"post-24075","1":"product","2":"type-product","3":"status-publish","4":"has-post-thumbnail","6":"product_cat-t3-stredne-tvrda-matrace","7":"product_cat-podle-pouzitych-materialu","8":"product_cat-matrace-cs","9":"product_cat-penove-cs","10":"product_cat-matrace-podle-tvrdosti","11":"product_cat-t2-mekka-matrace","12":"product_cat-pro-dospele","13":"pa_velkost-195x80cm-cs","14":"pa_velkost-195x85cm-cs","15":"pa_velkost-195x90cm-cs","16":"pa_velkost-200x80cm-cs","17":"pa_velkost-200x85cm-cs","18":"pa_velkost-200x90cm-cs","19":"pa_velkost-200x100cm-cs","20":"pa_velkost-200x120cm-cs","21":"pa_velkost-200-x-140-cm","22":"pa_velkost-200x160cm-cs","23":"pa_velkost-200x180cm-cs","24":"pa_velkost-200-x-200-cm","26":"first","27":"onbackorder","28":"taxable","29":"shipping-taxable","30":"product-type-variable","31":"has-default-attributes"},"acf":[],"yoast_head":"<!-- This site is optimized with the Yoast SEO plugin v23.9 - https:\/\/yoast.com\/wordpress\/plugins\/seo\/ -->\n<title>Cenov\u011b dostupn\u00e1 matrace Gallus | texpol.sk<\/title>\n<meta name=\"robots\" content=\"index, follow, max-snippet:-1, max-image-preview:large, max-video-preview:-1\" \/>\n<link rel=\"canonical\" href=\"https:\/\/www.texpol.sk\/cs\/eshop\/matrace-cs\/podle-vyuziti\/pro-dospele\/cenove-dostupna-matrace-gallus\/\" \/>\n<meta property=\"og:locale\" content=\"cs_CZ\" \/>\n<meta property=\"og:type\" content=\"article\" \/>\n<meta property=\"og:title\" content=\"Cenov\u011b dostupn\u00e1 matrace Gallus | texpol.sk\" \/>\n<meta property=\"og:description\" content=\"Cenov\u011b dostupn\u00e1, extra prody\u0161n\u00e1 monoblokov\u00e1 matrace. Je vyrobena z kvalitn\u00ed a dob\u0159e pru\u017en\u00e9 PUR p\u011bny. Matrace vyhovuje u\u017eivatel\u016fm, kte\u0159\u00ed d\u00e1vaj\u00ed p\u0159ednost sp\u00ed\u0161e m\u011bk\u010d\u00edmu l\u016f\u017eku.  DOD\u00c1N\u00cd DO 10 PRACOVN\u00cdCH DN\u016e\" \/>\n<meta property=\"og:url\" content=\"https:\/\/www.texpol.sk\/cs\/eshop\/matrace-cs\/podle-vyuziti\/pro-dospele\/cenove-dostupna-matrace-gallus\/\" \/>\n<meta property=\"og:site_name\" content=\"texpol.sk\" \/>\n<meta property=\"article:modified_time\" content=\"2025-06-10T08:00:52+00:00\" \/>\n<meta property=\"og:image\" content=\"http:\/\/www.texpol.sk\/wp-content\/uploads\/2020\/06\/Gallus-1.jpg\" \/>\n\t<meta property=\"og:image:width\" content=\"600\" \/>\n\t<meta property=\"og:image:height\" content=\"600\" \/>\n\t<meta property=\"og:image:type\" content=\"image\/jpeg\" \/>\n<meta name=\"twitter:card\" content=\"summary_large_image\" \/>\n<meta name=\"twitter:label1\" content=\"Odhadovan\u00e1 doba \u010dten\u00ed\" \/>\n\t<meta name=\"twitter:data1\" content=\"1 minuta\" \/>\n<script type=\"application\/ld+json\" class=\"yoast-schema-graph\">{\"@context\":\"https:\/\/schema.org\",\"@graph\":[{\"@type\":\"WebPage\",\"@id\":\"https:\/\/www.texpol.sk\/cs\/eshop\/matrace-cs\/podle-vyuziti\/pro-dospele\/cenove-dostupna-matrace-gallus\/\",\"url\":\"https:\/\/www.texpol.sk\/cs\/eshop\/matrace-cs\/podle-vyuziti\/pro-dospele\/cenove-dostupna-matrace-gallus\/\",\"name\":\"Cenov\u011b dostupn\u00e1 matrace Gallus | texpol.sk\",\"isPartOf\":{\"@id\":\"https:\/\/www.texpol.sk\/cs\/#website\"},\"primaryImageOfPage\":{\"@id\":\"https:\/\/www.texpol.sk\/cs\/eshop\/matrace-cs\/podle-vyuziti\/pro-dospele\/cenove-dostupna-matrace-gallus\/#primaryimage\"},\"image\":{\"@id\":\"https:\/\/www.texpol.sk\/cs\/eshop\/matrace-cs\/podle-vyuziti\/pro-dospele\/cenove-dostupna-matrace-gallus\/#primaryimage\"},\"thumbnailUrl\":\"https:\/\/www.texpol.sk\/wp-content\/uploads\/2020\/06\/Gallus-1.jpg\",\"datePublished\":\"2020-06-10T12:58:57+00:00\",\"dateModified\":\"2025-06-10T08:00:52+00:00\",\"breadcrumb\":{\"@id\":\"https:\/\/www.texpol.sk\/cs\/eshop\/matrace-cs\/podle-vyuziti\/pro-dospele\/cenove-dostupna-matrace-gallus\/#breadcrumb\"},\"inLanguage\":\"cs\",\"potentialAction\":[{\"@type\":\"ReadAction\",\"target\":[\"https:\/\/www.texpol.sk\/cs\/eshop\/matrace-cs\/podle-vyuziti\/pro-dospele\/cenove-dostupna-matrace-gallus\/\"]}]},{\"@type\":\"ImageObject\",\"inLanguage\":\"cs\",\"@id\":\"https:\/\/www.texpol.sk\/cs\/eshop\/matrace-cs\/podle-vyuziti\/pro-dospele\/cenove-dostupna-matrace-gallus\/#primaryimage\",\"url\":\"https:\/\/www.texpol.sk\/wp-content\/uploads\/2020\/06\/Gallus-1.jpg\",\"contentUrl\":\"https:\/\/www.texpol.sk\/wp-content\/uploads\/2020\/06\/Gallus-1.jpg\",\"width\":600,\"height\":600,\"caption\":\"Gallus\"},{\"@type\":\"BreadcrumbList\",\"@id\":\"https:\/\/www.texpol.sk\/cs\/eshop\/matrace-cs\/podle-vyuziti\/pro-dospele\/cenove-dostupna-matrace-gallus\/#breadcrumb\",\"itemListElement\":[{\"@type\":\"ListItem\",\"position\":1,\"name\":\"Home\",\"item\":\"https:\/\/www.texpol.sk\/cs\/\"},{\"@type\":\"ListItem\",\"position\":2,\"name\":\"Produkty\",\"item\":\"https:\/\/www.texpol.sk\/cs\/shop\/\"},{\"@type\":\"ListItem\",\"position\":3,\"name\":\"Cenov\u011b dostupn\u00e1 matrace Gallus\"}]},{\"@type\":\"WebSite\",\"@id\":\"https:\/\/www.texpol.sk\/cs\/#website\",\"url\":\"https:\/\/www.texpol.sk\/cs\/\",\"name\":\"texpol.sk\",\"description\":\"\",\"publisher\":{\"@id\":\"https:\/\/www.texpol.sk\/cs\/#organization\"},\"potentialAction\":[{\"@type\":\"SearchAction\",\"target\":{\"@type\":\"EntryPoint\",\"urlTemplate\":\"https:\/\/www.texpol.sk\/cs\/?s={search_term_string}\"},\"query-input\":{\"@type\":\"PropertyValueSpecification\",\"valueRequired\":true,\"valueName\":\"search_term_string\"}}],\"inLanguage\":\"cs\"},{\"@type\":\"Organization\",\"@id\":\"https:\/\/www.texpol.sk\/cs\/#organization\",\"name\":\"texpol.sk\",\"url\":\"https:\/\/www.texpol.sk\/cs\/\",\"logo\":{\"@type\":\"ImageObject\",\"inLanguage\":\"cs\",\"@id\":\"https:\/\/www.texpol.sk\/cs\/#\/schema\/logo\/image\/\",\"url\":\"https:\/\/www.texpol.sk\/wp-content\/uploads\/2022\/12\/texpol-logo-navbar.png\",\"contentUrl\":\"https:\/\/www.texpol.sk\/wp-content\/uploads\/2022\/12\/texpol-logo-navbar.png\",\"width\":151,\"height\":57,\"caption\":\"texpol.sk\"},\"image\":{\"@id\":\"https:\/\/www.texpol.sk\/cs\/#\/schema\/logo\/image\/\"}}]}<\/script>\n<!-- \/ Yoast SEO plugin. -->","yoast_head_json":{"title":"Cenov\u011b dostupn\u00e1 matrace Gallus | texpol.sk","robots":{"index":"index","follow":"follow","max-snippet":"max-snippet:-1","max-image-preview":"max-image-preview:large","max-video-preview":"max-video-preview:-1"},"canonical":"https:\/\/www.texpol.sk\/cs\/eshop\/matrace-cs\/podle-vyuziti\/pro-dospele\/cenove-dostupna-matrace-gallus\/","og_locale":"cs_CZ","og_type":"article","og_title":"Cenov\u011b dostupn\u00e1 matrace Gallus | texpol.sk","og_description":"Cenov\u011b dostupn\u00e1, extra prody\u0161n\u00e1 monoblokov\u00e1 matrace. Je vyrobena z kvalitn\u00ed a dob\u0159e pru\u017en\u00e9 PUR p\u011bny. Matrace vyhovuje u\u017eivatel\u016fm, kte\u0159\u00ed d\u00e1vaj\u00ed p\u0159ednost sp\u00ed\u0161e m\u011bk\u010d\u00edmu l\u016f\u017eku.  DOD\u00c1N\u00cd DO 10 PRACOVN\u00cdCH DN\u016e","og_url":"https:\/\/www.texpol.sk\/cs\/eshop\/matrace-cs\/podle-vyuziti\/pro-dospele\/cenove-dostupna-matrace-gallus\/","og_site_name":"texpol.sk","article_modified_time":"2025-06-10T08:00:52+00:00","og_image":[{"width":600,"height":600,"url":"http:\/\/www.texpol.sk\/wp-content\/uploads\/2020\/06\/Gallus-1.jpg","type":"image\/jpeg"}],"twitter_card":"summary_large_image","twitter_misc":{"Odhadovan\u00e1 doba \u010dten\u00ed":"1 minuta"},"schema":{"@context":"https:\/\/schema.org","@graph":[{"@type":"WebPage","@id":"https:\/\/www.texpol.sk\/cs\/eshop\/matrace-cs\/podle-vyuziti\/pro-dospele\/cenove-dostupna-matrace-gallus\/","url":"https:\/\/www.texpol.sk\/cs\/eshop\/matrace-cs\/podle-vyuziti\/pro-dospele\/cenove-dostupna-matrace-gallus\/","name":"Cenov\u011b dostupn\u00e1 matrace Gallus | texpol.sk","isPartOf":{"@id":"https:\/\/www.texpol.sk\/cs\/#website"},"primaryImageOfPage":{"@id":"https:\/\/www.texpol.sk\/cs\/eshop\/matrace-cs\/podle-vyuziti\/pro-dospele\/cenove-dostupna-matrace-gallus\/#primaryimage"},"image":{"@id":"https:\/\/www.texpol.sk\/cs\/eshop\/matrace-cs\/podle-vyuziti\/pro-dospele\/cenove-dostupna-matrace-gallus\/#primaryimage"},"thumbnailUrl":"https:\/\/www.texpol.sk\/wp-content\/uploads\/2020\/06\/Gallus-1.jpg","datePublished":"2020-06-10T12:58:57+00:00","dateModified":"2025-06-10T08:00:52+00:00","breadcrumb":{"@id":"https:\/\/www.texpol.sk\/cs\/eshop\/matrace-cs\/podle-vyuziti\/pro-dospele\/cenove-dostupna-matrace-gallus\/#breadcrumb"},"inLanguage":"cs","potentialAction":[{"@type":"ReadAction","target":["https:\/\/www.texpol.sk\/cs\/eshop\/matrace-cs\/podle-vyuziti\/pro-dospele\/cenove-dostupna-matrace-gallus\/"]}]},{"@type":"ImageObject","inLanguage":"cs","@id":"https:\/\/www.texpol.sk\/cs\/eshop\/matrace-cs\/podle-vyuziti\/pro-dospele\/cenove-dostupna-matrace-gallus\/#primaryimage","url":"https:\/\/www.texpol.sk\/wp-content\/uploads\/2020\/06\/Gallus-1.jpg","contentUrl":"https:\/\/www.texpol.sk\/wp-content\/uploads\/2020\/06\/Gallus-1.jpg","width":600,"height":600,"caption":"Gallus"},{"@type":"BreadcrumbList","@id":"https:\/\/www.texpol.sk\/cs\/eshop\/matrace-cs\/podle-vyuziti\/pro-dospele\/cenove-dostupna-matrace-gallus\/#breadcrumb","itemListElement":[{"@type":"ListItem","position":1,"name":"Home","item":"https:\/\/www.texpol.sk\/cs\/"},{"@type":"ListItem","position":2,"name":"Produkty","item":"https:\/\/www.texpol.sk\/cs\/shop\/"},{"@type":"ListItem","position":3,"name":"Cenov\u011b dostupn\u00e1 matrace Gallus"}]},{"@type":"WebSite","@id":"https:\/\/www.texpol.sk\/cs\/#website","url":"https:\/\/www.texpol.sk\/cs\/","name":"texpol.sk","description":"","publisher":{"@id":"https:\/\/www.texpol.sk\/cs\/#organization"},"potentialAction":[{"@type":"SearchAction","target":{"@type":"EntryPoint","urlTemplate":"https:\/\/www.texpol.sk\/cs\/?s={search_term_string}"},"query-input":{"@type":"PropertyValueSpecification","valueRequired":true,"valueName":"search_term_string"}}],"inLanguage":"cs"},{"@type":"Organization","@id":"https:\/\/www.texpol.sk\/cs\/#organization","name":"texpol.sk","url":"https:\/\/www.texpol.sk\/cs\/","logo":{"@type":"ImageObject","inLanguage":"cs","@id":"https:\/\/www.texpol.sk\/cs\/#\/schema\/logo\/image\/","url":"https:\/\/www.texpol.sk\/wp-content\/uploads\/2022\/12\/texpol-logo-navbar.png","contentUrl":"https:\/\/www.texpol.sk\/wp-content\/uploads\/2022\/12\/texpol-logo-navbar.png","width":151,"height":57,"caption":"texpol.sk"},"image":{"@id":"https:\/\/www.texpol.sk\/cs\/#\/schema\/logo\/image\/"}}]}},"_links":{"self":[{"href":"https:\/\/www.texpol.sk\/cs\/wp-json\/wp\/v2\/product\/24075","targetHints":{"allow":["GET"]}}],"collection":[{"href":"https:\/\/www.texpol.sk\/cs\/wp-json\/wp\/v2\/product"}],"about":[{"href":"https:\/\/www.texpol.sk\/cs\/wp-json\/wp\/v2\/types\/product"}],"replies":[{"embeddable":true,"href":"https:\/\/www.texpol.sk\/cs\/wp-json\/wp\/v2\/comments?post=24075"}],"wp:featuredmedia":[{"embeddable":true,"href":"https:\/\/www.texpol.sk\/cs\/wp-json\/wp\/v2\/media\/22637"}],"wp:attachment":[{"href":"https:\/\/www.texpol.sk\/cs\/wp-json\/wp\/v2\/media?parent=24075"}],"wp:term":[{"taxonomy":"product_cat","embeddable":true,"href":"https:\/\/www.texpol.sk\/cs\/wp-json\/wp\/v2\/product_cat?post=24075"},{"taxonomy":"product_tag","embeddable":true,"href":"https:\/\/www.texpol.sk\/cs\/wp-json\/wp\/v2\/product_tag?post=24075"}],"curies":[{"name":"wp","href":"https:\/\/api.w.org\/{rel}","templated":true}]}}