{"id":24188,"date":"2020-06-09T10:16:26","date_gmt":"2020-06-09T10:16:26","guid":{"rendered":"https:\/\/www.texpol.sk\/eshop\/nezaraden\u00e9\/sendvicova-matrace-biana\/"},"modified":"2025-06-10T08:30:30","modified_gmt":"2025-06-10T08:30:30","slug":"sendvicova-matrace-biana","status":"publish","type":"product","link":"https:\/\/www.texpol.sk\/cs\/eshop\/matrace-cs\/podle-vyuziti\/partnerske-cs\/sendvicova-matrace-biana\/","title":{"rendered":"Sendvi\u010dov\u00e1 matrace Biana"},"content":{"rendered":"","protected":false},"excerpt":{"rendered":"<h4><strong>V\u00ddPRODEJ ZBO\u017d\u00cd<\/strong><\/h4>\n<h4><\/h4>\n<p><strong>Pohodln\u00e1 sendvi\u010dov\u00e1<\/strong> matrace s r\u016fzn\u011b tuhou <strong>p\u011btiz\u00f3novou profilac\u00ed<\/strong>. Je <strong>oboustrann\u00e1<\/strong>, obohacen\u00e1 o fyzioterapeutick\u00fd syst\u00e9m, kter\u00fd zaji\u0161\u0165uje <strong>uvoln\u011bn\u00ed p\u00e1te\u0159e<\/strong> a bedern\u00ed p\u00e1te\u0159e b\u011bhem sp\u00e1nku.<\/p>\n<h3><\/h3>\n<h4><span style=\"color: #464646;\"><span style=\"color: #464646;\"><strong>DOD\u00c1N\u00cd DO 10 PRACOVN\u00cdCH DN\u016e<\/strong><\/span><\/span><\/h4>\n","protected":false},"featured_media":22879,"comment_status":"closed","ping_status":"closed","template":"","meta":{"_acf_changed":false,"inline_featured_image":false},"product_cat":[915,901,912,917,922,908,913,909,924,925,900],"product_tag":[],"class_list":{"0":"post-24188","1":"product","2":"type-product","3":"status-publish","4":"has-post-thumbnail","6":"product_cat-podle-pouzitych-materialu","7":"product_cat-matrace-akce","8":"product_cat-t3-stredne-tvrda-matrace","9":"product_cat-penove-cs","10":"product_cat-podle-vyuziti","11":"product_cat-matrace-cs","12":"product_cat-t4-tvrda-matrace","13":"product_cat-matrace-podle-tvrdosti","14":"product_cat-partnerske-cs","15":"product_cat-pro-dospele","16":"product_cat-akce","17":"pa_velkost-200x80cm-cs","18":"pa_velkost-200x90cm-cs","20":"first","21":"instock","22":"taxable","23":"shipping-taxable","24":"product-type-variable","25":"has-default-attributes"},"acf":[],"yoast_head":"<!-- This site is optimized with the Yoast SEO plugin v23.9 - https:\/\/yoast.com\/wordpress\/plugins\/seo\/ -->\n<title>Sendvi\u010dov\u00e1 matrace Biana | texpol.sk<\/title>\n<meta name=\"robots\" content=\"index, follow, max-snippet:-1, max-image-preview:large, max-video-preview:-1\" \/>\n<link rel=\"canonical\" href=\"https:\/\/www.texpol.sk\/cs\/eshop\/matrace-cs\/podle-vyuziti\/partnerske-cs\/sendvicova-matrace-biana\/\" \/>\n<meta property=\"og:locale\" content=\"cs_CZ\" \/>\n<meta property=\"og:type\" content=\"article\" \/>\n<meta property=\"og:title\" content=\"Sendvi\u010dov\u00e1 matrace Biana | texpol.sk\" \/>\n<meta property=\"og:description\" content=\"V\u00ddPRODEJ ZBO\u017d\u00cd  Pohodln\u00e1 sendvi\u010dov\u00e1 matrace s r\u016fzn\u011b tuhou p\u011btiz\u00f3novou profilac\u00ed. Je oboustrann\u00e1, obohacen\u00e1 o fyzioterapeutick\u00fd syst\u00e9m, kter\u00fd zaji\u0161\u0165uje uvoln\u011bn\u00ed p\u00e1te\u0159e a bedern\u00ed p\u00e1te\u0159e b\u011bhem sp\u00e1nku.  DOD\u00c1N\u00cd DO 10 PRACOVN\u00cdCH DN\u016e\" \/>\n<meta property=\"og:url\" content=\"https:\/\/www.texpol.sk\/cs\/eshop\/matrace-cs\/podle-vyuziti\/partnerske-cs\/sendvicova-matrace-biana\/\" \/>\n<meta property=\"og:site_name\" content=\"texpol.sk\" \/>\n<meta property=\"article:modified_time\" content=\"2025-06-10T08:30:30+00:00\" \/>\n<meta property=\"og:image\" content=\"http:\/\/www.texpol.sk\/wp-content\/uploads\/2021\/02\/Biana-novy-vrch-2.jpg\" \/>\n\t<meta property=\"og:image:width\" content=\"600\" \/>\n\t<meta property=\"og:image:height\" content=\"600\" \/>\n\t<meta property=\"og:image:type\" content=\"image\/jpeg\" \/>\n<meta name=\"twitter:card\" content=\"summary_large_image\" \/>\n<meta name=\"twitter:label1\" content=\"Odhadovan\u00e1 doba \u010dten\u00ed\" \/>\n\t<meta name=\"twitter:data1\" content=\"1 minuta\" \/>\n<script type=\"application\/ld+json\" class=\"yoast-schema-graph\">{\"@context\":\"https:\/\/schema.org\",\"@graph\":[{\"@type\":\"WebPage\",\"@id\":\"https:\/\/www.texpol.sk\/cs\/eshop\/matrace-cs\/podle-vyuziti\/partnerske-cs\/sendvicova-matrace-biana\/\",\"url\":\"https:\/\/www.texpol.sk\/cs\/eshop\/matrace-cs\/podle-vyuziti\/partnerske-cs\/sendvicova-matrace-biana\/\",\"name\":\"Sendvi\u010dov\u00e1 matrace Biana | texpol.sk\",\"isPartOf\":{\"@id\":\"https:\/\/www.texpol.sk\/cs\/#website\"},\"primaryImageOfPage\":{\"@id\":\"https:\/\/www.texpol.sk\/cs\/eshop\/matrace-cs\/podle-vyuziti\/partnerske-cs\/sendvicova-matrace-biana\/#primaryimage\"},\"image\":{\"@id\":\"https:\/\/www.texpol.sk\/cs\/eshop\/matrace-cs\/podle-vyuziti\/partnerske-cs\/sendvicova-matrace-biana\/#primaryimage\"},\"thumbnailUrl\":\"https:\/\/www.texpol.sk\/wp-content\/uploads\/2021\/02\/Biana-novy-vrch-2.jpg\",\"datePublished\":\"2020-06-09T10:16:26+00:00\",\"dateModified\":\"2025-06-10T08:30:30+00:00\",\"breadcrumb\":{\"@id\":\"https:\/\/www.texpol.sk\/cs\/eshop\/matrace-cs\/podle-vyuziti\/partnerske-cs\/sendvicova-matrace-biana\/#breadcrumb\"},\"inLanguage\":\"cs\",\"potentialAction\":[{\"@type\":\"ReadAction\",\"target\":[\"https:\/\/www.texpol.sk\/cs\/eshop\/matrace-cs\/podle-vyuziti\/partnerske-cs\/sendvicova-matrace-biana\/\"]}]},{\"@type\":\"ImageObject\",\"inLanguage\":\"cs\",\"@id\":\"https:\/\/www.texpol.sk\/cs\/eshop\/matrace-cs\/podle-vyuziti\/partnerske-cs\/sendvicova-matrace-biana\/#primaryimage\",\"url\":\"https:\/\/www.texpol.sk\/wp-content\/uploads\/2021\/02\/Biana-novy-vrch-2.jpg\",\"contentUrl\":\"https:\/\/www.texpol.sk\/wp-content\/uploads\/2021\/02\/Biana-novy-vrch-2.jpg\",\"width\":600,\"height\":600,\"caption\":\"Biana nov\u00fd kopec 2\"},{\"@type\":\"BreadcrumbList\",\"@id\":\"https:\/\/www.texpol.sk\/cs\/eshop\/matrace-cs\/podle-vyuziti\/partnerske-cs\/sendvicova-matrace-biana\/#breadcrumb\",\"itemListElement\":[{\"@type\":\"ListItem\",\"position\":1,\"name\":\"Home\",\"item\":\"https:\/\/www.texpol.sk\/cs\/\"},{\"@type\":\"ListItem\",\"position\":2,\"name\":\"Produkty\",\"item\":\"https:\/\/www.texpol.sk\/cs\/shop\/\"},{\"@type\":\"ListItem\",\"position\":3,\"name\":\"Sendvi\u010dov\u00e1 matrace Biana\"}]},{\"@type\":\"WebSite\",\"@id\":\"https:\/\/www.texpol.sk\/cs\/#website\",\"url\":\"https:\/\/www.texpol.sk\/cs\/\",\"name\":\"texpol.sk\",\"description\":\"\",\"publisher\":{\"@id\":\"https:\/\/www.texpol.sk\/cs\/#organization\"},\"potentialAction\":[{\"@type\":\"SearchAction\",\"target\":{\"@type\":\"EntryPoint\",\"urlTemplate\":\"https:\/\/www.texpol.sk\/cs\/?s={search_term_string}\"},\"query-input\":{\"@type\":\"PropertyValueSpecification\",\"valueRequired\":true,\"valueName\":\"search_term_string\"}}],\"inLanguage\":\"cs\"},{\"@type\":\"Organization\",\"@id\":\"https:\/\/www.texpol.sk\/cs\/#organization\",\"name\":\"texpol.sk\",\"url\":\"https:\/\/www.texpol.sk\/cs\/\",\"logo\":{\"@type\":\"ImageObject\",\"inLanguage\":\"cs\",\"@id\":\"https:\/\/www.texpol.sk\/cs\/#\/schema\/logo\/image\/\",\"url\":\"https:\/\/www.texpol.sk\/wp-content\/uploads\/2022\/12\/texpol-logo-navbar.png\",\"contentUrl\":\"https:\/\/www.texpol.sk\/wp-content\/uploads\/2022\/12\/texpol-logo-navbar.png\",\"width\":151,\"height\":57,\"caption\":\"texpol.sk\"},\"image\":{\"@id\":\"https:\/\/www.texpol.sk\/cs\/#\/schema\/logo\/image\/\"}}]}<\/script>\n<!-- \/ Yoast SEO plugin. -->","yoast_head_json":{"title":"Sendvi\u010dov\u00e1 matrace Biana | texpol.sk","robots":{"index":"index","follow":"follow","max-snippet":"max-snippet:-1","max-image-preview":"max-image-preview:large","max-video-preview":"max-video-preview:-1"},"canonical":"https:\/\/www.texpol.sk\/cs\/eshop\/matrace-cs\/podle-vyuziti\/partnerske-cs\/sendvicova-matrace-biana\/","og_locale":"cs_CZ","og_type":"article","og_title":"Sendvi\u010dov\u00e1 matrace Biana | texpol.sk","og_description":"V\u00ddPRODEJ ZBO\u017d\u00cd  Pohodln\u00e1 sendvi\u010dov\u00e1 matrace s r\u016fzn\u011b tuhou p\u011btiz\u00f3novou profilac\u00ed. Je oboustrann\u00e1, obohacen\u00e1 o fyzioterapeutick\u00fd syst\u00e9m, kter\u00fd zaji\u0161\u0165uje uvoln\u011bn\u00ed p\u00e1te\u0159e a bedern\u00ed p\u00e1te\u0159e b\u011bhem sp\u00e1nku.  DOD\u00c1N\u00cd DO 10 PRACOVN\u00cdCH DN\u016e","og_url":"https:\/\/www.texpol.sk\/cs\/eshop\/matrace-cs\/podle-vyuziti\/partnerske-cs\/sendvicova-matrace-biana\/","og_site_name":"texpol.sk","article_modified_time":"2025-06-10T08:30:30+00:00","og_image":[{"width":600,"height":600,"url":"http:\/\/www.texpol.sk\/wp-content\/uploads\/2021\/02\/Biana-novy-vrch-2.jpg","type":"image\/jpeg"}],"twitter_card":"summary_large_image","twitter_misc":{"Odhadovan\u00e1 doba \u010dten\u00ed":"1 minuta"},"schema":{"@context":"https:\/\/schema.org","@graph":[{"@type":"WebPage","@id":"https:\/\/www.texpol.sk\/cs\/eshop\/matrace-cs\/podle-vyuziti\/partnerske-cs\/sendvicova-matrace-biana\/","url":"https:\/\/www.texpol.sk\/cs\/eshop\/matrace-cs\/podle-vyuziti\/partnerske-cs\/sendvicova-matrace-biana\/","name":"Sendvi\u010dov\u00e1 matrace Biana | texpol.sk","isPartOf":{"@id":"https:\/\/www.texpol.sk\/cs\/#website"},"primaryImageOfPage":{"@id":"https:\/\/www.texpol.sk\/cs\/eshop\/matrace-cs\/podle-vyuziti\/partnerske-cs\/sendvicova-matrace-biana\/#primaryimage"},"image":{"@id":"https:\/\/www.texpol.sk\/cs\/eshop\/matrace-cs\/podle-vyuziti\/partnerske-cs\/sendvicova-matrace-biana\/#primaryimage"},"thumbnailUrl":"https:\/\/www.texpol.sk\/wp-content\/uploads\/2021\/02\/Biana-novy-vrch-2.jpg","datePublished":"2020-06-09T10:16:26+00:00","dateModified":"2025-06-10T08:30:30+00:00","breadcrumb":{"@id":"https:\/\/www.texpol.sk\/cs\/eshop\/matrace-cs\/podle-vyuziti\/partnerske-cs\/sendvicova-matrace-biana\/#breadcrumb"},"inLanguage":"cs","potentialAction":[{"@type":"ReadAction","target":["https:\/\/www.texpol.sk\/cs\/eshop\/matrace-cs\/podle-vyuziti\/partnerske-cs\/sendvicova-matrace-biana\/"]}]},{"@type":"ImageObject","inLanguage":"cs","@id":"https:\/\/www.texpol.sk\/cs\/eshop\/matrace-cs\/podle-vyuziti\/partnerske-cs\/sendvicova-matrace-biana\/#primaryimage","url":"https:\/\/www.texpol.sk\/wp-content\/uploads\/2021\/02\/Biana-novy-vrch-2.jpg","contentUrl":"https:\/\/www.texpol.sk\/wp-content\/uploads\/2021\/02\/Biana-novy-vrch-2.jpg","width":600,"height":600,"caption":"Biana nov\u00fd kopec 2"},{"@type":"BreadcrumbList","@id":"https:\/\/www.texpol.sk\/cs\/eshop\/matrace-cs\/podle-vyuziti\/partnerske-cs\/sendvicova-matrace-biana\/#breadcrumb","itemListElement":[{"@type":"ListItem","position":1,"name":"Home","item":"https:\/\/www.texpol.sk\/cs\/"},{"@type":"ListItem","position":2,"name":"Produkty","item":"https:\/\/www.texpol.sk\/cs\/shop\/"},{"@type":"ListItem","position":3,"name":"Sendvi\u010dov\u00e1 matrace Biana"}]},{"@type":"WebSite","@id":"https:\/\/www.texpol.sk\/cs\/#website","url":"https:\/\/www.texpol.sk\/cs\/","name":"texpol.sk","description":"","publisher":{"@id":"https:\/\/www.texpol.sk\/cs\/#organization"},"potentialAction":[{"@type":"SearchAction","target":{"@type":"EntryPoint","urlTemplate":"https:\/\/www.texpol.sk\/cs\/?s={search_term_string}"},"query-input":{"@type":"PropertyValueSpecification","valueRequired":true,"valueName":"search_term_string"}}],"inLanguage":"cs"},{"@type":"Organization","@id":"https:\/\/www.texpol.sk\/cs\/#organization","name":"texpol.sk","url":"https:\/\/www.texpol.sk\/cs\/","logo":{"@type":"ImageObject","inLanguage":"cs","@id":"https:\/\/www.texpol.sk\/cs\/#\/schema\/logo\/image\/","url":"https:\/\/www.texpol.sk\/wp-content\/uploads\/2022\/12\/texpol-logo-navbar.png","contentUrl":"https:\/\/www.texpol.sk\/wp-content\/uploads\/2022\/12\/texpol-logo-navbar.png","width":151,"height":57,"caption":"texpol.sk"},"image":{"@id":"https:\/\/www.texpol.sk\/cs\/#\/schema\/logo\/image\/"}}]}},"_links":{"self":[{"href":"https:\/\/www.texpol.sk\/cs\/wp-json\/wp\/v2\/product\/24188","targetHints":{"allow":["GET"]}}],"collection":[{"href":"https:\/\/www.texpol.sk\/cs\/wp-json\/wp\/v2\/product"}],"about":[{"href":"https:\/\/www.texpol.sk\/cs\/wp-json\/wp\/v2\/types\/product"}],"replies":[{"embeddable":true,"href":"https:\/\/www.texpol.sk\/cs\/wp-json\/wp\/v2\/comments?post=24188"}],"wp:featuredmedia":[{"embeddable":true,"href":"https:\/\/www.texpol.sk\/cs\/wp-json\/wp\/v2\/media\/22879"}],"wp:attachment":[{"href":"https:\/\/www.texpol.sk\/cs\/wp-json\/wp\/v2\/media?parent=24188"}],"wp:term":[{"taxonomy":"product_cat","embeddable":true,"href":"https:\/\/www.texpol.sk\/cs\/wp-json\/wp\/v2\/product_cat?post=24188"},{"taxonomy":"product_tag","embeddable":true,"href":"https:\/\/www.texpol.sk\/cs\/wp-json\/wp\/v2\/product_tag?post=24188"}],"curies":[{"name":"wp","href":"https:\/\/api.w.org\/{rel}","templated":true}]}}