{"id":24191,"date":"2020-05-29T15:10:22","date_gmt":"2020-05-29T15:10:22","guid":{"rendered":"https:\/\/www.texpol.sk\/eshop\/nezaraden\u00e9\/vysoka-matrace-kerin-11\/"},"modified":"2025-06-17T07:46:11","modified_gmt":"2025-06-17T07:46:11","slug":"vysoka-matrace-kerin-11","status":"publish","type":"product","link":"https:\/\/www.texpol.sk\/cs\/eshop\/akce\/matrace-akce\/vysoka-matrace-kerin-11\/","title":{"rendered":"Vysok\u00e1 matrace Kerin 1+1"},"content":{"rendered":"","protected":false},"excerpt":{"rendered":"<h4><strong>V\u00ddPRODEJ ZBO\u017d\u00cd<\/strong><\/h4>\n<h4><\/h4>\n<p>A\u017e <strong>22 cm vysok\u00e1<\/strong> matrace z kombinace prvot\u0159\u00eddn\u00edch <strong>PUR p\u011bn<\/strong> s mas\u00e1\u017en\u00ed profilac\u00ed na vrchn\u00ed stran\u011b a speci\u00e1ln\u011b <strong>odv\u011btran\u00fdm j\u00e1drem<\/strong>. <strong><br \/>\n<\/strong><\/p>\n<h3><\/h3>\n<h4><span style=\"color: #464646;\"><span style=\"color: #464646;\"><strong>DOD\u00c1N\u00cd DO 10 PRACOVN\u00cdCH DN\u016e<\/strong><\/span><\/span><\/h4>\n","protected":false},"featured_media":22905,"comment_status":"closed","ping_status":"closed","template":"","meta":{"_acf_changed":false,"inline_featured_image":false},"product_cat":[901,900],"product_tag":[],"class_list":{"0":"post-24191","1":"product","2":"type-product","3":"status-publish","4":"has-post-thumbnail","6":"product_cat-matrace-akce","7":"product_cat-akce","8":"pa_velkost-200x80cm-cs","9":"pa_velkost-200x90cm-cs","11":"first","12":"instock","13":"taxable","14":"shipping-taxable","15":"product-type-variable","16":"has-default-attributes"},"acf":[],"yoast_head":"<!-- This site is optimized with the Yoast SEO plugin v23.9 - https:\/\/yoast.com\/wordpress\/plugins\/seo\/ -->\n<title>Vysok\u00e1 matrace Kerin 1+1 | texpol.sk<\/title>\n<meta name=\"robots\" content=\"index, follow, max-snippet:-1, max-image-preview:large, max-video-preview:-1\" \/>\n<link rel=\"canonical\" href=\"https:\/\/www.texpol.sk\/cs\/eshop\/akce\/matrace-akce\/vysoka-matrace-kerin-11\/\" \/>\n<meta property=\"og:locale\" content=\"cs_CZ\" \/>\n<meta property=\"og:type\" content=\"article\" \/>\n<meta property=\"og:title\" content=\"Vysok\u00e1 matrace Kerin 1+1 | texpol.sk\" \/>\n<meta property=\"og:description\" content=\"V\u00ddPRODEJ ZBO\u017d\u00cd  A\u017e 22 cm vysok\u00e1 matrace z kombinace prvot\u0159\u00eddn\u00edch PUR p\u011bn s mas\u00e1\u017en\u00ed profilac\u00ed na vrchn\u00ed stran\u011b a speci\u00e1ln\u011b odv\u011btran\u00fdm j\u00e1drem.    DOD\u00c1N\u00cd DO 10 PRACOVN\u00cdCH DN\u016e\" \/>\n<meta property=\"og:url\" content=\"https:\/\/www.texpol.sk\/cs\/eshop\/akce\/matrace-akce\/vysoka-matrace-kerin-11\/\" \/>\n<meta property=\"og:site_name\" content=\"texpol.sk\" \/>\n<meta property=\"article:modified_time\" content=\"2025-06-17T07:46:11+00:00\" \/>\n<meta property=\"og:image\" content=\"http:\/\/www.texpol.sk\/wp-content\/uploads\/2020\/05\/Kerin-Trimtex-11-web.png\" \/>\n\t<meta property=\"og:image:width\" content=\"600\" \/>\n\t<meta property=\"og:image:height\" content=\"600\" \/>\n\t<meta property=\"og:image:type\" content=\"image\/png\" \/>\n<meta name=\"twitter:card\" content=\"summary_large_image\" \/>\n<meta name=\"twitter:label1\" content=\"Odhadovan\u00e1 doba \u010dten\u00ed\" \/>\n\t<meta name=\"twitter:data1\" content=\"1 minuta\" \/>\n<script type=\"application\/ld+json\" class=\"yoast-schema-graph\">{\"@context\":\"https:\/\/schema.org\",\"@graph\":[{\"@type\":\"WebPage\",\"@id\":\"https:\/\/www.texpol.sk\/cs\/eshop\/akce\/matrace-akce\/vysoka-matrace-kerin-11\/\",\"url\":\"https:\/\/www.texpol.sk\/cs\/eshop\/akce\/matrace-akce\/vysoka-matrace-kerin-11\/\",\"name\":\"Vysok\u00e1 matrace Kerin 1+1 | texpol.sk\",\"isPartOf\":{\"@id\":\"https:\/\/www.texpol.sk\/cs\/#website\"},\"primaryImageOfPage\":{\"@id\":\"https:\/\/www.texpol.sk\/cs\/eshop\/akce\/matrace-akce\/vysoka-matrace-kerin-11\/#primaryimage\"},\"image\":{\"@id\":\"https:\/\/www.texpol.sk\/cs\/eshop\/akce\/matrace-akce\/vysoka-matrace-kerin-11\/#primaryimage\"},\"thumbnailUrl\":\"https:\/\/www.texpol.sk\/wp-content\/uploads\/2020\/05\/Kerin-Trimtex-11-web.png\",\"datePublished\":\"2020-05-29T15:10:22+00:00\",\"dateModified\":\"2025-06-17T07:46:11+00:00\",\"breadcrumb\":{\"@id\":\"https:\/\/www.texpol.sk\/cs\/eshop\/akce\/matrace-akce\/vysoka-matrace-kerin-11\/#breadcrumb\"},\"inLanguage\":\"cs\",\"potentialAction\":[{\"@type\":\"ReadAction\",\"target\":[\"https:\/\/www.texpol.sk\/cs\/eshop\/akce\/matrace-akce\/vysoka-matrace-kerin-11\/\"]}]},{\"@type\":\"ImageObject\",\"inLanguage\":\"cs\",\"@id\":\"https:\/\/www.texpol.sk\/cs\/eshop\/akce\/matrace-akce\/vysoka-matrace-kerin-11\/#primaryimage\",\"url\":\"https:\/\/www.texpol.sk\/wp-content\/uploads\/2020\/05\/Kerin-Trimtex-11-web.png\",\"contentUrl\":\"https:\/\/www.texpol.sk\/wp-content\/uploads\/2020\/05\/Kerin-Trimtex-11-web.png\",\"width\":600,\"height\":600,\"caption\":\"Kerin Trimtex 1+1 web\"},{\"@type\":\"BreadcrumbList\",\"@id\":\"https:\/\/www.texpol.sk\/cs\/eshop\/akce\/matrace-akce\/vysoka-matrace-kerin-11\/#breadcrumb\",\"itemListElement\":[{\"@type\":\"ListItem\",\"position\":1,\"name\":\"Home\",\"item\":\"https:\/\/www.texpol.sk\/cs\/\"},{\"@type\":\"ListItem\",\"position\":2,\"name\":\"Produkty\",\"item\":\"https:\/\/www.texpol.sk\/cs\/shop\/\"},{\"@type\":\"ListItem\",\"position\":3,\"name\":\"Vysok\u00e1 matrace Kerin 1+1\"}]},{\"@type\":\"WebSite\",\"@id\":\"https:\/\/www.texpol.sk\/cs\/#website\",\"url\":\"https:\/\/www.texpol.sk\/cs\/\",\"name\":\"texpol.sk\",\"description\":\"\",\"publisher\":{\"@id\":\"https:\/\/www.texpol.sk\/cs\/#organization\"},\"potentialAction\":[{\"@type\":\"SearchAction\",\"target\":{\"@type\":\"EntryPoint\",\"urlTemplate\":\"https:\/\/www.texpol.sk\/cs\/?s={search_term_string}\"},\"query-input\":{\"@type\":\"PropertyValueSpecification\",\"valueRequired\":true,\"valueName\":\"search_term_string\"}}],\"inLanguage\":\"cs\"},{\"@type\":\"Organization\",\"@id\":\"https:\/\/www.texpol.sk\/cs\/#organization\",\"name\":\"texpol.sk\",\"url\":\"https:\/\/www.texpol.sk\/cs\/\",\"logo\":{\"@type\":\"ImageObject\",\"inLanguage\":\"cs\",\"@id\":\"https:\/\/www.texpol.sk\/cs\/#\/schema\/logo\/image\/\",\"url\":\"https:\/\/www.texpol.sk\/wp-content\/uploads\/2022\/12\/texpol-logo-navbar.png\",\"contentUrl\":\"https:\/\/www.texpol.sk\/wp-content\/uploads\/2022\/12\/texpol-logo-navbar.png\",\"width\":151,\"height\":57,\"caption\":\"texpol.sk\"},\"image\":{\"@id\":\"https:\/\/www.texpol.sk\/cs\/#\/schema\/logo\/image\/\"}}]}<\/script>\n<!-- \/ Yoast SEO plugin. -->","yoast_head_json":{"title":"Vysok\u00e1 matrace Kerin 1+1 | texpol.sk","robots":{"index":"index","follow":"follow","max-snippet":"max-snippet:-1","max-image-preview":"max-image-preview:large","max-video-preview":"max-video-preview:-1"},"canonical":"https:\/\/www.texpol.sk\/cs\/eshop\/akce\/matrace-akce\/vysoka-matrace-kerin-11\/","og_locale":"cs_CZ","og_type":"article","og_title":"Vysok\u00e1 matrace Kerin 1+1 | texpol.sk","og_description":"V\u00ddPRODEJ ZBO\u017d\u00cd  A\u017e 22 cm vysok\u00e1 matrace z kombinace prvot\u0159\u00eddn\u00edch PUR p\u011bn s mas\u00e1\u017en\u00ed profilac\u00ed na vrchn\u00ed stran\u011b a speci\u00e1ln\u011b odv\u011btran\u00fdm j\u00e1drem.    DOD\u00c1N\u00cd DO 10 PRACOVN\u00cdCH DN\u016e","og_url":"https:\/\/www.texpol.sk\/cs\/eshop\/akce\/matrace-akce\/vysoka-matrace-kerin-11\/","og_site_name":"texpol.sk","article_modified_time":"2025-06-17T07:46:11+00:00","og_image":[{"width":600,"height":600,"url":"http:\/\/www.texpol.sk\/wp-content\/uploads\/2020\/05\/Kerin-Trimtex-11-web.png","type":"image\/png"}],"twitter_card":"summary_large_image","twitter_misc":{"Odhadovan\u00e1 doba \u010dten\u00ed":"1 minuta"},"schema":{"@context":"https:\/\/schema.org","@graph":[{"@type":"WebPage","@id":"https:\/\/www.texpol.sk\/cs\/eshop\/akce\/matrace-akce\/vysoka-matrace-kerin-11\/","url":"https:\/\/www.texpol.sk\/cs\/eshop\/akce\/matrace-akce\/vysoka-matrace-kerin-11\/","name":"Vysok\u00e1 matrace Kerin 1+1 | texpol.sk","isPartOf":{"@id":"https:\/\/www.texpol.sk\/cs\/#website"},"primaryImageOfPage":{"@id":"https:\/\/www.texpol.sk\/cs\/eshop\/akce\/matrace-akce\/vysoka-matrace-kerin-11\/#primaryimage"},"image":{"@id":"https:\/\/www.texpol.sk\/cs\/eshop\/akce\/matrace-akce\/vysoka-matrace-kerin-11\/#primaryimage"},"thumbnailUrl":"https:\/\/www.texpol.sk\/wp-content\/uploads\/2020\/05\/Kerin-Trimtex-11-web.png","datePublished":"2020-05-29T15:10:22+00:00","dateModified":"2025-06-17T07:46:11+00:00","breadcrumb":{"@id":"https:\/\/www.texpol.sk\/cs\/eshop\/akce\/matrace-akce\/vysoka-matrace-kerin-11\/#breadcrumb"},"inLanguage":"cs","potentialAction":[{"@type":"ReadAction","target":["https:\/\/www.texpol.sk\/cs\/eshop\/akce\/matrace-akce\/vysoka-matrace-kerin-11\/"]}]},{"@type":"ImageObject","inLanguage":"cs","@id":"https:\/\/www.texpol.sk\/cs\/eshop\/akce\/matrace-akce\/vysoka-matrace-kerin-11\/#primaryimage","url":"https:\/\/www.texpol.sk\/wp-content\/uploads\/2020\/05\/Kerin-Trimtex-11-web.png","contentUrl":"https:\/\/www.texpol.sk\/wp-content\/uploads\/2020\/05\/Kerin-Trimtex-11-web.png","width":600,"height":600,"caption":"Kerin Trimtex 1+1 web"},{"@type":"BreadcrumbList","@id":"https:\/\/www.texpol.sk\/cs\/eshop\/akce\/matrace-akce\/vysoka-matrace-kerin-11\/#breadcrumb","itemListElement":[{"@type":"ListItem","position":1,"name":"Home","item":"https:\/\/www.texpol.sk\/cs\/"},{"@type":"ListItem","position":2,"name":"Produkty","item":"https:\/\/www.texpol.sk\/cs\/shop\/"},{"@type":"ListItem","position":3,"name":"Vysok\u00e1 matrace Kerin 1+1"}]},{"@type":"WebSite","@id":"https:\/\/www.texpol.sk\/cs\/#website","url":"https:\/\/www.texpol.sk\/cs\/","name":"texpol.sk","description":"","publisher":{"@id":"https:\/\/www.texpol.sk\/cs\/#organization"},"potentialAction":[{"@type":"SearchAction","target":{"@type":"EntryPoint","urlTemplate":"https:\/\/www.texpol.sk\/cs\/?s={search_term_string}"},"query-input":{"@type":"PropertyValueSpecification","valueRequired":true,"valueName":"search_term_string"}}],"inLanguage":"cs"},{"@type":"Organization","@id":"https:\/\/www.texpol.sk\/cs\/#organization","name":"texpol.sk","url":"https:\/\/www.texpol.sk\/cs\/","logo":{"@type":"ImageObject","inLanguage":"cs","@id":"https:\/\/www.texpol.sk\/cs\/#\/schema\/logo\/image\/","url":"https:\/\/www.texpol.sk\/wp-content\/uploads\/2022\/12\/texpol-logo-navbar.png","contentUrl":"https:\/\/www.texpol.sk\/wp-content\/uploads\/2022\/12\/texpol-logo-navbar.png","width":151,"height":57,"caption":"texpol.sk"},"image":{"@id":"https:\/\/www.texpol.sk\/cs\/#\/schema\/logo\/image\/"}}]}},"_links":{"self":[{"href":"https:\/\/www.texpol.sk\/cs\/wp-json\/wp\/v2\/product\/24191","targetHints":{"allow":["GET"]}}],"collection":[{"href":"https:\/\/www.texpol.sk\/cs\/wp-json\/wp\/v2\/product"}],"about":[{"href":"https:\/\/www.texpol.sk\/cs\/wp-json\/wp\/v2\/types\/product"}],"replies":[{"embeddable":true,"href":"https:\/\/www.texpol.sk\/cs\/wp-json\/wp\/v2\/comments?post=24191"}],"wp:featuredmedia":[{"embeddable":true,"href":"https:\/\/www.texpol.sk\/cs\/wp-json\/wp\/v2\/media\/22905"}],"wp:attachment":[{"href":"https:\/\/www.texpol.sk\/cs\/wp-json\/wp\/v2\/media?parent=24191"}],"wp:term":[{"taxonomy":"product_cat","embeddable":true,"href":"https:\/\/www.texpol.sk\/cs\/wp-json\/wp\/v2\/product_cat?post=24191"},{"taxonomy":"product_tag","embeddable":true,"href":"https:\/\/www.texpol.sk\/cs\/wp-json\/wp\/v2\/product_tag?post=24191"}],"curies":[{"name":"wp","href":"https:\/\/api.w.org\/{rel}","templated":true}]}}