{"id":24197,"date":"2020-04-14T14:30:40","date_gmt":"2020-04-14T14:30:40","guid":{"rendered":"https:\/\/www.texpol.sk\/eshop\/nezaraden\u00e9\/kvalitni-matrace-pegas-comfort\/"},"modified":"2025-06-10T11:11:21","modified_gmt":"2025-06-10T11:11:21","slug":"kvalitni-matrace-pegas-comfort-2","status":"publish","type":"product","link":"https:\/\/www.texpol.sk\/cs\/eshop\/matrace-cs\/podle-vyuziti\/partnerske-cs\/kvalitni-matrace-pegas-comfort-2\/","title":{"rendered":"Kvalitn\u00ed matrace Pegas Comfort"},"content":{"rendered":"","protected":false},"excerpt":{"rendered":"<h4><strong>V\u00ddPRODEJ ZBO\u017d\u00cd<\/strong><\/h4>\n<h4><\/h4>\n<p><strong>PEGAS COMFORT <\/strong><strong>je kvalitn\u00ed oboustrann\u00e1<\/strong> matrace <strong>vysok\u00e1 20 cm<\/strong>. Vrchn\u00ed \u010d\u00e1st matrace je vyrobena ze <strong>7z\u00f3nov\u00e9 3D profilovan\u00e9 HR p\u011bny.<\/strong> Druhou stranu matrace tvo\u0159\u00ed rovn\u00e1 plocha z <strong>pam\u011b\u0165ov\u00e9 p\u011bny VISCO<\/strong>, pod kterou je deska z kvalitn\u00edch <strong>ko\u0148sk\u00fdch \u017e\u00edn\u00ed<\/strong>.<\/p>\n<h3><\/h3>\n<h4><strong><span style=\"color: #464646;\"><span style=\"color: #464646;\">DOD\u00c1N\u00cd DO 10 PRACOVN\u00cdCH DN\u016e<\/span><\/span><\/strong><\/h4>\n","protected":false},"featured_media":22638,"comment_status":"closed","ping_status":"closed","template":"","meta":{"_acf_changed":false,"inline_featured_image":false},"product_cat":[915,922,908,913,909,914,919,924,921,925,900],"product_tag":[],"class_list":{"0":"post-24197","1":"product","2":"type-product","3":"status-publish","4":"has-post-thumbnail","6":"product_cat-podle-pouzitych-materialu","7":"product_cat-podle-vyuziti","8":"product_cat-matrace-cs","9":"product_cat-t4-tvrda-matrace","10":"product_cat-matrace-podle-tvrdosti","11":"product_cat-t5-velmi-tvrda-matrace","12":"product_cat-s-pametovou-penou","13":"product_cat-partnerske-cs","14":"product_cat-ze-studene-peny","15":"product_cat-pro-dospele","16":"product_cat-akce","17":"pa_velkost-195x80cm-cs","18":"pa_velkost-195x85cm-cs","19":"pa_velkost-195x90cm-cs","20":"pa_velkost-200x80cm-cs","21":"pa_velkost-200x85cm-cs","22":"pa_velkost-200x90cm-cs","23":"pa_velkost-200x100cm-cs","24":"pa_velkost-200x120cm-cs","25":"pa_velkost-200-x-140-cm","26":"pa_velkost-200x160cm-cs","27":"pa_velkost-200x180cm-cs","28":"pa_velkost-200-x-200-cm","30":"first","31":"instock","32":"sale","33":"taxable","34":"shipping-taxable","35":"product-type-variable","36":"has-default-attributes"},"acf":[],"yoast_head":"<!-- This site is optimized with the Yoast SEO plugin v23.9 - https:\/\/yoast.com\/wordpress\/plugins\/seo\/ -->\n<title>Kvalitn\u00ed matrace Pegas Comfort | texpol.sk<\/title>\n<meta name=\"robots\" content=\"index, follow, max-snippet:-1, max-image-preview:large, max-video-preview:-1\" \/>\n<link rel=\"canonical\" href=\"https:\/\/www.texpol.sk\/cs\/eshop\/matrace-cs\/podle-vyuziti\/partnerske-cs\/kvalitni-matrace-pegas-comfort-2\/\" \/>\n<meta property=\"og:locale\" content=\"cs_CZ\" \/>\n<meta property=\"og:type\" content=\"article\" \/>\n<meta property=\"og:title\" content=\"Kvalitn\u00ed matrace Pegas Comfort | texpol.sk\" \/>\n<meta property=\"og:description\" content=\"V\u00ddPRODEJ ZBO\u017d\u00cd  PEGAS COMFORT je kvalitn\u00ed oboustrann\u00e1 matrace vysok\u00e1 20 cm. Vrchn\u00ed \u010d\u00e1st matrace je vyrobena ze 7z\u00f3nov\u00e9 3D profilovan\u00e9 HR p\u011bny. Druhou stranu matrace tvo\u0159\u00ed rovn\u00e1 plocha z pam\u011b\u0165ov\u00e9 p\u011bny VISCO, pod kterou je deska z kvalitn\u00edch ko\u0148sk\u00fdch \u017e\u00edn\u00ed.  DOD\u00c1N\u00cd DO 10 PRACOVN\u00cdCH DN\u016e\" \/>\n<meta property=\"og:url\" content=\"https:\/\/www.texpol.sk\/cs\/eshop\/matrace-cs\/podle-vyuziti\/partnerske-cs\/kvalitni-matrace-pegas-comfort-2\/\" \/>\n<meta property=\"og:site_name\" content=\"texpol.sk\" \/>\n<meta property=\"article:modified_time\" content=\"2025-06-10T11:11:21+00:00\" \/>\n<meta property=\"og:image\" content=\"http:\/\/www.texpol.sk\/wp-content\/uploads\/2020\/04\/Pegas-Comfort-1.jpg\" \/>\n\t<meta property=\"og:image:width\" content=\"600\" \/>\n\t<meta property=\"og:image:height\" content=\"600\" \/>\n\t<meta property=\"og:image:type\" content=\"image\/jpeg\" \/>\n<meta name=\"twitter:card\" content=\"summary_large_image\" \/>\n<meta name=\"twitter:label1\" content=\"Odhadovan\u00e1 doba \u010dten\u00ed\" \/>\n\t<meta name=\"twitter:data1\" content=\"1 minuta\" \/>\n<script type=\"application\/ld+json\" class=\"yoast-schema-graph\">{\"@context\":\"https:\/\/schema.org\",\"@graph\":[{\"@type\":\"WebPage\",\"@id\":\"https:\/\/www.texpol.sk\/cs\/eshop\/matrace-cs\/podle-vyuziti\/partnerske-cs\/kvalitni-matrace-pegas-comfort-2\/\",\"url\":\"https:\/\/www.texpol.sk\/cs\/eshop\/matrace-cs\/podle-vyuziti\/partnerske-cs\/kvalitni-matrace-pegas-comfort-2\/\",\"name\":\"Kvalitn\u00ed matrace Pegas Comfort | texpol.sk\",\"isPartOf\":{\"@id\":\"https:\/\/www.texpol.sk\/cs\/#website\"},\"primaryImageOfPage\":{\"@id\":\"https:\/\/www.texpol.sk\/cs\/eshop\/matrace-cs\/podle-vyuziti\/partnerske-cs\/kvalitni-matrace-pegas-comfort-2\/#primaryimage\"},\"image\":{\"@id\":\"https:\/\/www.texpol.sk\/cs\/eshop\/matrace-cs\/podle-vyuziti\/partnerske-cs\/kvalitni-matrace-pegas-comfort-2\/#primaryimage\"},\"thumbnailUrl\":\"https:\/\/www.texpol.sk\/wp-content\/uploads\/2020\/04\/Pegas-Comfort-1.jpg\",\"datePublished\":\"2020-04-14T14:30:40+00:00\",\"dateModified\":\"2025-06-10T11:11:21+00:00\",\"breadcrumb\":{\"@id\":\"https:\/\/www.texpol.sk\/cs\/eshop\/matrace-cs\/podle-vyuziti\/partnerske-cs\/kvalitni-matrace-pegas-comfort-2\/#breadcrumb\"},\"inLanguage\":\"cs\",\"potentialAction\":[{\"@type\":\"ReadAction\",\"target\":[\"https:\/\/www.texpol.sk\/cs\/eshop\/matrace-cs\/podle-vyuziti\/partnerske-cs\/kvalitni-matrace-pegas-comfort-2\/\"]}]},{\"@type\":\"ImageObject\",\"inLanguage\":\"cs\",\"@id\":\"https:\/\/www.texpol.sk\/cs\/eshop\/matrace-cs\/podle-vyuziti\/partnerske-cs\/kvalitni-matrace-pegas-comfort-2\/#primaryimage\",\"url\":\"https:\/\/www.texpol.sk\/wp-content\/uploads\/2020\/04\/Pegas-Comfort-1.jpg\",\"contentUrl\":\"https:\/\/www.texpol.sk\/wp-content\/uploads\/2020\/04\/Pegas-Comfort-1.jpg\",\"width\":600,\"height\":600,\"caption\":\"Pegas Comfort\"},{\"@type\":\"BreadcrumbList\",\"@id\":\"https:\/\/www.texpol.sk\/cs\/eshop\/matrace-cs\/podle-vyuziti\/partnerske-cs\/kvalitni-matrace-pegas-comfort-2\/#breadcrumb\",\"itemListElement\":[{\"@type\":\"ListItem\",\"position\":1,\"name\":\"Home\",\"item\":\"https:\/\/www.texpol.sk\/cs\/\"},{\"@type\":\"ListItem\",\"position\":2,\"name\":\"Produkty\",\"item\":\"https:\/\/www.texpol.sk\/cs\/shop\/\"},{\"@type\":\"ListItem\",\"position\":3,\"name\":\"Kvalitn\u00ed matrace Pegas Comfort\"}]},{\"@type\":\"WebSite\",\"@id\":\"https:\/\/www.texpol.sk\/cs\/#website\",\"url\":\"https:\/\/www.texpol.sk\/cs\/\",\"name\":\"texpol.sk\",\"description\":\"\",\"publisher\":{\"@id\":\"https:\/\/www.texpol.sk\/cs\/#organization\"},\"potentialAction\":[{\"@type\":\"SearchAction\",\"target\":{\"@type\":\"EntryPoint\",\"urlTemplate\":\"https:\/\/www.texpol.sk\/cs\/?s={search_term_string}\"},\"query-input\":{\"@type\":\"PropertyValueSpecification\",\"valueRequired\":true,\"valueName\":\"search_term_string\"}}],\"inLanguage\":\"cs\"},{\"@type\":\"Organization\",\"@id\":\"https:\/\/www.texpol.sk\/cs\/#organization\",\"name\":\"texpol.sk\",\"url\":\"https:\/\/www.texpol.sk\/cs\/\",\"logo\":{\"@type\":\"ImageObject\",\"inLanguage\":\"cs\",\"@id\":\"https:\/\/www.texpol.sk\/cs\/#\/schema\/logo\/image\/\",\"url\":\"https:\/\/www.texpol.sk\/wp-content\/uploads\/2022\/12\/texpol-logo-navbar.png\",\"contentUrl\":\"https:\/\/www.texpol.sk\/wp-content\/uploads\/2022\/12\/texpol-logo-navbar.png\",\"width\":151,\"height\":57,\"caption\":\"texpol.sk\"},\"image\":{\"@id\":\"https:\/\/www.texpol.sk\/cs\/#\/schema\/logo\/image\/\"}}]}<\/script>\n<!-- \/ Yoast SEO plugin. -->","yoast_head_json":{"title":"Kvalitn\u00ed matrace Pegas Comfort | texpol.sk","robots":{"index":"index","follow":"follow","max-snippet":"max-snippet:-1","max-image-preview":"max-image-preview:large","max-video-preview":"max-video-preview:-1"},"canonical":"https:\/\/www.texpol.sk\/cs\/eshop\/matrace-cs\/podle-vyuziti\/partnerske-cs\/kvalitni-matrace-pegas-comfort-2\/","og_locale":"cs_CZ","og_type":"article","og_title":"Kvalitn\u00ed matrace Pegas Comfort | texpol.sk","og_description":"V\u00ddPRODEJ ZBO\u017d\u00cd  PEGAS COMFORT je kvalitn\u00ed oboustrann\u00e1 matrace vysok\u00e1 20 cm. Vrchn\u00ed \u010d\u00e1st matrace je vyrobena ze 7z\u00f3nov\u00e9 3D profilovan\u00e9 HR p\u011bny. Druhou stranu matrace tvo\u0159\u00ed rovn\u00e1 plocha z pam\u011b\u0165ov\u00e9 p\u011bny VISCO, pod kterou je deska z kvalitn\u00edch ko\u0148sk\u00fdch \u017e\u00edn\u00ed.  DOD\u00c1N\u00cd DO 10 PRACOVN\u00cdCH DN\u016e","og_url":"https:\/\/www.texpol.sk\/cs\/eshop\/matrace-cs\/podle-vyuziti\/partnerske-cs\/kvalitni-matrace-pegas-comfort-2\/","og_site_name":"texpol.sk","article_modified_time":"2025-06-10T11:11:21+00:00","og_image":[{"width":600,"height":600,"url":"http:\/\/www.texpol.sk\/wp-content\/uploads\/2020\/04\/Pegas-Comfort-1.jpg","type":"image\/jpeg"}],"twitter_card":"summary_large_image","twitter_misc":{"Odhadovan\u00e1 doba \u010dten\u00ed":"1 minuta"},"schema":{"@context":"https:\/\/schema.org","@graph":[{"@type":"WebPage","@id":"https:\/\/www.texpol.sk\/cs\/eshop\/matrace-cs\/podle-vyuziti\/partnerske-cs\/kvalitni-matrace-pegas-comfort-2\/","url":"https:\/\/www.texpol.sk\/cs\/eshop\/matrace-cs\/podle-vyuziti\/partnerske-cs\/kvalitni-matrace-pegas-comfort-2\/","name":"Kvalitn\u00ed matrace Pegas Comfort | texpol.sk","isPartOf":{"@id":"https:\/\/www.texpol.sk\/cs\/#website"},"primaryImageOfPage":{"@id":"https:\/\/www.texpol.sk\/cs\/eshop\/matrace-cs\/podle-vyuziti\/partnerske-cs\/kvalitni-matrace-pegas-comfort-2\/#primaryimage"},"image":{"@id":"https:\/\/www.texpol.sk\/cs\/eshop\/matrace-cs\/podle-vyuziti\/partnerske-cs\/kvalitni-matrace-pegas-comfort-2\/#primaryimage"},"thumbnailUrl":"https:\/\/www.texpol.sk\/wp-content\/uploads\/2020\/04\/Pegas-Comfort-1.jpg","datePublished":"2020-04-14T14:30:40+00:00","dateModified":"2025-06-10T11:11:21+00:00","breadcrumb":{"@id":"https:\/\/www.texpol.sk\/cs\/eshop\/matrace-cs\/podle-vyuziti\/partnerske-cs\/kvalitni-matrace-pegas-comfort-2\/#breadcrumb"},"inLanguage":"cs","potentialAction":[{"@type":"ReadAction","target":["https:\/\/www.texpol.sk\/cs\/eshop\/matrace-cs\/podle-vyuziti\/partnerske-cs\/kvalitni-matrace-pegas-comfort-2\/"]}]},{"@type":"ImageObject","inLanguage":"cs","@id":"https:\/\/www.texpol.sk\/cs\/eshop\/matrace-cs\/podle-vyuziti\/partnerske-cs\/kvalitni-matrace-pegas-comfort-2\/#primaryimage","url":"https:\/\/www.texpol.sk\/wp-content\/uploads\/2020\/04\/Pegas-Comfort-1.jpg","contentUrl":"https:\/\/www.texpol.sk\/wp-content\/uploads\/2020\/04\/Pegas-Comfort-1.jpg","width":600,"height":600,"caption":"Pegas Comfort"},{"@type":"BreadcrumbList","@id":"https:\/\/www.texpol.sk\/cs\/eshop\/matrace-cs\/podle-vyuziti\/partnerske-cs\/kvalitni-matrace-pegas-comfort-2\/#breadcrumb","itemListElement":[{"@type":"ListItem","position":1,"name":"Home","item":"https:\/\/www.texpol.sk\/cs\/"},{"@type":"ListItem","position":2,"name":"Produkty","item":"https:\/\/www.texpol.sk\/cs\/shop\/"},{"@type":"ListItem","position":3,"name":"Kvalitn\u00ed matrace Pegas Comfort"}]},{"@type":"WebSite","@id":"https:\/\/www.texpol.sk\/cs\/#website","url":"https:\/\/www.texpol.sk\/cs\/","name":"texpol.sk","description":"","publisher":{"@id":"https:\/\/www.texpol.sk\/cs\/#organization"},"potentialAction":[{"@type":"SearchAction","target":{"@type":"EntryPoint","urlTemplate":"https:\/\/www.texpol.sk\/cs\/?s={search_term_string}"},"query-input":{"@type":"PropertyValueSpecification","valueRequired":true,"valueName":"search_term_string"}}],"inLanguage":"cs"},{"@type":"Organization","@id":"https:\/\/www.texpol.sk\/cs\/#organization","name":"texpol.sk","url":"https:\/\/www.texpol.sk\/cs\/","logo":{"@type":"ImageObject","inLanguage":"cs","@id":"https:\/\/www.texpol.sk\/cs\/#\/schema\/logo\/image\/","url":"https:\/\/www.texpol.sk\/wp-content\/uploads\/2022\/12\/texpol-logo-navbar.png","contentUrl":"https:\/\/www.texpol.sk\/wp-content\/uploads\/2022\/12\/texpol-logo-navbar.png","width":151,"height":57,"caption":"texpol.sk"},"image":{"@id":"https:\/\/www.texpol.sk\/cs\/#\/schema\/logo\/image\/"}}]}},"_links":{"self":[{"href":"https:\/\/www.texpol.sk\/cs\/wp-json\/wp\/v2\/product\/24197","targetHints":{"allow":["GET"]}}],"collection":[{"href":"https:\/\/www.texpol.sk\/cs\/wp-json\/wp\/v2\/product"}],"about":[{"href":"https:\/\/www.texpol.sk\/cs\/wp-json\/wp\/v2\/types\/product"}],"replies":[{"embeddable":true,"href":"https:\/\/www.texpol.sk\/cs\/wp-json\/wp\/v2\/comments?post=24197"}],"wp:featuredmedia":[{"embeddable":true,"href":"https:\/\/www.texpol.sk\/cs\/wp-json\/wp\/v2\/media\/22638"}],"wp:attachment":[{"href":"https:\/\/www.texpol.sk\/cs\/wp-json\/wp\/v2\/media?parent=24197"}],"wp:term":[{"taxonomy":"product_cat","embeddable":true,"href":"https:\/\/www.texpol.sk\/cs\/wp-json\/wp\/v2\/product_cat?post=24197"},{"taxonomy":"product_tag","embeddable":true,"href":"https:\/\/www.texpol.sk\/cs\/wp-json\/wp\/v2\/product_tag?post=24197"}],"curies":[{"name":"wp","href":"https:\/\/api.w.org\/{rel}","templated":true}]}}