{"id":24204,"date":"2020-05-26T13:44:15","date_gmt":"2020-05-26T13:44:15","guid":{"rendered":"https:\/\/www.texpol.sk\/eshop\/nezaraden\u00e9\/partnerska-matrace-bravia\/"},"modified":"2025-06-10T09:50:58","modified_gmt":"2025-06-10T09:50:58","slug":"partnerska-matrace-bravia","status":"publish","type":"product","link":"https:\/\/www.texpol.sk\/cs\/eshop\/matrace-cs\/podle-vyuziti\/partnerske-cs\/partnerska-matrace-bravia\/","title":{"rendered":"Partnersk\u00e1 matrace Bravia"},"content":{"rendered":"","protected":false},"excerpt":{"rendered":"<h4><strong>V\u00ddPRODEJ ZBO\u017d\u00cd<\/strong><\/h4>\n<h4><\/h4>\n<p><strong>Luxusn\u00ed<\/strong> partnersk\u00e1 matrace z kvalitn\u00ed <strong>studen\u00e9 p\u011bny s profilac\u00ed<\/strong>. Matrace je tvo\u0159ena kombinac\u00ed kvalitn\u00edch HR studen\u00fdch p\u011bn, vyztu\u017een\u00e9ho j\u00e1dra s komfortn\u00ed <strong>PUR p\u011bnou<\/strong> a p\u0159\u00edrodn\u00ed <strong>kokosovou vrstvou<\/strong>. Matrace je d\u00edky sv\u00e9 pru\u017enosti a dvoj\u00ed tuhosti vhodn\u00e1 pro p\u00e1ry s <strong>v\u00e1hov\u00fdm rozd\u00edlem<\/strong>.<\/p>\n<h3><\/h3>\n<h4><strong>DOD\u00c1N\u00cd DO 10 PRACOVN\u00cdCH DN\u016e<\/strong><\/h4>\n","protected":false},"featured_media":22619,"comment_status":"closed","ping_status":"closed","template":"","meta":{"_acf_changed":false,"inline_featured_image":false},"product_cat":[901,915,913,917,922,909,914,924,900,921,925],"product_tag":[],"class_list":{"0":"post-24204","1":"product","2":"type-product","3":"status-publish","4":"has-post-thumbnail","6":"product_cat-matrace-akce","7":"product_cat-podle-pouzitych-materialu","8":"product_cat-t4-tvrda-matrace","9":"product_cat-penove-cs","10":"product_cat-podle-vyuziti","11":"product_cat-matrace-podle-tvrdosti","12":"product_cat-t5-velmi-tvrda-matrace","13":"product_cat-partnerske-cs","14":"product_cat-akce","15":"product_cat-ze-studene-peny","16":"product_cat-pro-dospele","17":"pa_velkost-200x80cm-cs","18":"pa_velkost-200x90cm-cs","20":"first","21":"instock","22":"taxable","23":"shipping-taxable","24":"product-type-variable","25":"has-default-attributes"},"acf":[],"yoast_head":"<!-- This site is optimized with the Yoast SEO plugin v23.9 - https:\/\/yoast.com\/wordpress\/plugins\/seo\/ -->\n<title>Partnersk\u00e1 matrace Bravia | texpol.sk<\/title>\n<meta name=\"robots\" content=\"index, follow, max-snippet:-1, max-image-preview:large, max-video-preview:-1\" \/>\n<link rel=\"canonical\" href=\"https:\/\/www.texpol.sk\/cs\/eshop\/matrace-cs\/podle-vyuziti\/partnerske-cs\/partnerska-matrace-bravia\/\" \/>\n<meta property=\"og:locale\" content=\"cs_CZ\" \/>\n<meta property=\"og:type\" content=\"article\" \/>\n<meta property=\"og:title\" content=\"Partnersk\u00e1 matrace Bravia | texpol.sk\" \/>\n<meta property=\"og:description\" content=\"V\u00ddPRODEJ ZBO\u017d\u00cd  Luxusn\u00ed partnersk\u00e1 matrace z kvalitn\u00ed studen\u00e9 p\u011bny s profilac\u00ed. Matrace je tvo\u0159ena kombinac\u00ed kvalitn\u00edch HR studen\u00fdch p\u011bn, vyztu\u017een\u00e9ho j\u00e1dra s komfortn\u00ed PUR p\u011bnou a p\u0159\u00edrodn\u00ed kokosovou vrstvou. Matrace je d\u00edky sv\u00e9 pru\u017enosti a dvoj\u00ed tuhosti vhodn\u00e1 pro p\u00e1ry s v\u00e1hov\u00fdm rozd\u00edlem.  DOD\u00c1N\u00cd DO 10 PRACOVN\u00cdCH DN\u016e\" \/>\n<meta property=\"og:url\" content=\"https:\/\/www.texpol.sk\/cs\/eshop\/matrace-cs\/podle-vyuziti\/partnerske-cs\/partnerska-matrace-bravia\/\" \/>\n<meta property=\"og:site_name\" content=\"texpol.sk\" \/>\n<meta property=\"article:modified_time\" content=\"2025-06-10T09:50:58+00:00\" \/>\n<meta property=\"og:image\" content=\"http:\/\/www.texpol.sk\/wp-content\/uploads\/2020\/05\/Bravia-1.jpg\" \/>\n\t<meta property=\"og:image:width\" content=\"600\" \/>\n\t<meta property=\"og:image:height\" content=\"600\" \/>\n\t<meta property=\"og:image:type\" content=\"image\/jpeg\" \/>\n<meta name=\"twitter:card\" content=\"summary_large_image\" \/>\n<meta name=\"twitter:label1\" content=\"Odhadovan\u00e1 doba \u010dten\u00ed\" \/>\n\t<meta name=\"twitter:data1\" content=\"1 minuta\" \/>\n<script type=\"application\/ld+json\" class=\"yoast-schema-graph\">{\"@context\":\"https:\/\/schema.org\",\"@graph\":[{\"@type\":\"WebPage\",\"@id\":\"https:\/\/www.texpol.sk\/cs\/eshop\/matrace-cs\/podle-vyuziti\/partnerske-cs\/partnerska-matrace-bravia\/\",\"url\":\"https:\/\/www.texpol.sk\/cs\/eshop\/matrace-cs\/podle-vyuziti\/partnerske-cs\/partnerska-matrace-bravia\/\",\"name\":\"Partnersk\u00e1 matrace Bravia | texpol.sk\",\"isPartOf\":{\"@id\":\"https:\/\/www.texpol.sk\/cs\/#website\"},\"primaryImageOfPage\":{\"@id\":\"https:\/\/www.texpol.sk\/cs\/eshop\/matrace-cs\/podle-vyuziti\/partnerske-cs\/partnerska-matrace-bravia\/#primaryimage\"},\"image\":{\"@id\":\"https:\/\/www.texpol.sk\/cs\/eshop\/matrace-cs\/podle-vyuziti\/partnerske-cs\/partnerska-matrace-bravia\/#primaryimage\"},\"thumbnailUrl\":\"https:\/\/www.texpol.sk\/wp-content\/uploads\/2020\/05\/Bravia-1.jpg\",\"datePublished\":\"2020-05-26T13:44:15+00:00\",\"dateModified\":\"2025-06-10T09:50:58+00:00\",\"breadcrumb\":{\"@id\":\"https:\/\/www.texpol.sk\/cs\/eshop\/matrace-cs\/podle-vyuziti\/partnerske-cs\/partnerska-matrace-bravia\/#breadcrumb\"},\"inLanguage\":\"cs\",\"potentialAction\":[{\"@type\":\"ReadAction\",\"target\":[\"https:\/\/www.texpol.sk\/cs\/eshop\/matrace-cs\/podle-vyuziti\/partnerske-cs\/partnerska-matrace-bravia\/\"]}]},{\"@type\":\"ImageObject\",\"inLanguage\":\"cs\",\"@id\":\"https:\/\/www.texpol.sk\/cs\/eshop\/matrace-cs\/podle-vyuziti\/partnerske-cs\/partnerska-matrace-bravia\/#primaryimage\",\"url\":\"https:\/\/www.texpol.sk\/wp-content\/uploads\/2020\/05\/Bravia-1.jpg\",\"contentUrl\":\"https:\/\/www.texpol.sk\/wp-content\/uploads\/2020\/05\/Bravia-1.jpg\",\"width\":600,\"height\":600,\"caption\":\"Vezmou si\"},{\"@type\":\"BreadcrumbList\",\"@id\":\"https:\/\/www.texpol.sk\/cs\/eshop\/matrace-cs\/podle-vyuziti\/partnerske-cs\/partnerska-matrace-bravia\/#breadcrumb\",\"itemListElement\":[{\"@type\":\"ListItem\",\"position\":1,\"name\":\"Home\",\"item\":\"https:\/\/www.texpol.sk\/cs\/\"},{\"@type\":\"ListItem\",\"position\":2,\"name\":\"Produkty\",\"item\":\"https:\/\/www.texpol.sk\/cs\/shop\/\"},{\"@type\":\"ListItem\",\"position\":3,\"name\":\"Partnersk\u00e1 matrace Bravia\"}]},{\"@type\":\"WebSite\",\"@id\":\"https:\/\/www.texpol.sk\/cs\/#website\",\"url\":\"https:\/\/www.texpol.sk\/cs\/\",\"name\":\"texpol.sk\",\"description\":\"\",\"publisher\":{\"@id\":\"https:\/\/www.texpol.sk\/cs\/#organization\"},\"potentialAction\":[{\"@type\":\"SearchAction\",\"target\":{\"@type\":\"EntryPoint\",\"urlTemplate\":\"https:\/\/www.texpol.sk\/cs\/?s={search_term_string}\"},\"query-input\":{\"@type\":\"PropertyValueSpecification\",\"valueRequired\":true,\"valueName\":\"search_term_string\"}}],\"inLanguage\":\"cs\"},{\"@type\":\"Organization\",\"@id\":\"https:\/\/www.texpol.sk\/cs\/#organization\",\"name\":\"texpol.sk\",\"url\":\"https:\/\/www.texpol.sk\/cs\/\",\"logo\":{\"@type\":\"ImageObject\",\"inLanguage\":\"cs\",\"@id\":\"https:\/\/www.texpol.sk\/cs\/#\/schema\/logo\/image\/\",\"url\":\"https:\/\/www.texpol.sk\/wp-content\/uploads\/2022\/12\/texpol-logo-navbar.png\",\"contentUrl\":\"https:\/\/www.texpol.sk\/wp-content\/uploads\/2022\/12\/texpol-logo-navbar.png\",\"width\":151,\"height\":57,\"caption\":\"texpol.sk\"},\"image\":{\"@id\":\"https:\/\/www.texpol.sk\/cs\/#\/schema\/logo\/image\/\"}}]}<\/script>\n<!-- \/ Yoast SEO plugin. -->","yoast_head_json":{"title":"Partnersk\u00e1 matrace Bravia | texpol.sk","robots":{"index":"index","follow":"follow","max-snippet":"max-snippet:-1","max-image-preview":"max-image-preview:large","max-video-preview":"max-video-preview:-1"},"canonical":"https:\/\/www.texpol.sk\/cs\/eshop\/matrace-cs\/podle-vyuziti\/partnerske-cs\/partnerska-matrace-bravia\/","og_locale":"cs_CZ","og_type":"article","og_title":"Partnersk\u00e1 matrace Bravia | texpol.sk","og_description":"V\u00ddPRODEJ ZBO\u017d\u00cd  Luxusn\u00ed partnersk\u00e1 matrace z kvalitn\u00ed studen\u00e9 p\u011bny s profilac\u00ed. Matrace je tvo\u0159ena kombinac\u00ed kvalitn\u00edch HR studen\u00fdch p\u011bn, vyztu\u017een\u00e9ho j\u00e1dra s komfortn\u00ed PUR p\u011bnou a p\u0159\u00edrodn\u00ed kokosovou vrstvou. Matrace je d\u00edky sv\u00e9 pru\u017enosti a dvoj\u00ed tuhosti vhodn\u00e1 pro p\u00e1ry s v\u00e1hov\u00fdm rozd\u00edlem.  DOD\u00c1N\u00cd DO 10 PRACOVN\u00cdCH DN\u016e","og_url":"https:\/\/www.texpol.sk\/cs\/eshop\/matrace-cs\/podle-vyuziti\/partnerske-cs\/partnerska-matrace-bravia\/","og_site_name":"texpol.sk","article_modified_time":"2025-06-10T09:50:58+00:00","og_image":[{"width":600,"height":600,"url":"http:\/\/www.texpol.sk\/wp-content\/uploads\/2020\/05\/Bravia-1.jpg","type":"image\/jpeg"}],"twitter_card":"summary_large_image","twitter_misc":{"Odhadovan\u00e1 doba \u010dten\u00ed":"1 minuta"},"schema":{"@context":"https:\/\/schema.org","@graph":[{"@type":"WebPage","@id":"https:\/\/www.texpol.sk\/cs\/eshop\/matrace-cs\/podle-vyuziti\/partnerske-cs\/partnerska-matrace-bravia\/","url":"https:\/\/www.texpol.sk\/cs\/eshop\/matrace-cs\/podle-vyuziti\/partnerske-cs\/partnerska-matrace-bravia\/","name":"Partnersk\u00e1 matrace Bravia | texpol.sk","isPartOf":{"@id":"https:\/\/www.texpol.sk\/cs\/#website"},"primaryImageOfPage":{"@id":"https:\/\/www.texpol.sk\/cs\/eshop\/matrace-cs\/podle-vyuziti\/partnerske-cs\/partnerska-matrace-bravia\/#primaryimage"},"image":{"@id":"https:\/\/www.texpol.sk\/cs\/eshop\/matrace-cs\/podle-vyuziti\/partnerske-cs\/partnerska-matrace-bravia\/#primaryimage"},"thumbnailUrl":"https:\/\/www.texpol.sk\/wp-content\/uploads\/2020\/05\/Bravia-1.jpg","datePublished":"2020-05-26T13:44:15+00:00","dateModified":"2025-06-10T09:50:58+00:00","breadcrumb":{"@id":"https:\/\/www.texpol.sk\/cs\/eshop\/matrace-cs\/podle-vyuziti\/partnerske-cs\/partnerska-matrace-bravia\/#breadcrumb"},"inLanguage":"cs","potentialAction":[{"@type":"ReadAction","target":["https:\/\/www.texpol.sk\/cs\/eshop\/matrace-cs\/podle-vyuziti\/partnerske-cs\/partnerska-matrace-bravia\/"]}]},{"@type":"ImageObject","inLanguage":"cs","@id":"https:\/\/www.texpol.sk\/cs\/eshop\/matrace-cs\/podle-vyuziti\/partnerske-cs\/partnerska-matrace-bravia\/#primaryimage","url":"https:\/\/www.texpol.sk\/wp-content\/uploads\/2020\/05\/Bravia-1.jpg","contentUrl":"https:\/\/www.texpol.sk\/wp-content\/uploads\/2020\/05\/Bravia-1.jpg","width":600,"height":600,"caption":"Vezmou si"},{"@type":"BreadcrumbList","@id":"https:\/\/www.texpol.sk\/cs\/eshop\/matrace-cs\/podle-vyuziti\/partnerske-cs\/partnerska-matrace-bravia\/#breadcrumb","itemListElement":[{"@type":"ListItem","position":1,"name":"Home","item":"https:\/\/www.texpol.sk\/cs\/"},{"@type":"ListItem","position":2,"name":"Produkty","item":"https:\/\/www.texpol.sk\/cs\/shop\/"},{"@type":"ListItem","position":3,"name":"Partnersk\u00e1 matrace Bravia"}]},{"@type":"WebSite","@id":"https:\/\/www.texpol.sk\/cs\/#website","url":"https:\/\/www.texpol.sk\/cs\/","name":"texpol.sk","description":"","publisher":{"@id":"https:\/\/www.texpol.sk\/cs\/#organization"},"potentialAction":[{"@type":"SearchAction","target":{"@type":"EntryPoint","urlTemplate":"https:\/\/www.texpol.sk\/cs\/?s={search_term_string}"},"query-input":{"@type":"PropertyValueSpecification","valueRequired":true,"valueName":"search_term_string"}}],"inLanguage":"cs"},{"@type":"Organization","@id":"https:\/\/www.texpol.sk\/cs\/#organization","name":"texpol.sk","url":"https:\/\/www.texpol.sk\/cs\/","logo":{"@type":"ImageObject","inLanguage":"cs","@id":"https:\/\/www.texpol.sk\/cs\/#\/schema\/logo\/image\/","url":"https:\/\/www.texpol.sk\/wp-content\/uploads\/2022\/12\/texpol-logo-navbar.png","contentUrl":"https:\/\/www.texpol.sk\/wp-content\/uploads\/2022\/12\/texpol-logo-navbar.png","width":151,"height":57,"caption":"texpol.sk"},"image":{"@id":"https:\/\/www.texpol.sk\/cs\/#\/schema\/logo\/image\/"}}]}},"_links":{"self":[{"href":"https:\/\/www.texpol.sk\/cs\/wp-json\/wp\/v2\/product\/24204","targetHints":{"allow":["GET"]}}],"collection":[{"href":"https:\/\/www.texpol.sk\/cs\/wp-json\/wp\/v2\/product"}],"about":[{"href":"https:\/\/www.texpol.sk\/cs\/wp-json\/wp\/v2\/types\/product"}],"replies":[{"embeddable":true,"href":"https:\/\/www.texpol.sk\/cs\/wp-json\/wp\/v2\/comments?post=24204"}],"wp:featuredmedia":[{"embeddable":true,"href":"https:\/\/www.texpol.sk\/cs\/wp-json\/wp\/v2\/media\/22619"}],"wp:attachment":[{"href":"https:\/\/www.texpol.sk\/cs\/wp-json\/wp\/v2\/media?parent=24204"}],"wp:term":[{"taxonomy":"product_cat","embeddable":true,"href":"https:\/\/www.texpol.sk\/cs\/wp-json\/wp\/v2\/product_cat?post=24204"},{"taxonomy":"product_tag","embeddable":true,"href":"https:\/\/www.texpol.sk\/cs\/wp-json\/wp\/v2\/product_tag?post=24204"}],"curies":[{"name":"wp","href":"https:\/\/api.w.org\/{rel}","templated":true}]}}