{"id":24354,"date":"2019-07-24T12:35:58","date_gmt":"2019-07-24T12:35:58","guid":{"rendered":"https:\/\/www.texpol.sk\/eshop\/nezaraden\u00e9\/jednoluzko-livia-svisle-celo\/"},"modified":"2025-06-03T09:18:02","modified_gmt":"2025-06-03T09:18:02","slug":"jednoluzkova-postel-livia-vertikalni-celo","status":"publish","type":"product","link":"https:\/\/www.texpol.sk\/cs\/eshop\/loznice\/jednoluzkove-postele\/jednoluzkova-postel-livia-vertikalni-celo\/","title":{"rendered":"Jednol\u016f\u017ekov\u00e1 postel L\u00edvia \u2013 vertik\u00e1ln\u00ed \u010delo"},"content":{"rendered":"","protected":false},"excerpt":{"rendered":"<p><strong>Jednol\u016f\u017eko L\u00cdVIA<\/strong> &#8211; <strong>svisl\u00e9 \u010delo <\/strong>p\u0159in\u00e1\u0161\u00ed do lo\u017enice nad\u010dasov\u00fd design a funk\u010dnost. Precizn\u00ed zpracov\u00e1n\u00ed masivn\u00edho bukov\u00e9ho nebo dubov\u00e9ho d\u0159eva je z\u00e1rukou kvality, elegance a dlouh\u00e9 \u017eivotnosti.<\/p>\n<h3><\/h3>\n<h4><strong>DOD\u00c1N\u00cd DO 3 &#8211; 5 T\u00ddDN\u016e<\/strong><\/h4>\n","protected":false},"featured_media":22836,"comment_status":"closed","ping_status":"closed","template":"","meta":{"_acf_changed":false,"inline_featured_image":false},"product_cat":[941,942],"product_tag":[],"class_list":{"0":"post-24354","1":"product","2":"type-product","3":"status-publish","4":"has-post-thumbnail","6":"product_cat-loznice","7":"product_cat-jednoluzkove-postele","8":"pa_velkost-200x90cm-cs","9":"pa_velkost-200x100cm-cs","10":"pa_velkost-200x120cm-cs","12":"first","13":"onbackorder","14":"taxable","15":"shipping-taxable","16":"product-type-variable","17":"has-default-attributes"},"acf":[],"yoast_head":"<!-- This site is optimized with the Yoast SEO plugin v23.9 - https:\/\/yoast.com\/wordpress\/plugins\/seo\/ -->\n<title>Jednol\u016f\u017ekov\u00e1 postel L\u00edvia \u2013 vertik\u00e1ln\u00ed \u010delo | texpol.sk<\/title>\n<meta name=\"robots\" content=\"index, follow, max-snippet:-1, max-image-preview:large, max-video-preview:-1\" \/>\n<link rel=\"canonical\" href=\"https:\/\/www.texpol.sk\/cs\/eshop\/loznice\/jednoluzkove-postele\/jednoluzkova-postel-livia-vertikalni-celo\/\" \/>\n<meta property=\"og:locale\" content=\"cs_CZ\" \/>\n<meta property=\"og:type\" content=\"article\" \/>\n<meta property=\"og:title\" content=\"Jednol\u016f\u017ekov\u00e1 postel L\u00edvia \u2013 vertik\u00e1ln\u00ed \u010delo | texpol.sk\" \/>\n<meta property=\"og:description\" content=\"Jednol\u016f\u017eko L\u00cdVIA - svisl\u00e9 \u010delo p\u0159in\u00e1\u0161\u00ed do lo\u017enice nad\u010dasov\u00fd design a funk\u010dnost. Precizn\u00ed zpracov\u00e1n\u00ed masivn\u00edho bukov\u00e9ho nebo dubov\u00e9ho d\u0159eva je z\u00e1rukou kvality, elegance a dlouh\u00e9 \u017eivotnosti.  DOD\u00c1N\u00cd DO 3 - 5 T\u00ddDN\u016e\" \/>\n<meta property=\"og:url\" content=\"https:\/\/www.texpol.sk\/cs\/eshop\/loznice\/jednoluzkove-postele\/jednoluzkova-postel-livia-vertikalni-celo\/\" \/>\n<meta property=\"og:site_name\" content=\"texpol.sk\" \/>\n<meta property=\"article:modified_time\" content=\"2025-06-03T09:18:02+00:00\" \/>\n<meta property=\"og:image\" content=\"http:\/\/www.texpol.sk\/wp-content\/uploads\/2019\/07\/Vertical-Buk-90-nove-1.jpg\" \/>\n\t<meta property=\"og:image:width\" content=\"600\" \/>\n\t<meta property=\"og:image:height\" content=\"600\" \/>\n\t<meta property=\"og:image:type\" content=\"image\/jpeg\" \/>\n<meta name=\"twitter:card\" content=\"summary_large_image\" \/>\n<meta name=\"twitter:label1\" content=\"Odhadovan\u00e1 doba \u010dten\u00ed\" \/>\n\t<meta name=\"twitter:data1\" content=\"1 minuta\" \/>\n<script type=\"application\/ld+json\" class=\"yoast-schema-graph\">{\"@context\":\"https:\/\/schema.org\",\"@graph\":[{\"@type\":\"WebPage\",\"@id\":\"https:\/\/www.texpol.sk\/cs\/eshop\/loznice\/jednoluzkove-postele\/jednoluzkova-postel-livia-vertikalni-celo\/\",\"url\":\"https:\/\/www.texpol.sk\/cs\/eshop\/loznice\/jednoluzkove-postele\/jednoluzkova-postel-livia-vertikalni-celo\/\",\"name\":\"Jednol\u016f\u017ekov\u00e1 postel L\u00edvia \u2013 vertik\u00e1ln\u00ed \u010delo | texpol.sk\",\"isPartOf\":{\"@id\":\"https:\/\/www.texpol.sk\/cs\/#website\"},\"primaryImageOfPage\":{\"@id\":\"https:\/\/www.texpol.sk\/cs\/eshop\/loznice\/jednoluzkove-postele\/jednoluzkova-postel-livia-vertikalni-celo\/#primaryimage\"},\"image\":{\"@id\":\"https:\/\/www.texpol.sk\/cs\/eshop\/loznice\/jednoluzkove-postele\/jednoluzkova-postel-livia-vertikalni-celo\/#primaryimage\"},\"thumbnailUrl\":\"https:\/\/www.texpol.sk\/wp-content\/uploads\/2019\/07\/Vertical-Buk-90-nove-1.jpg\",\"datePublished\":\"2019-07-24T12:35:58+00:00\",\"dateModified\":\"2025-06-03T09:18:02+00:00\",\"breadcrumb\":{\"@id\":\"https:\/\/www.texpol.sk\/cs\/eshop\/loznice\/jednoluzkove-postele\/jednoluzkova-postel-livia-vertikalni-celo\/#breadcrumb\"},\"inLanguage\":\"cs\",\"potentialAction\":[{\"@type\":\"ReadAction\",\"target\":[\"https:\/\/www.texpol.sk\/cs\/eshop\/loznice\/jednoluzkove-postele\/jednoluzkova-postel-livia-vertikalni-celo\/\"]}]},{\"@type\":\"ImageObject\",\"inLanguage\":\"cs\",\"@id\":\"https:\/\/www.texpol.sk\/cs\/eshop\/loznice\/jednoluzkove-postele\/jednoluzkova-postel-livia-vertikalni-celo\/#primaryimage\",\"url\":\"https:\/\/www.texpol.sk\/wp-content\/uploads\/2019\/07\/Vertical-Buk-90-nove-1.jpg\",\"contentUrl\":\"https:\/\/www.texpol.sk\/wp-content\/uploads\/2019\/07\/Vertical-Buk-90-nove-1.jpg\",\"width\":600,\"height\":600,\"caption\":\"L\u00edvia Vertical Beech 90 - novinka\"},{\"@type\":\"BreadcrumbList\",\"@id\":\"https:\/\/www.texpol.sk\/cs\/eshop\/loznice\/jednoluzkove-postele\/jednoluzkova-postel-livia-vertikalni-celo\/#breadcrumb\",\"itemListElement\":[{\"@type\":\"ListItem\",\"position\":1,\"name\":\"Home\",\"item\":\"https:\/\/www.texpol.sk\/cs\/\"},{\"@type\":\"ListItem\",\"position\":2,\"name\":\"Produkty\",\"item\":\"https:\/\/www.texpol.sk\/cs\/shop\/\"},{\"@type\":\"ListItem\",\"position\":3,\"name\":\"Jednol\u016f\u017ekov\u00e1 postel L\u00edvia \u2013 vertik\u00e1ln\u00ed \u010delo\"}]},{\"@type\":\"WebSite\",\"@id\":\"https:\/\/www.texpol.sk\/cs\/#website\",\"url\":\"https:\/\/www.texpol.sk\/cs\/\",\"name\":\"texpol.sk\",\"description\":\"\",\"publisher\":{\"@id\":\"https:\/\/www.texpol.sk\/cs\/#organization\"},\"potentialAction\":[{\"@type\":\"SearchAction\",\"target\":{\"@type\":\"EntryPoint\",\"urlTemplate\":\"https:\/\/www.texpol.sk\/cs\/?s={search_term_string}\"},\"query-input\":{\"@type\":\"PropertyValueSpecification\",\"valueRequired\":true,\"valueName\":\"search_term_string\"}}],\"inLanguage\":\"cs\"},{\"@type\":\"Organization\",\"@id\":\"https:\/\/www.texpol.sk\/cs\/#organization\",\"name\":\"texpol.sk\",\"url\":\"https:\/\/www.texpol.sk\/cs\/\",\"logo\":{\"@type\":\"ImageObject\",\"inLanguage\":\"cs\",\"@id\":\"https:\/\/www.texpol.sk\/cs\/#\/schema\/logo\/image\/\",\"url\":\"https:\/\/www.texpol.sk\/wp-content\/uploads\/2022\/12\/texpol-logo-navbar.png\",\"contentUrl\":\"https:\/\/www.texpol.sk\/wp-content\/uploads\/2022\/12\/texpol-logo-navbar.png\",\"width\":151,\"height\":57,\"caption\":\"texpol.sk\"},\"image\":{\"@id\":\"https:\/\/www.texpol.sk\/cs\/#\/schema\/logo\/image\/\"}}]}<\/script>\n<!-- \/ Yoast SEO plugin. -->","yoast_head_json":{"title":"Jednol\u016f\u017ekov\u00e1 postel L\u00edvia \u2013 vertik\u00e1ln\u00ed \u010delo | texpol.sk","robots":{"index":"index","follow":"follow","max-snippet":"max-snippet:-1","max-image-preview":"max-image-preview:large","max-video-preview":"max-video-preview:-1"},"canonical":"https:\/\/www.texpol.sk\/cs\/eshop\/loznice\/jednoluzkove-postele\/jednoluzkova-postel-livia-vertikalni-celo\/","og_locale":"cs_CZ","og_type":"article","og_title":"Jednol\u016f\u017ekov\u00e1 postel L\u00edvia \u2013 vertik\u00e1ln\u00ed \u010delo | texpol.sk","og_description":"Jednol\u016f\u017eko L\u00cdVIA - svisl\u00e9 \u010delo p\u0159in\u00e1\u0161\u00ed do lo\u017enice nad\u010dasov\u00fd design a funk\u010dnost. Precizn\u00ed zpracov\u00e1n\u00ed masivn\u00edho bukov\u00e9ho nebo dubov\u00e9ho d\u0159eva je z\u00e1rukou kvality, elegance a dlouh\u00e9 \u017eivotnosti.  DOD\u00c1N\u00cd DO 3 - 5 T\u00ddDN\u016e","og_url":"https:\/\/www.texpol.sk\/cs\/eshop\/loznice\/jednoluzkove-postele\/jednoluzkova-postel-livia-vertikalni-celo\/","og_site_name":"texpol.sk","article_modified_time":"2025-06-03T09:18:02+00:00","og_image":[{"width":600,"height":600,"url":"http:\/\/www.texpol.sk\/wp-content\/uploads\/2019\/07\/Vertical-Buk-90-nove-1.jpg","type":"image\/jpeg"}],"twitter_card":"summary_large_image","twitter_misc":{"Odhadovan\u00e1 doba \u010dten\u00ed":"1 minuta"},"schema":{"@context":"https:\/\/schema.org","@graph":[{"@type":"WebPage","@id":"https:\/\/www.texpol.sk\/cs\/eshop\/loznice\/jednoluzkove-postele\/jednoluzkova-postel-livia-vertikalni-celo\/","url":"https:\/\/www.texpol.sk\/cs\/eshop\/loznice\/jednoluzkove-postele\/jednoluzkova-postel-livia-vertikalni-celo\/","name":"Jednol\u016f\u017ekov\u00e1 postel L\u00edvia \u2013 vertik\u00e1ln\u00ed \u010delo | texpol.sk","isPartOf":{"@id":"https:\/\/www.texpol.sk\/cs\/#website"},"primaryImageOfPage":{"@id":"https:\/\/www.texpol.sk\/cs\/eshop\/loznice\/jednoluzkove-postele\/jednoluzkova-postel-livia-vertikalni-celo\/#primaryimage"},"image":{"@id":"https:\/\/www.texpol.sk\/cs\/eshop\/loznice\/jednoluzkove-postele\/jednoluzkova-postel-livia-vertikalni-celo\/#primaryimage"},"thumbnailUrl":"https:\/\/www.texpol.sk\/wp-content\/uploads\/2019\/07\/Vertical-Buk-90-nove-1.jpg","datePublished":"2019-07-24T12:35:58+00:00","dateModified":"2025-06-03T09:18:02+00:00","breadcrumb":{"@id":"https:\/\/www.texpol.sk\/cs\/eshop\/loznice\/jednoluzkove-postele\/jednoluzkova-postel-livia-vertikalni-celo\/#breadcrumb"},"inLanguage":"cs","potentialAction":[{"@type":"ReadAction","target":["https:\/\/www.texpol.sk\/cs\/eshop\/loznice\/jednoluzkove-postele\/jednoluzkova-postel-livia-vertikalni-celo\/"]}]},{"@type":"ImageObject","inLanguage":"cs","@id":"https:\/\/www.texpol.sk\/cs\/eshop\/loznice\/jednoluzkove-postele\/jednoluzkova-postel-livia-vertikalni-celo\/#primaryimage","url":"https:\/\/www.texpol.sk\/wp-content\/uploads\/2019\/07\/Vertical-Buk-90-nove-1.jpg","contentUrl":"https:\/\/www.texpol.sk\/wp-content\/uploads\/2019\/07\/Vertical-Buk-90-nove-1.jpg","width":600,"height":600,"caption":"L\u00edvia Vertical Beech 90 - novinka"},{"@type":"BreadcrumbList","@id":"https:\/\/www.texpol.sk\/cs\/eshop\/loznice\/jednoluzkove-postele\/jednoluzkova-postel-livia-vertikalni-celo\/#breadcrumb","itemListElement":[{"@type":"ListItem","position":1,"name":"Home","item":"https:\/\/www.texpol.sk\/cs\/"},{"@type":"ListItem","position":2,"name":"Produkty","item":"https:\/\/www.texpol.sk\/cs\/shop\/"},{"@type":"ListItem","position":3,"name":"Jednol\u016f\u017ekov\u00e1 postel L\u00edvia \u2013 vertik\u00e1ln\u00ed \u010delo"}]},{"@type":"WebSite","@id":"https:\/\/www.texpol.sk\/cs\/#website","url":"https:\/\/www.texpol.sk\/cs\/","name":"texpol.sk","description":"","publisher":{"@id":"https:\/\/www.texpol.sk\/cs\/#organization"},"potentialAction":[{"@type":"SearchAction","target":{"@type":"EntryPoint","urlTemplate":"https:\/\/www.texpol.sk\/cs\/?s={search_term_string}"},"query-input":{"@type":"PropertyValueSpecification","valueRequired":true,"valueName":"search_term_string"}}],"inLanguage":"cs"},{"@type":"Organization","@id":"https:\/\/www.texpol.sk\/cs\/#organization","name":"texpol.sk","url":"https:\/\/www.texpol.sk\/cs\/","logo":{"@type":"ImageObject","inLanguage":"cs","@id":"https:\/\/www.texpol.sk\/cs\/#\/schema\/logo\/image\/","url":"https:\/\/www.texpol.sk\/wp-content\/uploads\/2022\/12\/texpol-logo-navbar.png","contentUrl":"https:\/\/www.texpol.sk\/wp-content\/uploads\/2022\/12\/texpol-logo-navbar.png","width":151,"height":57,"caption":"texpol.sk"},"image":{"@id":"https:\/\/www.texpol.sk\/cs\/#\/schema\/logo\/image\/"}}]}},"_links":{"self":[{"href":"https:\/\/www.texpol.sk\/cs\/wp-json\/wp\/v2\/product\/24354","targetHints":{"allow":["GET"]}}],"collection":[{"href":"https:\/\/www.texpol.sk\/cs\/wp-json\/wp\/v2\/product"}],"about":[{"href":"https:\/\/www.texpol.sk\/cs\/wp-json\/wp\/v2\/types\/product"}],"replies":[{"embeddable":true,"href":"https:\/\/www.texpol.sk\/cs\/wp-json\/wp\/v2\/comments?post=24354"}],"wp:featuredmedia":[{"embeddable":true,"href":"https:\/\/www.texpol.sk\/cs\/wp-json\/wp\/v2\/media\/22836"}],"wp:attachment":[{"href":"https:\/\/www.texpol.sk\/cs\/wp-json\/wp\/v2\/media?parent=24354"}],"wp:term":[{"taxonomy":"product_cat","embeddable":true,"href":"https:\/\/www.texpol.sk\/cs\/wp-json\/wp\/v2\/product_cat?post=24354"},{"taxonomy":"product_tag","embeddable":true,"href":"https:\/\/www.texpol.sk\/cs\/wp-json\/wp\/v2\/product_tag?post=24354"}],"curies":[{"name":"wp","href":"https:\/\/api.w.org\/{rel}","templated":true}]}}