{"id":24411,"date":"2017-07-31T09:48:07","date_gmt":"2017-07-31T09:48:07","guid":{"rendered":"https:\/\/www.texpol.sk\/eshop\/nezaraden\u00e9\/vysoce-kvalitni-sendvicova-matrace-victory\/"},"modified":"2025-06-10T13:12:18","modified_gmt":"2025-06-10T13:12:18","slug":"vysoce-kvalitni-sendvicova-matrace-victory","status":"publish","type":"product","link":"https:\/\/www.texpol.sk\/cs\/eshop\/matrace-cs\/podle-vyuziti\/pro-dospele\/vysoce-kvalitni-sendvicova-matrace-victory\/","title":{"rendered":"Vysoce kvalitn\u00ed sendvi\u010dov\u00e1 matrace Victory"},"content":{"rendered":"","protected":false},"excerpt":{"rendered":"<h4><\/h4>\n<p><strong>Kvalitn\u00ed sendvi\u010dov\u00e1 <\/strong>matrace <strong>Victory <\/strong>je <strong>vysok\u00e1 23<\/strong> <strong>cm<\/strong>. <strong>Matrace,<\/strong> jej\u00ed\u017e slo\u017een\u00ed se p\u0159izp\u016fsob\u00ed v\u0161em v\u00e1hov\u00fdm kategori\u00edm. Skl\u00e1d\u00e1 se z r\u016fzn\u00fdch druh\u016f materi\u00e1l\u016f nejvy\u0161\u0161\u00ed kvality. Ve spojen\u00ed s <strong>potahem TENCEL<\/strong> uspokoj\u00ed i toho nejn\u00e1ro\u010dn\u011bj\u0161\u00edho z\u00e1kazn\u00edka.<\/p>\n<h3><\/h3>\n<h4><strong>DOD\u00c1N\u00cd DO 10 PRACOVN\u00cdCH DN\u016e<\/strong><\/h4>\n","protected":false},"featured_media":22645,"comment_status":"closed","ping_status":"closed","template":"","meta":{"_acf_changed":false,"inline_featured_image":false},"product_cat":[915,916,912,922,929,908,918,909,921,925],"product_tag":[],"class_list":{"0":"post-24411","1":"product","2":"type-product","3":"status-publish","4":"has-post-thumbnail","6":"product_cat-podle-pouzitych-materialu","7":"product_cat-latexove-cs","8":"product_cat-t3-stredne-tvrda-matrace","9":"product_cat-podle-vyuziti","10":"product_cat-vysoka-nosnost-cs","11":"product_cat-matrace-cs","12":"product_cat-prirodni","13":"product_cat-matrace-podle-tvrdosti","14":"product_cat-ze-studene-peny","15":"product_cat-pro-dospele","16":"pa_velkost-195x80cm-cs","17":"pa_velkost-195x85cm-cs","18":"pa_velkost-195x90cm-cs","19":"pa_velkost-200x80cm-cs","20":"pa_velkost-200x85cm-cs","21":"pa_velkost-200x90cm-cs","22":"pa_velkost-200x100cm-cs","23":"pa_velkost-200x120cm-cs","24":"pa_velkost-200-x-140-cm","25":"pa_velkost-200x160cm-cs","26":"pa_velkost-200x180cm-cs","27":"pa_velkost-200-x-200-cm","29":"first","30":"onbackorder","31":"taxable","32":"shipping-taxable","33":"product-type-variable"},"acf":[],"yoast_head":"<!-- This site is optimized with the Yoast SEO plugin v23.9 - https:\/\/yoast.com\/wordpress\/plugins\/seo\/ -->\n<title>Vysoce kvalitn\u00ed sendvi\u010dov\u00e1 matrace Victory | texpol.sk<\/title>\n<meta name=\"robots\" content=\"index, follow, max-snippet:-1, max-image-preview:large, max-video-preview:-1\" \/>\n<link rel=\"canonical\" href=\"https:\/\/www.texpol.sk\/cs\/eshop\/matrace-cs\/podle-vyuziti\/pro-dospele\/vysoce-kvalitni-sendvicova-matrace-victory\/\" \/>\n<meta property=\"og:locale\" content=\"cs_CZ\" \/>\n<meta property=\"og:type\" content=\"article\" \/>\n<meta property=\"og:title\" content=\"Vysoce kvalitn\u00ed sendvi\u010dov\u00e1 matrace Victory | texpol.sk\" \/>\n<meta property=\"og:description\" content=\"Kvalitn\u00ed sendvi\u010dov\u00e1 matrace Victory je vysok\u00e1 23 cm. Matrace, jej\u00ed\u017e slo\u017een\u00ed se p\u0159izp\u016fsob\u00ed v\u0161em v\u00e1hov\u00fdm kategori\u00edm. Skl\u00e1d\u00e1 se z r\u016fzn\u00fdch druh\u016f materi\u00e1l\u016f nejvy\u0161\u0161\u00ed kvality. Ve spojen\u00ed s potahem TENCEL uspokoj\u00ed i toho nejn\u00e1ro\u010dn\u011bj\u0161\u00edho z\u00e1kazn\u00edka.  DOD\u00c1N\u00cd DO 10 PRACOVN\u00cdCH DN\u016e\" \/>\n<meta property=\"og:url\" content=\"https:\/\/www.texpol.sk\/cs\/eshop\/matrace-cs\/podle-vyuziti\/pro-dospele\/vysoce-kvalitni-sendvicova-matrace-victory\/\" \/>\n<meta property=\"og:site_name\" content=\"texpol.sk\" \/>\n<meta property=\"article:modified_time\" content=\"2025-06-10T13:12:18+00:00\" \/>\n<meta property=\"og:image\" content=\"http:\/\/www.texpol.sk\/wp-content\/uploads\/2017\/07\/Victory-1.jpg\" \/>\n\t<meta property=\"og:image:width\" content=\"600\" \/>\n\t<meta property=\"og:image:height\" content=\"600\" \/>\n\t<meta property=\"og:image:type\" content=\"image\/jpeg\" \/>\n<meta name=\"twitter:card\" content=\"summary_large_image\" \/>\n<meta name=\"twitter:label1\" content=\"Odhadovan\u00e1 doba \u010dten\u00ed\" \/>\n\t<meta name=\"twitter:data1\" content=\"1 minuta\" \/>\n<script type=\"application\/ld+json\" class=\"yoast-schema-graph\">{\"@context\":\"https:\/\/schema.org\",\"@graph\":[{\"@type\":\"WebPage\",\"@id\":\"https:\/\/www.texpol.sk\/cs\/eshop\/matrace-cs\/podle-vyuziti\/pro-dospele\/vysoce-kvalitni-sendvicova-matrace-victory\/\",\"url\":\"https:\/\/www.texpol.sk\/cs\/eshop\/matrace-cs\/podle-vyuziti\/pro-dospele\/vysoce-kvalitni-sendvicova-matrace-victory\/\",\"name\":\"Vysoce kvalitn\u00ed sendvi\u010dov\u00e1 matrace Victory | texpol.sk\",\"isPartOf\":{\"@id\":\"https:\/\/www.texpol.sk\/cs\/#website\"},\"primaryImageOfPage\":{\"@id\":\"https:\/\/www.texpol.sk\/cs\/eshop\/matrace-cs\/podle-vyuziti\/pro-dospele\/vysoce-kvalitni-sendvicova-matrace-victory\/#primaryimage\"},\"image\":{\"@id\":\"https:\/\/www.texpol.sk\/cs\/eshop\/matrace-cs\/podle-vyuziti\/pro-dospele\/vysoce-kvalitni-sendvicova-matrace-victory\/#primaryimage\"},\"thumbnailUrl\":\"https:\/\/www.texpol.sk\/wp-content\/uploads\/2017\/07\/Victory-1.jpg\",\"datePublished\":\"2017-07-31T09:48:07+00:00\",\"dateModified\":\"2025-06-10T13:12:18+00:00\",\"breadcrumb\":{\"@id\":\"https:\/\/www.texpol.sk\/cs\/eshop\/matrace-cs\/podle-vyuziti\/pro-dospele\/vysoce-kvalitni-sendvicova-matrace-victory\/#breadcrumb\"},\"inLanguage\":\"cs\",\"potentialAction\":[{\"@type\":\"ReadAction\",\"target\":[\"https:\/\/www.texpol.sk\/cs\/eshop\/matrace-cs\/podle-vyuziti\/pro-dospele\/vysoce-kvalitni-sendvicova-matrace-victory\/\"]}]},{\"@type\":\"ImageObject\",\"inLanguage\":\"cs\",\"@id\":\"https:\/\/www.texpol.sk\/cs\/eshop\/matrace-cs\/podle-vyuziti\/pro-dospele\/vysoce-kvalitni-sendvicova-matrace-victory\/#primaryimage\",\"url\":\"https:\/\/www.texpol.sk\/wp-content\/uploads\/2017\/07\/Victory-1.jpg\",\"contentUrl\":\"https:\/\/www.texpol.sk\/wp-content\/uploads\/2017\/07\/Victory-1.jpg\",\"width\":600,\"height\":600,\"caption\":\"Victory\"},{\"@type\":\"BreadcrumbList\",\"@id\":\"https:\/\/www.texpol.sk\/cs\/eshop\/matrace-cs\/podle-vyuziti\/pro-dospele\/vysoce-kvalitni-sendvicova-matrace-victory\/#breadcrumb\",\"itemListElement\":[{\"@type\":\"ListItem\",\"position\":1,\"name\":\"Home\",\"item\":\"https:\/\/www.texpol.sk\/cs\/\"},{\"@type\":\"ListItem\",\"position\":2,\"name\":\"Produkty\",\"item\":\"https:\/\/www.texpol.sk\/cs\/shop\/\"},{\"@type\":\"ListItem\",\"position\":3,\"name\":\"Vysoce kvalitn\u00ed sendvi\u010dov\u00e1 matrace Victory\"}]},{\"@type\":\"WebSite\",\"@id\":\"https:\/\/www.texpol.sk\/cs\/#website\",\"url\":\"https:\/\/www.texpol.sk\/cs\/\",\"name\":\"texpol.sk\",\"description\":\"\",\"publisher\":{\"@id\":\"https:\/\/www.texpol.sk\/cs\/#organization\"},\"potentialAction\":[{\"@type\":\"SearchAction\",\"target\":{\"@type\":\"EntryPoint\",\"urlTemplate\":\"https:\/\/www.texpol.sk\/cs\/?s={search_term_string}\"},\"query-input\":{\"@type\":\"PropertyValueSpecification\",\"valueRequired\":true,\"valueName\":\"search_term_string\"}}],\"inLanguage\":\"cs\"},{\"@type\":\"Organization\",\"@id\":\"https:\/\/www.texpol.sk\/cs\/#organization\",\"name\":\"texpol.sk\",\"url\":\"https:\/\/www.texpol.sk\/cs\/\",\"logo\":{\"@type\":\"ImageObject\",\"inLanguage\":\"cs\",\"@id\":\"https:\/\/www.texpol.sk\/cs\/#\/schema\/logo\/image\/\",\"url\":\"https:\/\/www.texpol.sk\/wp-content\/uploads\/2022\/12\/texpol-logo-navbar.png\",\"contentUrl\":\"https:\/\/www.texpol.sk\/wp-content\/uploads\/2022\/12\/texpol-logo-navbar.png\",\"width\":151,\"height\":57,\"caption\":\"texpol.sk\"},\"image\":{\"@id\":\"https:\/\/www.texpol.sk\/cs\/#\/schema\/logo\/image\/\"}}]}<\/script>\n<!-- \/ Yoast SEO plugin. -->","yoast_head_json":{"title":"Vysoce kvalitn\u00ed sendvi\u010dov\u00e1 matrace Victory | texpol.sk","robots":{"index":"index","follow":"follow","max-snippet":"max-snippet:-1","max-image-preview":"max-image-preview:large","max-video-preview":"max-video-preview:-1"},"canonical":"https:\/\/www.texpol.sk\/cs\/eshop\/matrace-cs\/podle-vyuziti\/pro-dospele\/vysoce-kvalitni-sendvicova-matrace-victory\/","og_locale":"cs_CZ","og_type":"article","og_title":"Vysoce kvalitn\u00ed sendvi\u010dov\u00e1 matrace Victory | texpol.sk","og_description":"Kvalitn\u00ed sendvi\u010dov\u00e1 matrace Victory je vysok\u00e1 23 cm. Matrace, jej\u00ed\u017e slo\u017een\u00ed se p\u0159izp\u016fsob\u00ed v\u0161em v\u00e1hov\u00fdm kategori\u00edm. Skl\u00e1d\u00e1 se z r\u016fzn\u00fdch druh\u016f materi\u00e1l\u016f nejvy\u0161\u0161\u00ed kvality. Ve spojen\u00ed s potahem TENCEL uspokoj\u00ed i toho nejn\u00e1ro\u010dn\u011bj\u0161\u00edho z\u00e1kazn\u00edka.  DOD\u00c1N\u00cd DO 10 PRACOVN\u00cdCH DN\u016e","og_url":"https:\/\/www.texpol.sk\/cs\/eshop\/matrace-cs\/podle-vyuziti\/pro-dospele\/vysoce-kvalitni-sendvicova-matrace-victory\/","og_site_name":"texpol.sk","article_modified_time":"2025-06-10T13:12:18+00:00","og_image":[{"width":600,"height":600,"url":"http:\/\/www.texpol.sk\/wp-content\/uploads\/2017\/07\/Victory-1.jpg","type":"image\/jpeg"}],"twitter_card":"summary_large_image","twitter_misc":{"Odhadovan\u00e1 doba \u010dten\u00ed":"1 minuta"},"schema":{"@context":"https:\/\/schema.org","@graph":[{"@type":"WebPage","@id":"https:\/\/www.texpol.sk\/cs\/eshop\/matrace-cs\/podle-vyuziti\/pro-dospele\/vysoce-kvalitni-sendvicova-matrace-victory\/","url":"https:\/\/www.texpol.sk\/cs\/eshop\/matrace-cs\/podle-vyuziti\/pro-dospele\/vysoce-kvalitni-sendvicova-matrace-victory\/","name":"Vysoce kvalitn\u00ed sendvi\u010dov\u00e1 matrace Victory | texpol.sk","isPartOf":{"@id":"https:\/\/www.texpol.sk\/cs\/#website"},"primaryImageOfPage":{"@id":"https:\/\/www.texpol.sk\/cs\/eshop\/matrace-cs\/podle-vyuziti\/pro-dospele\/vysoce-kvalitni-sendvicova-matrace-victory\/#primaryimage"},"image":{"@id":"https:\/\/www.texpol.sk\/cs\/eshop\/matrace-cs\/podle-vyuziti\/pro-dospele\/vysoce-kvalitni-sendvicova-matrace-victory\/#primaryimage"},"thumbnailUrl":"https:\/\/www.texpol.sk\/wp-content\/uploads\/2017\/07\/Victory-1.jpg","datePublished":"2017-07-31T09:48:07+00:00","dateModified":"2025-06-10T13:12:18+00:00","breadcrumb":{"@id":"https:\/\/www.texpol.sk\/cs\/eshop\/matrace-cs\/podle-vyuziti\/pro-dospele\/vysoce-kvalitni-sendvicova-matrace-victory\/#breadcrumb"},"inLanguage":"cs","potentialAction":[{"@type":"ReadAction","target":["https:\/\/www.texpol.sk\/cs\/eshop\/matrace-cs\/podle-vyuziti\/pro-dospele\/vysoce-kvalitni-sendvicova-matrace-victory\/"]}]},{"@type":"ImageObject","inLanguage":"cs","@id":"https:\/\/www.texpol.sk\/cs\/eshop\/matrace-cs\/podle-vyuziti\/pro-dospele\/vysoce-kvalitni-sendvicova-matrace-victory\/#primaryimage","url":"https:\/\/www.texpol.sk\/wp-content\/uploads\/2017\/07\/Victory-1.jpg","contentUrl":"https:\/\/www.texpol.sk\/wp-content\/uploads\/2017\/07\/Victory-1.jpg","width":600,"height":600,"caption":"Victory"},{"@type":"BreadcrumbList","@id":"https:\/\/www.texpol.sk\/cs\/eshop\/matrace-cs\/podle-vyuziti\/pro-dospele\/vysoce-kvalitni-sendvicova-matrace-victory\/#breadcrumb","itemListElement":[{"@type":"ListItem","position":1,"name":"Home","item":"https:\/\/www.texpol.sk\/cs\/"},{"@type":"ListItem","position":2,"name":"Produkty","item":"https:\/\/www.texpol.sk\/cs\/shop\/"},{"@type":"ListItem","position":3,"name":"Vysoce kvalitn\u00ed sendvi\u010dov\u00e1 matrace Victory"}]},{"@type":"WebSite","@id":"https:\/\/www.texpol.sk\/cs\/#website","url":"https:\/\/www.texpol.sk\/cs\/","name":"texpol.sk","description":"","publisher":{"@id":"https:\/\/www.texpol.sk\/cs\/#organization"},"potentialAction":[{"@type":"SearchAction","target":{"@type":"EntryPoint","urlTemplate":"https:\/\/www.texpol.sk\/cs\/?s={search_term_string}"},"query-input":{"@type":"PropertyValueSpecification","valueRequired":true,"valueName":"search_term_string"}}],"inLanguage":"cs"},{"@type":"Organization","@id":"https:\/\/www.texpol.sk\/cs\/#organization","name":"texpol.sk","url":"https:\/\/www.texpol.sk\/cs\/","logo":{"@type":"ImageObject","inLanguage":"cs","@id":"https:\/\/www.texpol.sk\/cs\/#\/schema\/logo\/image\/","url":"https:\/\/www.texpol.sk\/wp-content\/uploads\/2022\/12\/texpol-logo-navbar.png","contentUrl":"https:\/\/www.texpol.sk\/wp-content\/uploads\/2022\/12\/texpol-logo-navbar.png","width":151,"height":57,"caption":"texpol.sk"},"image":{"@id":"https:\/\/www.texpol.sk\/cs\/#\/schema\/logo\/image\/"}}]}},"_links":{"self":[{"href":"https:\/\/www.texpol.sk\/cs\/wp-json\/wp\/v2\/product\/24411","targetHints":{"allow":["GET"]}}],"collection":[{"href":"https:\/\/www.texpol.sk\/cs\/wp-json\/wp\/v2\/product"}],"about":[{"href":"https:\/\/www.texpol.sk\/cs\/wp-json\/wp\/v2\/types\/product"}],"replies":[{"embeddable":true,"href":"https:\/\/www.texpol.sk\/cs\/wp-json\/wp\/v2\/comments?post=24411"}],"wp:featuredmedia":[{"embeddable":true,"href":"https:\/\/www.texpol.sk\/cs\/wp-json\/wp\/v2\/media\/22645"}],"wp:attachment":[{"href":"https:\/\/www.texpol.sk\/cs\/wp-json\/wp\/v2\/media?parent=24411"}],"wp:term":[{"taxonomy":"product_cat","embeddable":true,"href":"https:\/\/www.texpol.sk\/cs\/wp-json\/wp\/v2\/product_cat?post=24411"},{"taxonomy":"product_tag","embeddable":true,"href":"https:\/\/www.texpol.sk\/cs\/wp-json\/wp\/v2\/product_tag?post=24411"}],"curies":[{"name":"wp","href":"https:\/\/api.w.org\/{rel}","templated":true}]}}