{"id":24452,"date":"2017-11-29T10:01:17","date_gmt":"2017-11-29T10:01:17","guid":{"rendered":"https:\/\/www.texpol.sk\/eshop\/nezaraden\u00e9\/matrace-na-tasku-stela-bio\/"},"modified":"2025-06-10T12:48:55","modified_gmt":"2025-06-10T12:48:55","slug":"tastickova-matrace-stela-bio","status":"publish","type":"product","link":"https:\/\/www.texpol.sk\/cs\/eshop\/matrace-cs\/podle-vyuziti\/pro-dospele\/tastickova-matrace-stela-bio\/","title":{"rendered":"Ta\u0161ti\u010dkov\u00e1 matrace Stela Bio"},"content":{"rendered":"","protected":false},"excerpt":{"rendered":"<h4><\/h4>\n<p><strong>Pohodln\u00e1 ta\u0161ti\u010dkov\u00e1<\/strong> matrace <strong>STELA BIO<\/strong> je <strong>p\u011btiz\u00f3nov\u00e1<\/strong> matrace <strong>o v\u00fd\u0161ce 21 cm<\/strong>. J\u00e1dro tvo\u0159\u00ed <strong>ta\u0161ti\u010dkov\u00e9 pru\u017einy <\/strong>uspo\u0159\u00e1dan\u00e9 do<strong> <strong>5 anatomick\u00fdch z\u00f3n<\/strong>. <\/strong>Tvrd\u0161\u00ed strana je tvo\u0159ena<strong> <strong>kokosovou deskou<\/strong> <\/strong>. Vrchn\u00ed \u010d\u00e1st je tvo\u0159ena oboustrannou<strong> <strong>latexovou vrstvou<\/strong>.<br \/>\n<\/strong><\/p>\n<h3><\/h3>\n<h4><strong>DOD\u00c1N\u00cd DO 10 PRACOVN\u00cdCH DN\u016e<\/strong><\/h4>\n","protected":false},"featured_media":22642,"comment_status":"closed","ping_status":"closed","template":"","meta":{"_acf_changed":false,"inline_featured_image":false},"product_cat":[915,916,912,913,922,908,918,909,920,925],"product_tag":[],"class_list":{"0":"post-24452","1":"product","2":"type-product","3":"status-publish","4":"has-post-thumbnail","6":"product_cat-podle-pouzitych-materialu","7":"product_cat-latexove-cs","8":"product_cat-t3-stredne-tvrda-matrace","9":"product_cat-t4-tvrda-matrace","10":"product_cat-podle-vyuziti","11":"product_cat-matrace-cs","12":"product_cat-prirodni","13":"product_cat-matrace-podle-tvrdosti","14":"product_cat-tastickove-cs","15":"product_cat-pro-dospele","16":"pa_velkost-190-x-80-cm","17":"pa_velkost-190-x-85-cm","18":"pa_velkost-190-x-90-cm","19":"pa_velkost-195x80cm-cs","20":"pa_velkost-195x85cm-cs","21":"pa_velkost-195x90cm-cs","22":"pa_velkost-200x80cm-cs","23":"pa_velkost-200x85cm-cs","24":"pa_velkost-200x90cm-cs","25":"pa_velkost-200x100cm-cs","26":"pa_velkost-200x120cm-cs","27":"pa_velkost-200-x-140-cm","28":"pa_velkost-200x160cm-cs","29":"pa_velkost-200x180cm-cs","30":"pa_velkost-200-x-200-cm","32":"first","33":"onbackorder","34":"taxable","35":"shipping-taxable","36":"product-type-variable","37":"has-default-attributes"},"acf":[],"yoast_head":"<!-- This site is optimized with the Yoast SEO plugin v23.9 - https:\/\/yoast.com\/wordpress\/plugins\/seo\/ -->\n<title>Ta\u0161ti\u010dkov\u00e1 matrace Stela Bio | texpol.sk<\/title>\n<meta name=\"robots\" content=\"index, follow, max-snippet:-1, max-image-preview:large, max-video-preview:-1\" \/>\n<link rel=\"canonical\" href=\"https:\/\/www.texpol.sk\/cs\/eshop\/matrace-cs\/podle-vyuziti\/pro-dospele\/tastickova-matrace-stela-bio\/\" \/>\n<meta property=\"og:locale\" content=\"cs_CZ\" \/>\n<meta property=\"og:type\" content=\"article\" \/>\n<meta property=\"og:title\" content=\"Ta\u0161ti\u010dkov\u00e1 matrace Stela Bio | texpol.sk\" \/>\n<meta property=\"og:description\" content=\"Pohodln\u00e1 ta\u0161ti\u010dkov\u00e1 matrace STELA BIO je p\u011btiz\u00f3nov\u00e1 matrace o v\u00fd\u0161ce 21 cm. J\u00e1dro tvo\u0159\u00ed ta\u0161ti\u010dkov\u00e9 pru\u017einy uspo\u0159\u00e1dan\u00e9 do 5 anatomick\u00fdch z\u00f3n. Tvrd\u0161\u00ed strana je tvo\u0159ena kokosovou deskou . Vrchn\u00ed \u010d\u00e1st je tvo\u0159ena oboustrannou latexovou vrstvou.   DOD\u00c1N\u00cd DO 10 PRACOVN\u00cdCH DN\u016e\" \/>\n<meta property=\"og:url\" content=\"https:\/\/www.texpol.sk\/cs\/eshop\/matrace-cs\/podle-vyuziti\/pro-dospele\/tastickova-matrace-stela-bio\/\" \/>\n<meta property=\"og:site_name\" content=\"texpol.sk\" \/>\n<meta property=\"article:modified_time\" content=\"2025-06-10T12:48:55+00:00\" \/>\n<meta property=\"og:image\" content=\"http:\/\/www.texpol.sk\/wp-content\/uploads\/2017\/11\/Stela-bio-1.jpg\" \/>\n\t<meta property=\"og:image:width\" content=\"600\" \/>\n\t<meta property=\"og:image:height\" content=\"600\" \/>\n\t<meta property=\"og:image:type\" content=\"image\/jpeg\" \/>\n<meta name=\"twitter:card\" content=\"summary_large_image\" \/>\n<meta name=\"twitter:label1\" content=\"Odhadovan\u00e1 doba \u010dten\u00ed\" \/>\n\t<meta name=\"twitter:data1\" content=\"1 minuta\" \/>\n<script type=\"application\/ld+json\" class=\"yoast-schema-graph\">{\"@context\":\"https:\/\/schema.org\",\"@graph\":[{\"@type\":\"WebPage\",\"@id\":\"https:\/\/www.texpol.sk\/cs\/eshop\/matrace-cs\/podle-vyuziti\/pro-dospele\/tastickova-matrace-stela-bio\/\",\"url\":\"https:\/\/www.texpol.sk\/cs\/eshop\/matrace-cs\/podle-vyuziti\/pro-dospele\/tastickova-matrace-stela-bio\/\",\"name\":\"Ta\u0161ti\u010dkov\u00e1 matrace Stela Bio | texpol.sk\",\"isPartOf\":{\"@id\":\"https:\/\/www.texpol.sk\/cs\/#website\"},\"primaryImageOfPage\":{\"@id\":\"https:\/\/www.texpol.sk\/cs\/eshop\/matrace-cs\/podle-vyuziti\/pro-dospele\/tastickova-matrace-stela-bio\/#primaryimage\"},\"image\":{\"@id\":\"https:\/\/www.texpol.sk\/cs\/eshop\/matrace-cs\/podle-vyuziti\/pro-dospele\/tastickova-matrace-stela-bio\/#primaryimage\"},\"thumbnailUrl\":\"https:\/\/www.texpol.sk\/wp-content\/uploads\/2017\/11\/Stela-bio-1.jpg\",\"datePublished\":\"2017-11-29T10:01:17+00:00\",\"dateModified\":\"2025-06-10T12:48:55+00:00\",\"breadcrumb\":{\"@id\":\"https:\/\/www.texpol.sk\/cs\/eshop\/matrace-cs\/podle-vyuziti\/pro-dospele\/tastickova-matrace-stela-bio\/#breadcrumb\"},\"inLanguage\":\"cs\",\"potentialAction\":[{\"@type\":\"ReadAction\",\"target\":[\"https:\/\/www.texpol.sk\/cs\/eshop\/matrace-cs\/podle-vyuziti\/pro-dospele\/tastickova-matrace-stela-bio\/\"]}]},{\"@type\":\"ImageObject\",\"inLanguage\":\"cs\",\"@id\":\"https:\/\/www.texpol.sk\/cs\/eshop\/matrace-cs\/podle-vyuziti\/pro-dospele\/tastickova-matrace-stela-bio\/#primaryimage\",\"url\":\"https:\/\/www.texpol.sk\/wp-content\/uploads\/2017\/11\/Stela-bio-1.jpg\",\"contentUrl\":\"https:\/\/www.texpol.sk\/wp-content\/uploads\/2017\/11\/Stela-bio-1.jpg\",\"width\":600,\"height\":600,\"caption\":\"Stela bio\"},{\"@type\":\"BreadcrumbList\",\"@id\":\"https:\/\/www.texpol.sk\/cs\/eshop\/matrace-cs\/podle-vyuziti\/pro-dospele\/tastickova-matrace-stela-bio\/#breadcrumb\",\"itemListElement\":[{\"@type\":\"ListItem\",\"position\":1,\"name\":\"Home\",\"item\":\"https:\/\/www.texpol.sk\/cs\/\"},{\"@type\":\"ListItem\",\"position\":2,\"name\":\"Produkty\",\"item\":\"https:\/\/www.texpol.sk\/cs\/shop\/\"},{\"@type\":\"ListItem\",\"position\":3,\"name\":\"Ta\u0161ti\u010dkov\u00e1 matrace Stela Bio\"}]},{\"@type\":\"WebSite\",\"@id\":\"https:\/\/www.texpol.sk\/cs\/#website\",\"url\":\"https:\/\/www.texpol.sk\/cs\/\",\"name\":\"texpol.sk\",\"description\":\"\",\"publisher\":{\"@id\":\"https:\/\/www.texpol.sk\/cs\/#organization\"},\"potentialAction\":[{\"@type\":\"SearchAction\",\"target\":{\"@type\":\"EntryPoint\",\"urlTemplate\":\"https:\/\/www.texpol.sk\/cs\/?s={search_term_string}\"},\"query-input\":{\"@type\":\"PropertyValueSpecification\",\"valueRequired\":true,\"valueName\":\"search_term_string\"}}],\"inLanguage\":\"cs\"},{\"@type\":\"Organization\",\"@id\":\"https:\/\/www.texpol.sk\/cs\/#organization\",\"name\":\"texpol.sk\",\"url\":\"https:\/\/www.texpol.sk\/cs\/\",\"logo\":{\"@type\":\"ImageObject\",\"inLanguage\":\"cs\",\"@id\":\"https:\/\/www.texpol.sk\/cs\/#\/schema\/logo\/image\/\",\"url\":\"https:\/\/www.texpol.sk\/wp-content\/uploads\/2022\/12\/texpol-logo-navbar.png\",\"contentUrl\":\"https:\/\/www.texpol.sk\/wp-content\/uploads\/2022\/12\/texpol-logo-navbar.png\",\"width\":151,\"height\":57,\"caption\":\"texpol.sk\"},\"image\":{\"@id\":\"https:\/\/www.texpol.sk\/cs\/#\/schema\/logo\/image\/\"}}]}<\/script>\n<!-- \/ Yoast SEO plugin. -->","yoast_head_json":{"title":"Ta\u0161ti\u010dkov\u00e1 matrace Stela Bio | texpol.sk","robots":{"index":"index","follow":"follow","max-snippet":"max-snippet:-1","max-image-preview":"max-image-preview:large","max-video-preview":"max-video-preview:-1"},"canonical":"https:\/\/www.texpol.sk\/cs\/eshop\/matrace-cs\/podle-vyuziti\/pro-dospele\/tastickova-matrace-stela-bio\/","og_locale":"cs_CZ","og_type":"article","og_title":"Ta\u0161ti\u010dkov\u00e1 matrace Stela Bio | texpol.sk","og_description":"Pohodln\u00e1 ta\u0161ti\u010dkov\u00e1 matrace STELA BIO je p\u011btiz\u00f3nov\u00e1 matrace o v\u00fd\u0161ce 21 cm. J\u00e1dro tvo\u0159\u00ed ta\u0161ti\u010dkov\u00e9 pru\u017einy uspo\u0159\u00e1dan\u00e9 do 5 anatomick\u00fdch z\u00f3n. Tvrd\u0161\u00ed strana je tvo\u0159ena kokosovou deskou . Vrchn\u00ed \u010d\u00e1st je tvo\u0159ena oboustrannou latexovou vrstvou.   DOD\u00c1N\u00cd DO 10 PRACOVN\u00cdCH DN\u016e","og_url":"https:\/\/www.texpol.sk\/cs\/eshop\/matrace-cs\/podle-vyuziti\/pro-dospele\/tastickova-matrace-stela-bio\/","og_site_name":"texpol.sk","article_modified_time":"2025-06-10T12:48:55+00:00","og_image":[{"width":600,"height":600,"url":"http:\/\/www.texpol.sk\/wp-content\/uploads\/2017\/11\/Stela-bio-1.jpg","type":"image\/jpeg"}],"twitter_card":"summary_large_image","twitter_misc":{"Odhadovan\u00e1 doba \u010dten\u00ed":"1 minuta"},"schema":{"@context":"https:\/\/schema.org","@graph":[{"@type":"WebPage","@id":"https:\/\/www.texpol.sk\/cs\/eshop\/matrace-cs\/podle-vyuziti\/pro-dospele\/tastickova-matrace-stela-bio\/","url":"https:\/\/www.texpol.sk\/cs\/eshop\/matrace-cs\/podle-vyuziti\/pro-dospele\/tastickova-matrace-stela-bio\/","name":"Ta\u0161ti\u010dkov\u00e1 matrace Stela Bio | texpol.sk","isPartOf":{"@id":"https:\/\/www.texpol.sk\/cs\/#website"},"primaryImageOfPage":{"@id":"https:\/\/www.texpol.sk\/cs\/eshop\/matrace-cs\/podle-vyuziti\/pro-dospele\/tastickova-matrace-stela-bio\/#primaryimage"},"image":{"@id":"https:\/\/www.texpol.sk\/cs\/eshop\/matrace-cs\/podle-vyuziti\/pro-dospele\/tastickova-matrace-stela-bio\/#primaryimage"},"thumbnailUrl":"https:\/\/www.texpol.sk\/wp-content\/uploads\/2017\/11\/Stela-bio-1.jpg","datePublished":"2017-11-29T10:01:17+00:00","dateModified":"2025-06-10T12:48:55+00:00","breadcrumb":{"@id":"https:\/\/www.texpol.sk\/cs\/eshop\/matrace-cs\/podle-vyuziti\/pro-dospele\/tastickova-matrace-stela-bio\/#breadcrumb"},"inLanguage":"cs","potentialAction":[{"@type":"ReadAction","target":["https:\/\/www.texpol.sk\/cs\/eshop\/matrace-cs\/podle-vyuziti\/pro-dospele\/tastickova-matrace-stela-bio\/"]}]},{"@type":"ImageObject","inLanguage":"cs","@id":"https:\/\/www.texpol.sk\/cs\/eshop\/matrace-cs\/podle-vyuziti\/pro-dospele\/tastickova-matrace-stela-bio\/#primaryimage","url":"https:\/\/www.texpol.sk\/wp-content\/uploads\/2017\/11\/Stela-bio-1.jpg","contentUrl":"https:\/\/www.texpol.sk\/wp-content\/uploads\/2017\/11\/Stela-bio-1.jpg","width":600,"height":600,"caption":"Stela bio"},{"@type":"BreadcrumbList","@id":"https:\/\/www.texpol.sk\/cs\/eshop\/matrace-cs\/podle-vyuziti\/pro-dospele\/tastickova-matrace-stela-bio\/#breadcrumb","itemListElement":[{"@type":"ListItem","position":1,"name":"Home","item":"https:\/\/www.texpol.sk\/cs\/"},{"@type":"ListItem","position":2,"name":"Produkty","item":"https:\/\/www.texpol.sk\/cs\/shop\/"},{"@type":"ListItem","position":3,"name":"Ta\u0161ti\u010dkov\u00e1 matrace Stela Bio"}]},{"@type":"WebSite","@id":"https:\/\/www.texpol.sk\/cs\/#website","url":"https:\/\/www.texpol.sk\/cs\/","name":"texpol.sk","description":"","publisher":{"@id":"https:\/\/www.texpol.sk\/cs\/#organization"},"potentialAction":[{"@type":"SearchAction","target":{"@type":"EntryPoint","urlTemplate":"https:\/\/www.texpol.sk\/cs\/?s={search_term_string}"},"query-input":{"@type":"PropertyValueSpecification","valueRequired":true,"valueName":"search_term_string"}}],"inLanguage":"cs"},{"@type":"Organization","@id":"https:\/\/www.texpol.sk\/cs\/#organization","name":"texpol.sk","url":"https:\/\/www.texpol.sk\/cs\/","logo":{"@type":"ImageObject","inLanguage":"cs","@id":"https:\/\/www.texpol.sk\/cs\/#\/schema\/logo\/image\/","url":"https:\/\/www.texpol.sk\/wp-content\/uploads\/2022\/12\/texpol-logo-navbar.png","contentUrl":"https:\/\/www.texpol.sk\/wp-content\/uploads\/2022\/12\/texpol-logo-navbar.png","width":151,"height":57,"caption":"texpol.sk"},"image":{"@id":"https:\/\/www.texpol.sk\/cs\/#\/schema\/logo\/image\/"}}]}},"_links":{"self":[{"href":"https:\/\/www.texpol.sk\/cs\/wp-json\/wp\/v2\/product\/24452","targetHints":{"allow":["GET"]}}],"collection":[{"href":"https:\/\/www.texpol.sk\/cs\/wp-json\/wp\/v2\/product"}],"about":[{"href":"https:\/\/www.texpol.sk\/cs\/wp-json\/wp\/v2\/types\/product"}],"replies":[{"embeddable":true,"href":"https:\/\/www.texpol.sk\/cs\/wp-json\/wp\/v2\/comments?post=24452"}],"wp:featuredmedia":[{"embeddable":true,"href":"https:\/\/www.texpol.sk\/cs\/wp-json\/wp\/v2\/media\/22642"}],"wp:attachment":[{"href":"https:\/\/www.texpol.sk\/cs\/wp-json\/wp\/v2\/media?parent=24452"}],"wp:term":[{"taxonomy":"product_cat","embeddable":true,"href":"https:\/\/www.texpol.sk\/cs\/wp-json\/wp\/v2\/product_cat?post=24452"},{"taxonomy":"product_tag","embeddable":true,"href":"https:\/\/www.texpol.sk\/cs\/wp-json\/wp\/v2\/product_tag?post=24452"}],"curies":[{"name":"wp","href":"https:\/\/api.w.org\/{rel}","templated":true}]}}