{"id":24605,"date":"2017-08-10T09:22:36","date_gmt":"2017-08-10T09:22:36","guid":{"rendered":"https:\/\/www.texpol.sk\/eshop\/nezaraden\u00e9\/kvalitni-tvrda-matrace-relax\/"},"modified":"2025-06-10T12:58:09","modified_gmt":"2025-06-10T12:58:09","slug":"kvalitni-tvrda-matrace-relax","status":"publish","type":"product","link":"https:\/\/www.texpol.sk\/cs\/eshop\/matrace-cs\/podle-vyuziti\/pro-dospele\/kvalitni-tvrda-matrace-relax\/","title":{"rendered":"Kvalitn\u00ed tvrd\u00e1 matrace Relax"},"content":{"rendered":"","protected":false},"excerpt":{"rendered":"<h4><\/h4>\n<p>Matrace<strong> RELAX<\/strong> je <strong>vysok\u00e1 18 cm<\/strong>. Jedn\u00e1 se o <strong>jednostrannou matraci<\/strong>, kter\u00e1 se skl\u00e1d\u00e1 ze 3 r\u016fzn\u00fdch materi\u00e1l\u016f. Vrchn\u00ed \u010d\u00e1st tvo\u0159\u00ed <strong>pam\u011b\u0165ov\u00e1 p\u011bna VISCO<\/strong> profilovan\u00e1 do <strong>5 anatomick\u00fdch z\u00f3n <\/strong>pro uvoln\u011bn\u00ed sval\u016f b\u011bhem sp\u00e1nku<strong>. <\/strong>St\u0159ed matrace tvo\u0159\u00ed <strong>kokosov\u00e1 vrstva<\/strong>, kter\u00e1 zajist\u00ed <strong>del\u0161\u00ed \u017eivotnost matrace<\/strong>. Spodn\u00ed \u010d\u00e1st je vyrobena ze <strong>studen\u00e9 HR p\u011bny<\/strong>.<\/p>\n<h3><\/h3>\n<h4><strong>DOD\u00c1N\u00cd DO 10 PRACOVN\u00cdCH DN\u016e<\/strong><\/h4>\n","protected":false},"featured_media":22643,"comment_status":"closed","ping_status":"closed","template":"","meta":{"_acf_changed":false,"inline_featured_image":false},"product_cat":[915,908,913,922,929,909,919,921,925],"product_tag":[],"class_list":{"0":"post-24605","1":"product","2":"type-product","3":"status-publish","4":"has-post-thumbnail","6":"product_cat-podle-pouzitych-materialu","7":"product_cat-matrace-cs","8":"product_cat-t4-tvrda-matrace","9":"product_cat-podle-vyuziti","10":"product_cat-vysoka-nosnost-cs","11":"product_cat-matrace-podle-tvrdosti","12":"product_cat-s-pametovou-penou","13":"product_cat-ze-studene-peny","14":"product_cat-pro-dospele","15":"pa_velkost-190-x-80-cm","16":"pa_velkost-190-x-85-cm","17":"pa_velkost-190-x-90-cm","18":"pa_velkost-195x80cm-cs","19":"pa_velkost-195x85cm-cs","20":"pa_velkost-195x90cm-cs","21":"pa_velkost-200x80cm-cs","22":"pa_velkost-200x85cm-cs","23":"pa_velkost-200x90cm-cs","24":"pa_velkost-200x100cm-cs","25":"pa_velkost-200x120cm-cs","26":"pa_velkost-200-x-140-cm","27":"pa_velkost-200x160cm-cs","28":"pa_velkost-200x180cm-cs","29":"pa_velkost-200-x-200-cm","31":"first","32":"onbackorder","33":"taxable","34":"shipping-taxable","35":"product-type-variable","36":"has-default-attributes"},"acf":[],"yoast_head":"<!-- This site is optimized with the Yoast SEO plugin v23.9 - https:\/\/yoast.com\/wordpress\/plugins\/seo\/ -->\n<title>Kvalitn\u00ed tvrd\u00e1 matrace Relax | texpol.sk<\/title>\n<meta name=\"robots\" content=\"index, follow, max-snippet:-1, max-image-preview:large, max-video-preview:-1\" \/>\n<link rel=\"canonical\" href=\"https:\/\/www.texpol.sk\/cs\/eshop\/matrace-cs\/podle-vyuziti\/pro-dospele\/kvalitni-tvrda-matrace-relax\/\" \/>\n<meta property=\"og:locale\" content=\"cs_CZ\" \/>\n<meta property=\"og:type\" content=\"article\" \/>\n<meta property=\"og:title\" content=\"Kvalitn\u00ed tvrd\u00e1 matrace Relax | texpol.sk\" \/>\n<meta property=\"og:description\" content=\"Matrace RELAX je vysok\u00e1 18 cm. Jedn\u00e1 se o jednostrannou matraci, kter\u00e1 se skl\u00e1d\u00e1 ze 3 r\u016fzn\u00fdch materi\u00e1l\u016f. Vrchn\u00ed \u010d\u00e1st tvo\u0159\u00ed pam\u011b\u0165ov\u00e1 p\u011bna VISCO profilovan\u00e1 do 5 anatomick\u00fdch z\u00f3n pro uvoln\u011bn\u00ed sval\u016f b\u011bhem sp\u00e1nku. St\u0159ed matrace tvo\u0159\u00ed kokosov\u00e1 vrstva, kter\u00e1 zajist\u00ed del\u0161\u00ed \u017eivotnost matrace. Spodn\u00ed \u010d\u00e1st je vyrobena ze studen\u00e9 HR p\u011bny.  DOD\u00c1N\u00cd DO 10 PRACOVN\u00cdCH DN\u016e\" \/>\n<meta property=\"og:url\" content=\"https:\/\/www.texpol.sk\/cs\/eshop\/matrace-cs\/podle-vyuziti\/pro-dospele\/kvalitni-tvrda-matrace-relax\/\" \/>\n<meta property=\"og:site_name\" content=\"texpol.sk\" \/>\n<meta property=\"article:modified_time\" content=\"2025-06-10T12:58:09+00:00\" \/>\n<meta property=\"og:image\" content=\"http:\/\/www.texpol.sk\/wp-content\/uploads\/2017\/08\/Relax-1.jpg\" \/>\n\t<meta property=\"og:image:width\" content=\"600\" \/>\n\t<meta property=\"og:image:height\" content=\"600\" \/>\n\t<meta property=\"og:image:type\" content=\"image\/jpeg\" \/>\n<meta name=\"twitter:card\" content=\"summary_large_image\" \/>\n<meta name=\"twitter:label1\" content=\"Odhadovan\u00e1 doba \u010dten\u00ed\" \/>\n\t<meta name=\"twitter:data1\" content=\"1 minuta\" \/>\n<script type=\"application\/ld+json\" class=\"yoast-schema-graph\">{\"@context\":\"https:\/\/schema.org\",\"@graph\":[{\"@type\":\"WebPage\",\"@id\":\"https:\/\/www.texpol.sk\/cs\/eshop\/matrace-cs\/podle-vyuziti\/pro-dospele\/kvalitni-tvrda-matrace-relax\/\",\"url\":\"https:\/\/www.texpol.sk\/cs\/eshop\/matrace-cs\/podle-vyuziti\/pro-dospele\/kvalitni-tvrda-matrace-relax\/\",\"name\":\"Kvalitn\u00ed tvrd\u00e1 matrace Relax | texpol.sk\",\"isPartOf\":{\"@id\":\"https:\/\/www.texpol.sk\/cs\/#website\"},\"primaryImageOfPage\":{\"@id\":\"https:\/\/www.texpol.sk\/cs\/eshop\/matrace-cs\/podle-vyuziti\/pro-dospele\/kvalitni-tvrda-matrace-relax\/#primaryimage\"},\"image\":{\"@id\":\"https:\/\/www.texpol.sk\/cs\/eshop\/matrace-cs\/podle-vyuziti\/pro-dospele\/kvalitni-tvrda-matrace-relax\/#primaryimage\"},\"thumbnailUrl\":\"https:\/\/www.texpol.sk\/wp-content\/uploads\/2017\/08\/Relax-1.jpg\",\"datePublished\":\"2017-08-10T09:22:36+00:00\",\"dateModified\":\"2025-06-10T12:58:09+00:00\",\"breadcrumb\":{\"@id\":\"https:\/\/www.texpol.sk\/cs\/eshop\/matrace-cs\/podle-vyuziti\/pro-dospele\/kvalitni-tvrda-matrace-relax\/#breadcrumb\"},\"inLanguage\":\"cs\",\"potentialAction\":[{\"@type\":\"ReadAction\",\"target\":[\"https:\/\/www.texpol.sk\/cs\/eshop\/matrace-cs\/podle-vyuziti\/pro-dospele\/kvalitni-tvrda-matrace-relax\/\"]}]},{\"@type\":\"ImageObject\",\"inLanguage\":\"cs\",\"@id\":\"https:\/\/www.texpol.sk\/cs\/eshop\/matrace-cs\/podle-vyuziti\/pro-dospele\/kvalitni-tvrda-matrace-relax\/#primaryimage\",\"url\":\"https:\/\/www.texpol.sk\/wp-content\/uploads\/2017\/08\/Relax-1.jpg\",\"contentUrl\":\"https:\/\/www.texpol.sk\/wp-content\/uploads\/2017\/08\/Relax-1.jpg\",\"width\":600,\"height\":600,\"caption\":\"Uvoln\u011bte se\"},{\"@type\":\"BreadcrumbList\",\"@id\":\"https:\/\/www.texpol.sk\/cs\/eshop\/matrace-cs\/podle-vyuziti\/pro-dospele\/kvalitni-tvrda-matrace-relax\/#breadcrumb\",\"itemListElement\":[{\"@type\":\"ListItem\",\"position\":1,\"name\":\"Home\",\"item\":\"https:\/\/www.texpol.sk\/cs\/\"},{\"@type\":\"ListItem\",\"position\":2,\"name\":\"Produkty\",\"item\":\"https:\/\/www.texpol.sk\/cs\/shop\/\"},{\"@type\":\"ListItem\",\"position\":3,\"name\":\"Kvalitn\u00ed tvrd\u00e1 matrace Relax\"}]},{\"@type\":\"WebSite\",\"@id\":\"https:\/\/www.texpol.sk\/cs\/#website\",\"url\":\"https:\/\/www.texpol.sk\/cs\/\",\"name\":\"texpol.sk\",\"description\":\"\",\"publisher\":{\"@id\":\"https:\/\/www.texpol.sk\/cs\/#organization\"},\"potentialAction\":[{\"@type\":\"SearchAction\",\"target\":{\"@type\":\"EntryPoint\",\"urlTemplate\":\"https:\/\/www.texpol.sk\/cs\/?s={search_term_string}\"},\"query-input\":{\"@type\":\"PropertyValueSpecification\",\"valueRequired\":true,\"valueName\":\"search_term_string\"}}],\"inLanguage\":\"cs\"},{\"@type\":\"Organization\",\"@id\":\"https:\/\/www.texpol.sk\/cs\/#organization\",\"name\":\"texpol.sk\",\"url\":\"https:\/\/www.texpol.sk\/cs\/\",\"logo\":{\"@type\":\"ImageObject\",\"inLanguage\":\"cs\",\"@id\":\"https:\/\/www.texpol.sk\/cs\/#\/schema\/logo\/image\/\",\"url\":\"https:\/\/www.texpol.sk\/wp-content\/uploads\/2022\/12\/texpol-logo-navbar.png\",\"contentUrl\":\"https:\/\/www.texpol.sk\/wp-content\/uploads\/2022\/12\/texpol-logo-navbar.png\",\"width\":151,\"height\":57,\"caption\":\"texpol.sk\"},\"image\":{\"@id\":\"https:\/\/www.texpol.sk\/cs\/#\/schema\/logo\/image\/\"}}]}<\/script>\n<!-- \/ Yoast SEO plugin. -->","yoast_head_json":{"title":"Kvalitn\u00ed tvrd\u00e1 matrace Relax | texpol.sk","robots":{"index":"index","follow":"follow","max-snippet":"max-snippet:-1","max-image-preview":"max-image-preview:large","max-video-preview":"max-video-preview:-1"},"canonical":"https:\/\/www.texpol.sk\/cs\/eshop\/matrace-cs\/podle-vyuziti\/pro-dospele\/kvalitni-tvrda-matrace-relax\/","og_locale":"cs_CZ","og_type":"article","og_title":"Kvalitn\u00ed tvrd\u00e1 matrace Relax | texpol.sk","og_description":"Matrace RELAX je vysok\u00e1 18 cm. Jedn\u00e1 se o jednostrannou matraci, kter\u00e1 se skl\u00e1d\u00e1 ze 3 r\u016fzn\u00fdch materi\u00e1l\u016f. Vrchn\u00ed \u010d\u00e1st tvo\u0159\u00ed pam\u011b\u0165ov\u00e1 p\u011bna VISCO profilovan\u00e1 do 5 anatomick\u00fdch z\u00f3n pro uvoln\u011bn\u00ed sval\u016f b\u011bhem sp\u00e1nku. St\u0159ed matrace tvo\u0159\u00ed kokosov\u00e1 vrstva, kter\u00e1 zajist\u00ed del\u0161\u00ed \u017eivotnost matrace. Spodn\u00ed \u010d\u00e1st je vyrobena ze studen\u00e9 HR p\u011bny.  DOD\u00c1N\u00cd DO 10 PRACOVN\u00cdCH DN\u016e","og_url":"https:\/\/www.texpol.sk\/cs\/eshop\/matrace-cs\/podle-vyuziti\/pro-dospele\/kvalitni-tvrda-matrace-relax\/","og_site_name":"texpol.sk","article_modified_time":"2025-06-10T12:58:09+00:00","og_image":[{"width":600,"height":600,"url":"http:\/\/www.texpol.sk\/wp-content\/uploads\/2017\/08\/Relax-1.jpg","type":"image\/jpeg"}],"twitter_card":"summary_large_image","twitter_misc":{"Odhadovan\u00e1 doba \u010dten\u00ed":"1 minuta"},"schema":{"@context":"https:\/\/schema.org","@graph":[{"@type":"WebPage","@id":"https:\/\/www.texpol.sk\/cs\/eshop\/matrace-cs\/podle-vyuziti\/pro-dospele\/kvalitni-tvrda-matrace-relax\/","url":"https:\/\/www.texpol.sk\/cs\/eshop\/matrace-cs\/podle-vyuziti\/pro-dospele\/kvalitni-tvrda-matrace-relax\/","name":"Kvalitn\u00ed tvrd\u00e1 matrace Relax | texpol.sk","isPartOf":{"@id":"https:\/\/www.texpol.sk\/cs\/#website"},"primaryImageOfPage":{"@id":"https:\/\/www.texpol.sk\/cs\/eshop\/matrace-cs\/podle-vyuziti\/pro-dospele\/kvalitni-tvrda-matrace-relax\/#primaryimage"},"image":{"@id":"https:\/\/www.texpol.sk\/cs\/eshop\/matrace-cs\/podle-vyuziti\/pro-dospele\/kvalitni-tvrda-matrace-relax\/#primaryimage"},"thumbnailUrl":"https:\/\/www.texpol.sk\/wp-content\/uploads\/2017\/08\/Relax-1.jpg","datePublished":"2017-08-10T09:22:36+00:00","dateModified":"2025-06-10T12:58:09+00:00","breadcrumb":{"@id":"https:\/\/www.texpol.sk\/cs\/eshop\/matrace-cs\/podle-vyuziti\/pro-dospele\/kvalitni-tvrda-matrace-relax\/#breadcrumb"},"inLanguage":"cs","potentialAction":[{"@type":"ReadAction","target":["https:\/\/www.texpol.sk\/cs\/eshop\/matrace-cs\/podle-vyuziti\/pro-dospele\/kvalitni-tvrda-matrace-relax\/"]}]},{"@type":"ImageObject","inLanguage":"cs","@id":"https:\/\/www.texpol.sk\/cs\/eshop\/matrace-cs\/podle-vyuziti\/pro-dospele\/kvalitni-tvrda-matrace-relax\/#primaryimage","url":"https:\/\/www.texpol.sk\/wp-content\/uploads\/2017\/08\/Relax-1.jpg","contentUrl":"https:\/\/www.texpol.sk\/wp-content\/uploads\/2017\/08\/Relax-1.jpg","width":600,"height":600,"caption":"Uvoln\u011bte se"},{"@type":"BreadcrumbList","@id":"https:\/\/www.texpol.sk\/cs\/eshop\/matrace-cs\/podle-vyuziti\/pro-dospele\/kvalitni-tvrda-matrace-relax\/#breadcrumb","itemListElement":[{"@type":"ListItem","position":1,"name":"Home","item":"https:\/\/www.texpol.sk\/cs\/"},{"@type":"ListItem","position":2,"name":"Produkty","item":"https:\/\/www.texpol.sk\/cs\/shop\/"},{"@type":"ListItem","position":3,"name":"Kvalitn\u00ed tvrd\u00e1 matrace Relax"}]},{"@type":"WebSite","@id":"https:\/\/www.texpol.sk\/cs\/#website","url":"https:\/\/www.texpol.sk\/cs\/","name":"texpol.sk","description":"","publisher":{"@id":"https:\/\/www.texpol.sk\/cs\/#organization"},"potentialAction":[{"@type":"SearchAction","target":{"@type":"EntryPoint","urlTemplate":"https:\/\/www.texpol.sk\/cs\/?s={search_term_string}"},"query-input":{"@type":"PropertyValueSpecification","valueRequired":true,"valueName":"search_term_string"}}],"inLanguage":"cs"},{"@type":"Organization","@id":"https:\/\/www.texpol.sk\/cs\/#organization","name":"texpol.sk","url":"https:\/\/www.texpol.sk\/cs\/","logo":{"@type":"ImageObject","inLanguage":"cs","@id":"https:\/\/www.texpol.sk\/cs\/#\/schema\/logo\/image\/","url":"https:\/\/www.texpol.sk\/wp-content\/uploads\/2022\/12\/texpol-logo-navbar.png","contentUrl":"https:\/\/www.texpol.sk\/wp-content\/uploads\/2022\/12\/texpol-logo-navbar.png","width":151,"height":57,"caption":"texpol.sk"},"image":{"@id":"https:\/\/www.texpol.sk\/cs\/#\/schema\/logo\/image\/"}}]}},"_links":{"self":[{"href":"https:\/\/www.texpol.sk\/cs\/wp-json\/wp\/v2\/product\/24605","targetHints":{"allow":["GET"]}}],"collection":[{"href":"https:\/\/www.texpol.sk\/cs\/wp-json\/wp\/v2\/product"}],"about":[{"href":"https:\/\/www.texpol.sk\/cs\/wp-json\/wp\/v2\/types\/product"}],"replies":[{"embeddable":true,"href":"https:\/\/www.texpol.sk\/cs\/wp-json\/wp\/v2\/comments?post=24605"}],"wp:featuredmedia":[{"embeddable":true,"href":"https:\/\/www.texpol.sk\/cs\/wp-json\/wp\/v2\/media\/22643"}],"wp:attachment":[{"href":"https:\/\/www.texpol.sk\/cs\/wp-json\/wp\/v2\/media?parent=24605"}],"wp:term":[{"taxonomy":"product_cat","embeddable":true,"href":"https:\/\/www.texpol.sk\/cs\/wp-json\/wp\/v2\/product_cat?post=24605"},{"taxonomy":"product_tag","embeddable":true,"href":"https:\/\/www.texpol.sk\/cs\/wp-json\/wp\/v2\/product_tag?post=24605"}],"curies":[{"name":"wp","href":"https:\/\/api.w.org\/{rel}","templated":true}]}}