{"id":24902,"date":"2017-07-25T14:07:08","date_gmt":"2017-07-25T14:07:08","guid":{"rendered":"https:\/\/www.texpol.sk\/eshop\/nezaraden\u00e9\/extra-tvrda-matrace-premium-extra-hard\/"},"modified":"2025-06-10T14:20:40","modified_gmt":"2025-06-10T14:20:40","slug":"extra-tvrda-matrace-premium-extra-hard","status":"publish","type":"product","link":"https:\/\/www.texpol.sk\/cs\/eshop\/matrace-cs\/podle-vyuziti\/pro-dospele\/extra-tvrda-matrace-premium-extra-hard\/","title":{"rendered":"Extra tvrd\u00e1 matrace Premium Extra Hard"},"content":{"rendered":"","protected":false},"excerpt":{"rendered":"<h4><\/h4>\n<p><strong>Oboustrann\u00e1 <\/strong>matrace<strong> PREMIUM EXTRA HARD<\/strong> je <strong>vysok\u00e1 18 cm.<\/strong> <strong>Matrace<\/strong> je vyrobena jako monoblok ze <strong>studen\u00e9 HR p\u011bny<\/strong>. Speci\u00e1ln\u00ed pr\u016f\u0159ezy v oblasti ramen a beder tvo\u0159\u00ed <strong>7 anatomick\u00fdch z\u00f3n<\/strong>, kter\u00e9 vytv\u00e1\u0159ej\u00ed ide\u00e1ln\u00ed <strong>oporu p\u00e1te\u0159e<\/strong> a poskytuj\u00ed maxim\u00e1ln\u00ed pohodl\u00ed p\u0159i sp\u00e1nku. <strong>Matrace<\/strong> je vhodn\u00e1 pro osoby s hmotnost\u00ed <strong>nad 130 kg<\/strong>.<\/p>\n<h3><\/h3>\n<h4><strong>DOD\u00c1N\u00cd DO 10 PRACOVN\u00cdCH DN\u016e<\/strong><\/h4>\n","protected":false},"featured_media":22648,"comment_status":"closed","ping_status":"closed","template":"","meta":{"_acf_changed":false,"inline_featured_image":false},"product_cat":[915,922,929,908,909,914,921,925,927],"product_tag":[],"class_list":{"0":"post-24902","1":"product","2":"type-product","3":"status-publish","4":"has-post-thumbnail","6":"product_cat-podle-pouzitych-materialu","7":"product_cat-podle-vyuziti","8":"product_cat-vysoka-nosnost-cs","9":"product_cat-matrace-cs","10":"product_cat-matrace-podle-tvrdosti","11":"product_cat-t5-velmi-tvrda-matrace","12":"product_cat-ze-studene-peny","13":"product_cat-pro-dospele","14":"product_cat-seniorske-cs","15":"pa_velkost-195x80cm-cs","16":"pa_velkost-195x85cm-cs","17":"pa_velkost-195x90cm-cs","18":"pa_velkost-200x80cm-cs","19":"pa_velkost-200x85cm-cs","20":"pa_velkost-200x90cm-cs","21":"pa_velkost-200x100cm-cs","22":"pa_velkost-200x120cm-cs","23":"pa_velkost-200-x-140-cm","24":"pa_velkost-200x160cm-cs","25":"pa_velkost-200x180cm-cs","26":"pa_velkost-200-x-200-cm","28":"first","29":"onbackorder","30":"taxable","31":"shipping-taxable","32":"product-type-variable","33":"has-default-attributes"},"acf":[],"yoast_head":"<!-- This site is optimized with the Yoast SEO plugin v23.9 - https:\/\/yoast.com\/wordpress\/plugins\/seo\/ -->\n<title>Extra tvrd\u00e1 matrace Premium Extra Hard | texpol.sk<\/title>\n<meta name=\"robots\" content=\"index, follow, max-snippet:-1, max-image-preview:large, max-video-preview:-1\" \/>\n<link rel=\"canonical\" href=\"https:\/\/www.texpol.sk\/cs\/eshop\/matrace-cs\/podle-vyuziti\/pro-dospele\/extra-tvrda-matrace-premium-extra-hard\/\" \/>\n<meta property=\"og:locale\" content=\"cs_CZ\" \/>\n<meta property=\"og:type\" content=\"article\" \/>\n<meta property=\"og:title\" content=\"Extra tvrd\u00e1 matrace Premium Extra Hard | texpol.sk\" \/>\n<meta property=\"og:description\" content=\"Oboustrann\u00e1 matrace PREMIUM EXTRA HARD je vysok\u00e1 18 cm. Matrace je vyrobena jako monoblok ze studen\u00e9 HR p\u011bny. Speci\u00e1ln\u00ed pr\u016f\u0159ezy v oblasti ramen a beder tvo\u0159\u00ed 7 anatomick\u00fdch z\u00f3n, kter\u00e9 vytv\u00e1\u0159ej\u00ed ide\u00e1ln\u00ed oporu p\u00e1te\u0159e a poskytuj\u00ed maxim\u00e1ln\u00ed pohodl\u00ed p\u0159i sp\u00e1nku. Matrace je vhodn\u00e1 pro osoby s hmotnost\u00ed nad 130 kg.  DOD\u00c1N\u00cd DO 10 PRACOVN\u00cdCH DN\u016e\" \/>\n<meta property=\"og:url\" content=\"https:\/\/www.texpol.sk\/cs\/eshop\/matrace-cs\/podle-vyuziti\/pro-dospele\/extra-tvrda-matrace-premium-extra-hard\/\" \/>\n<meta property=\"og:site_name\" content=\"texpol.sk\" \/>\n<meta property=\"article:modified_time\" content=\"2025-06-10T14:20:40+00:00\" \/>\n<meta property=\"og:image\" content=\"http:\/\/www.texpol.sk\/wp-content\/uploads\/2017\/07\/Premium-extra-hard-1.jpg\" \/>\n\t<meta property=\"og:image:width\" content=\"600\" \/>\n\t<meta property=\"og:image:height\" content=\"600\" \/>\n\t<meta property=\"og:image:type\" content=\"image\/jpeg\" \/>\n<meta name=\"twitter:card\" content=\"summary_large_image\" \/>\n<meta name=\"twitter:label1\" content=\"Odhadovan\u00e1 doba \u010dten\u00ed\" \/>\n\t<meta name=\"twitter:data1\" content=\"1 minuta\" \/>\n<script type=\"application\/ld+json\" class=\"yoast-schema-graph\">{\"@context\":\"https:\/\/schema.org\",\"@graph\":[{\"@type\":\"WebPage\",\"@id\":\"https:\/\/www.texpol.sk\/cs\/eshop\/matrace-cs\/podle-vyuziti\/pro-dospele\/extra-tvrda-matrace-premium-extra-hard\/\",\"url\":\"https:\/\/www.texpol.sk\/cs\/eshop\/matrace-cs\/podle-vyuziti\/pro-dospele\/extra-tvrda-matrace-premium-extra-hard\/\",\"name\":\"Extra tvrd\u00e1 matrace Premium Extra Hard | texpol.sk\",\"isPartOf\":{\"@id\":\"https:\/\/www.texpol.sk\/cs\/#website\"},\"primaryImageOfPage\":{\"@id\":\"https:\/\/www.texpol.sk\/cs\/eshop\/matrace-cs\/podle-vyuziti\/pro-dospele\/extra-tvrda-matrace-premium-extra-hard\/#primaryimage\"},\"image\":{\"@id\":\"https:\/\/www.texpol.sk\/cs\/eshop\/matrace-cs\/podle-vyuziti\/pro-dospele\/extra-tvrda-matrace-premium-extra-hard\/#primaryimage\"},\"thumbnailUrl\":\"https:\/\/www.texpol.sk\/wp-content\/uploads\/2017\/07\/Premium-extra-hard-1.jpg\",\"datePublished\":\"2017-07-25T14:07:08+00:00\",\"dateModified\":\"2025-06-10T14:20:40+00:00\",\"breadcrumb\":{\"@id\":\"https:\/\/www.texpol.sk\/cs\/eshop\/matrace-cs\/podle-vyuziti\/pro-dospele\/extra-tvrda-matrace-premium-extra-hard\/#breadcrumb\"},\"inLanguage\":\"cs\",\"potentialAction\":[{\"@type\":\"ReadAction\",\"target\":[\"https:\/\/www.texpol.sk\/cs\/eshop\/matrace-cs\/podle-vyuziti\/pro-dospele\/extra-tvrda-matrace-premium-extra-hard\/\"]}]},{\"@type\":\"ImageObject\",\"inLanguage\":\"cs\",\"@id\":\"https:\/\/www.texpol.sk\/cs\/eshop\/matrace-cs\/podle-vyuziti\/pro-dospele\/extra-tvrda-matrace-premium-extra-hard\/#primaryimage\",\"url\":\"https:\/\/www.texpol.sk\/wp-content\/uploads\/2017\/07\/Premium-extra-hard-1.jpg\",\"contentUrl\":\"https:\/\/www.texpol.sk\/wp-content\/uploads\/2017\/07\/Premium-extra-hard-1.jpg\",\"width\":600,\"height\":600,\"caption\":\"Extra tvrd\u00fd Premium\"},{\"@type\":\"BreadcrumbList\",\"@id\":\"https:\/\/www.texpol.sk\/cs\/eshop\/matrace-cs\/podle-vyuziti\/pro-dospele\/extra-tvrda-matrace-premium-extra-hard\/#breadcrumb\",\"itemListElement\":[{\"@type\":\"ListItem\",\"position\":1,\"name\":\"Home\",\"item\":\"https:\/\/www.texpol.sk\/cs\/\"},{\"@type\":\"ListItem\",\"position\":2,\"name\":\"Produkty\",\"item\":\"https:\/\/www.texpol.sk\/cs\/shop\/\"},{\"@type\":\"ListItem\",\"position\":3,\"name\":\"Extra tvrd\u00e1 matrace Premium Extra Hard\"}]},{\"@type\":\"WebSite\",\"@id\":\"https:\/\/www.texpol.sk\/cs\/#website\",\"url\":\"https:\/\/www.texpol.sk\/cs\/\",\"name\":\"texpol.sk\",\"description\":\"\",\"publisher\":{\"@id\":\"https:\/\/www.texpol.sk\/cs\/#organization\"},\"potentialAction\":[{\"@type\":\"SearchAction\",\"target\":{\"@type\":\"EntryPoint\",\"urlTemplate\":\"https:\/\/www.texpol.sk\/cs\/?s={search_term_string}\"},\"query-input\":{\"@type\":\"PropertyValueSpecification\",\"valueRequired\":true,\"valueName\":\"search_term_string\"}}],\"inLanguage\":\"cs\"},{\"@type\":\"Organization\",\"@id\":\"https:\/\/www.texpol.sk\/cs\/#organization\",\"name\":\"texpol.sk\",\"url\":\"https:\/\/www.texpol.sk\/cs\/\",\"logo\":{\"@type\":\"ImageObject\",\"inLanguage\":\"cs\",\"@id\":\"https:\/\/www.texpol.sk\/cs\/#\/schema\/logo\/image\/\",\"url\":\"https:\/\/www.texpol.sk\/wp-content\/uploads\/2022\/12\/texpol-logo-navbar.png\",\"contentUrl\":\"https:\/\/www.texpol.sk\/wp-content\/uploads\/2022\/12\/texpol-logo-navbar.png\",\"width\":151,\"height\":57,\"caption\":\"texpol.sk\"},\"image\":{\"@id\":\"https:\/\/www.texpol.sk\/cs\/#\/schema\/logo\/image\/\"}}]}<\/script>\n<!-- \/ Yoast SEO plugin. -->","yoast_head_json":{"title":"Extra tvrd\u00e1 matrace Premium Extra Hard | texpol.sk","robots":{"index":"index","follow":"follow","max-snippet":"max-snippet:-1","max-image-preview":"max-image-preview:large","max-video-preview":"max-video-preview:-1"},"canonical":"https:\/\/www.texpol.sk\/cs\/eshop\/matrace-cs\/podle-vyuziti\/pro-dospele\/extra-tvrda-matrace-premium-extra-hard\/","og_locale":"cs_CZ","og_type":"article","og_title":"Extra tvrd\u00e1 matrace Premium Extra Hard | texpol.sk","og_description":"Oboustrann\u00e1 matrace PREMIUM EXTRA HARD je vysok\u00e1 18 cm. Matrace je vyrobena jako monoblok ze studen\u00e9 HR p\u011bny. Speci\u00e1ln\u00ed pr\u016f\u0159ezy v oblasti ramen a beder tvo\u0159\u00ed 7 anatomick\u00fdch z\u00f3n, kter\u00e9 vytv\u00e1\u0159ej\u00ed ide\u00e1ln\u00ed oporu p\u00e1te\u0159e a poskytuj\u00ed maxim\u00e1ln\u00ed pohodl\u00ed p\u0159i sp\u00e1nku. Matrace je vhodn\u00e1 pro osoby s hmotnost\u00ed nad 130 kg.  DOD\u00c1N\u00cd DO 10 PRACOVN\u00cdCH DN\u016e","og_url":"https:\/\/www.texpol.sk\/cs\/eshop\/matrace-cs\/podle-vyuziti\/pro-dospele\/extra-tvrda-matrace-premium-extra-hard\/","og_site_name":"texpol.sk","article_modified_time":"2025-06-10T14:20:40+00:00","og_image":[{"width":600,"height":600,"url":"http:\/\/www.texpol.sk\/wp-content\/uploads\/2017\/07\/Premium-extra-hard-1.jpg","type":"image\/jpeg"}],"twitter_card":"summary_large_image","twitter_misc":{"Odhadovan\u00e1 doba \u010dten\u00ed":"1 minuta"},"schema":{"@context":"https:\/\/schema.org","@graph":[{"@type":"WebPage","@id":"https:\/\/www.texpol.sk\/cs\/eshop\/matrace-cs\/podle-vyuziti\/pro-dospele\/extra-tvrda-matrace-premium-extra-hard\/","url":"https:\/\/www.texpol.sk\/cs\/eshop\/matrace-cs\/podle-vyuziti\/pro-dospele\/extra-tvrda-matrace-premium-extra-hard\/","name":"Extra tvrd\u00e1 matrace Premium Extra Hard | texpol.sk","isPartOf":{"@id":"https:\/\/www.texpol.sk\/cs\/#website"},"primaryImageOfPage":{"@id":"https:\/\/www.texpol.sk\/cs\/eshop\/matrace-cs\/podle-vyuziti\/pro-dospele\/extra-tvrda-matrace-premium-extra-hard\/#primaryimage"},"image":{"@id":"https:\/\/www.texpol.sk\/cs\/eshop\/matrace-cs\/podle-vyuziti\/pro-dospele\/extra-tvrda-matrace-premium-extra-hard\/#primaryimage"},"thumbnailUrl":"https:\/\/www.texpol.sk\/wp-content\/uploads\/2017\/07\/Premium-extra-hard-1.jpg","datePublished":"2017-07-25T14:07:08+00:00","dateModified":"2025-06-10T14:20:40+00:00","breadcrumb":{"@id":"https:\/\/www.texpol.sk\/cs\/eshop\/matrace-cs\/podle-vyuziti\/pro-dospele\/extra-tvrda-matrace-premium-extra-hard\/#breadcrumb"},"inLanguage":"cs","potentialAction":[{"@type":"ReadAction","target":["https:\/\/www.texpol.sk\/cs\/eshop\/matrace-cs\/podle-vyuziti\/pro-dospele\/extra-tvrda-matrace-premium-extra-hard\/"]}]},{"@type":"ImageObject","inLanguage":"cs","@id":"https:\/\/www.texpol.sk\/cs\/eshop\/matrace-cs\/podle-vyuziti\/pro-dospele\/extra-tvrda-matrace-premium-extra-hard\/#primaryimage","url":"https:\/\/www.texpol.sk\/wp-content\/uploads\/2017\/07\/Premium-extra-hard-1.jpg","contentUrl":"https:\/\/www.texpol.sk\/wp-content\/uploads\/2017\/07\/Premium-extra-hard-1.jpg","width":600,"height":600,"caption":"Extra tvrd\u00fd Premium"},{"@type":"BreadcrumbList","@id":"https:\/\/www.texpol.sk\/cs\/eshop\/matrace-cs\/podle-vyuziti\/pro-dospele\/extra-tvrda-matrace-premium-extra-hard\/#breadcrumb","itemListElement":[{"@type":"ListItem","position":1,"name":"Home","item":"https:\/\/www.texpol.sk\/cs\/"},{"@type":"ListItem","position":2,"name":"Produkty","item":"https:\/\/www.texpol.sk\/cs\/shop\/"},{"@type":"ListItem","position":3,"name":"Extra tvrd\u00e1 matrace Premium Extra Hard"}]},{"@type":"WebSite","@id":"https:\/\/www.texpol.sk\/cs\/#website","url":"https:\/\/www.texpol.sk\/cs\/","name":"texpol.sk","description":"","publisher":{"@id":"https:\/\/www.texpol.sk\/cs\/#organization"},"potentialAction":[{"@type":"SearchAction","target":{"@type":"EntryPoint","urlTemplate":"https:\/\/www.texpol.sk\/cs\/?s={search_term_string}"},"query-input":{"@type":"PropertyValueSpecification","valueRequired":true,"valueName":"search_term_string"}}],"inLanguage":"cs"},{"@type":"Organization","@id":"https:\/\/www.texpol.sk\/cs\/#organization","name":"texpol.sk","url":"https:\/\/www.texpol.sk\/cs\/","logo":{"@type":"ImageObject","inLanguage":"cs","@id":"https:\/\/www.texpol.sk\/cs\/#\/schema\/logo\/image\/","url":"https:\/\/www.texpol.sk\/wp-content\/uploads\/2022\/12\/texpol-logo-navbar.png","contentUrl":"https:\/\/www.texpol.sk\/wp-content\/uploads\/2022\/12\/texpol-logo-navbar.png","width":151,"height":57,"caption":"texpol.sk"},"image":{"@id":"https:\/\/www.texpol.sk\/cs\/#\/schema\/logo\/image\/"}}]}},"_links":{"self":[{"href":"https:\/\/www.texpol.sk\/cs\/wp-json\/wp\/v2\/product\/24902","targetHints":{"allow":["GET"]}}],"collection":[{"href":"https:\/\/www.texpol.sk\/cs\/wp-json\/wp\/v2\/product"}],"about":[{"href":"https:\/\/www.texpol.sk\/cs\/wp-json\/wp\/v2\/types\/product"}],"replies":[{"embeddable":true,"href":"https:\/\/www.texpol.sk\/cs\/wp-json\/wp\/v2\/comments?post=24902"}],"wp:featuredmedia":[{"embeddable":true,"href":"https:\/\/www.texpol.sk\/cs\/wp-json\/wp\/v2\/media\/22648"}],"wp:attachment":[{"href":"https:\/\/www.texpol.sk\/cs\/wp-json\/wp\/v2\/media?parent=24902"}],"wp:term":[{"taxonomy":"product_cat","embeddable":true,"href":"https:\/\/www.texpol.sk\/cs\/wp-json\/wp\/v2\/product_cat?post=24902"},{"taxonomy":"product_tag","embeddable":true,"href":"https:\/\/www.texpol.sk\/cs\/wp-json\/wp\/v2\/product_tag?post=24902"}],"curies":[{"name":"wp","href":"https:\/\/api.w.org\/{rel}","templated":true}]}}