{"id":25193,"date":"2017-05-26T14:04:54","date_gmt":"2017-05-26T14:04:54","guid":{"rendered":"https:\/\/www.texpol.sk\/eshop\/nezaraden\u00e9\/kapesni-matrace-stela-lux\/"},"modified":"2025-06-11T07:28:01","modified_gmt":"2025-06-11T07:28:01","slug":"tastickova-matrace-stela-lux","status":"publish","type":"product","link":"https:\/\/www.texpol.sk\/cs\/eshop\/matrace-cs\/podle-vyuziti\/pro-dospele\/tastickova-matrace-stela-lux\/","title":{"rendered":"Ta\u0161ti\u010dkov\u00e1 matrace Stela Lux"},"content":{"rendered":"","protected":false},"excerpt":{"rendered":"<h4><\/h4>\n<p><strong>Luxusn\u00ed<\/strong> <strong>ta\u0161ti\u010dkov\u00e1 <\/strong>matrace<strong> STELA LUX<\/strong> je <strong>21 cm vysok\u00e1, pru\u017en\u00e1<\/strong> a <strong>vzdu\u0161n\u00e1 matrace<\/strong>. Tyto vlastnosti jsou d\u00e1ny materi\u00e1ly, ze kter\u00fdch je slo\u017eena. St\u0159ed matrace tvo\u0159\u00ed ta\u0161ti\u010dkov\u00e9 pru\u017einy (cca 480 ks). Spodn\u00ed \u010d\u00e1st matrace tvo\u0159\u00ed p\u011bna X dura, kter\u00e1 je sv\u011btovou novinkou na trhu. Vrchn\u00ed \u010d\u00e1st matrace je pokryta <strong>pam\u011b\u0165ovou p\u011bnou VISCO<\/strong>.<\/p>\n<h3><\/h3>\n<h4><strong>DOD\u00c1N\u00cd DO 10 PRACOVN\u00cdCH DN\u016e<\/strong><\/h4>\n","protected":false},"featured_media":22653,"comment_status":"closed","ping_status":"closed","template":"","meta":{"_acf_changed":false,"inline_featured_image":false},"product_cat":[912,915,908,922,909,919,920,921,925],"product_tag":[],"class_list":{"0":"post-25193","1":"product","2":"type-product","3":"status-publish","4":"has-post-thumbnail","6":"product_cat-t3-stredne-tvrda-matrace","7":"product_cat-podle-pouzitych-materialu","8":"product_cat-matrace-cs","9":"product_cat-podle-vyuziti","10":"product_cat-matrace-podle-tvrdosti","11":"product_cat-s-pametovou-penou","12":"product_cat-tastickove-cs","13":"product_cat-ze-studene-peny","14":"product_cat-pro-dospele","15":"pa_velkost-190-x-80-cm","16":"pa_velkost-190-x-85-cm","17":"pa_velkost-190-x-90-cm","18":"pa_velkost-195x80cm-cs","19":"pa_velkost-195x85cm-cs","20":"pa_velkost-195x90cm-cs","21":"pa_velkost-200x80cm-cs","22":"pa_velkost-200x85cm-cs","23":"pa_velkost-200x90cm-cs","24":"pa_velkost-200x100cm-cs","25":"pa_velkost-200x120cm-cs","26":"pa_velkost-200-x-140-cm","27":"pa_velkost-200x160cm-cs","28":"pa_velkost-200x180cm-cs","29":"pa_velkost-200-x-200-cm","31":"first","32":"onbackorder","33":"taxable","34":"shipping-taxable","35":"product-type-variable","36":"has-default-attributes"},"acf":[],"yoast_head":"<!-- This site is optimized with the Yoast SEO plugin v23.9 - https:\/\/yoast.com\/wordpress\/plugins\/seo\/ -->\n<title>Ta\u0161ti\u010dkov\u00e1 matrace Stela Lux | texpol.sk<\/title>\n<meta name=\"robots\" content=\"index, follow, max-snippet:-1, max-image-preview:large, max-video-preview:-1\" \/>\n<link rel=\"canonical\" href=\"https:\/\/www.texpol.sk\/cs\/eshop\/matrace-cs\/podle-vyuziti\/pro-dospele\/tastickova-matrace-stela-lux\/\" \/>\n<meta property=\"og:locale\" content=\"cs_CZ\" \/>\n<meta property=\"og:type\" content=\"article\" \/>\n<meta property=\"og:title\" content=\"Ta\u0161ti\u010dkov\u00e1 matrace Stela Lux | texpol.sk\" \/>\n<meta property=\"og:description\" content=\"Luxusn\u00ed ta\u0161ti\u010dkov\u00e1 matrace STELA LUX je 21 cm vysok\u00e1, pru\u017en\u00e1 a vzdu\u0161n\u00e1 matrace. Tyto vlastnosti jsou d\u00e1ny materi\u00e1ly, ze kter\u00fdch je slo\u017eena. St\u0159ed matrace tvo\u0159\u00ed ta\u0161ti\u010dkov\u00e9 pru\u017einy (cca 480 ks). Spodn\u00ed \u010d\u00e1st matrace tvo\u0159\u00ed p\u011bna X dura, kter\u00e1 je sv\u011btovou novinkou na trhu. Vrchn\u00ed \u010d\u00e1st matrace je pokryta pam\u011b\u0165ovou p\u011bnou VISCO.  DOD\u00c1N\u00cd DO 10 PRACOVN\u00cdCH DN\u016e\" \/>\n<meta property=\"og:url\" content=\"https:\/\/www.texpol.sk\/cs\/eshop\/matrace-cs\/podle-vyuziti\/pro-dospele\/tastickova-matrace-stela-lux\/\" \/>\n<meta property=\"og:site_name\" content=\"texpol.sk\" \/>\n<meta property=\"article:modified_time\" content=\"2025-06-11T07:28:01+00:00\" \/>\n<meta property=\"og:image\" content=\"http:\/\/www.texpol.sk\/wp-content\/uploads\/2017\/05\/Stela-lux-1.jpg\" \/>\n\t<meta property=\"og:image:width\" content=\"600\" \/>\n\t<meta property=\"og:image:height\" content=\"600\" \/>\n\t<meta property=\"og:image:type\" content=\"image\/jpeg\" \/>\n<meta name=\"twitter:card\" content=\"summary_large_image\" \/>\n<meta name=\"twitter:label1\" content=\"Odhadovan\u00e1 doba \u010dten\u00ed\" \/>\n\t<meta name=\"twitter:data1\" content=\"1 minuta\" \/>\n<script type=\"application\/ld+json\" class=\"yoast-schema-graph\">{\"@context\":\"https:\/\/schema.org\",\"@graph\":[{\"@type\":\"WebPage\",\"@id\":\"https:\/\/www.texpol.sk\/cs\/eshop\/matrace-cs\/podle-vyuziti\/pro-dospele\/tastickova-matrace-stela-lux\/\",\"url\":\"https:\/\/www.texpol.sk\/cs\/eshop\/matrace-cs\/podle-vyuziti\/pro-dospele\/tastickova-matrace-stela-lux\/\",\"name\":\"Ta\u0161ti\u010dkov\u00e1 matrace Stela Lux | texpol.sk\",\"isPartOf\":{\"@id\":\"https:\/\/www.texpol.sk\/cs\/#website\"},\"primaryImageOfPage\":{\"@id\":\"https:\/\/www.texpol.sk\/cs\/eshop\/matrace-cs\/podle-vyuziti\/pro-dospele\/tastickova-matrace-stela-lux\/#primaryimage\"},\"image\":{\"@id\":\"https:\/\/www.texpol.sk\/cs\/eshop\/matrace-cs\/podle-vyuziti\/pro-dospele\/tastickova-matrace-stela-lux\/#primaryimage\"},\"thumbnailUrl\":\"https:\/\/www.texpol.sk\/wp-content\/uploads\/2017\/05\/Stela-lux-1.jpg\",\"datePublished\":\"2017-05-26T14:04:54+00:00\",\"dateModified\":\"2025-06-11T07:28:01+00:00\",\"breadcrumb\":{\"@id\":\"https:\/\/www.texpol.sk\/cs\/eshop\/matrace-cs\/podle-vyuziti\/pro-dospele\/tastickova-matrace-stela-lux\/#breadcrumb\"},\"inLanguage\":\"cs\",\"potentialAction\":[{\"@type\":\"ReadAction\",\"target\":[\"https:\/\/www.texpol.sk\/cs\/eshop\/matrace-cs\/podle-vyuziti\/pro-dospele\/tastickova-matrace-stela-lux\/\"]}]},{\"@type\":\"ImageObject\",\"inLanguage\":\"cs\",\"@id\":\"https:\/\/www.texpol.sk\/cs\/eshop\/matrace-cs\/podle-vyuziti\/pro-dospele\/tastickova-matrace-stela-lux\/#primaryimage\",\"url\":\"https:\/\/www.texpol.sk\/wp-content\/uploads\/2017\/05\/Stela-lux-1.jpg\",\"contentUrl\":\"https:\/\/www.texpol.sk\/wp-content\/uploads\/2017\/05\/Stela-lux-1.jpg\",\"width\":600,\"height\":600,\"caption\":\"Stela lux\"},{\"@type\":\"BreadcrumbList\",\"@id\":\"https:\/\/www.texpol.sk\/cs\/eshop\/matrace-cs\/podle-vyuziti\/pro-dospele\/tastickova-matrace-stela-lux\/#breadcrumb\",\"itemListElement\":[{\"@type\":\"ListItem\",\"position\":1,\"name\":\"Home\",\"item\":\"https:\/\/www.texpol.sk\/cs\/\"},{\"@type\":\"ListItem\",\"position\":2,\"name\":\"Produkty\",\"item\":\"https:\/\/www.texpol.sk\/cs\/shop\/\"},{\"@type\":\"ListItem\",\"position\":3,\"name\":\"Ta\u0161ti\u010dkov\u00e1 matrace Stela Lux\"}]},{\"@type\":\"WebSite\",\"@id\":\"https:\/\/www.texpol.sk\/cs\/#website\",\"url\":\"https:\/\/www.texpol.sk\/cs\/\",\"name\":\"texpol.sk\",\"description\":\"\",\"publisher\":{\"@id\":\"https:\/\/www.texpol.sk\/cs\/#organization\"},\"potentialAction\":[{\"@type\":\"SearchAction\",\"target\":{\"@type\":\"EntryPoint\",\"urlTemplate\":\"https:\/\/www.texpol.sk\/cs\/?s={search_term_string}\"},\"query-input\":{\"@type\":\"PropertyValueSpecification\",\"valueRequired\":true,\"valueName\":\"search_term_string\"}}],\"inLanguage\":\"cs\"},{\"@type\":\"Organization\",\"@id\":\"https:\/\/www.texpol.sk\/cs\/#organization\",\"name\":\"texpol.sk\",\"url\":\"https:\/\/www.texpol.sk\/cs\/\",\"logo\":{\"@type\":\"ImageObject\",\"inLanguage\":\"cs\",\"@id\":\"https:\/\/www.texpol.sk\/cs\/#\/schema\/logo\/image\/\",\"url\":\"https:\/\/www.texpol.sk\/wp-content\/uploads\/2022\/12\/texpol-logo-navbar.png\",\"contentUrl\":\"https:\/\/www.texpol.sk\/wp-content\/uploads\/2022\/12\/texpol-logo-navbar.png\",\"width\":151,\"height\":57,\"caption\":\"texpol.sk\"},\"image\":{\"@id\":\"https:\/\/www.texpol.sk\/cs\/#\/schema\/logo\/image\/\"}}]}<\/script>\n<!-- \/ Yoast SEO plugin. -->","yoast_head_json":{"title":"Ta\u0161ti\u010dkov\u00e1 matrace Stela Lux | texpol.sk","robots":{"index":"index","follow":"follow","max-snippet":"max-snippet:-1","max-image-preview":"max-image-preview:large","max-video-preview":"max-video-preview:-1"},"canonical":"https:\/\/www.texpol.sk\/cs\/eshop\/matrace-cs\/podle-vyuziti\/pro-dospele\/tastickova-matrace-stela-lux\/","og_locale":"cs_CZ","og_type":"article","og_title":"Ta\u0161ti\u010dkov\u00e1 matrace Stela Lux | texpol.sk","og_description":"Luxusn\u00ed ta\u0161ti\u010dkov\u00e1 matrace STELA LUX je 21 cm vysok\u00e1, pru\u017en\u00e1 a vzdu\u0161n\u00e1 matrace. Tyto vlastnosti jsou d\u00e1ny materi\u00e1ly, ze kter\u00fdch je slo\u017eena. St\u0159ed matrace tvo\u0159\u00ed ta\u0161ti\u010dkov\u00e9 pru\u017einy (cca 480 ks). Spodn\u00ed \u010d\u00e1st matrace tvo\u0159\u00ed p\u011bna X dura, kter\u00e1 je sv\u011btovou novinkou na trhu. Vrchn\u00ed \u010d\u00e1st matrace je pokryta pam\u011b\u0165ovou p\u011bnou VISCO.  DOD\u00c1N\u00cd DO 10 PRACOVN\u00cdCH DN\u016e","og_url":"https:\/\/www.texpol.sk\/cs\/eshop\/matrace-cs\/podle-vyuziti\/pro-dospele\/tastickova-matrace-stela-lux\/","og_site_name":"texpol.sk","article_modified_time":"2025-06-11T07:28:01+00:00","og_image":[{"width":600,"height":600,"url":"http:\/\/www.texpol.sk\/wp-content\/uploads\/2017\/05\/Stela-lux-1.jpg","type":"image\/jpeg"}],"twitter_card":"summary_large_image","twitter_misc":{"Odhadovan\u00e1 doba \u010dten\u00ed":"1 minuta"},"schema":{"@context":"https:\/\/schema.org","@graph":[{"@type":"WebPage","@id":"https:\/\/www.texpol.sk\/cs\/eshop\/matrace-cs\/podle-vyuziti\/pro-dospele\/tastickova-matrace-stela-lux\/","url":"https:\/\/www.texpol.sk\/cs\/eshop\/matrace-cs\/podle-vyuziti\/pro-dospele\/tastickova-matrace-stela-lux\/","name":"Ta\u0161ti\u010dkov\u00e1 matrace Stela Lux | texpol.sk","isPartOf":{"@id":"https:\/\/www.texpol.sk\/cs\/#website"},"primaryImageOfPage":{"@id":"https:\/\/www.texpol.sk\/cs\/eshop\/matrace-cs\/podle-vyuziti\/pro-dospele\/tastickova-matrace-stela-lux\/#primaryimage"},"image":{"@id":"https:\/\/www.texpol.sk\/cs\/eshop\/matrace-cs\/podle-vyuziti\/pro-dospele\/tastickova-matrace-stela-lux\/#primaryimage"},"thumbnailUrl":"https:\/\/www.texpol.sk\/wp-content\/uploads\/2017\/05\/Stela-lux-1.jpg","datePublished":"2017-05-26T14:04:54+00:00","dateModified":"2025-06-11T07:28:01+00:00","breadcrumb":{"@id":"https:\/\/www.texpol.sk\/cs\/eshop\/matrace-cs\/podle-vyuziti\/pro-dospele\/tastickova-matrace-stela-lux\/#breadcrumb"},"inLanguage":"cs","potentialAction":[{"@type":"ReadAction","target":["https:\/\/www.texpol.sk\/cs\/eshop\/matrace-cs\/podle-vyuziti\/pro-dospele\/tastickova-matrace-stela-lux\/"]}]},{"@type":"ImageObject","inLanguage":"cs","@id":"https:\/\/www.texpol.sk\/cs\/eshop\/matrace-cs\/podle-vyuziti\/pro-dospele\/tastickova-matrace-stela-lux\/#primaryimage","url":"https:\/\/www.texpol.sk\/wp-content\/uploads\/2017\/05\/Stela-lux-1.jpg","contentUrl":"https:\/\/www.texpol.sk\/wp-content\/uploads\/2017\/05\/Stela-lux-1.jpg","width":600,"height":600,"caption":"Stela lux"},{"@type":"BreadcrumbList","@id":"https:\/\/www.texpol.sk\/cs\/eshop\/matrace-cs\/podle-vyuziti\/pro-dospele\/tastickova-matrace-stela-lux\/#breadcrumb","itemListElement":[{"@type":"ListItem","position":1,"name":"Home","item":"https:\/\/www.texpol.sk\/cs\/"},{"@type":"ListItem","position":2,"name":"Produkty","item":"https:\/\/www.texpol.sk\/cs\/shop\/"},{"@type":"ListItem","position":3,"name":"Ta\u0161ti\u010dkov\u00e1 matrace Stela Lux"}]},{"@type":"WebSite","@id":"https:\/\/www.texpol.sk\/cs\/#website","url":"https:\/\/www.texpol.sk\/cs\/","name":"texpol.sk","description":"","publisher":{"@id":"https:\/\/www.texpol.sk\/cs\/#organization"},"potentialAction":[{"@type":"SearchAction","target":{"@type":"EntryPoint","urlTemplate":"https:\/\/www.texpol.sk\/cs\/?s={search_term_string}"},"query-input":{"@type":"PropertyValueSpecification","valueRequired":true,"valueName":"search_term_string"}}],"inLanguage":"cs"},{"@type":"Organization","@id":"https:\/\/www.texpol.sk\/cs\/#organization","name":"texpol.sk","url":"https:\/\/www.texpol.sk\/cs\/","logo":{"@type":"ImageObject","inLanguage":"cs","@id":"https:\/\/www.texpol.sk\/cs\/#\/schema\/logo\/image\/","url":"https:\/\/www.texpol.sk\/wp-content\/uploads\/2022\/12\/texpol-logo-navbar.png","contentUrl":"https:\/\/www.texpol.sk\/wp-content\/uploads\/2022\/12\/texpol-logo-navbar.png","width":151,"height":57,"caption":"texpol.sk"},"image":{"@id":"https:\/\/www.texpol.sk\/cs\/#\/schema\/logo\/image\/"}}]}},"_links":{"self":[{"href":"https:\/\/www.texpol.sk\/cs\/wp-json\/wp\/v2\/product\/25193","targetHints":{"allow":["GET"]}}],"collection":[{"href":"https:\/\/www.texpol.sk\/cs\/wp-json\/wp\/v2\/product"}],"about":[{"href":"https:\/\/www.texpol.sk\/cs\/wp-json\/wp\/v2\/types\/product"}],"replies":[{"embeddable":true,"href":"https:\/\/www.texpol.sk\/cs\/wp-json\/wp\/v2\/comments?post=25193"}],"wp:featuredmedia":[{"embeddable":true,"href":"https:\/\/www.texpol.sk\/cs\/wp-json\/wp\/v2\/media\/22653"}],"wp:attachment":[{"href":"https:\/\/www.texpol.sk\/cs\/wp-json\/wp\/v2\/media?parent=25193"}],"wp:term":[{"taxonomy":"product_cat","embeddable":true,"href":"https:\/\/www.texpol.sk\/cs\/wp-json\/wp\/v2\/product_cat?post=25193"},{"taxonomy":"product_tag","embeddable":true,"href":"https:\/\/www.texpol.sk\/cs\/wp-json\/wp\/v2\/product_tag?post=25193"}],"curies":[{"name":"wp","href":"https:\/\/api.w.org\/{rel}","templated":true}]}}