{"id":25642,"date":"2015-07-13T11:28:36","date_gmt":"2015-07-13T11:28:36","guid":{"rendered":"https:\/\/www.texpol.sk\/eshop\/nezaraden\u00e9\/police-nad-posteli-centralni-uni\/"},"modified":"2025-06-06T11:07:47","modified_gmt":"2025-06-06T11:07:47","slug":"police-nad-postel-stredova-uni","status":"publish","type":"product","link":"https:\/\/www.texpol.sk\/cs\/eshop\/loznice\/ulozne-prostory-a-doplnky\/police-nad-postel-stredova-uni\/","title":{"rendered":"Police nad postel &#8211; st\u0159edov\u00e1 Uni"},"content":{"rendered":"","protected":false},"excerpt":{"rendered":"<h3 id=\"tw-target-text\" class=\"tw-data-text vk_txt tw-ta tw-text-small\" dir=\"ltr\"><strong><span lang=\"sk\" xml:lang=\"sk\">Police nad postel\u00ed &#8211; centr\u00e1ln\u00ed. <\/span><\/strong><\/h3>\n<p class=\"tw-data-text vk_txt tw-ta tw-text-small\" dir=\"ltr\"><span lang=\"sk\" xml:lang=\"sk\">N\u00e1bytek do lo\u017enice TEXPOL v\u00e1m nab\u00edz\u00ed vysoce kvalitn\u00ed materi\u00e1ly a jedine\u010dn\u00fd vzhled masivn\u00edho dubov\u00e9ho a bukov\u00e9ho d\u0159eva. <\/span><\/p>\n<h4><strong>DOD\u00c1N\u00cd DO 3 &#8211; 5 T\u00ddDN\u016e<\/strong><\/h4>\n","protected":false},"featured_media":22740,"comment_status":"closed","ping_status":"closed","template":"","meta":{"_acf_changed":false,"inline_featured_image":false},"product_cat":[941,947],"product_tag":[824,1139,1140],"class_list":{"0":"post-25642","1":"product","2":"type-product","3":"status-publish","4":"has-post-thumbnail","6":"product_cat-loznice","7":"product_cat-ulozne-prostory-a-doplnky","8":"product_tag-masiv-cs","9":"product_tag-buk-cs","10":"product_tag-dub-cs","11":"pa_velkost-90-x-15-cm","12":"pa_velkost-100-x-15-cm","13":"pa_velkost-120-x-15-cm","14":"pa_velkost-140-x-15-cm","15":"pa_velkost-160-x-15-cm","16":"pa_velkost-170-x-15-cm","17":"pa_velkost-180-x-15-cm","18":"pa_velkost-200-x-15-cm","20":"first","21":"onbackorder","22":"taxable","23":"shipping-taxable","24":"product-type-variable","25":"has-default-attributes"},"acf":[],"yoast_head":"<!-- This site is optimized with the Yoast SEO plugin v23.9 - https:\/\/yoast.com\/wordpress\/plugins\/seo\/ -->\n<title>Police nad postel - st\u0159edov\u00e1 Uni | texpol.sk<\/title>\n<meta name=\"robots\" content=\"index, follow, max-snippet:-1, max-image-preview:large, max-video-preview:-1\" \/>\n<link rel=\"canonical\" href=\"https:\/\/www.texpol.sk\/cs\/eshop\/loznice\/ulozne-prostory-a-doplnky\/police-nad-postel-stredova-uni\/\" \/>\n<meta property=\"og:locale\" content=\"cs_CZ\" \/>\n<meta property=\"og:type\" content=\"article\" \/>\n<meta property=\"og:title\" content=\"Police nad postel - st\u0159edov\u00e1 Uni | texpol.sk\" \/>\n<meta property=\"og:description\" content=\"Police nad postel\u00ed - centr\u00e1ln\u00ed.  N\u00e1bytek do lo\u017enice TEXPOL v\u00e1m nab\u00edz\u00ed vysoce kvalitn\u00ed materi\u00e1ly a jedine\u010dn\u00fd vzhled masivn\u00edho dubov\u00e9ho a bukov\u00e9ho d\u0159eva.   DOD\u00c1N\u00cd DO 3 - 5 T\u00ddDN\u016e\" \/>\n<meta property=\"og:url\" content=\"https:\/\/www.texpol.sk\/cs\/eshop\/loznice\/ulozne-prostory-a-doplnky\/police-nad-postel-stredova-uni\/\" \/>\n<meta property=\"og:site_name\" content=\"texpol.sk\" \/>\n<meta property=\"article:modified_time\" content=\"2025-06-06T11:07:47+00:00\" \/>\n<meta property=\"og:image\" content=\"http:\/\/www.texpol.sk\/wp-content\/uploads\/2016\/07\/uni-polica-jpg-1.jpg\" \/>\n\t<meta property=\"og:image:width\" content=\"600\" \/>\n\t<meta property=\"og:image:height\" content=\"600\" \/>\n\t<meta property=\"og:image:type\" content=\"image\/jpeg\" \/>\n<meta name=\"twitter:card\" content=\"summary_large_image\" \/>\n<meta name=\"twitter:label1\" content=\"Odhadovan\u00e1 doba \u010dten\u00ed\" \/>\n\t<meta name=\"twitter:data1\" content=\"1 minuta\" \/>\n<script type=\"application\/ld+json\" class=\"yoast-schema-graph\">{\"@context\":\"https:\/\/schema.org\",\"@graph\":[{\"@type\":\"WebPage\",\"@id\":\"https:\/\/www.texpol.sk\/cs\/eshop\/loznice\/ulozne-prostory-a-doplnky\/police-nad-postel-stredova-uni\/\",\"url\":\"https:\/\/www.texpol.sk\/cs\/eshop\/loznice\/ulozne-prostory-a-doplnky\/police-nad-postel-stredova-uni\/\",\"name\":\"Police nad postel - st\u0159edov\u00e1 Uni | texpol.sk\",\"isPartOf\":{\"@id\":\"https:\/\/www.texpol.sk\/cs\/#website\"},\"primaryImageOfPage\":{\"@id\":\"https:\/\/www.texpol.sk\/cs\/eshop\/loznice\/ulozne-prostory-a-doplnky\/police-nad-postel-stredova-uni\/#primaryimage\"},\"image\":{\"@id\":\"https:\/\/www.texpol.sk\/cs\/eshop\/loznice\/ulozne-prostory-a-doplnky\/police-nad-postel-stredova-uni\/#primaryimage\"},\"thumbnailUrl\":\"https:\/\/www.texpol.sk\/wp-content\/uploads\/2016\/07\/uni-polica-jpg-1.jpg\",\"datePublished\":\"2015-07-13T11:28:36+00:00\",\"dateModified\":\"2025-06-06T11:07:47+00:00\",\"breadcrumb\":{\"@id\":\"https:\/\/www.texpol.sk\/cs\/eshop\/loznice\/ulozne-prostory-a-doplnky\/police-nad-postel-stredova-uni\/#breadcrumb\"},\"inLanguage\":\"cs\",\"potentialAction\":[{\"@type\":\"ReadAction\",\"target\":[\"https:\/\/www.texpol.sk\/cs\/eshop\/loznice\/ulozne-prostory-a-doplnky\/police-nad-postel-stredova-uni\/\"]}]},{\"@type\":\"ImageObject\",\"inLanguage\":\"cs\",\"@id\":\"https:\/\/www.texpol.sk\/cs\/eshop\/loznice\/ulozne-prostory-a-doplnky\/police-nad-postel-stredova-uni\/#primaryimage\",\"url\":\"https:\/\/www.texpol.sk\/wp-content\/uploads\/2016\/07\/uni-polica-jpg-1.jpg\",\"contentUrl\":\"https:\/\/www.texpol.sk\/wp-content\/uploads\/2016\/07\/uni-polica-jpg-1.jpg\",\"width\":600,\"height\":600,\"caption\":\"uni police jpg\"},{\"@type\":\"BreadcrumbList\",\"@id\":\"https:\/\/www.texpol.sk\/cs\/eshop\/loznice\/ulozne-prostory-a-doplnky\/police-nad-postel-stredova-uni\/#breadcrumb\",\"itemListElement\":[{\"@type\":\"ListItem\",\"position\":1,\"name\":\"Home\",\"item\":\"https:\/\/www.texpol.sk\/cs\/\"},{\"@type\":\"ListItem\",\"position\":2,\"name\":\"Produkty\",\"item\":\"https:\/\/www.texpol.sk\/cs\/shop\/\"},{\"@type\":\"ListItem\",\"position\":3,\"name\":\"Police nad postel &#8211; st\u0159edov\u00e1 Uni\"}]},{\"@type\":\"WebSite\",\"@id\":\"https:\/\/www.texpol.sk\/cs\/#website\",\"url\":\"https:\/\/www.texpol.sk\/cs\/\",\"name\":\"texpol.sk\",\"description\":\"\",\"publisher\":{\"@id\":\"https:\/\/www.texpol.sk\/cs\/#organization\"},\"potentialAction\":[{\"@type\":\"SearchAction\",\"target\":{\"@type\":\"EntryPoint\",\"urlTemplate\":\"https:\/\/www.texpol.sk\/cs\/?s={search_term_string}\"},\"query-input\":{\"@type\":\"PropertyValueSpecification\",\"valueRequired\":true,\"valueName\":\"search_term_string\"}}],\"inLanguage\":\"cs\"},{\"@type\":\"Organization\",\"@id\":\"https:\/\/www.texpol.sk\/cs\/#organization\",\"name\":\"texpol.sk\",\"url\":\"https:\/\/www.texpol.sk\/cs\/\",\"logo\":{\"@type\":\"ImageObject\",\"inLanguage\":\"cs\",\"@id\":\"https:\/\/www.texpol.sk\/cs\/#\/schema\/logo\/image\/\",\"url\":\"https:\/\/www.texpol.sk\/wp-content\/uploads\/2022\/12\/texpol-logo-navbar.png\",\"contentUrl\":\"https:\/\/www.texpol.sk\/wp-content\/uploads\/2022\/12\/texpol-logo-navbar.png\",\"width\":151,\"height\":57,\"caption\":\"texpol.sk\"},\"image\":{\"@id\":\"https:\/\/www.texpol.sk\/cs\/#\/schema\/logo\/image\/\"}}]}<\/script>\n<!-- \/ Yoast SEO plugin. -->","yoast_head_json":{"title":"Police nad postel - st\u0159edov\u00e1 Uni | texpol.sk","robots":{"index":"index","follow":"follow","max-snippet":"max-snippet:-1","max-image-preview":"max-image-preview:large","max-video-preview":"max-video-preview:-1"},"canonical":"https:\/\/www.texpol.sk\/cs\/eshop\/loznice\/ulozne-prostory-a-doplnky\/police-nad-postel-stredova-uni\/","og_locale":"cs_CZ","og_type":"article","og_title":"Police nad postel - st\u0159edov\u00e1 Uni | texpol.sk","og_description":"Police nad postel\u00ed - centr\u00e1ln\u00ed.  N\u00e1bytek do lo\u017enice TEXPOL v\u00e1m nab\u00edz\u00ed vysoce kvalitn\u00ed materi\u00e1ly a jedine\u010dn\u00fd vzhled masivn\u00edho dubov\u00e9ho a bukov\u00e9ho d\u0159eva.   DOD\u00c1N\u00cd DO 3 - 5 T\u00ddDN\u016e","og_url":"https:\/\/www.texpol.sk\/cs\/eshop\/loznice\/ulozne-prostory-a-doplnky\/police-nad-postel-stredova-uni\/","og_site_name":"texpol.sk","article_modified_time":"2025-06-06T11:07:47+00:00","og_image":[{"width":600,"height":600,"url":"http:\/\/www.texpol.sk\/wp-content\/uploads\/2016\/07\/uni-polica-jpg-1.jpg","type":"image\/jpeg"}],"twitter_card":"summary_large_image","twitter_misc":{"Odhadovan\u00e1 doba \u010dten\u00ed":"1 minuta"},"schema":{"@context":"https:\/\/schema.org","@graph":[{"@type":"WebPage","@id":"https:\/\/www.texpol.sk\/cs\/eshop\/loznice\/ulozne-prostory-a-doplnky\/police-nad-postel-stredova-uni\/","url":"https:\/\/www.texpol.sk\/cs\/eshop\/loznice\/ulozne-prostory-a-doplnky\/police-nad-postel-stredova-uni\/","name":"Police nad postel - st\u0159edov\u00e1 Uni | texpol.sk","isPartOf":{"@id":"https:\/\/www.texpol.sk\/cs\/#website"},"primaryImageOfPage":{"@id":"https:\/\/www.texpol.sk\/cs\/eshop\/loznice\/ulozne-prostory-a-doplnky\/police-nad-postel-stredova-uni\/#primaryimage"},"image":{"@id":"https:\/\/www.texpol.sk\/cs\/eshop\/loznice\/ulozne-prostory-a-doplnky\/police-nad-postel-stredova-uni\/#primaryimage"},"thumbnailUrl":"https:\/\/www.texpol.sk\/wp-content\/uploads\/2016\/07\/uni-polica-jpg-1.jpg","datePublished":"2015-07-13T11:28:36+00:00","dateModified":"2025-06-06T11:07:47+00:00","breadcrumb":{"@id":"https:\/\/www.texpol.sk\/cs\/eshop\/loznice\/ulozne-prostory-a-doplnky\/police-nad-postel-stredova-uni\/#breadcrumb"},"inLanguage":"cs","potentialAction":[{"@type":"ReadAction","target":["https:\/\/www.texpol.sk\/cs\/eshop\/loznice\/ulozne-prostory-a-doplnky\/police-nad-postel-stredova-uni\/"]}]},{"@type":"ImageObject","inLanguage":"cs","@id":"https:\/\/www.texpol.sk\/cs\/eshop\/loznice\/ulozne-prostory-a-doplnky\/police-nad-postel-stredova-uni\/#primaryimage","url":"https:\/\/www.texpol.sk\/wp-content\/uploads\/2016\/07\/uni-polica-jpg-1.jpg","contentUrl":"https:\/\/www.texpol.sk\/wp-content\/uploads\/2016\/07\/uni-polica-jpg-1.jpg","width":600,"height":600,"caption":"uni police jpg"},{"@type":"BreadcrumbList","@id":"https:\/\/www.texpol.sk\/cs\/eshop\/loznice\/ulozne-prostory-a-doplnky\/police-nad-postel-stredova-uni\/#breadcrumb","itemListElement":[{"@type":"ListItem","position":1,"name":"Home","item":"https:\/\/www.texpol.sk\/cs\/"},{"@type":"ListItem","position":2,"name":"Produkty","item":"https:\/\/www.texpol.sk\/cs\/shop\/"},{"@type":"ListItem","position":3,"name":"Police nad postel &#8211; st\u0159edov\u00e1 Uni"}]},{"@type":"WebSite","@id":"https:\/\/www.texpol.sk\/cs\/#website","url":"https:\/\/www.texpol.sk\/cs\/","name":"texpol.sk","description":"","publisher":{"@id":"https:\/\/www.texpol.sk\/cs\/#organization"},"potentialAction":[{"@type":"SearchAction","target":{"@type":"EntryPoint","urlTemplate":"https:\/\/www.texpol.sk\/cs\/?s={search_term_string}"},"query-input":{"@type":"PropertyValueSpecification","valueRequired":true,"valueName":"search_term_string"}}],"inLanguage":"cs"},{"@type":"Organization","@id":"https:\/\/www.texpol.sk\/cs\/#organization","name":"texpol.sk","url":"https:\/\/www.texpol.sk\/cs\/","logo":{"@type":"ImageObject","inLanguage":"cs","@id":"https:\/\/www.texpol.sk\/cs\/#\/schema\/logo\/image\/","url":"https:\/\/www.texpol.sk\/wp-content\/uploads\/2022\/12\/texpol-logo-navbar.png","contentUrl":"https:\/\/www.texpol.sk\/wp-content\/uploads\/2022\/12\/texpol-logo-navbar.png","width":151,"height":57,"caption":"texpol.sk"},"image":{"@id":"https:\/\/www.texpol.sk\/cs\/#\/schema\/logo\/image\/"}}]}},"_links":{"self":[{"href":"https:\/\/www.texpol.sk\/cs\/wp-json\/wp\/v2\/product\/25642","targetHints":{"allow":["GET"]}}],"collection":[{"href":"https:\/\/www.texpol.sk\/cs\/wp-json\/wp\/v2\/product"}],"about":[{"href":"https:\/\/www.texpol.sk\/cs\/wp-json\/wp\/v2\/types\/product"}],"replies":[{"embeddable":true,"href":"https:\/\/www.texpol.sk\/cs\/wp-json\/wp\/v2\/comments?post=25642"}],"wp:featuredmedia":[{"embeddable":true,"href":"https:\/\/www.texpol.sk\/cs\/wp-json\/wp\/v2\/media\/22740"}],"wp:attachment":[{"href":"https:\/\/www.texpol.sk\/cs\/wp-json\/wp\/v2\/media?parent=25642"}],"wp:term":[{"taxonomy":"product_cat","embeddable":true,"href":"https:\/\/www.texpol.sk\/cs\/wp-json\/wp\/v2\/product_cat?post=25642"},{"taxonomy":"product_tag","embeddable":true,"href":"https:\/\/www.texpol.sk\/cs\/wp-json\/wp\/v2\/product_tag?post=25642"}],"curies":[{"name":"wp","href":"https:\/\/api.w.org\/{rel}","templated":true}]}}