{"id":25672,"date":"2016-12-19T09:42:25","date_gmt":"2016-12-19T09:42:25","guid":{"rendered":"https:\/\/www.texpol.sk\/eshop\/nezaraden\u00e9\/zdravotni-sendvicova-matrace-lyra-bio\/"},"modified":"2025-06-11T08:05:44","modified_gmt":"2025-06-11T08:05:44","slug":"zdravotni-sendvicova-matrace-lyra-bio","status":"publish","type":"product","link":"https:\/\/www.texpol.sk\/cs\/eshop\/matrace-cs\/podle-vyuziti\/pro-dospele\/zdravotni-sendvicova-matrace-lyra-bio\/","title":{"rendered":"Zdravotn\u00ed sendvi\u010dov\u00e1 matrace Lyra Bio"},"content":{"rendered":"","protected":false},"excerpt":{"rendered":"<h4><\/h4>\n<p><span style=\"color: #464646;\"><strong>Zdravotn\u00ed sendvi\u010dov\u00e1 <\/strong>matrace<strong> LYRA BIO <\/strong>je ortopedick\u00e1 a <strong>20 cm vysok\u00e1, odoln\u00e1 zdravotn\u00ed matrace<\/strong>. <strong>Matrace<\/strong> je vyrobena z <strong>BIO \u010derstv\u00e9 p\u011bny<\/strong> a vrchn\u00ed \u010d\u00e1st je pota\u017eena <strong>pam\u011b\u0165ovou p\u011bnou<\/strong> s 5z\u00f3novou profilac\u00ed. <span style=\"color: #464646;\"><span style=\"color: #464646;\"><strong>BIO p\u011bna<\/strong> s ultrafresh \u00fapravou eliminuje ne\u017e\u00e1douc\u00ed<\/span> mikroorganismy &#8211; rozto\u010de, pl\u00edsn\u011b, houby.<\/span><br \/>\n<\/span><\/p>\n<h3><\/h3>\n<p><strong>DOD\u00c1N\u00cd DO 10 PRACOVN\u00cdCH DN\u016e<\/strong><\/p>\n","protected":false},"featured_media":22657,"comment_status":"closed","ping_status":"closed","template":"","meta":{"_acf_changed":false,"inline_featured_image":false},"product_cat":[912,915,922,908,909,918,919,921,925,927],"product_tag":[],"class_list":{"0":"post-25672","1":"product","2":"type-product","3":"status-publish","4":"has-post-thumbnail","6":"product_cat-t3-stredne-tvrda-matrace","7":"product_cat-podle-pouzitych-materialu","8":"product_cat-podle-vyuziti","9":"product_cat-matrace-cs","10":"product_cat-matrace-podle-tvrdosti","11":"product_cat-prirodni","12":"product_cat-s-pametovou-penou","13":"product_cat-ze-studene-peny","14":"product_cat-pro-dospele","15":"product_cat-seniorske-cs","16":"pa_velkost-195x80cm-cs","17":"pa_velkost-195x85cm-cs","18":"pa_velkost-195x90cm-cs","19":"pa_velkost-200x80cm-cs","20":"pa_velkost-200x85cm-cs","21":"pa_velkost-200x90cm-cs","22":"pa_velkost-200x100cm-cs","23":"pa_velkost-200x120cm-cs","24":"pa_velkost-200-x-140-cm","25":"pa_velkost-200x160cm-cs","26":"pa_velkost-200x180cm-cs","27":"pa_velkost-200-x-200-cm","29":"first","30":"onbackorder","31":"taxable","32":"shipping-taxable","33":"product-type-variable","34":"has-default-attributes"},"acf":[],"yoast_head":"<!-- This site is optimized with the Yoast SEO plugin v23.9 - https:\/\/yoast.com\/wordpress\/plugins\/seo\/ -->\n<title>Zdravotn\u00ed sendvi\u010dov\u00e1 matrace Lyra Bio | texpol.sk<\/title>\n<meta name=\"robots\" content=\"index, follow, max-snippet:-1, max-image-preview:large, max-video-preview:-1\" \/>\n<link rel=\"canonical\" href=\"https:\/\/www.texpol.sk\/cs\/eshop\/matrace-cs\/podle-vyuziti\/pro-dospele\/zdravotni-sendvicova-matrace-lyra-bio\/\" \/>\n<meta property=\"og:locale\" content=\"cs_CZ\" \/>\n<meta property=\"og:type\" content=\"article\" \/>\n<meta property=\"og:title\" content=\"Zdravotn\u00ed sendvi\u010dov\u00e1 matrace Lyra Bio | texpol.sk\" \/>\n<meta property=\"og:description\" content=\"Zdravotn\u00ed sendvi\u010dov\u00e1 matrace LYRA BIO je ortopedick\u00e1 a 20 cm vysok\u00e1, odoln\u00e1 zdravotn\u00ed matrace. Matrace je vyrobena z BIO \u010derstv\u00e9 p\u011bny a vrchn\u00ed \u010d\u00e1st je pota\u017eena pam\u011b\u0165ovou p\u011bnou s 5z\u00f3novou profilac\u00ed. BIO p\u011bna s ultrafresh \u00fapravou eliminuje ne\u017e\u00e1douc\u00ed mikroorganismy - rozto\u010de, pl\u00edsn\u011b, houby.   DOD\u00c1N\u00cd DO 10 PRACOVN\u00cdCH DN\u016e\" \/>\n<meta property=\"og:url\" content=\"https:\/\/www.texpol.sk\/cs\/eshop\/matrace-cs\/podle-vyuziti\/pro-dospele\/zdravotni-sendvicova-matrace-lyra-bio\/\" \/>\n<meta property=\"og:site_name\" content=\"texpol.sk\" \/>\n<meta property=\"article:modified_time\" content=\"2025-06-11T08:05:44+00:00\" \/>\n<meta property=\"og:image\" content=\"http:\/\/www.texpol.sk\/wp-content\/uploads\/2016\/12\/Lyra-bio-1.jpg\" \/>\n\t<meta property=\"og:image:width\" content=\"600\" \/>\n\t<meta property=\"og:image:height\" content=\"600\" \/>\n\t<meta property=\"og:image:type\" content=\"image\/jpeg\" \/>\n<meta name=\"twitter:card\" content=\"summary_large_image\" \/>\n<meta name=\"twitter:label1\" content=\"Odhadovan\u00e1 doba \u010dten\u00ed\" \/>\n\t<meta name=\"twitter:data1\" content=\"1 minuta\" \/>\n<script type=\"application\/ld+json\" class=\"yoast-schema-graph\">{\"@context\":\"https:\/\/schema.org\",\"@graph\":[{\"@type\":\"WebPage\",\"@id\":\"https:\/\/www.texpol.sk\/cs\/eshop\/matrace-cs\/podle-vyuziti\/pro-dospele\/zdravotni-sendvicova-matrace-lyra-bio\/\",\"url\":\"https:\/\/www.texpol.sk\/cs\/eshop\/matrace-cs\/podle-vyuziti\/pro-dospele\/zdravotni-sendvicova-matrace-lyra-bio\/\",\"name\":\"Zdravotn\u00ed sendvi\u010dov\u00e1 matrace Lyra Bio | texpol.sk\",\"isPartOf\":{\"@id\":\"https:\/\/www.texpol.sk\/cs\/#website\"},\"primaryImageOfPage\":{\"@id\":\"https:\/\/www.texpol.sk\/cs\/eshop\/matrace-cs\/podle-vyuziti\/pro-dospele\/zdravotni-sendvicova-matrace-lyra-bio\/#primaryimage\"},\"image\":{\"@id\":\"https:\/\/www.texpol.sk\/cs\/eshop\/matrace-cs\/podle-vyuziti\/pro-dospele\/zdravotni-sendvicova-matrace-lyra-bio\/#primaryimage\"},\"thumbnailUrl\":\"https:\/\/www.texpol.sk\/wp-content\/uploads\/2016\/12\/Lyra-bio-1.jpg\",\"datePublished\":\"2016-12-19T09:42:25+00:00\",\"dateModified\":\"2025-06-11T08:05:44+00:00\",\"breadcrumb\":{\"@id\":\"https:\/\/www.texpol.sk\/cs\/eshop\/matrace-cs\/podle-vyuziti\/pro-dospele\/zdravotni-sendvicova-matrace-lyra-bio\/#breadcrumb\"},\"inLanguage\":\"cs\",\"potentialAction\":[{\"@type\":\"ReadAction\",\"target\":[\"https:\/\/www.texpol.sk\/cs\/eshop\/matrace-cs\/podle-vyuziti\/pro-dospele\/zdravotni-sendvicova-matrace-lyra-bio\/\"]}]},{\"@type\":\"ImageObject\",\"inLanguage\":\"cs\",\"@id\":\"https:\/\/www.texpol.sk\/cs\/eshop\/matrace-cs\/podle-vyuziti\/pro-dospele\/zdravotni-sendvicova-matrace-lyra-bio\/#primaryimage\",\"url\":\"https:\/\/www.texpol.sk\/wp-content\/uploads\/2016\/12\/Lyra-bio-1.jpg\",\"contentUrl\":\"https:\/\/www.texpol.sk\/wp-content\/uploads\/2016\/12\/Lyra-bio-1.jpg\",\"width\":600,\"height\":600,\"caption\":\"Lyra bio\"},{\"@type\":\"BreadcrumbList\",\"@id\":\"https:\/\/www.texpol.sk\/cs\/eshop\/matrace-cs\/podle-vyuziti\/pro-dospele\/zdravotni-sendvicova-matrace-lyra-bio\/#breadcrumb\",\"itemListElement\":[{\"@type\":\"ListItem\",\"position\":1,\"name\":\"Home\",\"item\":\"https:\/\/www.texpol.sk\/cs\/\"},{\"@type\":\"ListItem\",\"position\":2,\"name\":\"Produkty\",\"item\":\"https:\/\/www.texpol.sk\/cs\/shop\/\"},{\"@type\":\"ListItem\",\"position\":3,\"name\":\"Zdravotn\u00ed sendvi\u010dov\u00e1 matrace Lyra Bio\"}]},{\"@type\":\"WebSite\",\"@id\":\"https:\/\/www.texpol.sk\/cs\/#website\",\"url\":\"https:\/\/www.texpol.sk\/cs\/\",\"name\":\"texpol.sk\",\"description\":\"\",\"publisher\":{\"@id\":\"https:\/\/www.texpol.sk\/cs\/#organization\"},\"potentialAction\":[{\"@type\":\"SearchAction\",\"target\":{\"@type\":\"EntryPoint\",\"urlTemplate\":\"https:\/\/www.texpol.sk\/cs\/?s={search_term_string}\"},\"query-input\":{\"@type\":\"PropertyValueSpecification\",\"valueRequired\":true,\"valueName\":\"search_term_string\"}}],\"inLanguage\":\"cs\"},{\"@type\":\"Organization\",\"@id\":\"https:\/\/www.texpol.sk\/cs\/#organization\",\"name\":\"texpol.sk\",\"url\":\"https:\/\/www.texpol.sk\/cs\/\",\"logo\":{\"@type\":\"ImageObject\",\"inLanguage\":\"cs\",\"@id\":\"https:\/\/www.texpol.sk\/cs\/#\/schema\/logo\/image\/\",\"url\":\"https:\/\/www.texpol.sk\/wp-content\/uploads\/2022\/12\/texpol-logo-navbar.png\",\"contentUrl\":\"https:\/\/www.texpol.sk\/wp-content\/uploads\/2022\/12\/texpol-logo-navbar.png\",\"width\":151,\"height\":57,\"caption\":\"texpol.sk\"},\"image\":{\"@id\":\"https:\/\/www.texpol.sk\/cs\/#\/schema\/logo\/image\/\"}}]}<\/script>\n<!-- \/ Yoast SEO plugin. -->","yoast_head_json":{"title":"Zdravotn\u00ed sendvi\u010dov\u00e1 matrace Lyra Bio | texpol.sk","robots":{"index":"index","follow":"follow","max-snippet":"max-snippet:-1","max-image-preview":"max-image-preview:large","max-video-preview":"max-video-preview:-1"},"canonical":"https:\/\/www.texpol.sk\/cs\/eshop\/matrace-cs\/podle-vyuziti\/pro-dospele\/zdravotni-sendvicova-matrace-lyra-bio\/","og_locale":"cs_CZ","og_type":"article","og_title":"Zdravotn\u00ed sendvi\u010dov\u00e1 matrace Lyra Bio | texpol.sk","og_description":"Zdravotn\u00ed sendvi\u010dov\u00e1 matrace LYRA BIO je ortopedick\u00e1 a 20 cm vysok\u00e1, odoln\u00e1 zdravotn\u00ed matrace. Matrace je vyrobena z BIO \u010derstv\u00e9 p\u011bny a vrchn\u00ed \u010d\u00e1st je pota\u017eena pam\u011b\u0165ovou p\u011bnou s 5z\u00f3novou profilac\u00ed. BIO p\u011bna s ultrafresh \u00fapravou eliminuje ne\u017e\u00e1douc\u00ed mikroorganismy - rozto\u010de, pl\u00edsn\u011b, houby.   DOD\u00c1N\u00cd DO 10 PRACOVN\u00cdCH DN\u016e","og_url":"https:\/\/www.texpol.sk\/cs\/eshop\/matrace-cs\/podle-vyuziti\/pro-dospele\/zdravotni-sendvicova-matrace-lyra-bio\/","og_site_name":"texpol.sk","article_modified_time":"2025-06-11T08:05:44+00:00","og_image":[{"width":600,"height":600,"url":"http:\/\/www.texpol.sk\/wp-content\/uploads\/2016\/12\/Lyra-bio-1.jpg","type":"image\/jpeg"}],"twitter_card":"summary_large_image","twitter_misc":{"Odhadovan\u00e1 doba \u010dten\u00ed":"1 minuta"},"schema":{"@context":"https:\/\/schema.org","@graph":[{"@type":"WebPage","@id":"https:\/\/www.texpol.sk\/cs\/eshop\/matrace-cs\/podle-vyuziti\/pro-dospele\/zdravotni-sendvicova-matrace-lyra-bio\/","url":"https:\/\/www.texpol.sk\/cs\/eshop\/matrace-cs\/podle-vyuziti\/pro-dospele\/zdravotni-sendvicova-matrace-lyra-bio\/","name":"Zdravotn\u00ed sendvi\u010dov\u00e1 matrace Lyra Bio | texpol.sk","isPartOf":{"@id":"https:\/\/www.texpol.sk\/cs\/#website"},"primaryImageOfPage":{"@id":"https:\/\/www.texpol.sk\/cs\/eshop\/matrace-cs\/podle-vyuziti\/pro-dospele\/zdravotni-sendvicova-matrace-lyra-bio\/#primaryimage"},"image":{"@id":"https:\/\/www.texpol.sk\/cs\/eshop\/matrace-cs\/podle-vyuziti\/pro-dospele\/zdravotni-sendvicova-matrace-lyra-bio\/#primaryimage"},"thumbnailUrl":"https:\/\/www.texpol.sk\/wp-content\/uploads\/2016\/12\/Lyra-bio-1.jpg","datePublished":"2016-12-19T09:42:25+00:00","dateModified":"2025-06-11T08:05:44+00:00","breadcrumb":{"@id":"https:\/\/www.texpol.sk\/cs\/eshop\/matrace-cs\/podle-vyuziti\/pro-dospele\/zdravotni-sendvicova-matrace-lyra-bio\/#breadcrumb"},"inLanguage":"cs","potentialAction":[{"@type":"ReadAction","target":["https:\/\/www.texpol.sk\/cs\/eshop\/matrace-cs\/podle-vyuziti\/pro-dospele\/zdravotni-sendvicova-matrace-lyra-bio\/"]}]},{"@type":"ImageObject","inLanguage":"cs","@id":"https:\/\/www.texpol.sk\/cs\/eshop\/matrace-cs\/podle-vyuziti\/pro-dospele\/zdravotni-sendvicova-matrace-lyra-bio\/#primaryimage","url":"https:\/\/www.texpol.sk\/wp-content\/uploads\/2016\/12\/Lyra-bio-1.jpg","contentUrl":"https:\/\/www.texpol.sk\/wp-content\/uploads\/2016\/12\/Lyra-bio-1.jpg","width":600,"height":600,"caption":"Lyra bio"},{"@type":"BreadcrumbList","@id":"https:\/\/www.texpol.sk\/cs\/eshop\/matrace-cs\/podle-vyuziti\/pro-dospele\/zdravotni-sendvicova-matrace-lyra-bio\/#breadcrumb","itemListElement":[{"@type":"ListItem","position":1,"name":"Home","item":"https:\/\/www.texpol.sk\/cs\/"},{"@type":"ListItem","position":2,"name":"Produkty","item":"https:\/\/www.texpol.sk\/cs\/shop\/"},{"@type":"ListItem","position":3,"name":"Zdravotn\u00ed sendvi\u010dov\u00e1 matrace Lyra Bio"}]},{"@type":"WebSite","@id":"https:\/\/www.texpol.sk\/cs\/#website","url":"https:\/\/www.texpol.sk\/cs\/","name":"texpol.sk","description":"","publisher":{"@id":"https:\/\/www.texpol.sk\/cs\/#organization"},"potentialAction":[{"@type":"SearchAction","target":{"@type":"EntryPoint","urlTemplate":"https:\/\/www.texpol.sk\/cs\/?s={search_term_string}"},"query-input":{"@type":"PropertyValueSpecification","valueRequired":true,"valueName":"search_term_string"}}],"inLanguage":"cs"},{"@type":"Organization","@id":"https:\/\/www.texpol.sk\/cs\/#organization","name":"texpol.sk","url":"https:\/\/www.texpol.sk\/cs\/","logo":{"@type":"ImageObject","inLanguage":"cs","@id":"https:\/\/www.texpol.sk\/cs\/#\/schema\/logo\/image\/","url":"https:\/\/www.texpol.sk\/wp-content\/uploads\/2022\/12\/texpol-logo-navbar.png","contentUrl":"https:\/\/www.texpol.sk\/wp-content\/uploads\/2022\/12\/texpol-logo-navbar.png","width":151,"height":57,"caption":"texpol.sk"},"image":{"@id":"https:\/\/www.texpol.sk\/cs\/#\/schema\/logo\/image\/"}}]}},"_links":{"self":[{"href":"https:\/\/www.texpol.sk\/cs\/wp-json\/wp\/v2\/product\/25672","targetHints":{"allow":["GET"]}}],"collection":[{"href":"https:\/\/www.texpol.sk\/cs\/wp-json\/wp\/v2\/product"}],"about":[{"href":"https:\/\/www.texpol.sk\/cs\/wp-json\/wp\/v2\/types\/product"}],"replies":[{"embeddable":true,"href":"https:\/\/www.texpol.sk\/cs\/wp-json\/wp\/v2\/comments?post=25672"}],"wp:featuredmedia":[{"embeddable":true,"href":"https:\/\/www.texpol.sk\/cs\/wp-json\/wp\/v2\/media\/22657"}],"wp:attachment":[{"href":"https:\/\/www.texpol.sk\/cs\/wp-json\/wp\/v2\/media?parent=25672"}],"wp:term":[{"taxonomy":"product_cat","embeddable":true,"href":"https:\/\/www.texpol.sk\/cs\/wp-json\/wp\/v2\/product_cat?post=25672"},{"taxonomy":"product_tag","embeddable":true,"href":"https:\/\/www.texpol.sk\/cs\/wp-json\/wp\/v2\/product_tag?post=25672"}],"curies":[{"name":"wp","href":"https:\/\/api.w.org\/{rel}","templated":true}]}}