{"id":25745,"date":"2016-10-05T16:07:48","date_gmt":"2016-10-05T16:07:48","guid":{"rendered":"https:\/\/www.texpol.sk\/eshop\/nezaraden\u00e9\/cenove-dostupna-matrace-happy\/"},"modified":"2025-06-11T08:20:42","modified_gmt":"2025-06-11T08:20:42","slug":"cenove-dostupna-matrace-happy-2","status":"publish","type":"product","link":"https:\/\/www.texpol.sk\/cs\/eshop\/matrace-cs\/podle-vyuziti\/pro-dospele\/cenove-dostupna-matrace-happy-2\/","title":{"rendered":"Cenov\u011b dostupn\u00e1 matrace Happy"},"content":{"rendered":"","protected":false},"excerpt":{"rendered":"<h4><\/h4>\n<p><strong>Pohodln\u00e1 cenov\u011b dostupn\u00e1 oboustrann\u00e1 <\/strong>matrace <strong>HAPPY<\/strong> je vyrobena z kvalitn\u00ed PUR p\u011bny. Spac\u00ed plocha je vybavena p\u011btiz\u00f3novou profilac\u00ed, kter\u00e1 zaru\u010duje dokonal\u00e9 uvoln\u011bn\u00ed va\u0161ich sval\u016f b\u011bhem sp\u00e1nku.<\/p>\n<h3><\/h3>\n<h4><strong>DOD\u00c1N\u00cd DO 10 PRACOVN\u00cdCH DN\u016e<\/strong><\/h4>\n","protected":false},"featured_media":22881,"comment_status":"closed","ping_status":"closed","template":"","meta":{"_acf_changed":false,"inline_featured_image":false},"product_cat":[912,915,917,922,908,909,930,911,925,926],"product_tag":[1130],"class_list":{"0":"post-25745","1":"product","2":"type-product","3":"status-publish","4":"has-post-thumbnail","6":"product_cat-t3-stredne-tvrda-matrace","7":"product_cat-podle-pouzitych-materialu","8":"product_cat-penove-cs","9":"product_cat-podle-vyuziti","10":"product_cat-matrace-cs","11":"product_cat-matrace-podle-tvrdosti","12":"product_cat-studentske-cs","13":"product_cat-t2-mekka-matrace","14":"product_cat-pro-dospele","15":"product_cat-prilezitostne-spani","16":"product_tag-matrace","17":"pa_velkost-195x80cm-cs","18":"pa_velkost-195x85cm-cs","19":"pa_velkost-195x90cm-cs","20":"pa_velkost-200x80cm-cs","21":"pa_velkost-200x85cm-cs","22":"pa_velkost-200x90cm-cs","23":"pa_velkost-200x100cm-cs","24":"pa_velkost-200x120cm-cs","25":"pa_velkost-200-x-140-cm","26":"pa_velkost-200x160cm-cs","27":"pa_velkost-200x180cm-cs","28":"pa_velkost-200-x-200-cm","30":"first","31":"instock","32":"sale","33":"taxable","34":"shipping-taxable","35":"product-type-variable","36":"has-default-attributes"},"acf":[],"yoast_head":"<!-- This site is optimized with the Yoast SEO plugin v23.9 - https:\/\/yoast.com\/wordpress\/plugins\/seo\/ -->\n<title>Cenov\u011b dostupn\u00e1 matrace Happy | texpol.sk<\/title>\n<meta name=\"robots\" content=\"index, follow, max-snippet:-1, max-image-preview:large, max-video-preview:-1\" \/>\n<link rel=\"canonical\" href=\"https:\/\/www.texpol.sk\/cs\/eshop\/matrace-cs\/podle-vyuziti\/pro-dospele\/cenove-dostupna-matrace-happy-2\/\" \/>\n<meta property=\"og:locale\" content=\"cs_CZ\" \/>\n<meta property=\"og:type\" content=\"article\" \/>\n<meta property=\"og:title\" content=\"Cenov\u011b dostupn\u00e1 matrace Happy | texpol.sk\" \/>\n<meta property=\"og:description\" content=\"Pohodln\u00e1 cenov\u011b dostupn\u00e1 oboustrann\u00e1 matrace HAPPY je vyrobena z kvalitn\u00ed PUR p\u011bny. Spac\u00ed plocha je vybavena p\u011btiz\u00f3novou profilac\u00ed, kter\u00e1 zaru\u010duje dokonal\u00e9 uvoln\u011bn\u00ed va\u0161ich sval\u016f b\u011bhem sp\u00e1nku.  DOD\u00c1N\u00cd DO 10 PRACOVN\u00cdCH DN\u016e\" \/>\n<meta property=\"og:url\" content=\"https:\/\/www.texpol.sk\/cs\/eshop\/matrace-cs\/podle-vyuziti\/pro-dospele\/cenove-dostupna-matrace-happy-2\/\" \/>\n<meta property=\"og:site_name\" content=\"texpol.sk\" \/>\n<meta property=\"article:modified_time\" content=\"2025-06-11T08:20:42+00:00\" \/>\n<meta property=\"og:image\" content=\"http:\/\/www.texpol.sk\/wp-content\/uploads\/2021\/02\/happy-novy-povrch-2.jpg\" \/>\n\t<meta property=\"og:image:width\" content=\"600\" \/>\n\t<meta property=\"og:image:height\" content=\"600\" \/>\n\t<meta property=\"og:image:type\" content=\"image\/jpeg\" \/>\n<meta name=\"twitter:card\" content=\"summary_large_image\" \/>\n<meta name=\"twitter:label1\" content=\"Odhadovan\u00e1 doba \u010dten\u00ed\" \/>\n\t<meta name=\"twitter:data1\" content=\"1 minuta\" \/>\n<script type=\"application\/ld+json\" class=\"yoast-schema-graph\">{\"@context\":\"https:\/\/schema.org\",\"@graph\":[{\"@type\":\"WebPage\",\"@id\":\"https:\/\/www.texpol.sk\/cs\/eshop\/matrace-cs\/podle-vyuziti\/pro-dospele\/cenove-dostupna-matrace-happy-2\/\",\"url\":\"https:\/\/www.texpol.sk\/cs\/eshop\/matrace-cs\/podle-vyuziti\/pro-dospele\/cenove-dostupna-matrace-happy-2\/\",\"name\":\"Cenov\u011b dostupn\u00e1 matrace Happy | texpol.sk\",\"isPartOf\":{\"@id\":\"https:\/\/www.texpol.sk\/cs\/#website\"},\"primaryImageOfPage\":{\"@id\":\"https:\/\/www.texpol.sk\/cs\/eshop\/matrace-cs\/podle-vyuziti\/pro-dospele\/cenove-dostupna-matrace-happy-2\/#primaryimage\"},\"image\":{\"@id\":\"https:\/\/www.texpol.sk\/cs\/eshop\/matrace-cs\/podle-vyuziti\/pro-dospele\/cenove-dostupna-matrace-happy-2\/#primaryimage\"},\"thumbnailUrl\":\"https:\/\/www.texpol.sk\/wp-content\/uploads\/2021\/02\/happy-novy-povrch-2.jpg\",\"datePublished\":\"2016-10-05T16:07:48+00:00\",\"dateModified\":\"2025-06-11T08:20:42+00:00\",\"breadcrumb\":{\"@id\":\"https:\/\/www.texpol.sk\/cs\/eshop\/matrace-cs\/podle-vyuziti\/pro-dospele\/cenove-dostupna-matrace-happy-2\/#breadcrumb\"},\"inLanguage\":\"cs\",\"potentialAction\":[{\"@type\":\"ReadAction\",\"target\":[\"https:\/\/www.texpol.sk\/cs\/eshop\/matrace-cs\/podle-vyuziti\/pro-dospele\/cenove-dostupna-matrace-happy-2\/\"]}]},{\"@type\":\"ImageObject\",\"inLanguage\":\"cs\",\"@id\":\"https:\/\/www.texpol.sk\/cs\/eshop\/matrace-cs\/podle-vyuziti\/pro-dospele\/cenove-dostupna-matrace-happy-2\/#primaryimage\",\"url\":\"https:\/\/www.texpol.sk\/wp-content\/uploads\/2021\/02\/happy-novy-povrch-2.jpg\",\"contentUrl\":\"https:\/\/www.texpol.sk\/wp-content\/uploads\/2021\/02\/happy-novy-povrch-2.jpg\",\"width\":600,\"height\":600,\"caption\":\"\u0161\u0165astn\u00fd nov\u00fd povrch 2\"},{\"@type\":\"BreadcrumbList\",\"@id\":\"https:\/\/www.texpol.sk\/cs\/eshop\/matrace-cs\/podle-vyuziti\/pro-dospele\/cenove-dostupna-matrace-happy-2\/#breadcrumb\",\"itemListElement\":[{\"@type\":\"ListItem\",\"position\":1,\"name\":\"Home\",\"item\":\"https:\/\/www.texpol.sk\/cs\/\"},{\"@type\":\"ListItem\",\"position\":2,\"name\":\"Produkty\",\"item\":\"https:\/\/www.texpol.sk\/cs\/shop\/\"},{\"@type\":\"ListItem\",\"position\":3,\"name\":\"Cenov\u011b dostupn\u00e1 matrace Happy\"}]},{\"@type\":\"WebSite\",\"@id\":\"https:\/\/www.texpol.sk\/cs\/#website\",\"url\":\"https:\/\/www.texpol.sk\/cs\/\",\"name\":\"texpol.sk\",\"description\":\"\",\"publisher\":{\"@id\":\"https:\/\/www.texpol.sk\/cs\/#organization\"},\"potentialAction\":[{\"@type\":\"SearchAction\",\"target\":{\"@type\":\"EntryPoint\",\"urlTemplate\":\"https:\/\/www.texpol.sk\/cs\/?s={search_term_string}\"},\"query-input\":{\"@type\":\"PropertyValueSpecification\",\"valueRequired\":true,\"valueName\":\"search_term_string\"}}],\"inLanguage\":\"cs\"},{\"@type\":\"Organization\",\"@id\":\"https:\/\/www.texpol.sk\/cs\/#organization\",\"name\":\"texpol.sk\",\"url\":\"https:\/\/www.texpol.sk\/cs\/\",\"logo\":{\"@type\":\"ImageObject\",\"inLanguage\":\"cs\",\"@id\":\"https:\/\/www.texpol.sk\/cs\/#\/schema\/logo\/image\/\",\"url\":\"https:\/\/www.texpol.sk\/wp-content\/uploads\/2022\/12\/texpol-logo-navbar.png\",\"contentUrl\":\"https:\/\/www.texpol.sk\/wp-content\/uploads\/2022\/12\/texpol-logo-navbar.png\",\"width\":151,\"height\":57,\"caption\":\"texpol.sk\"},\"image\":{\"@id\":\"https:\/\/www.texpol.sk\/cs\/#\/schema\/logo\/image\/\"}}]}<\/script>\n<!-- \/ Yoast SEO plugin. -->","yoast_head_json":{"title":"Cenov\u011b dostupn\u00e1 matrace Happy | texpol.sk","robots":{"index":"index","follow":"follow","max-snippet":"max-snippet:-1","max-image-preview":"max-image-preview:large","max-video-preview":"max-video-preview:-1"},"canonical":"https:\/\/www.texpol.sk\/cs\/eshop\/matrace-cs\/podle-vyuziti\/pro-dospele\/cenove-dostupna-matrace-happy-2\/","og_locale":"cs_CZ","og_type":"article","og_title":"Cenov\u011b dostupn\u00e1 matrace Happy | texpol.sk","og_description":"Pohodln\u00e1 cenov\u011b dostupn\u00e1 oboustrann\u00e1 matrace HAPPY je vyrobena z kvalitn\u00ed PUR p\u011bny. Spac\u00ed plocha je vybavena p\u011btiz\u00f3novou profilac\u00ed, kter\u00e1 zaru\u010duje dokonal\u00e9 uvoln\u011bn\u00ed va\u0161ich sval\u016f b\u011bhem sp\u00e1nku.  DOD\u00c1N\u00cd DO 10 PRACOVN\u00cdCH DN\u016e","og_url":"https:\/\/www.texpol.sk\/cs\/eshop\/matrace-cs\/podle-vyuziti\/pro-dospele\/cenove-dostupna-matrace-happy-2\/","og_site_name":"texpol.sk","article_modified_time":"2025-06-11T08:20:42+00:00","og_image":[{"width":600,"height":600,"url":"http:\/\/www.texpol.sk\/wp-content\/uploads\/2021\/02\/happy-novy-povrch-2.jpg","type":"image\/jpeg"}],"twitter_card":"summary_large_image","twitter_misc":{"Odhadovan\u00e1 doba \u010dten\u00ed":"1 minuta"},"schema":{"@context":"https:\/\/schema.org","@graph":[{"@type":"WebPage","@id":"https:\/\/www.texpol.sk\/cs\/eshop\/matrace-cs\/podle-vyuziti\/pro-dospele\/cenove-dostupna-matrace-happy-2\/","url":"https:\/\/www.texpol.sk\/cs\/eshop\/matrace-cs\/podle-vyuziti\/pro-dospele\/cenove-dostupna-matrace-happy-2\/","name":"Cenov\u011b dostupn\u00e1 matrace Happy | texpol.sk","isPartOf":{"@id":"https:\/\/www.texpol.sk\/cs\/#website"},"primaryImageOfPage":{"@id":"https:\/\/www.texpol.sk\/cs\/eshop\/matrace-cs\/podle-vyuziti\/pro-dospele\/cenove-dostupna-matrace-happy-2\/#primaryimage"},"image":{"@id":"https:\/\/www.texpol.sk\/cs\/eshop\/matrace-cs\/podle-vyuziti\/pro-dospele\/cenove-dostupna-matrace-happy-2\/#primaryimage"},"thumbnailUrl":"https:\/\/www.texpol.sk\/wp-content\/uploads\/2021\/02\/happy-novy-povrch-2.jpg","datePublished":"2016-10-05T16:07:48+00:00","dateModified":"2025-06-11T08:20:42+00:00","breadcrumb":{"@id":"https:\/\/www.texpol.sk\/cs\/eshop\/matrace-cs\/podle-vyuziti\/pro-dospele\/cenove-dostupna-matrace-happy-2\/#breadcrumb"},"inLanguage":"cs","potentialAction":[{"@type":"ReadAction","target":["https:\/\/www.texpol.sk\/cs\/eshop\/matrace-cs\/podle-vyuziti\/pro-dospele\/cenove-dostupna-matrace-happy-2\/"]}]},{"@type":"ImageObject","inLanguage":"cs","@id":"https:\/\/www.texpol.sk\/cs\/eshop\/matrace-cs\/podle-vyuziti\/pro-dospele\/cenove-dostupna-matrace-happy-2\/#primaryimage","url":"https:\/\/www.texpol.sk\/wp-content\/uploads\/2021\/02\/happy-novy-povrch-2.jpg","contentUrl":"https:\/\/www.texpol.sk\/wp-content\/uploads\/2021\/02\/happy-novy-povrch-2.jpg","width":600,"height":600,"caption":"\u0161\u0165astn\u00fd nov\u00fd povrch 2"},{"@type":"BreadcrumbList","@id":"https:\/\/www.texpol.sk\/cs\/eshop\/matrace-cs\/podle-vyuziti\/pro-dospele\/cenove-dostupna-matrace-happy-2\/#breadcrumb","itemListElement":[{"@type":"ListItem","position":1,"name":"Home","item":"https:\/\/www.texpol.sk\/cs\/"},{"@type":"ListItem","position":2,"name":"Produkty","item":"https:\/\/www.texpol.sk\/cs\/shop\/"},{"@type":"ListItem","position":3,"name":"Cenov\u011b dostupn\u00e1 matrace Happy"}]},{"@type":"WebSite","@id":"https:\/\/www.texpol.sk\/cs\/#website","url":"https:\/\/www.texpol.sk\/cs\/","name":"texpol.sk","description":"","publisher":{"@id":"https:\/\/www.texpol.sk\/cs\/#organization"},"potentialAction":[{"@type":"SearchAction","target":{"@type":"EntryPoint","urlTemplate":"https:\/\/www.texpol.sk\/cs\/?s={search_term_string}"},"query-input":{"@type":"PropertyValueSpecification","valueRequired":true,"valueName":"search_term_string"}}],"inLanguage":"cs"},{"@type":"Organization","@id":"https:\/\/www.texpol.sk\/cs\/#organization","name":"texpol.sk","url":"https:\/\/www.texpol.sk\/cs\/","logo":{"@type":"ImageObject","inLanguage":"cs","@id":"https:\/\/www.texpol.sk\/cs\/#\/schema\/logo\/image\/","url":"https:\/\/www.texpol.sk\/wp-content\/uploads\/2022\/12\/texpol-logo-navbar.png","contentUrl":"https:\/\/www.texpol.sk\/wp-content\/uploads\/2022\/12\/texpol-logo-navbar.png","width":151,"height":57,"caption":"texpol.sk"},"image":{"@id":"https:\/\/www.texpol.sk\/cs\/#\/schema\/logo\/image\/"}}]}},"_links":{"self":[{"href":"https:\/\/www.texpol.sk\/cs\/wp-json\/wp\/v2\/product\/25745","targetHints":{"allow":["GET"]}}],"collection":[{"href":"https:\/\/www.texpol.sk\/cs\/wp-json\/wp\/v2\/product"}],"about":[{"href":"https:\/\/www.texpol.sk\/cs\/wp-json\/wp\/v2\/types\/product"}],"replies":[{"embeddable":true,"href":"https:\/\/www.texpol.sk\/cs\/wp-json\/wp\/v2\/comments?post=25745"}],"wp:featuredmedia":[{"embeddable":true,"href":"https:\/\/www.texpol.sk\/cs\/wp-json\/wp\/v2\/media\/22881"}],"wp:attachment":[{"href":"https:\/\/www.texpol.sk\/cs\/wp-json\/wp\/v2\/media?parent=25745"}],"wp:term":[{"taxonomy":"product_cat","embeddable":true,"href":"https:\/\/www.texpol.sk\/cs\/wp-json\/wp\/v2\/product_cat?post=25745"},{"taxonomy":"product_tag","embeddable":true,"href":"https:\/\/www.texpol.sk\/cs\/wp-json\/wp\/v2\/product_tag?post=25745"}],"curies":[{"name":"wp","href":"https:\/\/api.w.org\/{rel}","templated":true}]}}