{"id":25792,"date":"2016-08-12T11:16:15","date_gmt":"2016-08-12T11:16:15","guid":{"rendered":"https:\/\/www.texpol.sk\/eshop\/nezaraden\u00e9\/cestovni-polstar-travel-memory-pillow\/"},"modified":"2025-06-16T07:50:50","modified_gmt":"2025-06-16T07:50:50","slug":"cestovni-polstar-travel-pillow","status":"publish","type":"product","link":"https:\/\/www.texpol.sk\/cs\/eshop\/polstare-a-prikryvky\/cestovni-polstar-travel-pillow\/","title":{"rendered":"Cestovn\u00ed pol\u0161t\u00e1\u0159 Travel Pillow"},"content":{"rendered":"","protected":false},"excerpt":{"rendered":"<h4 class=\"tw-data-text vk_txt tw-ta tw-text-small\" dir=\"ltr\"><\/h4>\n<p id=\"tw-target-text\" class=\"tw-data-text vk_txt tw-ta tw-text-small\" dir=\"ltr\"><span lang=\"sk\" xml:lang=\"sk\"><strong>Cestovn\u00ed<\/strong> <strong>pol\u0161t\u00e1\u0159<\/strong> je ur\u010den pro ortopedickou podporu, stabilizaci krku a ramen.<\/span><\/p>\n<h3 class=\"tw-data-text vk_txt tw-ta tw-text-small\" dir=\"ltr\"><\/h3>\n<h4><strong>DOD\u00c1N\u00cd DO 3 PRACOVN\u00cdCH DN\u016e<\/strong><\/h4>\n","protected":false},"featured_media":22799,"comment_status":"closed","ping_status":"closed","template":"","meta":{"_acf_changed":false,"inline_featured_image":false},"product_cat":[948],"product_tag":[],"class_list":{"0":"post-25792","1":"product","2":"type-product","3":"status-publish","4":"has-post-thumbnail","6":"product_cat-polstare-a-prikryvky","8":"first","9":"instock","10":"taxable","11":"shipping-taxable","12":"purchasable","13":"product-type-simple"},"acf":[],"yoast_head":"<!-- This site is optimized with the Yoast SEO plugin v23.9 - https:\/\/yoast.com\/wordpress\/plugins\/seo\/ -->\n<title>Cestovn\u00ed pol\u0161t\u00e1\u0159 Travel Pillow | texpol.sk<\/title>\n<meta name=\"robots\" content=\"index, follow, max-snippet:-1, max-image-preview:large, max-video-preview:-1\" \/>\n<link rel=\"canonical\" href=\"https:\/\/www.texpol.sk\/cs\/eshop\/polstare-a-prikryvky\/cestovni-polstar-travel-pillow\/\" \/>\n<meta property=\"og:locale\" content=\"cs_CZ\" \/>\n<meta property=\"og:type\" content=\"article\" \/>\n<meta property=\"og:title\" content=\"Cestovn\u00ed pol\u0161t\u00e1\u0159 Travel Pillow | texpol.sk\" \/>\n<meta property=\"og:description\" content=\"Cestovn\u00ed pol\u0161t\u00e1\u0159 je ur\u010den pro ortopedickou podporu, stabilizaci krku a ramen.   DOD\u00c1N\u00cd DO 3 PRACOVN\u00cdCH DN\u016e\" \/>\n<meta property=\"og:url\" content=\"https:\/\/www.texpol.sk\/cs\/eshop\/polstare-a-prikryvky\/cestovni-polstar-travel-pillow\/\" \/>\n<meta property=\"og:site_name\" content=\"texpol.sk\" \/>\n<meta property=\"article:modified_time\" content=\"2025-06-16T07:50:50+00:00\" \/>\n<meta property=\"og:image\" content=\"http:\/\/www.texpol.sk\/wp-content\/uploads\/2016\/08\/Travel-pillow-sedy.jpg\" \/>\n\t<meta property=\"og:image:width\" content=\"600\" \/>\n\t<meta property=\"og:image:height\" content=\"600\" \/>\n\t<meta property=\"og:image:type\" content=\"image\/jpeg\" \/>\n<meta name=\"twitter:card\" content=\"summary_large_image\" \/>\n<meta name=\"twitter:label1\" content=\"Odhadovan\u00e1 doba \u010dten\u00ed\" \/>\n\t<meta name=\"twitter:data1\" content=\"1 minuta\" \/>\n<script type=\"application\/ld+json\" class=\"yoast-schema-graph\">{\"@context\":\"https:\/\/schema.org\",\"@graph\":[{\"@type\":\"WebPage\",\"@id\":\"https:\/\/www.texpol.sk\/cs\/eshop\/polstare-a-prikryvky\/cestovni-polstar-travel-pillow\/\",\"url\":\"https:\/\/www.texpol.sk\/cs\/eshop\/polstare-a-prikryvky\/cestovni-polstar-travel-pillow\/\",\"name\":\"Cestovn\u00ed pol\u0161t\u00e1\u0159 Travel Pillow | texpol.sk\",\"isPartOf\":{\"@id\":\"https:\/\/www.texpol.sk\/cs\/#website\"},\"primaryImageOfPage\":{\"@id\":\"https:\/\/www.texpol.sk\/cs\/eshop\/polstare-a-prikryvky\/cestovni-polstar-travel-pillow\/#primaryimage\"},\"image\":{\"@id\":\"https:\/\/www.texpol.sk\/cs\/eshop\/polstare-a-prikryvky\/cestovni-polstar-travel-pillow\/#primaryimage\"},\"thumbnailUrl\":\"https:\/\/www.texpol.sk\/wp-content\/uploads\/2016\/08\/Travel-pillow-sedy.jpg\",\"datePublished\":\"2016-08-12T11:16:15+00:00\",\"dateModified\":\"2025-06-16T07:50:50+00:00\",\"breadcrumb\":{\"@id\":\"https:\/\/www.texpol.sk\/cs\/eshop\/polstare-a-prikryvky\/cestovni-polstar-travel-pillow\/#breadcrumb\"},\"inLanguage\":\"cs\",\"potentialAction\":[{\"@type\":\"ReadAction\",\"target\":[\"https:\/\/www.texpol.sk\/cs\/eshop\/polstare-a-prikryvky\/cestovni-polstar-travel-pillow\/\"]}]},{\"@type\":\"ImageObject\",\"inLanguage\":\"cs\",\"@id\":\"https:\/\/www.texpol.sk\/cs\/eshop\/polstare-a-prikryvky\/cestovni-polstar-travel-pillow\/#primaryimage\",\"url\":\"https:\/\/www.texpol.sk\/wp-content\/uploads\/2016\/08\/Travel-pillow-sedy.jpg\",\"contentUrl\":\"https:\/\/www.texpol.sk\/wp-content\/uploads\/2016\/08\/Travel-pillow-sedy.jpg\",\"width\":600,\"height\":600,\"caption\":\"Cestovn\u00ed pol\u0161t\u00e1\u0159 - \u0161ed\u00fd\"},{\"@type\":\"BreadcrumbList\",\"@id\":\"https:\/\/www.texpol.sk\/cs\/eshop\/polstare-a-prikryvky\/cestovni-polstar-travel-pillow\/#breadcrumb\",\"itemListElement\":[{\"@type\":\"ListItem\",\"position\":1,\"name\":\"Home\",\"item\":\"https:\/\/www.texpol.sk\/cs\/\"},{\"@type\":\"ListItem\",\"position\":2,\"name\":\"Produkty\",\"item\":\"https:\/\/www.texpol.sk\/cs\/shop\/\"},{\"@type\":\"ListItem\",\"position\":3,\"name\":\"Cestovn\u00ed pol\u0161t\u00e1\u0159 Travel Pillow\"}]},{\"@type\":\"WebSite\",\"@id\":\"https:\/\/www.texpol.sk\/cs\/#website\",\"url\":\"https:\/\/www.texpol.sk\/cs\/\",\"name\":\"texpol.sk\",\"description\":\"\",\"publisher\":{\"@id\":\"https:\/\/www.texpol.sk\/cs\/#organization\"},\"potentialAction\":[{\"@type\":\"SearchAction\",\"target\":{\"@type\":\"EntryPoint\",\"urlTemplate\":\"https:\/\/www.texpol.sk\/cs\/?s={search_term_string}\"},\"query-input\":{\"@type\":\"PropertyValueSpecification\",\"valueRequired\":true,\"valueName\":\"search_term_string\"}}],\"inLanguage\":\"cs\"},{\"@type\":\"Organization\",\"@id\":\"https:\/\/www.texpol.sk\/cs\/#organization\",\"name\":\"texpol.sk\",\"url\":\"https:\/\/www.texpol.sk\/cs\/\",\"logo\":{\"@type\":\"ImageObject\",\"inLanguage\":\"cs\",\"@id\":\"https:\/\/www.texpol.sk\/cs\/#\/schema\/logo\/image\/\",\"url\":\"https:\/\/www.texpol.sk\/wp-content\/uploads\/2022\/12\/texpol-logo-navbar.png\",\"contentUrl\":\"https:\/\/www.texpol.sk\/wp-content\/uploads\/2022\/12\/texpol-logo-navbar.png\",\"width\":151,\"height\":57,\"caption\":\"texpol.sk\"},\"image\":{\"@id\":\"https:\/\/www.texpol.sk\/cs\/#\/schema\/logo\/image\/\"}}]}<\/script>\n<!-- \/ Yoast SEO plugin. -->","yoast_head_json":{"title":"Cestovn\u00ed pol\u0161t\u00e1\u0159 Travel Pillow | texpol.sk","robots":{"index":"index","follow":"follow","max-snippet":"max-snippet:-1","max-image-preview":"max-image-preview:large","max-video-preview":"max-video-preview:-1"},"canonical":"https:\/\/www.texpol.sk\/cs\/eshop\/polstare-a-prikryvky\/cestovni-polstar-travel-pillow\/","og_locale":"cs_CZ","og_type":"article","og_title":"Cestovn\u00ed pol\u0161t\u00e1\u0159 Travel Pillow | texpol.sk","og_description":"Cestovn\u00ed pol\u0161t\u00e1\u0159 je ur\u010den pro ortopedickou podporu, stabilizaci krku a ramen.   DOD\u00c1N\u00cd DO 3 PRACOVN\u00cdCH DN\u016e","og_url":"https:\/\/www.texpol.sk\/cs\/eshop\/polstare-a-prikryvky\/cestovni-polstar-travel-pillow\/","og_site_name":"texpol.sk","article_modified_time":"2025-06-16T07:50:50+00:00","og_image":[{"width":600,"height":600,"url":"http:\/\/www.texpol.sk\/wp-content\/uploads\/2016\/08\/Travel-pillow-sedy.jpg","type":"image\/jpeg"}],"twitter_card":"summary_large_image","twitter_misc":{"Odhadovan\u00e1 doba \u010dten\u00ed":"1 minuta"},"schema":{"@context":"https:\/\/schema.org","@graph":[{"@type":"WebPage","@id":"https:\/\/www.texpol.sk\/cs\/eshop\/polstare-a-prikryvky\/cestovni-polstar-travel-pillow\/","url":"https:\/\/www.texpol.sk\/cs\/eshop\/polstare-a-prikryvky\/cestovni-polstar-travel-pillow\/","name":"Cestovn\u00ed pol\u0161t\u00e1\u0159 Travel Pillow | texpol.sk","isPartOf":{"@id":"https:\/\/www.texpol.sk\/cs\/#website"},"primaryImageOfPage":{"@id":"https:\/\/www.texpol.sk\/cs\/eshop\/polstare-a-prikryvky\/cestovni-polstar-travel-pillow\/#primaryimage"},"image":{"@id":"https:\/\/www.texpol.sk\/cs\/eshop\/polstare-a-prikryvky\/cestovni-polstar-travel-pillow\/#primaryimage"},"thumbnailUrl":"https:\/\/www.texpol.sk\/wp-content\/uploads\/2016\/08\/Travel-pillow-sedy.jpg","datePublished":"2016-08-12T11:16:15+00:00","dateModified":"2025-06-16T07:50:50+00:00","breadcrumb":{"@id":"https:\/\/www.texpol.sk\/cs\/eshop\/polstare-a-prikryvky\/cestovni-polstar-travel-pillow\/#breadcrumb"},"inLanguage":"cs","potentialAction":[{"@type":"ReadAction","target":["https:\/\/www.texpol.sk\/cs\/eshop\/polstare-a-prikryvky\/cestovni-polstar-travel-pillow\/"]}]},{"@type":"ImageObject","inLanguage":"cs","@id":"https:\/\/www.texpol.sk\/cs\/eshop\/polstare-a-prikryvky\/cestovni-polstar-travel-pillow\/#primaryimage","url":"https:\/\/www.texpol.sk\/wp-content\/uploads\/2016\/08\/Travel-pillow-sedy.jpg","contentUrl":"https:\/\/www.texpol.sk\/wp-content\/uploads\/2016\/08\/Travel-pillow-sedy.jpg","width":600,"height":600,"caption":"Cestovn\u00ed pol\u0161t\u00e1\u0159 - \u0161ed\u00fd"},{"@type":"BreadcrumbList","@id":"https:\/\/www.texpol.sk\/cs\/eshop\/polstare-a-prikryvky\/cestovni-polstar-travel-pillow\/#breadcrumb","itemListElement":[{"@type":"ListItem","position":1,"name":"Home","item":"https:\/\/www.texpol.sk\/cs\/"},{"@type":"ListItem","position":2,"name":"Produkty","item":"https:\/\/www.texpol.sk\/cs\/shop\/"},{"@type":"ListItem","position":3,"name":"Cestovn\u00ed pol\u0161t\u00e1\u0159 Travel Pillow"}]},{"@type":"WebSite","@id":"https:\/\/www.texpol.sk\/cs\/#website","url":"https:\/\/www.texpol.sk\/cs\/","name":"texpol.sk","description":"","publisher":{"@id":"https:\/\/www.texpol.sk\/cs\/#organization"},"potentialAction":[{"@type":"SearchAction","target":{"@type":"EntryPoint","urlTemplate":"https:\/\/www.texpol.sk\/cs\/?s={search_term_string}"},"query-input":{"@type":"PropertyValueSpecification","valueRequired":true,"valueName":"search_term_string"}}],"inLanguage":"cs"},{"@type":"Organization","@id":"https:\/\/www.texpol.sk\/cs\/#organization","name":"texpol.sk","url":"https:\/\/www.texpol.sk\/cs\/","logo":{"@type":"ImageObject","inLanguage":"cs","@id":"https:\/\/www.texpol.sk\/cs\/#\/schema\/logo\/image\/","url":"https:\/\/www.texpol.sk\/wp-content\/uploads\/2022\/12\/texpol-logo-navbar.png","contentUrl":"https:\/\/www.texpol.sk\/wp-content\/uploads\/2022\/12\/texpol-logo-navbar.png","width":151,"height":57,"caption":"texpol.sk"},"image":{"@id":"https:\/\/www.texpol.sk\/cs\/#\/schema\/logo\/image\/"}}]}},"_links":{"self":[{"href":"https:\/\/www.texpol.sk\/cs\/wp-json\/wp\/v2\/product\/25792","targetHints":{"allow":["GET"]}}],"collection":[{"href":"https:\/\/www.texpol.sk\/cs\/wp-json\/wp\/v2\/product"}],"about":[{"href":"https:\/\/www.texpol.sk\/cs\/wp-json\/wp\/v2\/types\/product"}],"replies":[{"embeddable":true,"href":"https:\/\/www.texpol.sk\/cs\/wp-json\/wp\/v2\/comments?post=25792"}],"wp:featuredmedia":[{"embeddable":true,"href":"https:\/\/www.texpol.sk\/cs\/wp-json\/wp\/v2\/media\/22799"}],"wp:attachment":[{"href":"https:\/\/www.texpol.sk\/cs\/wp-json\/wp\/v2\/media?parent=25792"}],"wp:term":[{"taxonomy":"product_cat","embeddable":true,"href":"https:\/\/www.texpol.sk\/cs\/wp-json\/wp\/v2\/product_cat?post=25792"},{"taxonomy":"product_tag","embeddable":true,"href":"https:\/\/www.texpol.sk\/cs\/wp-json\/wp\/v2\/product_tag?post=25792"}],"curies":[{"name":"wp","href":"https:\/\/api.w.org\/{rel}","templated":true}]}}