{"id":25972,"date":"2015-08-14T16:00:57","date_gmt":"2015-08-14T16:00:57","guid":{"rendered":"https:\/\/www.texpol.sk\/eshop\/neza\u0159azen\u00e9\/penova-matrace-zara\/"},"modified":"2025-06-11T09:28:58","modified_gmt":"2025-06-11T09:28:58","slug":"penova-matrace-zara","status":"publish","type":"product","link":"https:\/\/www.texpol.sk\/cs\/eshop\/matrace-cs\/podle-vyuziti\/partnerske-cs\/penova-matrace-zara\/","title":{"rendered":"P\u011bnov\u00e1 matrace Zara"},"content":{"rendered":"","protected":false},"excerpt":{"rendered":"<h4><\/h4>\n<p><strong>Kvalitn\u00ed p\u011bnov\u00e1<\/strong> matrace <strong>ZARA<\/strong> je klasick\u00e1 sendvi\u010dov\u00e1 oboustrann\u00e1 matrace z PUR p\u011bny a lepen\u00e9ho j\u00e1dra ve st\u0159edn\u00ed vrstv\u011b. Ob\u011b nosn\u00e9 plochy matrace maj\u00ed p\u011btiz\u00f3novou profilaci, kter\u00e1 zaji\u0161\u0165uje uvoln\u011bn\u00ed sval\u016f b\u011bhem sp\u00e1nku.<\/p>\n<h3><\/h3>\n<h4><strong>DOD\u00c1N\u00cd DO 10 PRACOVN\u00cdCH DN\u016e <\/strong><\/h4>\n","protected":false},"featured_media":22851,"comment_status":"closed","ping_status":"closed","template":"","meta":{"_acf_changed":false,"inline_featured_image":false},"product_cat":[915,912,917,922,908,909,924,925,926],"product_tag":[1135,1130,1133,1134],"class_list":{"0":"post-25972","1":"product","2":"type-product","3":"status-publish","4":"has-post-thumbnail","6":"product_cat-podle-pouzitych-materialu","7":"product_cat-t3-stredne-tvrda-matrace","8":"product_cat-penove-cs","9":"product_cat-podle-vyuziti","10":"product_cat-matrace-cs","11":"product_cat-matrace-podle-tvrdosti","12":"product_cat-partnerske-cs","13":"product_cat-pro-dospele","14":"product_cat-prilezitostne-spani","15":"product_tag-penova-matrace","16":"product_tag-matrace","17":"product_tag-oboustranny","18":"product_tag-sendvic","19":"pa_velkost-195x80cm-cs","20":"pa_velkost-195x85cm-cs","21":"pa_velkost-195x90cm-cs","22":"pa_velkost-200x80cm-cs","23":"pa_velkost-200x85cm-cs","24":"pa_velkost-200x90cm-cs","25":"pa_velkost-200x100cm-cs","26":"pa_velkost-200x120cm-cs","27":"pa_velkost-200-x-140-cm","28":"pa_velkost-200x160cm-cs","29":"pa_velkost-200x180cm-cs","30":"pa_velkost-200-x-200-cm","32":"first","33":"onbackorder","34":"taxable","35":"shipping-taxable","36":"product-type-variable","37":"has-default-attributes"},"acf":[],"yoast_head":"<!-- This site is optimized with the Yoast SEO plugin v23.9 - https:\/\/yoast.com\/wordpress\/plugins\/seo\/ -->\n<title>P\u011bnov\u00e1 matrace Zara | texpol.sk<\/title>\n<meta name=\"robots\" content=\"index, follow, max-snippet:-1, max-image-preview:large, max-video-preview:-1\" \/>\n<link rel=\"canonical\" href=\"https:\/\/www.texpol.sk\/cs\/eshop\/matrace-cs\/podle-vyuziti\/partnerske-cs\/penova-matrace-zara\/\" \/>\n<meta property=\"og:locale\" content=\"cs_CZ\" \/>\n<meta property=\"og:type\" content=\"article\" \/>\n<meta property=\"og:title\" content=\"P\u011bnov\u00e1 matrace Zara | texpol.sk\" \/>\n<meta property=\"og:description\" content=\"Kvalitn\u00ed p\u011bnov\u00e1 matrace ZARA je klasick\u00e1 sendvi\u010dov\u00e1 oboustrann\u00e1 matrace z PUR p\u011bny a lepen\u00e9ho j\u00e1dra ve st\u0159edn\u00ed vrstv\u011b. Ob\u011b nosn\u00e9 plochy matrace maj\u00ed p\u011btiz\u00f3novou profilaci, kter\u00e1 zaji\u0161\u0165uje uvoln\u011bn\u00ed sval\u016f b\u011bhem sp\u00e1nku.  DOD\u00c1N\u00cd DO 10 PRACOVN\u00cdCH DN\u016e\" \/>\n<meta property=\"og:url\" content=\"https:\/\/www.texpol.sk\/cs\/eshop\/matrace-cs\/podle-vyuziti\/partnerske-cs\/penova-matrace-zara\/\" \/>\n<meta property=\"og:site_name\" content=\"texpol.sk\" \/>\n<meta property=\"article:modified_time\" content=\"2025-06-11T09:28:58+00:00\" \/>\n<meta property=\"og:image\" content=\"http:\/\/www.texpol.sk\/wp-content\/uploads\/2015\/08\/Zara.jpg\" \/>\n\t<meta property=\"og:image:width\" content=\"600\" \/>\n\t<meta property=\"og:image:height\" content=\"600\" \/>\n\t<meta property=\"og:image:type\" content=\"image\/jpeg\" \/>\n<meta name=\"twitter:card\" content=\"summary_large_image\" \/>\n<meta name=\"twitter:label1\" content=\"Odhadovan\u00e1 doba \u010dten\u00ed\" \/>\n\t<meta name=\"twitter:data1\" content=\"1 minuta\" \/>\n<script type=\"application\/ld+json\" class=\"yoast-schema-graph\">{\"@context\":\"https:\/\/schema.org\",\"@graph\":[{\"@type\":\"WebPage\",\"@id\":\"https:\/\/www.texpol.sk\/cs\/eshop\/matrace-cs\/podle-vyuziti\/partnerske-cs\/penova-matrace-zara\/\",\"url\":\"https:\/\/www.texpol.sk\/cs\/eshop\/matrace-cs\/podle-vyuziti\/partnerske-cs\/penova-matrace-zara\/\",\"name\":\"P\u011bnov\u00e1 matrace Zara | texpol.sk\",\"isPartOf\":{\"@id\":\"https:\/\/www.texpol.sk\/cs\/#website\"},\"primaryImageOfPage\":{\"@id\":\"https:\/\/www.texpol.sk\/cs\/eshop\/matrace-cs\/podle-vyuziti\/partnerske-cs\/penova-matrace-zara\/#primaryimage\"},\"image\":{\"@id\":\"https:\/\/www.texpol.sk\/cs\/eshop\/matrace-cs\/podle-vyuziti\/partnerske-cs\/penova-matrace-zara\/#primaryimage\"},\"thumbnailUrl\":\"https:\/\/www.texpol.sk\/wp-content\/uploads\/2015\/08\/Zara.jpg\",\"datePublished\":\"2015-08-14T16:00:57+00:00\",\"dateModified\":\"2025-06-11T09:28:58+00:00\",\"breadcrumb\":{\"@id\":\"https:\/\/www.texpol.sk\/cs\/eshop\/matrace-cs\/podle-vyuziti\/partnerske-cs\/penova-matrace-zara\/#breadcrumb\"},\"inLanguage\":\"cs\",\"potentialAction\":[{\"@type\":\"ReadAction\",\"target\":[\"https:\/\/www.texpol.sk\/cs\/eshop\/matrace-cs\/podle-vyuziti\/partnerske-cs\/penova-matrace-zara\/\"]}]},{\"@type\":\"ImageObject\",\"inLanguage\":\"cs\",\"@id\":\"https:\/\/www.texpol.sk\/cs\/eshop\/matrace-cs\/podle-vyuziti\/partnerske-cs\/penova-matrace-zara\/#primaryimage\",\"url\":\"https:\/\/www.texpol.sk\/wp-content\/uploads\/2015\/08\/Zara.jpg\",\"contentUrl\":\"https:\/\/www.texpol.sk\/wp-content\/uploads\/2015\/08\/Zara.jpg\",\"width\":600,\"height\":600,\"caption\":\"Zara\"},{\"@type\":\"BreadcrumbList\",\"@id\":\"https:\/\/www.texpol.sk\/cs\/eshop\/matrace-cs\/podle-vyuziti\/partnerske-cs\/penova-matrace-zara\/#breadcrumb\",\"itemListElement\":[{\"@type\":\"ListItem\",\"position\":1,\"name\":\"Home\",\"item\":\"https:\/\/www.texpol.sk\/cs\/\"},{\"@type\":\"ListItem\",\"position\":2,\"name\":\"Produkty\",\"item\":\"https:\/\/www.texpol.sk\/cs\/shop\/\"},{\"@type\":\"ListItem\",\"position\":3,\"name\":\"P\u011bnov\u00e1 matrace Zara\"}]},{\"@type\":\"WebSite\",\"@id\":\"https:\/\/www.texpol.sk\/cs\/#website\",\"url\":\"https:\/\/www.texpol.sk\/cs\/\",\"name\":\"texpol.sk\",\"description\":\"\",\"publisher\":{\"@id\":\"https:\/\/www.texpol.sk\/cs\/#organization\"},\"potentialAction\":[{\"@type\":\"SearchAction\",\"target\":{\"@type\":\"EntryPoint\",\"urlTemplate\":\"https:\/\/www.texpol.sk\/cs\/?s={search_term_string}\"},\"query-input\":{\"@type\":\"PropertyValueSpecification\",\"valueRequired\":true,\"valueName\":\"search_term_string\"}}],\"inLanguage\":\"cs\"},{\"@type\":\"Organization\",\"@id\":\"https:\/\/www.texpol.sk\/cs\/#organization\",\"name\":\"texpol.sk\",\"url\":\"https:\/\/www.texpol.sk\/cs\/\",\"logo\":{\"@type\":\"ImageObject\",\"inLanguage\":\"cs\",\"@id\":\"https:\/\/www.texpol.sk\/cs\/#\/schema\/logo\/image\/\",\"url\":\"https:\/\/www.texpol.sk\/wp-content\/uploads\/2022\/12\/texpol-logo-navbar.png\",\"contentUrl\":\"https:\/\/www.texpol.sk\/wp-content\/uploads\/2022\/12\/texpol-logo-navbar.png\",\"width\":151,\"height\":57,\"caption\":\"texpol.sk\"},\"image\":{\"@id\":\"https:\/\/www.texpol.sk\/cs\/#\/schema\/logo\/image\/\"}}]}<\/script>\n<!-- \/ Yoast SEO plugin. -->","yoast_head_json":{"title":"P\u011bnov\u00e1 matrace Zara | texpol.sk","robots":{"index":"index","follow":"follow","max-snippet":"max-snippet:-1","max-image-preview":"max-image-preview:large","max-video-preview":"max-video-preview:-1"},"canonical":"https:\/\/www.texpol.sk\/cs\/eshop\/matrace-cs\/podle-vyuziti\/partnerske-cs\/penova-matrace-zara\/","og_locale":"cs_CZ","og_type":"article","og_title":"P\u011bnov\u00e1 matrace Zara | texpol.sk","og_description":"Kvalitn\u00ed p\u011bnov\u00e1 matrace ZARA je klasick\u00e1 sendvi\u010dov\u00e1 oboustrann\u00e1 matrace z PUR p\u011bny a lepen\u00e9ho j\u00e1dra ve st\u0159edn\u00ed vrstv\u011b. Ob\u011b nosn\u00e9 plochy matrace maj\u00ed p\u011btiz\u00f3novou profilaci, kter\u00e1 zaji\u0161\u0165uje uvoln\u011bn\u00ed sval\u016f b\u011bhem sp\u00e1nku.  DOD\u00c1N\u00cd DO 10 PRACOVN\u00cdCH DN\u016e","og_url":"https:\/\/www.texpol.sk\/cs\/eshop\/matrace-cs\/podle-vyuziti\/partnerske-cs\/penova-matrace-zara\/","og_site_name":"texpol.sk","article_modified_time":"2025-06-11T09:28:58+00:00","og_image":[{"width":600,"height":600,"url":"http:\/\/www.texpol.sk\/wp-content\/uploads\/2015\/08\/Zara.jpg","type":"image\/jpeg"}],"twitter_card":"summary_large_image","twitter_misc":{"Odhadovan\u00e1 doba \u010dten\u00ed":"1 minuta"},"schema":{"@context":"https:\/\/schema.org","@graph":[{"@type":"WebPage","@id":"https:\/\/www.texpol.sk\/cs\/eshop\/matrace-cs\/podle-vyuziti\/partnerske-cs\/penova-matrace-zara\/","url":"https:\/\/www.texpol.sk\/cs\/eshop\/matrace-cs\/podle-vyuziti\/partnerske-cs\/penova-matrace-zara\/","name":"P\u011bnov\u00e1 matrace Zara | texpol.sk","isPartOf":{"@id":"https:\/\/www.texpol.sk\/cs\/#website"},"primaryImageOfPage":{"@id":"https:\/\/www.texpol.sk\/cs\/eshop\/matrace-cs\/podle-vyuziti\/partnerske-cs\/penova-matrace-zara\/#primaryimage"},"image":{"@id":"https:\/\/www.texpol.sk\/cs\/eshop\/matrace-cs\/podle-vyuziti\/partnerske-cs\/penova-matrace-zara\/#primaryimage"},"thumbnailUrl":"https:\/\/www.texpol.sk\/wp-content\/uploads\/2015\/08\/Zara.jpg","datePublished":"2015-08-14T16:00:57+00:00","dateModified":"2025-06-11T09:28:58+00:00","breadcrumb":{"@id":"https:\/\/www.texpol.sk\/cs\/eshop\/matrace-cs\/podle-vyuziti\/partnerske-cs\/penova-matrace-zara\/#breadcrumb"},"inLanguage":"cs","potentialAction":[{"@type":"ReadAction","target":["https:\/\/www.texpol.sk\/cs\/eshop\/matrace-cs\/podle-vyuziti\/partnerske-cs\/penova-matrace-zara\/"]}]},{"@type":"ImageObject","inLanguage":"cs","@id":"https:\/\/www.texpol.sk\/cs\/eshop\/matrace-cs\/podle-vyuziti\/partnerske-cs\/penova-matrace-zara\/#primaryimage","url":"https:\/\/www.texpol.sk\/wp-content\/uploads\/2015\/08\/Zara.jpg","contentUrl":"https:\/\/www.texpol.sk\/wp-content\/uploads\/2015\/08\/Zara.jpg","width":600,"height":600,"caption":"Zara"},{"@type":"BreadcrumbList","@id":"https:\/\/www.texpol.sk\/cs\/eshop\/matrace-cs\/podle-vyuziti\/partnerske-cs\/penova-matrace-zara\/#breadcrumb","itemListElement":[{"@type":"ListItem","position":1,"name":"Home","item":"https:\/\/www.texpol.sk\/cs\/"},{"@type":"ListItem","position":2,"name":"Produkty","item":"https:\/\/www.texpol.sk\/cs\/shop\/"},{"@type":"ListItem","position":3,"name":"P\u011bnov\u00e1 matrace Zara"}]},{"@type":"WebSite","@id":"https:\/\/www.texpol.sk\/cs\/#website","url":"https:\/\/www.texpol.sk\/cs\/","name":"texpol.sk","description":"","publisher":{"@id":"https:\/\/www.texpol.sk\/cs\/#organization"},"potentialAction":[{"@type":"SearchAction","target":{"@type":"EntryPoint","urlTemplate":"https:\/\/www.texpol.sk\/cs\/?s={search_term_string}"},"query-input":{"@type":"PropertyValueSpecification","valueRequired":true,"valueName":"search_term_string"}}],"inLanguage":"cs"},{"@type":"Organization","@id":"https:\/\/www.texpol.sk\/cs\/#organization","name":"texpol.sk","url":"https:\/\/www.texpol.sk\/cs\/","logo":{"@type":"ImageObject","inLanguage":"cs","@id":"https:\/\/www.texpol.sk\/cs\/#\/schema\/logo\/image\/","url":"https:\/\/www.texpol.sk\/wp-content\/uploads\/2022\/12\/texpol-logo-navbar.png","contentUrl":"https:\/\/www.texpol.sk\/wp-content\/uploads\/2022\/12\/texpol-logo-navbar.png","width":151,"height":57,"caption":"texpol.sk"},"image":{"@id":"https:\/\/www.texpol.sk\/cs\/#\/schema\/logo\/image\/"}}]}},"_links":{"self":[{"href":"https:\/\/www.texpol.sk\/cs\/wp-json\/wp\/v2\/product\/25972","targetHints":{"allow":["GET"]}}],"collection":[{"href":"https:\/\/www.texpol.sk\/cs\/wp-json\/wp\/v2\/product"}],"about":[{"href":"https:\/\/www.texpol.sk\/cs\/wp-json\/wp\/v2\/types\/product"}],"replies":[{"embeddable":true,"href":"https:\/\/www.texpol.sk\/cs\/wp-json\/wp\/v2\/comments?post=25972"}],"wp:featuredmedia":[{"embeddable":true,"href":"https:\/\/www.texpol.sk\/cs\/wp-json\/wp\/v2\/media\/22851"}],"wp:attachment":[{"href":"https:\/\/www.texpol.sk\/cs\/wp-json\/wp\/v2\/media?parent=25972"}],"wp:term":[{"taxonomy":"product_cat","embeddable":true,"href":"https:\/\/www.texpol.sk\/cs\/wp-json\/wp\/v2\/product_cat?post=25972"},{"taxonomy":"product_tag","embeddable":true,"href":"https:\/\/www.texpol.sk\/cs\/wp-json\/wp\/v2\/product_tag?post=25972"}],"curies":[{"name":"wp","href":"https:\/\/api.w.org\/{rel}","templated":true}]}}