{"id":26123,"date":"2015-10-02T10:24:21","date_gmt":"2015-10-02T10:24:21","guid":{"rendered":"https:\/\/www.texpol.sk\/eshop\/neza\u0159azen\u00e9\/komoda-p3-dz\/"},"modified":"2025-06-05T14:28:23","modified_gmt":"2025-06-05T14:28:23","slug":"komoda-p3-dz","status":"publish","type":"product","link":"https:\/\/www.texpol.sk\/cs\/eshop\/loznice\/komody-cs\/komoda-p3-dz\/","title":{"rendered":"Komoda P3 DZ"},"content":{"rendered":"","protected":false},"excerpt":{"rendered":"<p>Charakteristick\u00fdm rysem lo\u017enicov\u00e9ho n\u00e1bytku kolekce PETRA jsou p\u0159esn\u011b zaoblen\u00e9 hrany n\u00e1bytku a le\u0161t\u011bn\u00e9 \u00fachytky na dv\u00ed\u0159k\u00e1ch a z\u00e1suvk\u00e1ch. Komody lze dodat jako solit\u00e9ry nebo jako sestavy. Jejich<strong> vnit\u0159n\u00ed uspo\u0159\u00e1d\u00e1n\u00ed lze p\u0159izp\u016fsobit p\u0159\u00e1n\u00ed z\u00e1kazn\u00edka.<\/strong> U komod a \u0161atn\u00edch sk\u0159\u00edn\u00ed jsou pou\u017eity masivn\u00ed lamely.<\/p>\n<h4><strong>DOD\u00c1N\u00cd DO 3 &#8211; 5 T\u00ddDN\u016e<\/strong><\/h4>\n","protected":false},"featured_media":22719,"comment_status":"closed","ping_status":"closed","template":"","meta":{"_acf_changed":false,"inline_featured_image":false},"product_cat":[941,943],"product_tag":[],"class_list":{"0":"post-26123","1":"product","2":"type-product","3":"status-publish","4":"has-post-thumbnail","6":"product_cat-loznice","7":"product_cat-komody-cs","9":"first","10":"onbackorder","11":"taxable","12":"shipping-taxable","13":"product-type-variable"},"acf":[],"yoast_head":"<!-- This site is optimized with the Yoast SEO plugin v23.9 - https:\/\/yoast.com\/wordpress\/plugins\/seo\/ -->\n<title>Komoda P3 DZ | texpol.sk<\/title>\n<meta name=\"robots\" content=\"index, follow, max-snippet:-1, max-image-preview:large, max-video-preview:-1\" \/>\n<link rel=\"canonical\" href=\"https:\/\/www.texpol.sk\/cs\/eshop\/loznice\/komody-cs\/komoda-p3-dz\/\" \/>\n<meta property=\"og:locale\" content=\"cs_CZ\" \/>\n<meta property=\"og:type\" content=\"article\" \/>\n<meta property=\"og:title\" content=\"Komoda P3 DZ | texpol.sk\" \/>\n<meta property=\"og:description\" content=\"Charakteristick\u00fdm rysem lo\u017enicov\u00e9ho n\u00e1bytku kolekce PETRA jsou p\u0159esn\u011b zaoblen\u00e9 hrany n\u00e1bytku a le\u0161t\u011bn\u00e9 \u00fachytky na dv\u00ed\u0159k\u00e1ch a z\u00e1suvk\u00e1ch. Komody lze dodat jako solit\u00e9ry nebo jako sestavy. Jejich vnit\u0159n\u00ed uspo\u0159\u00e1d\u00e1n\u00ed lze p\u0159izp\u016fsobit p\u0159\u00e1n\u00ed z\u00e1kazn\u00edka. U komod a \u0161atn\u00edch sk\u0159\u00edn\u00ed jsou pou\u017eity masivn\u00ed lamely. DOD\u00c1N\u00cd DO 3 - 5 T\u00ddDN\u016e\" \/>\n<meta property=\"og:url\" content=\"https:\/\/www.texpol.sk\/cs\/eshop\/loznice\/komody-cs\/komoda-p3-dz\/\" \/>\n<meta property=\"og:site_name\" content=\"texpol.sk\" \/>\n<meta property=\"article:modified_time\" content=\"2025-06-05T14:28:23+00:00\" \/>\n<meta property=\"og:image\" content=\"http:\/\/www.texpol.sk\/wp-content\/uploads\/2015\/10\/P3dz-1.jpg\" \/>\n\t<meta property=\"og:image:width\" content=\"600\" \/>\n\t<meta property=\"og:image:height\" content=\"600\" \/>\n\t<meta property=\"og:image:type\" content=\"image\/jpeg\" \/>\n<meta name=\"twitter:card\" content=\"summary_large_image\" \/>\n<meta name=\"twitter:label1\" content=\"Odhadovan\u00e1 doba \u010dten\u00ed\" \/>\n\t<meta name=\"twitter:data1\" content=\"1 minuta\" \/>\n<script type=\"application\/ld+json\" class=\"yoast-schema-graph\">{\"@context\":\"https:\/\/schema.org\",\"@graph\":[{\"@type\":\"WebPage\",\"@id\":\"https:\/\/www.texpol.sk\/cs\/eshop\/loznice\/komody-cs\/komoda-p3-dz\/\",\"url\":\"https:\/\/www.texpol.sk\/cs\/eshop\/loznice\/komody-cs\/komoda-p3-dz\/\",\"name\":\"Komoda P3 DZ | texpol.sk\",\"isPartOf\":{\"@id\":\"https:\/\/www.texpol.sk\/cs\/#website\"},\"primaryImageOfPage\":{\"@id\":\"https:\/\/www.texpol.sk\/cs\/eshop\/loznice\/komody-cs\/komoda-p3-dz\/#primaryimage\"},\"image\":{\"@id\":\"https:\/\/www.texpol.sk\/cs\/eshop\/loznice\/komody-cs\/komoda-p3-dz\/#primaryimage\"},\"thumbnailUrl\":\"https:\/\/www.texpol.sk\/wp-content\/uploads\/2015\/10\/P3dz-1.jpg\",\"datePublished\":\"2015-10-02T10:24:21+00:00\",\"dateModified\":\"2025-06-05T14:28:23+00:00\",\"breadcrumb\":{\"@id\":\"https:\/\/www.texpol.sk\/cs\/eshop\/loznice\/komody-cs\/komoda-p3-dz\/#breadcrumb\"},\"inLanguage\":\"cs\",\"potentialAction\":[{\"@type\":\"ReadAction\",\"target\":[\"https:\/\/www.texpol.sk\/cs\/eshop\/loznice\/komody-cs\/komoda-p3-dz\/\"]}]},{\"@type\":\"ImageObject\",\"inLanguage\":\"cs\",\"@id\":\"https:\/\/www.texpol.sk\/cs\/eshop\/loznice\/komody-cs\/komoda-p3-dz\/#primaryimage\",\"url\":\"https:\/\/www.texpol.sk\/wp-content\/uploads\/2015\/10\/P3dz-1.jpg\",\"contentUrl\":\"https:\/\/www.texpol.sk\/wp-content\/uploads\/2015\/10\/P3dz-1.jpg\",\"width\":600,\"height\":600,\"caption\":\"P3dz\"},{\"@type\":\"BreadcrumbList\",\"@id\":\"https:\/\/www.texpol.sk\/cs\/eshop\/loznice\/komody-cs\/komoda-p3-dz\/#breadcrumb\",\"itemListElement\":[{\"@type\":\"ListItem\",\"position\":1,\"name\":\"Home\",\"item\":\"https:\/\/www.texpol.sk\/cs\/\"},{\"@type\":\"ListItem\",\"position\":2,\"name\":\"Produkty\",\"item\":\"https:\/\/www.texpol.sk\/cs\/shop\/\"},{\"@type\":\"ListItem\",\"position\":3,\"name\":\"Komoda P3 DZ\"}]},{\"@type\":\"WebSite\",\"@id\":\"https:\/\/www.texpol.sk\/cs\/#website\",\"url\":\"https:\/\/www.texpol.sk\/cs\/\",\"name\":\"texpol.sk\",\"description\":\"\",\"publisher\":{\"@id\":\"https:\/\/www.texpol.sk\/cs\/#organization\"},\"potentialAction\":[{\"@type\":\"SearchAction\",\"target\":{\"@type\":\"EntryPoint\",\"urlTemplate\":\"https:\/\/www.texpol.sk\/cs\/?s={search_term_string}\"},\"query-input\":{\"@type\":\"PropertyValueSpecification\",\"valueRequired\":true,\"valueName\":\"search_term_string\"}}],\"inLanguage\":\"cs\"},{\"@type\":\"Organization\",\"@id\":\"https:\/\/www.texpol.sk\/cs\/#organization\",\"name\":\"texpol.sk\",\"url\":\"https:\/\/www.texpol.sk\/cs\/\",\"logo\":{\"@type\":\"ImageObject\",\"inLanguage\":\"cs\",\"@id\":\"https:\/\/www.texpol.sk\/cs\/#\/schema\/logo\/image\/\",\"url\":\"https:\/\/www.texpol.sk\/wp-content\/uploads\/2022\/12\/texpol-logo-navbar.png\",\"contentUrl\":\"https:\/\/www.texpol.sk\/wp-content\/uploads\/2022\/12\/texpol-logo-navbar.png\",\"width\":151,\"height\":57,\"caption\":\"texpol.sk\"},\"image\":{\"@id\":\"https:\/\/www.texpol.sk\/cs\/#\/schema\/logo\/image\/\"}}]}<\/script>\n<!-- \/ Yoast SEO plugin. -->","yoast_head_json":{"title":"Komoda P3 DZ | texpol.sk","robots":{"index":"index","follow":"follow","max-snippet":"max-snippet:-1","max-image-preview":"max-image-preview:large","max-video-preview":"max-video-preview:-1"},"canonical":"https:\/\/www.texpol.sk\/cs\/eshop\/loznice\/komody-cs\/komoda-p3-dz\/","og_locale":"cs_CZ","og_type":"article","og_title":"Komoda P3 DZ | texpol.sk","og_description":"Charakteristick\u00fdm rysem lo\u017enicov\u00e9ho n\u00e1bytku kolekce PETRA jsou p\u0159esn\u011b zaoblen\u00e9 hrany n\u00e1bytku a le\u0161t\u011bn\u00e9 \u00fachytky na dv\u00ed\u0159k\u00e1ch a z\u00e1suvk\u00e1ch. Komody lze dodat jako solit\u00e9ry nebo jako sestavy. Jejich vnit\u0159n\u00ed uspo\u0159\u00e1d\u00e1n\u00ed lze p\u0159izp\u016fsobit p\u0159\u00e1n\u00ed z\u00e1kazn\u00edka. U komod a \u0161atn\u00edch sk\u0159\u00edn\u00ed jsou pou\u017eity masivn\u00ed lamely. DOD\u00c1N\u00cd DO 3 - 5 T\u00ddDN\u016e","og_url":"https:\/\/www.texpol.sk\/cs\/eshop\/loznice\/komody-cs\/komoda-p3-dz\/","og_site_name":"texpol.sk","article_modified_time":"2025-06-05T14:28:23+00:00","og_image":[{"width":600,"height":600,"url":"http:\/\/www.texpol.sk\/wp-content\/uploads\/2015\/10\/P3dz-1.jpg","type":"image\/jpeg"}],"twitter_card":"summary_large_image","twitter_misc":{"Odhadovan\u00e1 doba \u010dten\u00ed":"1 minuta"},"schema":{"@context":"https:\/\/schema.org","@graph":[{"@type":"WebPage","@id":"https:\/\/www.texpol.sk\/cs\/eshop\/loznice\/komody-cs\/komoda-p3-dz\/","url":"https:\/\/www.texpol.sk\/cs\/eshop\/loznice\/komody-cs\/komoda-p3-dz\/","name":"Komoda P3 DZ | texpol.sk","isPartOf":{"@id":"https:\/\/www.texpol.sk\/cs\/#website"},"primaryImageOfPage":{"@id":"https:\/\/www.texpol.sk\/cs\/eshop\/loznice\/komody-cs\/komoda-p3-dz\/#primaryimage"},"image":{"@id":"https:\/\/www.texpol.sk\/cs\/eshop\/loznice\/komody-cs\/komoda-p3-dz\/#primaryimage"},"thumbnailUrl":"https:\/\/www.texpol.sk\/wp-content\/uploads\/2015\/10\/P3dz-1.jpg","datePublished":"2015-10-02T10:24:21+00:00","dateModified":"2025-06-05T14:28:23+00:00","breadcrumb":{"@id":"https:\/\/www.texpol.sk\/cs\/eshop\/loznice\/komody-cs\/komoda-p3-dz\/#breadcrumb"},"inLanguage":"cs","potentialAction":[{"@type":"ReadAction","target":["https:\/\/www.texpol.sk\/cs\/eshop\/loznice\/komody-cs\/komoda-p3-dz\/"]}]},{"@type":"ImageObject","inLanguage":"cs","@id":"https:\/\/www.texpol.sk\/cs\/eshop\/loznice\/komody-cs\/komoda-p3-dz\/#primaryimage","url":"https:\/\/www.texpol.sk\/wp-content\/uploads\/2015\/10\/P3dz-1.jpg","contentUrl":"https:\/\/www.texpol.sk\/wp-content\/uploads\/2015\/10\/P3dz-1.jpg","width":600,"height":600,"caption":"P3dz"},{"@type":"BreadcrumbList","@id":"https:\/\/www.texpol.sk\/cs\/eshop\/loznice\/komody-cs\/komoda-p3-dz\/#breadcrumb","itemListElement":[{"@type":"ListItem","position":1,"name":"Home","item":"https:\/\/www.texpol.sk\/cs\/"},{"@type":"ListItem","position":2,"name":"Produkty","item":"https:\/\/www.texpol.sk\/cs\/shop\/"},{"@type":"ListItem","position":3,"name":"Komoda P3 DZ"}]},{"@type":"WebSite","@id":"https:\/\/www.texpol.sk\/cs\/#website","url":"https:\/\/www.texpol.sk\/cs\/","name":"texpol.sk","description":"","publisher":{"@id":"https:\/\/www.texpol.sk\/cs\/#organization"},"potentialAction":[{"@type":"SearchAction","target":{"@type":"EntryPoint","urlTemplate":"https:\/\/www.texpol.sk\/cs\/?s={search_term_string}"},"query-input":{"@type":"PropertyValueSpecification","valueRequired":true,"valueName":"search_term_string"}}],"inLanguage":"cs"},{"@type":"Organization","@id":"https:\/\/www.texpol.sk\/cs\/#organization","name":"texpol.sk","url":"https:\/\/www.texpol.sk\/cs\/","logo":{"@type":"ImageObject","inLanguage":"cs","@id":"https:\/\/www.texpol.sk\/cs\/#\/schema\/logo\/image\/","url":"https:\/\/www.texpol.sk\/wp-content\/uploads\/2022\/12\/texpol-logo-navbar.png","contentUrl":"https:\/\/www.texpol.sk\/wp-content\/uploads\/2022\/12\/texpol-logo-navbar.png","width":151,"height":57,"caption":"texpol.sk"},"image":{"@id":"https:\/\/www.texpol.sk\/cs\/#\/schema\/logo\/image\/"}}]}},"_links":{"self":[{"href":"https:\/\/www.texpol.sk\/cs\/wp-json\/wp\/v2\/product\/26123","targetHints":{"allow":["GET"]}}],"collection":[{"href":"https:\/\/www.texpol.sk\/cs\/wp-json\/wp\/v2\/product"}],"about":[{"href":"https:\/\/www.texpol.sk\/cs\/wp-json\/wp\/v2\/types\/product"}],"replies":[{"embeddable":true,"href":"https:\/\/www.texpol.sk\/cs\/wp-json\/wp\/v2\/comments?post=26123"}],"wp:featuredmedia":[{"embeddable":true,"href":"https:\/\/www.texpol.sk\/cs\/wp-json\/wp\/v2\/media\/22719"}],"wp:attachment":[{"href":"https:\/\/www.texpol.sk\/cs\/wp-json\/wp\/v2\/media?parent=26123"}],"wp:term":[{"taxonomy":"product_cat","embeddable":true,"href":"https:\/\/www.texpol.sk\/cs\/wp-json\/wp\/v2\/product_cat?post=26123"},{"taxonomy":"product_tag","embeddable":true,"href":"https:\/\/www.texpol.sk\/cs\/wp-json\/wp\/v2\/product_tag?post=26123"}],"curies":[{"name":"wp","href":"https:\/\/api.w.org\/{rel}","templated":true}]}}