{"id":26699,"date":"2015-08-31T12:31:01","date_gmt":"2015-08-31T12:31:01","guid":{"rendered":"https:\/\/www.texpol.sk\/eshop\/neza\u0159azen\u00e9\/lamelovy-rost-klasik-16\/"},"modified":"2026-03-30T21:03:22","modified_gmt":"2026-03-30T21:03:22","slug":"lamelovy-rost-klasik-16","status":"publish","type":"product","link":"https:\/\/www.texpol.sk\/cs\/eshop\/rosty-cs\/lamelove-rosty\/rada-klasik-do-90-kg-cs\/lamelovy-rost-klasik-16\/","title":{"rendered":"Lamelov\u00fd ro\u0161t Klasik 16"},"content":{"rendered":"","protected":false},"excerpt":{"rendered":"<h4><\/h4>\n<p><strong>Standardn\u00ed lamelov\u00fd <\/strong>ro\u0161t<strong> je nepolohovateln\u00fd<\/strong>, lamely jsou ulo\u017eeny v pevn\u00fdch plastov\u00fdch pouzdrech.<\/p>\n<h3><\/h3>\n<h4><strong>DOD\u00c1N\u00cd DO 3 T\u00ddDN\u016e<br \/>\n<\/strong><\/h4>\n","protected":false},"featured_media":22754,"comment_status":"closed","ping_status":"closed","template":"","meta":{"_acf_changed":false,"inline_featured_image":false},"product_cat":[932,933,931],"product_tag":[825,826,1125,1150],"class_list":{"0":"post-26699","1":"product","2":"type-product","3":"status-publish","4":"has-post-thumbnail","6":"product_cat-lamelove-rosty","7":"product_cat-rada-klasik-do-90-kg-cs","8":"product_cat-rosty-cs","9":"product_tag-nepolohovatelny-cs","10":"product_tag-rost-cs","11":"product_tag-lamelove","12":"product_tag-klasicky","13":"pa_velkost-195x80cm-cs","14":"pa_velkost-195x85cm-cs","15":"pa_velkost-195x90cm-cs","16":"pa_velkost-195x100cm-cs","17":"pa_velkost-195x120cm-cs","18":"pa_velkost-195-x-140-cm","19":"pa_velkost-200x80cm-cs","20":"pa_velkost-200x85cm-cs","21":"pa_velkost-200x90cm-cs","22":"pa_velkost-200x100cm-cs","23":"pa_velkost-200x120cm-cs","24":"pa_velkost-200-x-140-cm","26":"first","27":"onbackorder","28":"taxable","29":"shipping-taxable","30":"product-type-variable"},"acf":[],"yoast_head":"<!-- This site is optimized with the Yoast SEO plugin v23.9 - https:\/\/yoast.com\/wordpress\/plugins\/seo\/ -->\n<title>Lamelov\u00fd ro\u0161t Klasik 16 | texpol.sk<\/title>\n<meta name=\"robots\" content=\"index, follow, max-snippet:-1, max-image-preview:large, max-video-preview:-1\" \/>\n<link rel=\"canonical\" href=\"https:\/\/www.texpol.sk\/cs\/eshop\/rosty-cs\/lamelove-rosty\/rada-klasik-do-90-kg-cs\/lamelovy-rost-klasik-16\/\" \/>\n<meta property=\"og:locale\" content=\"cs_CZ\" \/>\n<meta property=\"og:type\" content=\"article\" \/>\n<meta property=\"og:title\" content=\"Lamelov\u00fd ro\u0161t Klasik 16 | texpol.sk\" \/>\n<meta property=\"og:description\" content=\"Standardn\u00ed lamelov\u00fd ro\u0161t je nepolohovateln\u00fd, lamely jsou ulo\u017eeny v pevn\u00fdch plastov\u00fdch pouzdrech.  DOD\u00c1N\u00cd DO 3 T\u00ddDN\u016e\" \/>\n<meta property=\"og:url\" content=\"https:\/\/www.texpol.sk\/cs\/eshop\/rosty-cs\/lamelove-rosty\/rada-klasik-do-90-kg-cs\/lamelovy-rost-klasik-16\/\" \/>\n<meta property=\"og:site_name\" content=\"texpol.sk\" \/>\n<meta property=\"article:modified_time\" content=\"2026-03-30T21:03:22+00:00\" \/>\n<meta property=\"og:image\" content=\"http:\/\/www.texpol.sk\/wp-content\/uploads\/2015\/08\/klasik_16.jpg\" \/>\n\t<meta property=\"og:image:width\" content=\"600\" \/>\n\t<meta property=\"og:image:height\" content=\"600\" \/>\n\t<meta property=\"og:image:type\" content=\"image\/jpeg\" \/>\n<meta name=\"twitter:card\" content=\"summary_large_image\" \/>\n<meta name=\"twitter:label1\" content=\"Odhadovan\u00e1 doba \u010dten\u00ed\" \/>\n\t<meta name=\"twitter:data1\" content=\"1 minuta\" \/>\n<script type=\"application\/ld+json\" class=\"yoast-schema-graph\">{\"@context\":\"https:\/\/schema.org\",\"@graph\":[{\"@type\":\"WebPage\",\"@id\":\"https:\/\/www.texpol.sk\/cs\/eshop\/rosty-cs\/lamelove-rosty\/rada-klasik-do-90-kg-cs\/lamelovy-rost-klasik-16\/\",\"url\":\"https:\/\/www.texpol.sk\/cs\/eshop\/rosty-cs\/lamelove-rosty\/rada-klasik-do-90-kg-cs\/lamelovy-rost-klasik-16\/\",\"name\":\"Lamelov\u00fd ro\u0161t Klasik 16 | texpol.sk\",\"isPartOf\":{\"@id\":\"https:\/\/www.texpol.sk\/cs\/#website\"},\"primaryImageOfPage\":{\"@id\":\"https:\/\/www.texpol.sk\/cs\/eshop\/rosty-cs\/lamelove-rosty\/rada-klasik-do-90-kg-cs\/lamelovy-rost-klasik-16\/#primaryimage\"},\"image\":{\"@id\":\"https:\/\/www.texpol.sk\/cs\/eshop\/rosty-cs\/lamelove-rosty\/rada-klasik-do-90-kg-cs\/lamelovy-rost-klasik-16\/#primaryimage\"},\"thumbnailUrl\":\"https:\/\/www.texpol.sk\/wp-content\/uploads\/2015\/08\/klasik_16.jpg\",\"datePublished\":\"2015-08-31T12:31:01+00:00\",\"dateModified\":\"2026-03-30T21:03:22+00:00\",\"breadcrumb\":{\"@id\":\"https:\/\/www.texpol.sk\/cs\/eshop\/rosty-cs\/lamelove-rosty\/rada-klasik-do-90-kg-cs\/lamelovy-rost-klasik-16\/#breadcrumb\"},\"inLanguage\":\"cs\",\"potentialAction\":[{\"@type\":\"ReadAction\",\"target\":[\"https:\/\/www.texpol.sk\/cs\/eshop\/rosty-cs\/lamelove-rosty\/rada-klasik-do-90-kg-cs\/lamelovy-rost-klasik-16\/\"]}]},{\"@type\":\"ImageObject\",\"inLanguage\":\"cs\",\"@id\":\"https:\/\/www.texpol.sk\/cs\/eshop\/rosty-cs\/lamelove-rosty\/rada-klasik-do-90-kg-cs\/lamelovy-rost-klasik-16\/#primaryimage\",\"url\":\"https:\/\/www.texpol.sk\/wp-content\/uploads\/2015\/08\/klasik_16.jpg\",\"contentUrl\":\"https:\/\/www.texpol.sk\/wp-content\/uploads\/2015\/08\/klasik_16.jpg\",\"width\":600,\"height\":600,\"caption\":\"classic_16\"},{\"@type\":\"BreadcrumbList\",\"@id\":\"https:\/\/www.texpol.sk\/cs\/eshop\/rosty-cs\/lamelove-rosty\/rada-klasik-do-90-kg-cs\/lamelovy-rost-klasik-16\/#breadcrumb\",\"itemListElement\":[{\"@type\":\"ListItem\",\"position\":1,\"name\":\"Home\",\"item\":\"https:\/\/www.texpol.sk\/cs\/\"},{\"@type\":\"ListItem\",\"position\":2,\"name\":\"Produkty\",\"item\":\"https:\/\/www.texpol.sk\/cs\/shop\/\"},{\"@type\":\"ListItem\",\"position\":3,\"name\":\"Lamelov\u00fd ro\u0161t Klasik 16\"}]},{\"@type\":\"WebSite\",\"@id\":\"https:\/\/www.texpol.sk\/cs\/#website\",\"url\":\"https:\/\/www.texpol.sk\/cs\/\",\"name\":\"texpol.sk\",\"description\":\"\",\"publisher\":{\"@id\":\"https:\/\/www.texpol.sk\/cs\/#organization\"},\"potentialAction\":[{\"@type\":\"SearchAction\",\"target\":{\"@type\":\"EntryPoint\",\"urlTemplate\":\"https:\/\/www.texpol.sk\/cs\/?s={search_term_string}\"},\"query-input\":{\"@type\":\"PropertyValueSpecification\",\"valueRequired\":true,\"valueName\":\"search_term_string\"}}],\"inLanguage\":\"cs\"},{\"@type\":\"Organization\",\"@id\":\"https:\/\/www.texpol.sk\/cs\/#organization\",\"name\":\"texpol.sk\",\"url\":\"https:\/\/www.texpol.sk\/cs\/\",\"logo\":{\"@type\":\"ImageObject\",\"inLanguage\":\"cs\",\"@id\":\"https:\/\/www.texpol.sk\/cs\/#\/schema\/logo\/image\/\",\"url\":\"https:\/\/www.texpol.sk\/wp-content\/uploads\/2022\/12\/texpol-logo-navbar.png\",\"contentUrl\":\"https:\/\/www.texpol.sk\/wp-content\/uploads\/2022\/12\/texpol-logo-navbar.png\",\"width\":151,\"height\":57,\"caption\":\"texpol.sk\"},\"image\":{\"@id\":\"https:\/\/www.texpol.sk\/cs\/#\/schema\/logo\/image\/\"}}]}<\/script>\n<!-- \/ Yoast SEO plugin. -->","yoast_head_json":{"title":"Lamelov\u00fd ro\u0161t Klasik 16 | texpol.sk","robots":{"index":"index","follow":"follow","max-snippet":"max-snippet:-1","max-image-preview":"max-image-preview:large","max-video-preview":"max-video-preview:-1"},"canonical":"https:\/\/www.texpol.sk\/cs\/eshop\/rosty-cs\/lamelove-rosty\/rada-klasik-do-90-kg-cs\/lamelovy-rost-klasik-16\/","og_locale":"cs_CZ","og_type":"article","og_title":"Lamelov\u00fd ro\u0161t Klasik 16 | texpol.sk","og_description":"Standardn\u00ed lamelov\u00fd ro\u0161t je nepolohovateln\u00fd, lamely jsou ulo\u017eeny v pevn\u00fdch plastov\u00fdch pouzdrech.  DOD\u00c1N\u00cd DO 3 T\u00ddDN\u016e","og_url":"https:\/\/www.texpol.sk\/cs\/eshop\/rosty-cs\/lamelove-rosty\/rada-klasik-do-90-kg-cs\/lamelovy-rost-klasik-16\/","og_site_name":"texpol.sk","article_modified_time":"2026-03-30T21:03:22+00:00","og_image":[{"width":600,"height":600,"url":"http:\/\/www.texpol.sk\/wp-content\/uploads\/2015\/08\/klasik_16.jpg","type":"image\/jpeg"}],"twitter_card":"summary_large_image","twitter_misc":{"Odhadovan\u00e1 doba \u010dten\u00ed":"1 minuta"},"schema":{"@context":"https:\/\/schema.org","@graph":[{"@type":"WebPage","@id":"https:\/\/www.texpol.sk\/cs\/eshop\/rosty-cs\/lamelove-rosty\/rada-klasik-do-90-kg-cs\/lamelovy-rost-klasik-16\/","url":"https:\/\/www.texpol.sk\/cs\/eshop\/rosty-cs\/lamelove-rosty\/rada-klasik-do-90-kg-cs\/lamelovy-rost-klasik-16\/","name":"Lamelov\u00fd ro\u0161t Klasik 16 | texpol.sk","isPartOf":{"@id":"https:\/\/www.texpol.sk\/cs\/#website"},"primaryImageOfPage":{"@id":"https:\/\/www.texpol.sk\/cs\/eshop\/rosty-cs\/lamelove-rosty\/rada-klasik-do-90-kg-cs\/lamelovy-rost-klasik-16\/#primaryimage"},"image":{"@id":"https:\/\/www.texpol.sk\/cs\/eshop\/rosty-cs\/lamelove-rosty\/rada-klasik-do-90-kg-cs\/lamelovy-rost-klasik-16\/#primaryimage"},"thumbnailUrl":"https:\/\/www.texpol.sk\/wp-content\/uploads\/2015\/08\/klasik_16.jpg","datePublished":"2015-08-31T12:31:01+00:00","dateModified":"2026-03-30T21:03:22+00:00","breadcrumb":{"@id":"https:\/\/www.texpol.sk\/cs\/eshop\/rosty-cs\/lamelove-rosty\/rada-klasik-do-90-kg-cs\/lamelovy-rost-klasik-16\/#breadcrumb"},"inLanguage":"cs","potentialAction":[{"@type":"ReadAction","target":["https:\/\/www.texpol.sk\/cs\/eshop\/rosty-cs\/lamelove-rosty\/rada-klasik-do-90-kg-cs\/lamelovy-rost-klasik-16\/"]}]},{"@type":"ImageObject","inLanguage":"cs","@id":"https:\/\/www.texpol.sk\/cs\/eshop\/rosty-cs\/lamelove-rosty\/rada-klasik-do-90-kg-cs\/lamelovy-rost-klasik-16\/#primaryimage","url":"https:\/\/www.texpol.sk\/wp-content\/uploads\/2015\/08\/klasik_16.jpg","contentUrl":"https:\/\/www.texpol.sk\/wp-content\/uploads\/2015\/08\/klasik_16.jpg","width":600,"height":600,"caption":"classic_16"},{"@type":"BreadcrumbList","@id":"https:\/\/www.texpol.sk\/cs\/eshop\/rosty-cs\/lamelove-rosty\/rada-klasik-do-90-kg-cs\/lamelovy-rost-klasik-16\/#breadcrumb","itemListElement":[{"@type":"ListItem","position":1,"name":"Home","item":"https:\/\/www.texpol.sk\/cs\/"},{"@type":"ListItem","position":2,"name":"Produkty","item":"https:\/\/www.texpol.sk\/cs\/shop\/"},{"@type":"ListItem","position":3,"name":"Lamelov\u00fd ro\u0161t Klasik 16"}]},{"@type":"WebSite","@id":"https:\/\/www.texpol.sk\/cs\/#website","url":"https:\/\/www.texpol.sk\/cs\/","name":"texpol.sk","description":"","publisher":{"@id":"https:\/\/www.texpol.sk\/cs\/#organization"},"potentialAction":[{"@type":"SearchAction","target":{"@type":"EntryPoint","urlTemplate":"https:\/\/www.texpol.sk\/cs\/?s={search_term_string}"},"query-input":{"@type":"PropertyValueSpecification","valueRequired":true,"valueName":"search_term_string"}}],"inLanguage":"cs"},{"@type":"Organization","@id":"https:\/\/www.texpol.sk\/cs\/#organization","name":"texpol.sk","url":"https:\/\/www.texpol.sk\/cs\/","logo":{"@type":"ImageObject","inLanguage":"cs","@id":"https:\/\/www.texpol.sk\/cs\/#\/schema\/logo\/image\/","url":"https:\/\/www.texpol.sk\/wp-content\/uploads\/2022\/12\/texpol-logo-navbar.png","contentUrl":"https:\/\/www.texpol.sk\/wp-content\/uploads\/2022\/12\/texpol-logo-navbar.png","width":151,"height":57,"caption":"texpol.sk"},"image":{"@id":"https:\/\/www.texpol.sk\/cs\/#\/schema\/logo\/image\/"}}]}},"_links":{"self":[{"href":"https:\/\/www.texpol.sk\/cs\/wp-json\/wp\/v2\/product\/26699","targetHints":{"allow":["GET"]}}],"collection":[{"href":"https:\/\/www.texpol.sk\/cs\/wp-json\/wp\/v2\/product"}],"about":[{"href":"https:\/\/www.texpol.sk\/cs\/wp-json\/wp\/v2\/types\/product"}],"replies":[{"embeddable":true,"href":"https:\/\/www.texpol.sk\/cs\/wp-json\/wp\/v2\/comments?post=26699"}],"wp:featuredmedia":[{"embeddable":true,"href":"https:\/\/www.texpol.sk\/cs\/wp-json\/wp\/v2\/media\/22754"}],"wp:attachment":[{"href":"https:\/\/www.texpol.sk\/cs\/wp-json\/wp\/v2\/media?parent=26699"}],"wp:term":[{"taxonomy":"product_cat","embeddable":true,"href":"https:\/\/www.texpol.sk\/cs\/wp-json\/wp\/v2\/product_cat?post=26699"},{"taxonomy":"product_tag","embeddable":true,"href":"https:\/\/www.texpol.sk\/cs\/wp-json\/wp\/v2\/product_tag?post=26699"}],"curies":[{"name":"wp","href":"https:\/\/api.w.org\/{rel}","templated":true}]}}