{"id":26751,"date":"2015-08-31T14:43:45","date_gmt":"2015-08-31T14:43:45","guid":{"rendered":"https:\/\/www.texpol.sk\/eshop\/neza\u0159azen\u00e9\/lamelovy-rost-double-tilt\/"},"modified":"2025-06-13T14:58:47","modified_gmt":"2025-06-13T14:58:47","slug":"lamelovy-rost-double-vyklop-nozni","status":"publish","type":"product","link":"https:\/\/www.texpol.sk\/cs\/eshop\/rosty-cs\/lamelove-rosty\/rada-optimal-do-130-kg-cs\/lamelovy-rost-double-vyklop-nozni\/","title":{"rendered":"Lamelov\u00fd ro\u0161t Double v\u00fdklop no\u017en\u00ed"},"content":{"rendered":"","protected":false},"excerpt":{"rendered":"<h4><\/h4>\n<p>Pohodln\u00fd<strong> nenakl\u00e1p\u011bc\u00ed <\/strong>ro\u0161t<strong> DOUBLE Tilt &#8211; <\/strong>ro\u0161t na<strong> nohy <\/strong>je <strong>ro\u0161t<\/strong> s lamelami ulo\u017een\u00fdmi v pevn\u00fdch plastov\u00fdch pouzdrech. <strong>Lamelov\u00fd ro\u0161t na<\/strong> l\u016f\u017eko obsahuje uprost\u0159ed ro\u0161tu <strong>v\u00fdztu\u017en\u00fd popruh<\/strong> a <strong>5 dvojit\u00fdch lamel<\/strong> pro nastaven\u00ed tvrdosti.<\/p>\n<h3><\/h3>\n<h4><strong>DOD\u00c1N\u00cd DO 3 T\u00ddDN\u016e<\/strong><\/h4>\n","protected":false},"featured_media":22757,"comment_status":"closed","ping_status":"closed","template":"","meta":{"_acf_changed":false,"inline_featured_image":false},"product_cat":[932,934,931],"product_tag":[],"class_list":{"0":"post-26751","1":"product","2":"type-product","3":"status-publish","4":"has-post-thumbnail","6":"product_cat-lamelove-rosty","7":"product_cat-rada-optimal-do-130-kg-cs","8":"product_cat-rosty-cs","9":"pa_velkost-195-x-160-cm-cs","10":"pa_velkost-195-x-170-cm-cs","11":"pa_velkost-195-x-180-cm-cs","12":"pa_velkost-195-x-200-cm-cs","13":"pa_velkost-200x160cm-cs","14":"pa_velkost-200-x-170-cm","15":"pa_velkost-200x180cm-cs","16":"pa_velkost-200-x-200-cm","18":"first","19":"onbackorder","20":"taxable","21":"shipping-taxable","22":"product-type-variable","23":"has-default-attributes"},"acf":[],"yoast_head":"<!-- This site is optimized with the Yoast SEO plugin v23.9 - https:\/\/yoast.com\/wordpress\/plugins\/seo\/ -->\n<title>Lamelov\u00fd ro\u0161t Double v\u00fdklop no\u017en\u00ed | texpol.sk<\/title>\n<meta name=\"robots\" content=\"index, follow, max-snippet:-1, max-image-preview:large, max-video-preview:-1\" \/>\n<link rel=\"canonical\" href=\"https:\/\/www.texpol.sk\/cs\/eshop\/rosty-cs\/lamelove-rosty\/rada-optimal-do-130-kg-cs\/lamelovy-rost-double-vyklop-nozni\/\" \/>\n<meta property=\"og:locale\" content=\"cs_CZ\" \/>\n<meta property=\"og:type\" content=\"article\" \/>\n<meta property=\"og:title\" content=\"Lamelov\u00fd ro\u0161t Double v\u00fdklop no\u017en\u00ed | texpol.sk\" \/>\n<meta property=\"og:description\" content=\"Pohodln\u00fd nenakl\u00e1p\u011bc\u00ed ro\u0161t DOUBLE Tilt - ro\u0161t na nohy je ro\u0161t s lamelami ulo\u017een\u00fdmi v pevn\u00fdch plastov\u00fdch pouzdrech. Lamelov\u00fd ro\u0161t na l\u016f\u017eko obsahuje uprost\u0159ed ro\u0161tu v\u00fdztu\u017en\u00fd popruh a 5 dvojit\u00fdch lamel pro nastaven\u00ed tvrdosti.  DOD\u00c1N\u00cd DO 3 T\u00ddDN\u016e\" \/>\n<meta property=\"og:url\" content=\"https:\/\/www.texpol.sk\/cs\/eshop\/rosty-cs\/lamelove-rosty\/rada-optimal-do-130-kg-cs\/lamelovy-rost-double-vyklop-nozni\/\" \/>\n<meta property=\"og:site_name\" content=\"texpol.sk\" \/>\n<meta property=\"article:modified_time\" content=\"2025-06-13T14:58:47+00:00\" \/>\n<meta property=\"og:image\" content=\"http:\/\/www.texpol.sk\/wp-content\/uploads\/2020\/07\/Double-vyklop-3.jpg\" \/>\n\t<meta property=\"og:image:width\" content=\"600\" \/>\n\t<meta property=\"og:image:height\" content=\"600\" \/>\n\t<meta property=\"og:image:type\" content=\"image\/jpeg\" \/>\n<meta name=\"twitter:card\" content=\"summary_large_image\" \/>\n<meta name=\"twitter:label1\" content=\"Odhadovan\u00e1 doba \u010dten\u00ed\" \/>\n\t<meta name=\"twitter:data1\" content=\"1 minuta\" \/>\n<script type=\"application\/ld+json\" class=\"yoast-schema-graph\">{\"@context\":\"https:\/\/schema.org\",\"@graph\":[{\"@type\":\"WebPage\",\"@id\":\"https:\/\/www.texpol.sk\/cs\/eshop\/rosty-cs\/lamelove-rosty\/rada-optimal-do-130-kg-cs\/lamelovy-rost-double-vyklop-nozni\/\",\"url\":\"https:\/\/www.texpol.sk\/cs\/eshop\/rosty-cs\/lamelove-rosty\/rada-optimal-do-130-kg-cs\/lamelovy-rost-double-vyklop-nozni\/\",\"name\":\"Lamelov\u00fd ro\u0161t Double v\u00fdklop no\u017en\u00ed | texpol.sk\",\"isPartOf\":{\"@id\":\"https:\/\/www.texpol.sk\/cs\/#website\"},\"primaryImageOfPage\":{\"@id\":\"https:\/\/www.texpol.sk\/cs\/eshop\/rosty-cs\/lamelove-rosty\/rada-optimal-do-130-kg-cs\/lamelovy-rost-double-vyklop-nozni\/#primaryimage\"},\"image\":{\"@id\":\"https:\/\/www.texpol.sk\/cs\/eshop\/rosty-cs\/lamelove-rosty\/rada-optimal-do-130-kg-cs\/lamelovy-rost-double-vyklop-nozni\/#primaryimage\"},\"thumbnailUrl\":\"https:\/\/www.texpol.sk\/wp-content\/uploads\/2020\/07\/Double-vyklop-3.jpg\",\"datePublished\":\"2015-08-31T14:43:45+00:00\",\"dateModified\":\"2025-06-13T14:58:47+00:00\",\"breadcrumb\":{\"@id\":\"https:\/\/www.texpol.sk\/cs\/eshop\/rosty-cs\/lamelove-rosty\/rada-optimal-do-130-kg-cs\/lamelovy-rost-double-vyklop-nozni\/#breadcrumb\"},\"inLanguage\":\"cs\",\"potentialAction\":[{\"@type\":\"ReadAction\",\"target\":[\"https:\/\/www.texpol.sk\/cs\/eshop\/rosty-cs\/lamelove-rosty\/rada-optimal-do-130-kg-cs\/lamelovy-rost-double-vyklop-nozni\/\"]}]},{\"@type\":\"ImageObject\",\"inLanguage\":\"cs\",\"@id\":\"https:\/\/www.texpol.sk\/cs\/eshop\/rosty-cs\/lamelove-rosty\/rada-optimal-do-130-kg-cs\/lamelovy-rost-double-vyklop-nozni\/#primaryimage\",\"url\":\"https:\/\/www.texpol.sk\/wp-content\/uploads\/2020\/07\/Double-vyklop-3.jpg\",\"contentUrl\":\"https:\/\/www.texpol.sk\/wp-content\/uploads\/2020\/07\/Double-vyklop-3.jpg\",\"width\":600,\"height\":600,\"caption\":\"Dvojit\u00e1 skl\u00e1dka 3\"},{\"@type\":\"BreadcrumbList\",\"@id\":\"https:\/\/www.texpol.sk\/cs\/eshop\/rosty-cs\/lamelove-rosty\/rada-optimal-do-130-kg-cs\/lamelovy-rost-double-vyklop-nozni\/#breadcrumb\",\"itemListElement\":[{\"@type\":\"ListItem\",\"position\":1,\"name\":\"Home\",\"item\":\"https:\/\/www.texpol.sk\/cs\/\"},{\"@type\":\"ListItem\",\"position\":2,\"name\":\"Produkty\",\"item\":\"https:\/\/www.texpol.sk\/cs\/shop\/\"},{\"@type\":\"ListItem\",\"position\":3,\"name\":\"Lamelov\u00fd ro\u0161t Double v\u00fdklop no\u017en\u00ed\"}]},{\"@type\":\"WebSite\",\"@id\":\"https:\/\/www.texpol.sk\/cs\/#website\",\"url\":\"https:\/\/www.texpol.sk\/cs\/\",\"name\":\"texpol.sk\",\"description\":\"\",\"publisher\":{\"@id\":\"https:\/\/www.texpol.sk\/cs\/#organization\"},\"potentialAction\":[{\"@type\":\"SearchAction\",\"target\":{\"@type\":\"EntryPoint\",\"urlTemplate\":\"https:\/\/www.texpol.sk\/cs\/?s={search_term_string}\"},\"query-input\":{\"@type\":\"PropertyValueSpecification\",\"valueRequired\":true,\"valueName\":\"search_term_string\"}}],\"inLanguage\":\"cs\"},{\"@type\":\"Organization\",\"@id\":\"https:\/\/www.texpol.sk\/cs\/#organization\",\"name\":\"texpol.sk\",\"url\":\"https:\/\/www.texpol.sk\/cs\/\",\"logo\":{\"@type\":\"ImageObject\",\"inLanguage\":\"cs\",\"@id\":\"https:\/\/www.texpol.sk\/cs\/#\/schema\/logo\/image\/\",\"url\":\"https:\/\/www.texpol.sk\/wp-content\/uploads\/2022\/12\/texpol-logo-navbar.png\",\"contentUrl\":\"https:\/\/www.texpol.sk\/wp-content\/uploads\/2022\/12\/texpol-logo-navbar.png\",\"width\":151,\"height\":57,\"caption\":\"texpol.sk\"},\"image\":{\"@id\":\"https:\/\/www.texpol.sk\/cs\/#\/schema\/logo\/image\/\"}}]}<\/script>\n<!-- \/ Yoast SEO plugin. -->","yoast_head_json":{"title":"Lamelov\u00fd ro\u0161t Double v\u00fdklop no\u017en\u00ed | texpol.sk","robots":{"index":"index","follow":"follow","max-snippet":"max-snippet:-1","max-image-preview":"max-image-preview:large","max-video-preview":"max-video-preview:-1"},"canonical":"https:\/\/www.texpol.sk\/cs\/eshop\/rosty-cs\/lamelove-rosty\/rada-optimal-do-130-kg-cs\/lamelovy-rost-double-vyklop-nozni\/","og_locale":"cs_CZ","og_type":"article","og_title":"Lamelov\u00fd ro\u0161t Double v\u00fdklop no\u017en\u00ed | texpol.sk","og_description":"Pohodln\u00fd nenakl\u00e1p\u011bc\u00ed ro\u0161t DOUBLE Tilt - ro\u0161t na nohy je ro\u0161t s lamelami ulo\u017een\u00fdmi v pevn\u00fdch plastov\u00fdch pouzdrech. Lamelov\u00fd ro\u0161t na l\u016f\u017eko obsahuje uprost\u0159ed ro\u0161tu v\u00fdztu\u017en\u00fd popruh a 5 dvojit\u00fdch lamel pro nastaven\u00ed tvrdosti.  DOD\u00c1N\u00cd DO 3 T\u00ddDN\u016e","og_url":"https:\/\/www.texpol.sk\/cs\/eshop\/rosty-cs\/lamelove-rosty\/rada-optimal-do-130-kg-cs\/lamelovy-rost-double-vyklop-nozni\/","og_site_name":"texpol.sk","article_modified_time":"2025-06-13T14:58:47+00:00","og_image":[{"width":600,"height":600,"url":"http:\/\/www.texpol.sk\/wp-content\/uploads\/2020\/07\/Double-vyklop-3.jpg","type":"image\/jpeg"}],"twitter_card":"summary_large_image","twitter_misc":{"Odhadovan\u00e1 doba \u010dten\u00ed":"1 minuta"},"schema":{"@context":"https:\/\/schema.org","@graph":[{"@type":"WebPage","@id":"https:\/\/www.texpol.sk\/cs\/eshop\/rosty-cs\/lamelove-rosty\/rada-optimal-do-130-kg-cs\/lamelovy-rost-double-vyklop-nozni\/","url":"https:\/\/www.texpol.sk\/cs\/eshop\/rosty-cs\/lamelove-rosty\/rada-optimal-do-130-kg-cs\/lamelovy-rost-double-vyklop-nozni\/","name":"Lamelov\u00fd ro\u0161t Double v\u00fdklop no\u017en\u00ed | texpol.sk","isPartOf":{"@id":"https:\/\/www.texpol.sk\/cs\/#website"},"primaryImageOfPage":{"@id":"https:\/\/www.texpol.sk\/cs\/eshop\/rosty-cs\/lamelove-rosty\/rada-optimal-do-130-kg-cs\/lamelovy-rost-double-vyklop-nozni\/#primaryimage"},"image":{"@id":"https:\/\/www.texpol.sk\/cs\/eshop\/rosty-cs\/lamelove-rosty\/rada-optimal-do-130-kg-cs\/lamelovy-rost-double-vyklop-nozni\/#primaryimage"},"thumbnailUrl":"https:\/\/www.texpol.sk\/wp-content\/uploads\/2020\/07\/Double-vyklop-3.jpg","datePublished":"2015-08-31T14:43:45+00:00","dateModified":"2025-06-13T14:58:47+00:00","breadcrumb":{"@id":"https:\/\/www.texpol.sk\/cs\/eshop\/rosty-cs\/lamelove-rosty\/rada-optimal-do-130-kg-cs\/lamelovy-rost-double-vyklop-nozni\/#breadcrumb"},"inLanguage":"cs","potentialAction":[{"@type":"ReadAction","target":["https:\/\/www.texpol.sk\/cs\/eshop\/rosty-cs\/lamelove-rosty\/rada-optimal-do-130-kg-cs\/lamelovy-rost-double-vyklop-nozni\/"]}]},{"@type":"ImageObject","inLanguage":"cs","@id":"https:\/\/www.texpol.sk\/cs\/eshop\/rosty-cs\/lamelove-rosty\/rada-optimal-do-130-kg-cs\/lamelovy-rost-double-vyklop-nozni\/#primaryimage","url":"https:\/\/www.texpol.sk\/wp-content\/uploads\/2020\/07\/Double-vyklop-3.jpg","contentUrl":"https:\/\/www.texpol.sk\/wp-content\/uploads\/2020\/07\/Double-vyklop-3.jpg","width":600,"height":600,"caption":"Dvojit\u00e1 skl\u00e1dka 3"},{"@type":"BreadcrumbList","@id":"https:\/\/www.texpol.sk\/cs\/eshop\/rosty-cs\/lamelove-rosty\/rada-optimal-do-130-kg-cs\/lamelovy-rost-double-vyklop-nozni\/#breadcrumb","itemListElement":[{"@type":"ListItem","position":1,"name":"Home","item":"https:\/\/www.texpol.sk\/cs\/"},{"@type":"ListItem","position":2,"name":"Produkty","item":"https:\/\/www.texpol.sk\/cs\/shop\/"},{"@type":"ListItem","position":3,"name":"Lamelov\u00fd ro\u0161t Double v\u00fdklop no\u017en\u00ed"}]},{"@type":"WebSite","@id":"https:\/\/www.texpol.sk\/cs\/#website","url":"https:\/\/www.texpol.sk\/cs\/","name":"texpol.sk","description":"","publisher":{"@id":"https:\/\/www.texpol.sk\/cs\/#organization"},"potentialAction":[{"@type":"SearchAction","target":{"@type":"EntryPoint","urlTemplate":"https:\/\/www.texpol.sk\/cs\/?s={search_term_string}"},"query-input":{"@type":"PropertyValueSpecification","valueRequired":true,"valueName":"search_term_string"}}],"inLanguage":"cs"},{"@type":"Organization","@id":"https:\/\/www.texpol.sk\/cs\/#organization","name":"texpol.sk","url":"https:\/\/www.texpol.sk\/cs\/","logo":{"@type":"ImageObject","inLanguage":"cs","@id":"https:\/\/www.texpol.sk\/cs\/#\/schema\/logo\/image\/","url":"https:\/\/www.texpol.sk\/wp-content\/uploads\/2022\/12\/texpol-logo-navbar.png","contentUrl":"https:\/\/www.texpol.sk\/wp-content\/uploads\/2022\/12\/texpol-logo-navbar.png","width":151,"height":57,"caption":"texpol.sk"},"image":{"@id":"https:\/\/www.texpol.sk\/cs\/#\/schema\/logo\/image\/"}}]}},"_links":{"self":[{"href":"https:\/\/www.texpol.sk\/cs\/wp-json\/wp\/v2\/product\/26751","targetHints":{"allow":["GET"]}}],"collection":[{"href":"https:\/\/www.texpol.sk\/cs\/wp-json\/wp\/v2\/product"}],"about":[{"href":"https:\/\/www.texpol.sk\/cs\/wp-json\/wp\/v2\/types\/product"}],"replies":[{"embeddable":true,"href":"https:\/\/www.texpol.sk\/cs\/wp-json\/wp\/v2\/comments?post=26751"}],"wp:featuredmedia":[{"embeddable":true,"href":"https:\/\/www.texpol.sk\/cs\/wp-json\/wp\/v2\/media\/22757"}],"wp:attachment":[{"href":"https:\/\/www.texpol.sk\/cs\/wp-json\/wp\/v2\/media?parent=26751"}],"wp:term":[{"taxonomy":"product_cat","embeddable":true,"href":"https:\/\/www.texpol.sk\/cs\/wp-json\/wp\/v2\/product_cat?post=26751"},{"taxonomy":"product_tag","embeddable":true,"href":"https:\/\/www.texpol.sk\/cs\/wp-json\/wp\/v2\/product_tag?post=26751"}],"curies":[{"name":"wp","href":"https:\/\/api.w.org\/{rel}","templated":true}]}}