{"id":26789,"date":"2015-09-03T10:12:03","date_gmt":"2015-09-03T10:12:03","guid":{"rendered":"https:\/\/www.texpol.sk\/eshop\/neza\u0159azen\u00e9\/optimalni-5v-motor\/"},"modified":"2026-03-30T20:35:10","modified_gmt":"2026-03-30T20:35:10","slug":"lamelovy-rost-optimal-5v-motor","status":"publish","type":"product","link":"https:\/\/www.texpol.sk\/cs\/eshop\/rosty-cs\/lamelove-rosty\/rada-optimal-do-130-kg-cs\/lamelovy-rost-optimal-5v-motor\/","title":{"rendered":"Lamelov\u00fd ro\u0161t Optimal 5V Motor"},"content":{"rendered":"","protected":false},"excerpt":{"rendered":"<h4><\/h4>\n<p><strong>Komfortn\u00ed lamelov\u00fd <\/strong>ro\u0161t<strong> OPTIMAL 5V C-Motor <\/strong>je<strong> nastaviteln\u00fd<\/strong> pomoc\u00ed dvou elektromotor\u016f spojen\u00fdch v jednom krytu. M\u00e1 d\u00e1lkov\u00e9 ovl\u00e1d\u00e1n\u00ed a <strong>p\u011bt dvojit\u00fdch lamel<\/strong> pro nastaven\u00ed tvrdosti.<\/p>\n<h3><\/h3>\n<p><strong><strong><strong><span lang=\"cs\" xml:lang=\"cs\">U rozm\u011br\u016f 200 x 80\/90 cm je dodac\u00ed lh\u016fta 10 PRACOVN\u00cdCH DN\u00cd, ostatn\u00ed rozm\u011bry budou dod\u00e1ny do 3 T\u00ddDN\u016e.<\/span><\/strong><\/strong><\/strong><\/p>\n","protected":false},"featured_media":22765,"comment_status":"closed","ping_status":"closed","template":"","meta":{"_acf_changed":false,"inline_featured_image":false},"product_cat":[932,934,931],"product_tag":[826,1124,1125,1126,1151],"class_list":{"0":"post-26789","1":"product","2":"type-product","3":"status-publish","4":"has-post-thumbnail","6":"product_cat-lamelove-rosty","7":"product_cat-rada-optimal-do-130-kg-cs","8":"product_cat-rosty-cs","9":"product_tag-rost-cs","10":"product_tag-polohovatelne","11":"product_tag-lamelove","12":"product_tag-optimalni","13":"product_tag-motor-cs","14":"pa_velkost-195x80cm-cs","15":"pa_velkost-195x85cm-cs","16":"pa_velkost-195x90cm-cs","17":"pa_velkost-195x100cm-cs","18":"pa_velkost-195x120cm-cs","19":"pa_velkost-195-x-140-cm","20":"pa_velkost-200x80cm-cs","21":"pa_velkost-200x85cm-cs","22":"pa_velkost-200x90cm-cs","23":"pa_velkost-200x100cm-cs","24":"pa_velkost-200x120cm-cs","25":"pa_velkost-200-x-140-cm","27":"first","28":"onbackorder","29":"taxable","30":"shipping-taxable","31":"product-type-variable","32":"has-default-attributes"},"acf":[],"yoast_head":"<!-- This site is optimized with the Yoast SEO plugin v23.9 - https:\/\/yoast.com\/wordpress\/plugins\/seo\/ -->\n<title>Lamelov\u00fd ro\u0161t Optimal 5V Motor | texpol.sk<\/title>\n<meta name=\"robots\" content=\"index, follow, max-snippet:-1, max-image-preview:large, max-video-preview:-1\" \/>\n<link rel=\"canonical\" href=\"https:\/\/www.texpol.sk\/cs\/eshop\/rosty-cs\/lamelove-rosty\/rada-optimal-do-130-kg-cs\/lamelovy-rost-optimal-5v-motor\/\" \/>\n<meta property=\"og:locale\" content=\"cs_CZ\" \/>\n<meta property=\"og:type\" content=\"article\" \/>\n<meta property=\"og:title\" content=\"Lamelov\u00fd ro\u0161t Optimal 5V Motor | texpol.sk\" \/>\n<meta property=\"og:description\" content=\"Komfortn\u00ed lamelov\u00fd ro\u0161t OPTIMAL 5V C-Motor je nastaviteln\u00fd pomoc\u00ed dvou elektromotor\u016f spojen\u00fdch v jednom krytu. M\u00e1 d\u00e1lkov\u00e9 ovl\u00e1d\u00e1n\u00ed a p\u011bt dvojit\u00fdch lamel pro nastaven\u00ed tvrdosti.  U rozm\u011br\u016f 200 x 80\/90 cm je dodac\u00ed lh\u016fta 10 PRACOVN\u00cdCH DN\u00cd, ostatn\u00ed rozm\u011bry budou dod\u00e1ny do 3 T\u00ddDN\u016e.\" \/>\n<meta property=\"og:url\" content=\"https:\/\/www.texpol.sk\/cs\/eshop\/rosty-cs\/lamelove-rosty\/rada-optimal-do-130-kg-cs\/lamelovy-rost-optimal-5v-motor\/\" \/>\n<meta property=\"og:site_name\" content=\"texpol.sk\" \/>\n<meta property=\"article:modified_time\" content=\"2026-03-30T20:35:10+00:00\" \/>\n<meta property=\"og:image\" content=\"http:\/\/www.texpol.sk\/wp-content\/uploads\/2015\/08\/optimal_5v_motor.jpg\" \/>\n\t<meta property=\"og:image:width\" content=\"600\" \/>\n\t<meta property=\"og:image:height\" content=\"600\" \/>\n\t<meta property=\"og:image:type\" content=\"image\/jpeg\" \/>\n<meta name=\"twitter:card\" content=\"summary_large_image\" \/>\n<meta name=\"twitter:label1\" content=\"Odhadovan\u00e1 doba \u010dten\u00ed\" \/>\n\t<meta name=\"twitter:data1\" content=\"1 minuta\" \/>\n<script type=\"application\/ld+json\" class=\"yoast-schema-graph\">{\"@context\":\"https:\/\/schema.org\",\"@graph\":[{\"@type\":\"WebPage\",\"@id\":\"https:\/\/www.texpol.sk\/cs\/eshop\/rosty-cs\/lamelove-rosty\/rada-optimal-do-130-kg-cs\/lamelovy-rost-optimal-5v-motor\/\",\"url\":\"https:\/\/www.texpol.sk\/cs\/eshop\/rosty-cs\/lamelove-rosty\/rada-optimal-do-130-kg-cs\/lamelovy-rost-optimal-5v-motor\/\",\"name\":\"Lamelov\u00fd ro\u0161t Optimal 5V Motor | texpol.sk\",\"isPartOf\":{\"@id\":\"https:\/\/www.texpol.sk\/cs\/#website\"},\"primaryImageOfPage\":{\"@id\":\"https:\/\/www.texpol.sk\/cs\/eshop\/rosty-cs\/lamelove-rosty\/rada-optimal-do-130-kg-cs\/lamelovy-rost-optimal-5v-motor\/#primaryimage\"},\"image\":{\"@id\":\"https:\/\/www.texpol.sk\/cs\/eshop\/rosty-cs\/lamelove-rosty\/rada-optimal-do-130-kg-cs\/lamelovy-rost-optimal-5v-motor\/#primaryimage\"},\"thumbnailUrl\":\"https:\/\/www.texpol.sk\/wp-content\/uploads\/2015\/08\/optimal_5v_motor.jpg\",\"datePublished\":\"2015-09-03T10:12:03+00:00\",\"dateModified\":\"2026-03-30T20:35:10+00:00\",\"breadcrumb\":{\"@id\":\"https:\/\/www.texpol.sk\/cs\/eshop\/rosty-cs\/lamelove-rosty\/rada-optimal-do-130-kg-cs\/lamelovy-rost-optimal-5v-motor\/#breadcrumb\"},\"inLanguage\":\"cs\",\"potentialAction\":[{\"@type\":\"ReadAction\",\"target\":[\"https:\/\/www.texpol.sk\/cs\/eshop\/rosty-cs\/lamelove-rosty\/rada-optimal-do-130-kg-cs\/lamelovy-rost-optimal-5v-motor\/\"]}]},{\"@type\":\"ImageObject\",\"inLanguage\":\"cs\",\"@id\":\"https:\/\/www.texpol.sk\/cs\/eshop\/rosty-cs\/lamelove-rosty\/rada-optimal-do-130-kg-cs\/lamelovy-rost-optimal-5v-motor\/#primaryimage\",\"url\":\"https:\/\/www.texpol.sk\/wp-content\/uploads\/2015\/08\/optimal_5v_motor.jpg\",\"contentUrl\":\"https:\/\/www.texpol.sk\/wp-content\/uploads\/2015\/08\/optimal_5v_motor.jpg\",\"width\":600,\"height\":600,\"caption\":\"optimal_5v_engine\"},{\"@type\":\"BreadcrumbList\",\"@id\":\"https:\/\/www.texpol.sk\/cs\/eshop\/rosty-cs\/lamelove-rosty\/rada-optimal-do-130-kg-cs\/lamelovy-rost-optimal-5v-motor\/#breadcrumb\",\"itemListElement\":[{\"@type\":\"ListItem\",\"position\":1,\"name\":\"Home\",\"item\":\"https:\/\/www.texpol.sk\/cs\/\"},{\"@type\":\"ListItem\",\"position\":2,\"name\":\"Produkty\",\"item\":\"https:\/\/www.texpol.sk\/cs\/shop\/\"},{\"@type\":\"ListItem\",\"position\":3,\"name\":\"Lamelov\u00fd ro\u0161t Optimal 5V Motor\"}]},{\"@type\":\"WebSite\",\"@id\":\"https:\/\/www.texpol.sk\/cs\/#website\",\"url\":\"https:\/\/www.texpol.sk\/cs\/\",\"name\":\"texpol.sk\",\"description\":\"\",\"publisher\":{\"@id\":\"https:\/\/www.texpol.sk\/cs\/#organization\"},\"potentialAction\":[{\"@type\":\"SearchAction\",\"target\":{\"@type\":\"EntryPoint\",\"urlTemplate\":\"https:\/\/www.texpol.sk\/cs\/?s={search_term_string}\"},\"query-input\":{\"@type\":\"PropertyValueSpecification\",\"valueRequired\":true,\"valueName\":\"search_term_string\"}}],\"inLanguage\":\"cs\"},{\"@type\":\"Organization\",\"@id\":\"https:\/\/www.texpol.sk\/cs\/#organization\",\"name\":\"texpol.sk\",\"url\":\"https:\/\/www.texpol.sk\/cs\/\",\"logo\":{\"@type\":\"ImageObject\",\"inLanguage\":\"cs\",\"@id\":\"https:\/\/www.texpol.sk\/cs\/#\/schema\/logo\/image\/\",\"url\":\"https:\/\/www.texpol.sk\/wp-content\/uploads\/2022\/12\/texpol-logo-navbar.png\",\"contentUrl\":\"https:\/\/www.texpol.sk\/wp-content\/uploads\/2022\/12\/texpol-logo-navbar.png\",\"width\":151,\"height\":57,\"caption\":\"texpol.sk\"},\"image\":{\"@id\":\"https:\/\/www.texpol.sk\/cs\/#\/schema\/logo\/image\/\"}}]}<\/script>\n<!-- \/ Yoast SEO plugin. -->","yoast_head_json":{"title":"Lamelov\u00fd ro\u0161t Optimal 5V Motor | texpol.sk","robots":{"index":"index","follow":"follow","max-snippet":"max-snippet:-1","max-image-preview":"max-image-preview:large","max-video-preview":"max-video-preview:-1"},"canonical":"https:\/\/www.texpol.sk\/cs\/eshop\/rosty-cs\/lamelove-rosty\/rada-optimal-do-130-kg-cs\/lamelovy-rost-optimal-5v-motor\/","og_locale":"cs_CZ","og_type":"article","og_title":"Lamelov\u00fd ro\u0161t Optimal 5V Motor | texpol.sk","og_description":"Komfortn\u00ed lamelov\u00fd ro\u0161t OPTIMAL 5V C-Motor je nastaviteln\u00fd pomoc\u00ed dvou elektromotor\u016f spojen\u00fdch v jednom krytu. M\u00e1 d\u00e1lkov\u00e9 ovl\u00e1d\u00e1n\u00ed a p\u011bt dvojit\u00fdch lamel pro nastaven\u00ed tvrdosti.  U rozm\u011br\u016f 200 x 80\/90 cm je dodac\u00ed lh\u016fta 10 PRACOVN\u00cdCH DN\u00cd, ostatn\u00ed rozm\u011bry budou dod\u00e1ny do 3 T\u00ddDN\u016e.","og_url":"https:\/\/www.texpol.sk\/cs\/eshop\/rosty-cs\/lamelove-rosty\/rada-optimal-do-130-kg-cs\/lamelovy-rost-optimal-5v-motor\/","og_site_name":"texpol.sk","article_modified_time":"2026-03-30T20:35:10+00:00","og_image":[{"width":600,"height":600,"url":"http:\/\/www.texpol.sk\/wp-content\/uploads\/2015\/08\/optimal_5v_motor.jpg","type":"image\/jpeg"}],"twitter_card":"summary_large_image","twitter_misc":{"Odhadovan\u00e1 doba \u010dten\u00ed":"1 minuta"},"schema":{"@context":"https:\/\/schema.org","@graph":[{"@type":"WebPage","@id":"https:\/\/www.texpol.sk\/cs\/eshop\/rosty-cs\/lamelove-rosty\/rada-optimal-do-130-kg-cs\/lamelovy-rost-optimal-5v-motor\/","url":"https:\/\/www.texpol.sk\/cs\/eshop\/rosty-cs\/lamelove-rosty\/rada-optimal-do-130-kg-cs\/lamelovy-rost-optimal-5v-motor\/","name":"Lamelov\u00fd ro\u0161t Optimal 5V Motor | texpol.sk","isPartOf":{"@id":"https:\/\/www.texpol.sk\/cs\/#website"},"primaryImageOfPage":{"@id":"https:\/\/www.texpol.sk\/cs\/eshop\/rosty-cs\/lamelove-rosty\/rada-optimal-do-130-kg-cs\/lamelovy-rost-optimal-5v-motor\/#primaryimage"},"image":{"@id":"https:\/\/www.texpol.sk\/cs\/eshop\/rosty-cs\/lamelove-rosty\/rada-optimal-do-130-kg-cs\/lamelovy-rost-optimal-5v-motor\/#primaryimage"},"thumbnailUrl":"https:\/\/www.texpol.sk\/wp-content\/uploads\/2015\/08\/optimal_5v_motor.jpg","datePublished":"2015-09-03T10:12:03+00:00","dateModified":"2026-03-30T20:35:10+00:00","breadcrumb":{"@id":"https:\/\/www.texpol.sk\/cs\/eshop\/rosty-cs\/lamelove-rosty\/rada-optimal-do-130-kg-cs\/lamelovy-rost-optimal-5v-motor\/#breadcrumb"},"inLanguage":"cs","potentialAction":[{"@type":"ReadAction","target":["https:\/\/www.texpol.sk\/cs\/eshop\/rosty-cs\/lamelove-rosty\/rada-optimal-do-130-kg-cs\/lamelovy-rost-optimal-5v-motor\/"]}]},{"@type":"ImageObject","inLanguage":"cs","@id":"https:\/\/www.texpol.sk\/cs\/eshop\/rosty-cs\/lamelove-rosty\/rada-optimal-do-130-kg-cs\/lamelovy-rost-optimal-5v-motor\/#primaryimage","url":"https:\/\/www.texpol.sk\/wp-content\/uploads\/2015\/08\/optimal_5v_motor.jpg","contentUrl":"https:\/\/www.texpol.sk\/wp-content\/uploads\/2015\/08\/optimal_5v_motor.jpg","width":600,"height":600,"caption":"optimal_5v_engine"},{"@type":"BreadcrumbList","@id":"https:\/\/www.texpol.sk\/cs\/eshop\/rosty-cs\/lamelove-rosty\/rada-optimal-do-130-kg-cs\/lamelovy-rost-optimal-5v-motor\/#breadcrumb","itemListElement":[{"@type":"ListItem","position":1,"name":"Home","item":"https:\/\/www.texpol.sk\/cs\/"},{"@type":"ListItem","position":2,"name":"Produkty","item":"https:\/\/www.texpol.sk\/cs\/shop\/"},{"@type":"ListItem","position":3,"name":"Lamelov\u00fd ro\u0161t Optimal 5V Motor"}]},{"@type":"WebSite","@id":"https:\/\/www.texpol.sk\/cs\/#website","url":"https:\/\/www.texpol.sk\/cs\/","name":"texpol.sk","description":"","publisher":{"@id":"https:\/\/www.texpol.sk\/cs\/#organization"},"potentialAction":[{"@type":"SearchAction","target":{"@type":"EntryPoint","urlTemplate":"https:\/\/www.texpol.sk\/cs\/?s={search_term_string}"},"query-input":{"@type":"PropertyValueSpecification","valueRequired":true,"valueName":"search_term_string"}}],"inLanguage":"cs"},{"@type":"Organization","@id":"https:\/\/www.texpol.sk\/cs\/#organization","name":"texpol.sk","url":"https:\/\/www.texpol.sk\/cs\/","logo":{"@type":"ImageObject","inLanguage":"cs","@id":"https:\/\/www.texpol.sk\/cs\/#\/schema\/logo\/image\/","url":"https:\/\/www.texpol.sk\/wp-content\/uploads\/2022\/12\/texpol-logo-navbar.png","contentUrl":"https:\/\/www.texpol.sk\/wp-content\/uploads\/2022\/12\/texpol-logo-navbar.png","width":151,"height":57,"caption":"texpol.sk"},"image":{"@id":"https:\/\/www.texpol.sk\/cs\/#\/schema\/logo\/image\/"}}]}},"_links":{"self":[{"href":"https:\/\/www.texpol.sk\/cs\/wp-json\/wp\/v2\/product\/26789","targetHints":{"allow":["GET"]}}],"collection":[{"href":"https:\/\/www.texpol.sk\/cs\/wp-json\/wp\/v2\/product"}],"about":[{"href":"https:\/\/www.texpol.sk\/cs\/wp-json\/wp\/v2\/types\/product"}],"replies":[{"embeddable":true,"href":"https:\/\/www.texpol.sk\/cs\/wp-json\/wp\/v2\/comments?post=26789"}],"wp:featuredmedia":[{"embeddable":true,"href":"https:\/\/www.texpol.sk\/cs\/wp-json\/wp\/v2\/media\/22765"}],"wp:attachment":[{"href":"https:\/\/www.texpol.sk\/cs\/wp-json\/wp\/v2\/media?parent=26789"}],"wp:term":[{"taxonomy":"product_cat","embeddable":true,"href":"https:\/\/www.texpol.sk\/cs\/wp-json\/wp\/v2\/product_cat?post=26789"},{"taxonomy":"product_tag","embeddable":true,"href":"https:\/\/www.texpol.sk\/cs\/wp-json\/wp\/v2\/product_tag?post=26789"}],"curies":[{"name":"wp","href":"https:\/\/api.w.org\/{rel}","templated":true}]}}