{"id":26835,"date":"2015-09-03T14:01:14","date_gmt":"2015-09-03T14:01:14","guid":{"rendered":"https:\/\/www.texpol.sk\/eshop\/neza\u0159azen\u00e9\/sroubeni-multiflex-v-5-poloh\/"},"modified":"2025-06-16T09:57:23","modified_gmt":"2025-06-16T09:57:23","slug":"sroubeni-multiflex-v-5-poloh","status":"publish","type":"product","link":"https:\/\/www.texpol.sk\/cs\/eshop\/doplnky-cs\/doplnky-k-rostum\/sroubeni-multiflex-v-5-poloh\/","title":{"rendered":"\u0160rouben\u00ed Multiflex \u201eV\u201c (5 poloh)"},"content":{"rendered":"","protected":false},"excerpt":{"rendered":"<h4><\/h4>\n<p>Kov\u00e1n\u00ed<strong> Multiflex \u201eV\u201c<\/strong> se pou\u017e\u00edv\u00e1 pro lamelov\u00e9 ro\u0161ty s polohov\u00e1n\u00edm <strong>hlavy<\/strong> nebo <strong>nohou<\/strong>. V z\u00e1vislosti na polohovan\u00e9m d\u00edlu m\u016f\u017eete zvolit <strong>p\u011bti- <\/strong>nebo<strong> t\u0159in\u00e1ctipolohov\u00e9<\/strong> <strong>kov\u00e1n\u00ed <\/strong>.<\/p>\n<h3><\/h3>\n<h4><strong>DOD\u00c1N\u00cd DO 10 PRACOVN\u00cdCH DN\u016e<\/strong><\/h4>\n","protected":false},"featured_media":22821,"comment_status":"closed","ping_status":"closed","template":"","meta":{"_acf_changed":false,"inline_featured_image":false},"product_cat":[907,904],"product_tag":[],"class_list":{"0":"post-26835","1":"product","2":"type-product","3":"status-publish","4":"has-post-thumbnail","6":"product_cat-doplnky-k-rostum","7":"product_cat-doplnky-cs","9":"first","10":"onbackorder","11":"taxable","12":"shipping-taxable","13":"purchasable","14":"product-type-simple"},"acf":[],"yoast_head":"<!-- This site is optimized with the Yoast SEO plugin v23.9 - https:\/\/yoast.com\/wordpress\/plugins\/seo\/ -->\n<title>\u0160rouben\u00ed Multiflex \u201eV\u201c (5 poloh) | texpol.sk<\/title>\n<meta name=\"robots\" content=\"index, follow, max-snippet:-1, max-image-preview:large, max-video-preview:-1\" \/>\n<link rel=\"canonical\" href=\"https:\/\/www.texpol.sk\/cs\/eshop\/doplnky-cs\/doplnky-k-rostum\/sroubeni-multiflex-v-5-poloh\/\" \/>\n<meta property=\"og:locale\" content=\"cs_CZ\" \/>\n<meta property=\"og:type\" content=\"article\" \/>\n<meta property=\"og:title\" content=\"\u0160rouben\u00ed Multiflex \u201eV\u201c (5 poloh) | texpol.sk\" \/>\n<meta property=\"og:description\" content=\"Kov\u00e1n\u00ed Multiflex \u201eV\u201c se pou\u017e\u00edv\u00e1 pro lamelov\u00e9 ro\u0161ty s polohov\u00e1n\u00edm hlavy nebo nohou. V z\u00e1vislosti na polohovan\u00e9m d\u00edlu m\u016f\u017eete zvolit p\u011bti- nebo t\u0159in\u00e1ctipolohov\u00e9 kov\u00e1n\u00ed .  DOD\u00c1N\u00cd DO 10 PRACOVN\u00cdCH DN\u016e\" \/>\n<meta property=\"og:url\" content=\"https:\/\/www.texpol.sk\/cs\/eshop\/doplnky-cs\/doplnky-k-rostum\/sroubeni-multiflex-v-5-poloh\/\" \/>\n<meta property=\"og:site_name\" content=\"texpol.sk\" \/>\n<meta property=\"article:modified_time\" content=\"2025-06-16T09:57:23+00:00\" \/>\n<meta property=\"og:image\" content=\"http:\/\/www.texpol.sk\/wp-content\/uploads\/2015\/09\/multiflex-V.jpg\" \/>\n\t<meta property=\"og:image:width\" content=\"600\" \/>\n\t<meta property=\"og:image:height\" content=\"600\" \/>\n\t<meta property=\"og:image:type\" content=\"image\/jpeg\" \/>\n<meta name=\"twitter:card\" content=\"summary_large_image\" \/>\n<meta name=\"twitter:label1\" content=\"Odhadovan\u00e1 doba \u010dten\u00ed\" \/>\n\t<meta name=\"twitter:data1\" content=\"1 minuta\" \/>\n<script type=\"application\/ld+json\" class=\"yoast-schema-graph\">{\"@context\":\"https:\/\/schema.org\",\"@graph\":[{\"@type\":\"WebPage\",\"@id\":\"https:\/\/www.texpol.sk\/cs\/eshop\/doplnky-cs\/doplnky-k-rostum\/sroubeni-multiflex-v-5-poloh\/\",\"url\":\"https:\/\/www.texpol.sk\/cs\/eshop\/doplnky-cs\/doplnky-k-rostum\/sroubeni-multiflex-v-5-poloh\/\",\"name\":\"\u0160rouben\u00ed Multiflex \u201eV\u201c (5 poloh) | texpol.sk\",\"isPartOf\":{\"@id\":\"https:\/\/www.texpol.sk\/cs\/#website\"},\"primaryImageOfPage\":{\"@id\":\"https:\/\/www.texpol.sk\/cs\/eshop\/doplnky-cs\/doplnky-k-rostum\/sroubeni-multiflex-v-5-poloh\/#primaryimage\"},\"image\":{\"@id\":\"https:\/\/www.texpol.sk\/cs\/eshop\/doplnky-cs\/doplnky-k-rostum\/sroubeni-multiflex-v-5-poloh\/#primaryimage\"},\"thumbnailUrl\":\"https:\/\/www.texpol.sk\/wp-content\/uploads\/2015\/09\/multiflex-V.jpg\",\"datePublished\":\"2015-09-03T14:01:14+00:00\",\"dateModified\":\"2025-06-16T09:57:23+00:00\",\"breadcrumb\":{\"@id\":\"https:\/\/www.texpol.sk\/cs\/eshop\/doplnky-cs\/doplnky-k-rostum\/sroubeni-multiflex-v-5-poloh\/#breadcrumb\"},\"inLanguage\":\"cs\",\"potentialAction\":[{\"@type\":\"ReadAction\",\"target\":[\"https:\/\/www.texpol.sk\/cs\/eshop\/doplnky-cs\/doplnky-k-rostum\/sroubeni-multiflex-v-5-poloh\/\"]}]},{\"@type\":\"ImageObject\",\"inLanguage\":\"cs\",\"@id\":\"https:\/\/www.texpol.sk\/cs\/eshop\/doplnky-cs\/doplnky-k-rostum\/sroubeni-multiflex-v-5-poloh\/#primaryimage\",\"url\":\"https:\/\/www.texpol.sk\/wp-content\/uploads\/2015\/09\/multiflex-V.jpg\",\"contentUrl\":\"https:\/\/www.texpol.sk\/wp-content\/uploads\/2015\/09\/multiflex-V.jpg\",\"width\":600,\"height\":600,\"caption\":\"multiflex V\"},{\"@type\":\"BreadcrumbList\",\"@id\":\"https:\/\/www.texpol.sk\/cs\/eshop\/doplnky-cs\/doplnky-k-rostum\/sroubeni-multiflex-v-5-poloh\/#breadcrumb\",\"itemListElement\":[{\"@type\":\"ListItem\",\"position\":1,\"name\":\"Home\",\"item\":\"https:\/\/www.texpol.sk\/cs\/\"},{\"@type\":\"ListItem\",\"position\":2,\"name\":\"Produkty\",\"item\":\"https:\/\/www.texpol.sk\/cs\/shop\/\"},{\"@type\":\"ListItem\",\"position\":3,\"name\":\"\u0160rouben\u00ed Multiflex \u201eV\u201c (5 poloh)\"}]},{\"@type\":\"WebSite\",\"@id\":\"https:\/\/www.texpol.sk\/cs\/#website\",\"url\":\"https:\/\/www.texpol.sk\/cs\/\",\"name\":\"texpol.sk\",\"description\":\"\",\"publisher\":{\"@id\":\"https:\/\/www.texpol.sk\/cs\/#organization\"},\"potentialAction\":[{\"@type\":\"SearchAction\",\"target\":{\"@type\":\"EntryPoint\",\"urlTemplate\":\"https:\/\/www.texpol.sk\/cs\/?s={search_term_string}\"},\"query-input\":{\"@type\":\"PropertyValueSpecification\",\"valueRequired\":true,\"valueName\":\"search_term_string\"}}],\"inLanguage\":\"cs\"},{\"@type\":\"Organization\",\"@id\":\"https:\/\/www.texpol.sk\/cs\/#organization\",\"name\":\"texpol.sk\",\"url\":\"https:\/\/www.texpol.sk\/cs\/\",\"logo\":{\"@type\":\"ImageObject\",\"inLanguage\":\"cs\",\"@id\":\"https:\/\/www.texpol.sk\/cs\/#\/schema\/logo\/image\/\",\"url\":\"https:\/\/www.texpol.sk\/wp-content\/uploads\/2022\/12\/texpol-logo-navbar.png\",\"contentUrl\":\"https:\/\/www.texpol.sk\/wp-content\/uploads\/2022\/12\/texpol-logo-navbar.png\",\"width\":151,\"height\":57,\"caption\":\"texpol.sk\"},\"image\":{\"@id\":\"https:\/\/www.texpol.sk\/cs\/#\/schema\/logo\/image\/\"}}]}<\/script>\n<!-- \/ Yoast SEO plugin. -->","yoast_head_json":{"title":"\u0160rouben\u00ed Multiflex \u201eV\u201c (5 poloh) | texpol.sk","robots":{"index":"index","follow":"follow","max-snippet":"max-snippet:-1","max-image-preview":"max-image-preview:large","max-video-preview":"max-video-preview:-1"},"canonical":"https:\/\/www.texpol.sk\/cs\/eshop\/doplnky-cs\/doplnky-k-rostum\/sroubeni-multiflex-v-5-poloh\/","og_locale":"cs_CZ","og_type":"article","og_title":"\u0160rouben\u00ed Multiflex \u201eV\u201c (5 poloh) | texpol.sk","og_description":"Kov\u00e1n\u00ed Multiflex \u201eV\u201c se pou\u017e\u00edv\u00e1 pro lamelov\u00e9 ro\u0161ty s polohov\u00e1n\u00edm hlavy nebo nohou. V z\u00e1vislosti na polohovan\u00e9m d\u00edlu m\u016f\u017eete zvolit p\u011bti- nebo t\u0159in\u00e1ctipolohov\u00e9 kov\u00e1n\u00ed .  DOD\u00c1N\u00cd DO 10 PRACOVN\u00cdCH DN\u016e","og_url":"https:\/\/www.texpol.sk\/cs\/eshop\/doplnky-cs\/doplnky-k-rostum\/sroubeni-multiflex-v-5-poloh\/","og_site_name":"texpol.sk","article_modified_time":"2025-06-16T09:57:23+00:00","og_image":[{"width":600,"height":600,"url":"http:\/\/www.texpol.sk\/wp-content\/uploads\/2015\/09\/multiflex-V.jpg","type":"image\/jpeg"}],"twitter_card":"summary_large_image","twitter_misc":{"Odhadovan\u00e1 doba \u010dten\u00ed":"1 minuta"},"schema":{"@context":"https:\/\/schema.org","@graph":[{"@type":"WebPage","@id":"https:\/\/www.texpol.sk\/cs\/eshop\/doplnky-cs\/doplnky-k-rostum\/sroubeni-multiflex-v-5-poloh\/","url":"https:\/\/www.texpol.sk\/cs\/eshop\/doplnky-cs\/doplnky-k-rostum\/sroubeni-multiflex-v-5-poloh\/","name":"\u0160rouben\u00ed Multiflex \u201eV\u201c (5 poloh) | texpol.sk","isPartOf":{"@id":"https:\/\/www.texpol.sk\/cs\/#website"},"primaryImageOfPage":{"@id":"https:\/\/www.texpol.sk\/cs\/eshop\/doplnky-cs\/doplnky-k-rostum\/sroubeni-multiflex-v-5-poloh\/#primaryimage"},"image":{"@id":"https:\/\/www.texpol.sk\/cs\/eshop\/doplnky-cs\/doplnky-k-rostum\/sroubeni-multiflex-v-5-poloh\/#primaryimage"},"thumbnailUrl":"https:\/\/www.texpol.sk\/wp-content\/uploads\/2015\/09\/multiflex-V.jpg","datePublished":"2015-09-03T14:01:14+00:00","dateModified":"2025-06-16T09:57:23+00:00","breadcrumb":{"@id":"https:\/\/www.texpol.sk\/cs\/eshop\/doplnky-cs\/doplnky-k-rostum\/sroubeni-multiflex-v-5-poloh\/#breadcrumb"},"inLanguage":"cs","potentialAction":[{"@type":"ReadAction","target":["https:\/\/www.texpol.sk\/cs\/eshop\/doplnky-cs\/doplnky-k-rostum\/sroubeni-multiflex-v-5-poloh\/"]}]},{"@type":"ImageObject","inLanguage":"cs","@id":"https:\/\/www.texpol.sk\/cs\/eshop\/doplnky-cs\/doplnky-k-rostum\/sroubeni-multiflex-v-5-poloh\/#primaryimage","url":"https:\/\/www.texpol.sk\/wp-content\/uploads\/2015\/09\/multiflex-V.jpg","contentUrl":"https:\/\/www.texpol.sk\/wp-content\/uploads\/2015\/09\/multiflex-V.jpg","width":600,"height":600,"caption":"multiflex V"},{"@type":"BreadcrumbList","@id":"https:\/\/www.texpol.sk\/cs\/eshop\/doplnky-cs\/doplnky-k-rostum\/sroubeni-multiflex-v-5-poloh\/#breadcrumb","itemListElement":[{"@type":"ListItem","position":1,"name":"Home","item":"https:\/\/www.texpol.sk\/cs\/"},{"@type":"ListItem","position":2,"name":"Produkty","item":"https:\/\/www.texpol.sk\/cs\/shop\/"},{"@type":"ListItem","position":3,"name":"\u0160rouben\u00ed Multiflex \u201eV\u201c (5 poloh)"}]},{"@type":"WebSite","@id":"https:\/\/www.texpol.sk\/cs\/#website","url":"https:\/\/www.texpol.sk\/cs\/","name":"texpol.sk","description":"","publisher":{"@id":"https:\/\/www.texpol.sk\/cs\/#organization"},"potentialAction":[{"@type":"SearchAction","target":{"@type":"EntryPoint","urlTemplate":"https:\/\/www.texpol.sk\/cs\/?s={search_term_string}"},"query-input":{"@type":"PropertyValueSpecification","valueRequired":true,"valueName":"search_term_string"}}],"inLanguage":"cs"},{"@type":"Organization","@id":"https:\/\/www.texpol.sk\/cs\/#organization","name":"texpol.sk","url":"https:\/\/www.texpol.sk\/cs\/","logo":{"@type":"ImageObject","inLanguage":"cs","@id":"https:\/\/www.texpol.sk\/cs\/#\/schema\/logo\/image\/","url":"https:\/\/www.texpol.sk\/wp-content\/uploads\/2022\/12\/texpol-logo-navbar.png","contentUrl":"https:\/\/www.texpol.sk\/wp-content\/uploads\/2022\/12\/texpol-logo-navbar.png","width":151,"height":57,"caption":"texpol.sk"},"image":{"@id":"https:\/\/www.texpol.sk\/cs\/#\/schema\/logo\/image\/"}}]}},"_links":{"self":[{"href":"https:\/\/www.texpol.sk\/cs\/wp-json\/wp\/v2\/product\/26835","targetHints":{"allow":["GET"]}}],"collection":[{"href":"https:\/\/www.texpol.sk\/cs\/wp-json\/wp\/v2\/product"}],"about":[{"href":"https:\/\/www.texpol.sk\/cs\/wp-json\/wp\/v2\/types\/product"}],"replies":[{"embeddable":true,"href":"https:\/\/www.texpol.sk\/cs\/wp-json\/wp\/v2\/comments?post=26835"}],"wp:featuredmedia":[{"embeddable":true,"href":"https:\/\/www.texpol.sk\/cs\/wp-json\/wp\/v2\/media\/22821"}],"wp:attachment":[{"href":"https:\/\/www.texpol.sk\/cs\/wp-json\/wp\/v2\/media?parent=26835"}],"wp:term":[{"taxonomy":"product_cat","embeddable":true,"href":"https:\/\/www.texpol.sk\/cs\/wp-json\/wp\/v2\/product_cat?post=26835"},{"taxonomy":"product_tag","embeddable":true,"href":"https:\/\/www.texpol.sk\/cs\/wp-json\/wp\/v2\/product_tag?post=26835"}],"curies":[{"name":"wp","href":"https:\/\/api.w.org\/{rel}","templated":true}]}}