{"id":26906,"date":"2015-09-18T10:54:07","date_gmt":"2015-09-18T10:54:07","guid":{"rendered":"https:\/\/www.texpol.sk\/eshop\/neza\u0159azen\u00e9\/masazni-podlozka-reno-visco\/"},"modified":"2025-06-11T08:40:36","modified_gmt":"2025-06-11T08:40:36","slug":"masazni-podlozka-reno-visco","status":"publish","type":"product","link":"https:\/\/www.texpol.sk\/cs\/eshop\/matrace-cs\/podle-vyuziti\/vrchni-matrace\/masazni-podlozka-reno-visco\/","title":{"rendered":"Mas\u00e1\u017en\u00ed podlo\u017eka Reno Visco"},"content":{"rendered":"","protected":false},"excerpt":{"rendered":"<h4><\/h4>\n<p><strong>Mas\u00e1\u017en\u00ed podlo\u017eka<\/strong> nab\u00edz\u00ed v\u0161echny v\u00fdhody v\u00fdrobk\u016f z pam\u011b\u0165ov\u00e9 p\u011bny VISCO &#8211; v\u00fdjime\u010dn\u00e9 pohodl\u00ed, zm\u00edr\u0148uje zat\u00ed\u017een\u00ed tlakov\u00fdch bod\u016f, pom\u00e1h\u00e1 uvolnit svaly a zlep\u0161uje komfort sp\u00e1nku.<\/p>\n<h3><\/h3>\n<h4><strong>DOD\u00c1N\u00cd DO 10 PRACOVN\u00cdCH DN\u016e<\/strong><\/h4>\n<p style=\"padding-left: 30px;\">\n","protected":false},"featured_media":22884,"comment_status":"closed","ping_status":"closed","template":"","meta":{"_acf_changed":false,"inline_featured_image":false},"product_cat":[928,908,922],"product_tag":[],"class_list":{"0":"post-26906","1":"product","2":"type-product","3":"status-publish","4":"has-post-thumbnail","6":"product_cat-vrchni-matrace","7":"product_cat-matrace-cs","8":"product_cat-podle-vyuziti","9":"pa_velkost-195x80cm-cs","10":"pa_velkost-195x85cm-cs","11":"pa_velkost-195x90cm-cs","12":"pa_velkost-200x80cm-cs","13":"pa_velkost-200x85cm-cs","14":"pa_velkost-200x90cm-cs","15":"pa_velkost-200x100cm-cs","16":"pa_velkost-200x120cm-cs","17":"pa_velkost-200-x-140-cm","18":"pa_velkost-200x160cm-cs","19":"pa_velkost-200x180cm-cs","20":"pa_velkost-200-x-200-cm","22":"first","23":"onbackorder","24":"taxable","25":"shipping-taxable","26":"product-type-variable","27":"has-default-attributes"},"acf":[],"yoast_head":"<!-- This site is optimized with the Yoast SEO plugin v23.9 - https:\/\/yoast.com\/wordpress\/plugins\/seo\/ -->\n<title>Mas\u00e1\u017en\u00ed podlo\u017eka Reno Visco | texpol.sk<\/title>\n<meta name=\"robots\" content=\"index, follow, max-snippet:-1, max-image-preview:large, max-video-preview:-1\" \/>\n<link rel=\"canonical\" href=\"https:\/\/www.texpol.sk\/cs\/eshop\/matrace-cs\/podle-vyuziti\/vrchni-matrace\/masazni-podlozka-reno-visco\/\" \/>\n<meta property=\"og:locale\" content=\"cs_CZ\" \/>\n<meta property=\"og:type\" content=\"article\" \/>\n<meta property=\"og:title\" content=\"Mas\u00e1\u017en\u00ed podlo\u017eka Reno Visco | texpol.sk\" \/>\n<meta property=\"og:description\" content=\"Mas\u00e1\u017en\u00ed podlo\u017eka nab\u00edz\u00ed v\u0161echny v\u00fdhody v\u00fdrobk\u016f z pam\u011b\u0165ov\u00e9 p\u011bny VISCO - v\u00fdjime\u010dn\u00e9 pohodl\u00ed, zm\u00edr\u0148uje zat\u00ed\u017een\u00ed tlakov\u00fdch bod\u016f, pom\u00e1h\u00e1 uvolnit svaly a zlep\u0161uje komfort sp\u00e1nku.  DOD\u00c1N\u00cd DO 10 PRACOVN\u00cdCH DN\u016e\" \/>\n<meta property=\"og:url\" content=\"https:\/\/www.texpol.sk\/cs\/eshop\/matrace-cs\/podle-vyuziti\/vrchni-matrace\/masazni-podlozka-reno-visco\/\" \/>\n<meta property=\"og:site_name\" content=\"texpol.sk\" \/>\n<meta property=\"article:modified_time\" content=\"2025-06-11T08:40:36+00:00\" \/>\n<meta property=\"og:image\" content=\"http:\/\/www.texpol.sk\/wp-content\/uploads\/2021\/02\/topper-novy-povrch-2.jpg\" \/>\n\t<meta property=\"og:image:width\" content=\"600\" \/>\n\t<meta property=\"og:image:height\" content=\"600\" \/>\n\t<meta property=\"og:image:type\" content=\"image\/jpeg\" \/>\n<meta name=\"twitter:card\" content=\"summary_large_image\" \/>\n<meta name=\"twitter:label1\" content=\"Odhadovan\u00e1 doba \u010dten\u00ed\" \/>\n\t<meta name=\"twitter:data1\" content=\"1 minuta\" \/>\n<script type=\"application\/ld+json\" class=\"yoast-schema-graph\">{\"@context\":\"https:\/\/schema.org\",\"@graph\":[{\"@type\":\"WebPage\",\"@id\":\"https:\/\/www.texpol.sk\/cs\/eshop\/matrace-cs\/podle-vyuziti\/vrchni-matrace\/masazni-podlozka-reno-visco\/\",\"url\":\"https:\/\/www.texpol.sk\/cs\/eshop\/matrace-cs\/podle-vyuziti\/vrchni-matrace\/masazni-podlozka-reno-visco\/\",\"name\":\"Mas\u00e1\u017en\u00ed podlo\u017eka Reno Visco | texpol.sk\",\"isPartOf\":{\"@id\":\"https:\/\/www.texpol.sk\/cs\/#website\"},\"primaryImageOfPage\":{\"@id\":\"https:\/\/www.texpol.sk\/cs\/eshop\/matrace-cs\/podle-vyuziti\/vrchni-matrace\/masazni-podlozka-reno-visco\/#primaryimage\"},\"image\":{\"@id\":\"https:\/\/www.texpol.sk\/cs\/eshop\/matrace-cs\/podle-vyuziti\/vrchni-matrace\/masazni-podlozka-reno-visco\/#primaryimage\"},\"thumbnailUrl\":\"https:\/\/www.texpol.sk\/wp-content\/uploads\/2021\/02\/topper-novy-povrch-2.jpg\",\"datePublished\":\"2015-09-18T10:54:07+00:00\",\"dateModified\":\"2025-06-11T08:40:36+00:00\",\"breadcrumb\":{\"@id\":\"https:\/\/www.texpol.sk\/cs\/eshop\/matrace-cs\/podle-vyuziti\/vrchni-matrace\/masazni-podlozka-reno-visco\/#breadcrumb\"},\"inLanguage\":\"cs\",\"potentialAction\":[{\"@type\":\"ReadAction\",\"target\":[\"https:\/\/www.texpol.sk\/cs\/eshop\/matrace-cs\/podle-vyuziti\/vrchni-matrace\/masazni-podlozka-reno-visco\/\"]}]},{\"@type\":\"ImageObject\",\"inLanguage\":\"cs\",\"@id\":\"https:\/\/www.texpol.sk\/cs\/eshop\/matrace-cs\/podle-vyuziti\/vrchni-matrace\/masazni-podlozka-reno-visco\/#primaryimage\",\"url\":\"https:\/\/www.texpol.sk\/wp-content\/uploads\/2021\/02\/topper-novy-povrch-2.jpg\",\"contentUrl\":\"https:\/\/www.texpol.sk\/wp-content\/uploads\/2021\/02\/topper-novy-povrch-2.jpg\",\"width\":600,\"height\":600,\"caption\":\"topper new surface 2\"},{\"@type\":\"BreadcrumbList\",\"@id\":\"https:\/\/www.texpol.sk\/cs\/eshop\/matrace-cs\/podle-vyuziti\/vrchni-matrace\/masazni-podlozka-reno-visco\/#breadcrumb\",\"itemListElement\":[{\"@type\":\"ListItem\",\"position\":1,\"name\":\"Home\",\"item\":\"https:\/\/www.texpol.sk\/cs\/\"},{\"@type\":\"ListItem\",\"position\":2,\"name\":\"Produkty\",\"item\":\"https:\/\/www.texpol.sk\/cs\/shop\/\"},{\"@type\":\"ListItem\",\"position\":3,\"name\":\"Mas\u00e1\u017en\u00ed podlo\u017eka Reno Visco\"}]},{\"@type\":\"WebSite\",\"@id\":\"https:\/\/www.texpol.sk\/cs\/#website\",\"url\":\"https:\/\/www.texpol.sk\/cs\/\",\"name\":\"texpol.sk\",\"description\":\"\",\"publisher\":{\"@id\":\"https:\/\/www.texpol.sk\/cs\/#organization\"},\"potentialAction\":[{\"@type\":\"SearchAction\",\"target\":{\"@type\":\"EntryPoint\",\"urlTemplate\":\"https:\/\/www.texpol.sk\/cs\/?s={search_term_string}\"},\"query-input\":{\"@type\":\"PropertyValueSpecification\",\"valueRequired\":true,\"valueName\":\"search_term_string\"}}],\"inLanguage\":\"cs\"},{\"@type\":\"Organization\",\"@id\":\"https:\/\/www.texpol.sk\/cs\/#organization\",\"name\":\"texpol.sk\",\"url\":\"https:\/\/www.texpol.sk\/cs\/\",\"logo\":{\"@type\":\"ImageObject\",\"inLanguage\":\"cs\",\"@id\":\"https:\/\/www.texpol.sk\/cs\/#\/schema\/logo\/image\/\",\"url\":\"https:\/\/www.texpol.sk\/wp-content\/uploads\/2022\/12\/texpol-logo-navbar.png\",\"contentUrl\":\"https:\/\/www.texpol.sk\/wp-content\/uploads\/2022\/12\/texpol-logo-navbar.png\",\"width\":151,\"height\":57,\"caption\":\"texpol.sk\"},\"image\":{\"@id\":\"https:\/\/www.texpol.sk\/cs\/#\/schema\/logo\/image\/\"}}]}<\/script>\n<!-- \/ Yoast SEO plugin. -->","yoast_head_json":{"title":"Mas\u00e1\u017en\u00ed podlo\u017eka Reno Visco | texpol.sk","robots":{"index":"index","follow":"follow","max-snippet":"max-snippet:-1","max-image-preview":"max-image-preview:large","max-video-preview":"max-video-preview:-1"},"canonical":"https:\/\/www.texpol.sk\/cs\/eshop\/matrace-cs\/podle-vyuziti\/vrchni-matrace\/masazni-podlozka-reno-visco\/","og_locale":"cs_CZ","og_type":"article","og_title":"Mas\u00e1\u017en\u00ed podlo\u017eka Reno Visco | texpol.sk","og_description":"Mas\u00e1\u017en\u00ed podlo\u017eka nab\u00edz\u00ed v\u0161echny v\u00fdhody v\u00fdrobk\u016f z pam\u011b\u0165ov\u00e9 p\u011bny VISCO - v\u00fdjime\u010dn\u00e9 pohodl\u00ed, zm\u00edr\u0148uje zat\u00ed\u017een\u00ed tlakov\u00fdch bod\u016f, pom\u00e1h\u00e1 uvolnit svaly a zlep\u0161uje komfort sp\u00e1nku.  DOD\u00c1N\u00cd DO 10 PRACOVN\u00cdCH DN\u016e","og_url":"https:\/\/www.texpol.sk\/cs\/eshop\/matrace-cs\/podle-vyuziti\/vrchni-matrace\/masazni-podlozka-reno-visco\/","og_site_name":"texpol.sk","article_modified_time":"2025-06-11T08:40:36+00:00","og_image":[{"width":600,"height":600,"url":"http:\/\/www.texpol.sk\/wp-content\/uploads\/2021\/02\/topper-novy-povrch-2.jpg","type":"image\/jpeg"}],"twitter_card":"summary_large_image","twitter_misc":{"Odhadovan\u00e1 doba \u010dten\u00ed":"1 minuta"},"schema":{"@context":"https:\/\/schema.org","@graph":[{"@type":"WebPage","@id":"https:\/\/www.texpol.sk\/cs\/eshop\/matrace-cs\/podle-vyuziti\/vrchni-matrace\/masazni-podlozka-reno-visco\/","url":"https:\/\/www.texpol.sk\/cs\/eshop\/matrace-cs\/podle-vyuziti\/vrchni-matrace\/masazni-podlozka-reno-visco\/","name":"Mas\u00e1\u017en\u00ed podlo\u017eka Reno Visco | texpol.sk","isPartOf":{"@id":"https:\/\/www.texpol.sk\/cs\/#website"},"primaryImageOfPage":{"@id":"https:\/\/www.texpol.sk\/cs\/eshop\/matrace-cs\/podle-vyuziti\/vrchni-matrace\/masazni-podlozka-reno-visco\/#primaryimage"},"image":{"@id":"https:\/\/www.texpol.sk\/cs\/eshop\/matrace-cs\/podle-vyuziti\/vrchni-matrace\/masazni-podlozka-reno-visco\/#primaryimage"},"thumbnailUrl":"https:\/\/www.texpol.sk\/wp-content\/uploads\/2021\/02\/topper-novy-povrch-2.jpg","datePublished":"2015-09-18T10:54:07+00:00","dateModified":"2025-06-11T08:40:36+00:00","breadcrumb":{"@id":"https:\/\/www.texpol.sk\/cs\/eshop\/matrace-cs\/podle-vyuziti\/vrchni-matrace\/masazni-podlozka-reno-visco\/#breadcrumb"},"inLanguage":"cs","potentialAction":[{"@type":"ReadAction","target":["https:\/\/www.texpol.sk\/cs\/eshop\/matrace-cs\/podle-vyuziti\/vrchni-matrace\/masazni-podlozka-reno-visco\/"]}]},{"@type":"ImageObject","inLanguage":"cs","@id":"https:\/\/www.texpol.sk\/cs\/eshop\/matrace-cs\/podle-vyuziti\/vrchni-matrace\/masazni-podlozka-reno-visco\/#primaryimage","url":"https:\/\/www.texpol.sk\/wp-content\/uploads\/2021\/02\/topper-novy-povrch-2.jpg","contentUrl":"https:\/\/www.texpol.sk\/wp-content\/uploads\/2021\/02\/topper-novy-povrch-2.jpg","width":600,"height":600,"caption":"topper new surface 2"},{"@type":"BreadcrumbList","@id":"https:\/\/www.texpol.sk\/cs\/eshop\/matrace-cs\/podle-vyuziti\/vrchni-matrace\/masazni-podlozka-reno-visco\/#breadcrumb","itemListElement":[{"@type":"ListItem","position":1,"name":"Home","item":"https:\/\/www.texpol.sk\/cs\/"},{"@type":"ListItem","position":2,"name":"Produkty","item":"https:\/\/www.texpol.sk\/cs\/shop\/"},{"@type":"ListItem","position":3,"name":"Mas\u00e1\u017en\u00ed podlo\u017eka Reno Visco"}]},{"@type":"WebSite","@id":"https:\/\/www.texpol.sk\/cs\/#website","url":"https:\/\/www.texpol.sk\/cs\/","name":"texpol.sk","description":"","publisher":{"@id":"https:\/\/www.texpol.sk\/cs\/#organization"},"potentialAction":[{"@type":"SearchAction","target":{"@type":"EntryPoint","urlTemplate":"https:\/\/www.texpol.sk\/cs\/?s={search_term_string}"},"query-input":{"@type":"PropertyValueSpecification","valueRequired":true,"valueName":"search_term_string"}}],"inLanguage":"cs"},{"@type":"Organization","@id":"https:\/\/www.texpol.sk\/cs\/#organization","name":"texpol.sk","url":"https:\/\/www.texpol.sk\/cs\/","logo":{"@type":"ImageObject","inLanguage":"cs","@id":"https:\/\/www.texpol.sk\/cs\/#\/schema\/logo\/image\/","url":"https:\/\/www.texpol.sk\/wp-content\/uploads\/2022\/12\/texpol-logo-navbar.png","contentUrl":"https:\/\/www.texpol.sk\/wp-content\/uploads\/2022\/12\/texpol-logo-navbar.png","width":151,"height":57,"caption":"texpol.sk"},"image":{"@id":"https:\/\/www.texpol.sk\/cs\/#\/schema\/logo\/image\/"}}]}},"_links":{"self":[{"href":"https:\/\/www.texpol.sk\/cs\/wp-json\/wp\/v2\/product\/26906","targetHints":{"allow":["GET"]}}],"collection":[{"href":"https:\/\/www.texpol.sk\/cs\/wp-json\/wp\/v2\/product"}],"about":[{"href":"https:\/\/www.texpol.sk\/cs\/wp-json\/wp\/v2\/types\/product"}],"replies":[{"embeddable":true,"href":"https:\/\/www.texpol.sk\/cs\/wp-json\/wp\/v2\/comments?post=26906"}],"wp:featuredmedia":[{"embeddable":true,"href":"https:\/\/www.texpol.sk\/cs\/wp-json\/wp\/v2\/media\/22884"}],"wp:attachment":[{"href":"https:\/\/www.texpol.sk\/cs\/wp-json\/wp\/v2\/media?parent=26906"}],"wp:term":[{"taxonomy":"product_cat","embeddable":true,"href":"https:\/\/www.texpol.sk\/cs\/wp-json\/wp\/v2\/product_cat?post=26906"},{"taxonomy":"product_tag","embeddable":true,"href":"https:\/\/www.texpol.sk\/cs\/wp-json\/wp\/v2\/product_tag?post=26906"}],"curies":[{"name":"wp","href":"https:\/\/api.w.org\/{rel}","templated":true}]}}