{"id":27250,"date":"2015-11-07T10:38:09","date_gmt":"2015-11-07T10:38:09","guid":{"rendered":"https:\/\/www.texpol.sk\/eshop\/neza\u0159azen\u00e9\/jednoluzko-nela\/"},"modified":"2025-06-03T12:23:54","modified_gmt":"2025-06-03T12:23:54","slug":"jednoluzkova-postel-nela","status":"publish","type":"product","link":"https:\/\/www.texpol.sk\/cs\/eshop\/loznice\/jednoluzkove-postele\/jednoluzkova-postel-nela\/","title":{"rendered":"Jednol\u016f\u017ekov\u00e1 postel Nela"},"content":{"rendered":"","protected":false},"excerpt":{"rendered":"<h4><\/h4>\n<p><strong>Masivn\u00ed jednol\u016f\u017eko NELA <\/strong>je v jednoduch\u00e9m designu.<\/p>\n<p>N\u00e1bytek do lo\u017enice TEXPOL v\u00e1m nab\u00edz\u00ed vysoce kvalitn\u00ed materi\u00e1ly a jedine\u010dn\u00fd vzhled masivn\u00edho dubov\u00e9ho a bukov\u00e9ho d\u0159eva.<\/p>\n<h3><\/h3>\n<h4><strong>DOD\u00c1N\u00cd DO 3 &#8211; 5 T\u00ddDN\u016e<\/strong><\/h4>\n","protected":false},"featured_media":22832,"comment_status":"closed","ping_status":"closed","template":"","meta":{"_acf_changed":false,"inline_featured_image":false},"product_cat":[941,942],"product_tag":[],"class_list":{"0":"post-27250","1":"product","2":"type-product","3":"status-publish","4":"has-post-thumbnail","6":"product_cat-loznice","7":"product_cat-jednoluzkove-postele","8":"pa_velkost-200x90cm-cs","9":"pa_velkost-200x100cm-cs","10":"pa_velkost-200x120cm-cs","12":"first","13":"instock","14":"sale","15":"taxable","16":"shipping-taxable","17":"product-type-variable","18":"has-default-attributes"},"acf":[],"yoast_head":"<!-- This site is optimized with the Yoast SEO plugin v23.9 - https:\/\/yoast.com\/wordpress\/plugins\/seo\/ -->\n<title>Jednol\u016f\u017ekov\u00e1 postel Nela | texpol.sk<\/title>\n<meta name=\"robots\" content=\"index, follow, max-snippet:-1, max-image-preview:large, max-video-preview:-1\" \/>\n<link rel=\"canonical\" href=\"https:\/\/www.texpol.sk\/cs\/eshop\/loznice\/jednoluzkove-postele\/jednoluzkova-postel-nela\/\" \/>\n<meta property=\"og:locale\" content=\"cs_CZ\" \/>\n<meta property=\"og:type\" content=\"article\" \/>\n<meta property=\"og:title\" content=\"Jednol\u016f\u017ekov\u00e1 postel Nela | texpol.sk\" \/>\n<meta property=\"og:description\" content=\"Masivn\u00ed jednol\u016f\u017eko NELA je v jednoduch\u00e9m designu.  N\u00e1bytek do lo\u017enice TEXPOL v\u00e1m nab\u00edz\u00ed vysoce kvalitn\u00ed materi\u00e1ly a jedine\u010dn\u00fd vzhled masivn\u00edho dubov\u00e9ho a bukov\u00e9ho d\u0159eva.  DOD\u00c1N\u00cd DO 3 - 5 T\u00ddDN\u016e\" \/>\n<meta property=\"og:url\" content=\"https:\/\/www.texpol.sk\/cs\/eshop\/loznice\/jednoluzkove-postele\/jednoluzkova-postel-nela\/\" \/>\n<meta property=\"og:site_name\" content=\"texpol.sk\" \/>\n<meta property=\"article:modified_time\" content=\"2025-06-03T12:23:54+00:00\" \/>\n<meta property=\"og:image\" content=\"http:\/\/www.texpol.sk\/wp-content\/uploads\/2015\/11\/Nela-jednol.p-nove-2.jpg\" \/>\n\t<meta property=\"og:image:width\" content=\"600\" \/>\n\t<meta property=\"og:image:height\" content=\"600\" \/>\n\t<meta property=\"og:image:type\" content=\"image\/jpeg\" \/>\n<meta name=\"twitter:card\" content=\"summary_large_image\" \/>\n<meta name=\"twitter:label1\" content=\"Odhadovan\u00e1 doba \u010dten\u00ed\" \/>\n\t<meta name=\"twitter:data1\" content=\"1 minuta\" \/>\n<script type=\"application\/ld+json\" class=\"yoast-schema-graph\">{\"@context\":\"https:\/\/schema.org\",\"@graph\":[{\"@type\":\"WebPage\",\"@id\":\"https:\/\/www.texpol.sk\/cs\/eshop\/loznice\/jednoluzkove-postele\/jednoluzkova-postel-nela\/\",\"url\":\"https:\/\/www.texpol.sk\/cs\/eshop\/loznice\/jednoluzkove-postele\/jednoluzkova-postel-nela\/\",\"name\":\"Jednol\u016f\u017ekov\u00e1 postel Nela | texpol.sk\",\"isPartOf\":{\"@id\":\"https:\/\/www.texpol.sk\/cs\/#website\"},\"primaryImageOfPage\":{\"@id\":\"https:\/\/www.texpol.sk\/cs\/eshop\/loznice\/jednoluzkove-postele\/jednoluzkova-postel-nela\/#primaryimage\"},\"image\":{\"@id\":\"https:\/\/www.texpol.sk\/cs\/eshop\/loznice\/jednoluzkove-postele\/jednoluzkova-postel-nela\/#primaryimage\"},\"thumbnailUrl\":\"https:\/\/www.texpol.sk\/wp-content\/uploads\/2015\/11\/Nela-jednol.p-nove-2.jpg\",\"datePublished\":\"2015-11-07T10:38:09+00:00\",\"dateModified\":\"2025-06-03T12:23:54+00:00\",\"breadcrumb\":{\"@id\":\"https:\/\/www.texpol.sk\/cs\/eshop\/loznice\/jednoluzkove-postele\/jednoluzkova-postel-nela\/#breadcrumb\"},\"inLanguage\":\"cs\",\"potentialAction\":[{\"@type\":\"ReadAction\",\"target\":[\"https:\/\/www.texpol.sk\/cs\/eshop\/loznice\/jednoluzkove-postele\/jednoluzkova-postel-nela\/\"]}]},{\"@type\":\"ImageObject\",\"inLanguage\":\"cs\",\"@id\":\"https:\/\/www.texpol.sk\/cs\/eshop\/loznice\/jednoluzkove-postele\/jednoluzkova-postel-nela\/#primaryimage\",\"url\":\"https:\/\/www.texpol.sk\/wp-content\/uploads\/2015\/11\/Nela-jednol.p-nove-2.jpg\",\"contentUrl\":\"https:\/\/www.texpol.sk\/wp-content\/uploads\/2015\/11\/Nela-jednol.p-nove-2.jpg\",\"width\":600,\"height\":600,\"caption\":\"Nela single p - nov\u00e1\"},{\"@type\":\"BreadcrumbList\",\"@id\":\"https:\/\/www.texpol.sk\/cs\/eshop\/loznice\/jednoluzkove-postele\/jednoluzkova-postel-nela\/#breadcrumb\",\"itemListElement\":[{\"@type\":\"ListItem\",\"position\":1,\"name\":\"Home\",\"item\":\"https:\/\/www.texpol.sk\/cs\/\"},{\"@type\":\"ListItem\",\"position\":2,\"name\":\"Produkty\",\"item\":\"https:\/\/www.texpol.sk\/cs\/shop\/\"},{\"@type\":\"ListItem\",\"position\":3,\"name\":\"Jednol\u016f\u017ekov\u00e1 postel Nela\"}]},{\"@type\":\"WebSite\",\"@id\":\"https:\/\/www.texpol.sk\/cs\/#website\",\"url\":\"https:\/\/www.texpol.sk\/cs\/\",\"name\":\"texpol.sk\",\"description\":\"\",\"publisher\":{\"@id\":\"https:\/\/www.texpol.sk\/cs\/#organization\"},\"potentialAction\":[{\"@type\":\"SearchAction\",\"target\":{\"@type\":\"EntryPoint\",\"urlTemplate\":\"https:\/\/www.texpol.sk\/cs\/?s={search_term_string}\"},\"query-input\":{\"@type\":\"PropertyValueSpecification\",\"valueRequired\":true,\"valueName\":\"search_term_string\"}}],\"inLanguage\":\"cs\"},{\"@type\":\"Organization\",\"@id\":\"https:\/\/www.texpol.sk\/cs\/#organization\",\"name\":\"texpol.sk\",\"url\":\"https:\/\/www.texpol.sk\/cs\/\",\"logo\":{\"@type\":\"ImageObject\",\"inLanguage\":\"cs\",\"@id\":\"https:\/\/www.texpol.sk\/cs\/#\/schema\/logo\/image\/\",\"url\":\"https:\/\/www.texpol.sk\/wp-content\/uploads\/2022\/12\/texpol-logo-navbar.png\",\"contentUrl\":\"https:\/\/www.texpol.sk\/wp-content\/uploads\/2022\/12\/texpol-logo-navbar.png\",\"width\":151,\"height\":57,\"caption\":\"texpol.sk\"},\"image\":{\"@id\":\"https:\/\/www.texpol.sk\/cs\/#\/schema\/logo\/image\/\"}}]}<\/script>\n<!-- \/ Yoast SEO plugin. -->","yoast_head_json":{"title":"Jednol\u016f\u017ekov\u00e1 postel Nela | texpol.sk","robots":{"index":"index","follow":"follow","max-snippet":"max-snippet:-1","max-image-preview":"max-image-preview:large","max-video-preview":"max-video-preview:-1"},"canonical":"https:\/\/www.texpol.sk\/cs\/eshop\/loznice\/jednoluzkove-postele\/jednoluzkova-postel-nela\/","og_locale":"cs_CZ","og_type":"article","og_title":"Jednol\u016f\u017ekov\u00e1 postel Nela | texpol.sk","og_description":"Masivn\u00ed jednol\u016f\u017eko NELA je v jednoduch\u00e9m designu.  N\u00e1bytek do lo\u017enice TEXPOL v\u00e1m nab\u00edz\u00ed vysoce kvalitn\u00ed materi\u00e1ly a jedine\u010dn\u00fd vzhled masivn\u00edho dubov\u00e9ho a bukov\u00e9ho d\u0159eva.  DOD\u00c1N\u00cd DO 3 - 5 T\u00ddDN\u016e","og_url":"https:\/\/www.texpol.sk\/cs\/eshop\/loznice\/jednoluzkove-postele\/jednoluzkova-postel-nela\/","og_site_name":"texpol.sk","article_modified_time":"2025-06-03T12:23:54+00:00","og_image":[{"width":600,"height":600,"url":"http:\/\/www.texpol.sk\/wp-content\/uploads\/2015\/11\/Nela-jednol.p-nove-2.jpg","type":"image\/jpeg"}],"twitter_card":"summary_large_image","twitter_misc":{"Odhadovan\u00e1 doba \u010dten\u00ed":"1 minuta"},"schema":{"@context":"https:\/\/schema.org","@graph":[{"@type":"WebPage","@id":"https:\/\/www.texpol.sk\/cs\/eshop\/loznice\/jednoluzkove-postele\/jednoluzkova-postel-nela\/","url":"https:\/\/www.texpol.sk\/cs\/eshop\/loznice\/jednoluzkove-postele\/jednoluzkova-postel-nela\/","name":"Jednol\u016f\u017ekov\u00e1 postel Nela | texpol.sk","isPartOf":{"@id":"https:\/\/www.texpol.sk\/cs\/#website"},"primaryImageOfPage":{"@id":"https:\/\/www.texpol.sk\/cs\/eshop\/loznice\/jednoluzkove-postele\/jednoluzkova-postel-nela\/#primaryimage"},"image":{"@id":"https:\/\/www.texpol.sk\/cs\/eshop\/loznice\/jednoluzkove-postele\/jednoluzkova-postel-nela\/#primaryimage"},"thumbnailUrl":"https:\/\/www.texpol.sk\/wp-content\/uploads\/2015\/11\/Nela-jednol.p-nove-2.jpg","datePublished":"2015-11-07T10:38:09+00:00","dateModified":"2025-06-03T12:23:54+00:00","breadcrumb":{"@id":"https:\/\/www.texpol.sk\/cs\/eshop\/loznice\/jednoluzkove-postele\/jednoluzkova-postel-nela\/#breadcrumb"},"inLanguage":"cs","potentialAction":[{"@type":"ReadAction","target":["https:\/\/www.texpol.sk\/cs\/eshop\/loznice\/jednoluzkove-postele\/jednoluzkova-postel-nela\/"]}]},{"@type":"ImageObject","inLanguage":"cs","@id":"https:\/\/www.texpol.sk\/cs\/eshop\/loznice\/jednoluzkove-postele\/jednoluzkova-postel-nela\/#primaryimage","url":"https:\/\/www.texpol.sk\/wp-content\/uploads\/2015\/11\/Nela-jednol.p-nove-2.jpg","contentUrl":"https:\/\/www.texpol.sk\/wp-content\/uploads\/2015\/11\/Nela-jednol.p-nove-2.jpg","width":600,"height":600,"caption":"Nela single p - nov\u00e1"},{"@type":"BreadcrumbList","@id":"https:\/\/www.texpol.sk\/cs\/eshop\/loznice\/jednoluzkove-postele\/jednoluzkova-postel-nela\/#breadcrumb","itemListElement":[{"@type":"ListItem","position":1,"name":"Home","item":"https:\/\/www.texpol.sk\/cs\/"},{"@type":"ListItem","position":2,"name":"Produkty","item":"https:\/\/www.texpol.sk\/cs\/shop\/"},{"@type":"ListItem","position":3,"name":"Jednol\u016f\u017ekov\u00e1 postel Nela"}]},{"@type":"WebSite","@id":"https:\/\/www.texpol.sk\/cs\/#website","url":"https:\/\/www.texpol.sk\/cs\/","name":"texpol.sk","description":"","publisher":{"@id":"https:\/\/www.texpol.sk\/cs\/#organization"},"potentialAction":[{"@type":"SearchAction","target":{"@type":"EntryPoint","urlTemplate":"https:\/\/www.texpol.sk\/cs\/?s={search_term_string}"},"query-input":{"@type":"PropertyValueSpecification","valueRequired":true,"valueName":"search_term_string"}}],"inLanguage":"cs"},{"@type":"Organization","@id":"https:\/\/www.texpol.sk\/cs\/#organization","name":"texpol.sk","url":"https:\/\/www.texpol.sk\/cs\/","logo":{"@type":"ImageObject","inLanguage":"cs","@id":"https:\/\/www.texpol.sk\/cs\/#\/schema\/logo\/image\/","url":"https:\/\/www.texpol.sk\/wp-content\/uploads\/2022\/12\/texpol-logo-navbar.png","contentUrl":"https:\/\/www.texpol.sk\/wp-content\/uploads\/2022\/12\/texpol-logo-navbar.png","width":151,"height":57,"caption":"texpol.sk"},"image":{"@id":"https:\/\/www.texpol.sk\/cs\/#\/schema\/logo\/image\/"}}]}},"_links":{"self":[{"href":"https:\/\/www.texpol.sk\/cs\/wp-json\/wp\/v2\/product\/27250","targetHints":{"allow":["GET"]}}],"collection":[{"href":"https:\/\/www.texpol.sk\/cs\/wp-json\/wp\/v2\/product"}],"about":[{"href":"https:\/\/www.texpol.sk\/cs\/wp-json\/wp\/v2\/types\/product"}],"replies":[{"embeddable":true,"href":"https:\/\/www.texpol.sk\/cs\/wp-json\/wp\/v2\/comments?post=27250"}],"wp:featuredmedia":[{"embeddable":true,"href":"https:\/\/www.texpol.sk\/cs\/wp-json\/wp\/v2\/media\/22832"}],"wp:attachment":[{"href":"https:\/\/www.texpol.sk\/cs\/wp-json\/wp\/v2\/media?parent=27250"}],"wp:term":[{"taxonomy":"product_cat","embeddable":true,"href":"https:\/\/www.texpol.sk\/cs\/wp-json\/wp\/v2\/product_cat?post=27250"},{"taxonomy":"product_tag","embeddable":true,"href":"https:\/\/www.texpol.sk\/cs\/wp-json\/wp\/v2\/product_tag?post=27250"}],"curies":[{"name":"wp","href":"https:\/\/api.w.org\/{rel}","templated":true}]}}