{"id":27273,"date":"2016-07-11T11:03:56","date_gmt":"2016-07-11T11:03:56","guid":{"rendered":"https:\/\/www.texpol.sk\/eshop\/neza\u0159azen\u00e9\/skrin-p4-dddd\/"},"modified":"2025-06-06T12:46:23","modified_gmt":"2025-06-06T12:46:23","slug":"skrin-p4-dddd","status":"publish","type":"product","link":"https:\/\/www.texpol.sk\/cs\/eshop\/loznice\/skrine-cs\/skrin-p4-dddd\/","title":{"rendered":"Sk\u0159\u00ed\u0148 P4 DDDD"},"content":{"rendered":"","protected":false},"excerpt":{"rendered":"<h4 id=\"tw-target-text\" class=\"tw-data-text vk_txt tw-ta tw-text-small\" dir=\"ltr\"><span lang=\"sk\" xml:lang=\"sk\"><strong>Praktick\u00e1 \u0161atn\u00ed sk\u0159\u00ed\u0148 z masivu Petra &#8211; P4DDDD<\/strong><\/span><\/h4>\n<h4><\/h4>\n<p class=\"tw-data-text vk_txt tw-ta tw-text-small\" dir=\"ltr\"><span lang=\"sk\" xml:lang=\"sk\"><strong>Sk\u0159\u00edn\u011b<\/strong> lze dodat jako solit\u00e9ry nebo jako sestavy. Jejich vnit\u0159n\u00ed uspo\u0159\u00e1d\u00e1n\u00ed lze p\u0159izp\u016fsobit p\u0159\u00e1n\u00ed z\u00e1kazn\u00edka. Pro korpusy sk\u0159\u00edn\u00ed se pou\u017e\u00edvaj\u00ed masivn\u00ed lamely. <\/span><\/p>\n<h3 class=\"tw-data-text vk_txt tw-ta tw-text-small\" dir=\"ltr\"><\/h3>\n<h4><strong>DOD\u00c1N\u00cd DO 3 &#8211; 5 T\u00ddDN\u016e<\/strong><\/h4>\n","protected":false},"featured_media":22747,"comment_status":"closed","ping_status":"closed","template":"","meta":{"_acf_changed":false,"inline_featured_image":false},"product_cat":[941,946],"product_tag":[824,1139,1140,1141,1146,1164,1165,1166],"class_list":{"0":"post-27273","1":"product","2":"type-product","3":"status-publish","4":"has-post-thumbnail","6":"product_cat-loznice","7":"product_cat-skrine-cs","8":"product_tag-masiv-cs","9":"product_tag-buk-cs","10":"product_tag-dub-cs","11":"product_tag-nabytek","12":"product_tag-petra-cs","13":"product_tag-skrin","14":"product_tag-ulozny-prostor","15":"product_tag-ctyrdverovy","17":"first","18":"onbackorder","19":"taxable","20":"shipping-taxable","21":"product-type-variable"},"acf":[],"yoast_head":"<!-- This site is optimized with the Yoast SEO plugin v23.9 - https:\/\/yoast.com\/wordpress\/plugins\/seo\/ -->\n<title>Sk\u0159\u00ed\u0148 P4 DDDD | texpol.sk<\/title>\n<meta name=\"robots\" content=\"index, follow, max-snippet:-1, max-image-preview:large, max-video-preview:-1\" \/>\n<link rel=\"canonical\" href=\"https:\/\/www.texpol.sk\/cs\/eshop\/loznice\/skrine-cs\/skrin-p4-dddd\/\" \/>\n<meta property=\"og:locale\" content=\"cs_CZ\" \/>\n<meta property=\"og:type\" content=\"article\" \/>\n<meta property=\"og:title\" content=\"Sk\u0159\u00ed\u0148 P4 DDDD | texpol.sk\" \/>\n<meta property=\"og:description\" content=\"Praktick\u00e1 \u0161atn\u00ed sk\u0159\u00ed\u0148 z masivu Petra - P4DDDD  Sk\u0159\u00edn\u011b lze dodat jako solit\u00e9ry nebo jako sestavy. Jejich vnit\u0159n\u00ed uspo\u0159\u00e1d\u00e1n\u00ed lze p\u0159izp\u016fsobit p\u0159\u00e1n\u00ed z\u00e1kazn\u00edka. Pro korpusy sk\u0159\u00edn\u00ed se pou\u017e\u00edvaj\u00ed masivn\u00ed lamely.    DOD\u00c1N\u00cd DO 3 - 5 T\u00ddDN\u016e\" \/>\n<meta property=\"og:url\" content=\"https:\/\/www.texpol.sk\/cs\/eshop\/loznice\/skrine-cs\/skrin-p4-dddd\/\" \/>\n<meta property=\"og:site_name\" content=\"texpol.sk\" \/>\n<meta property=\"article:modified_time\" content=\"2025-06-06T12:46:23+00:00\" \/>\n<meta property=\"og:image\" content=\"http:\/\/www.texpol.sk\/wp-content\/uploads\/2016\/07\/p4ddd-jpg-1.jpg\" \/>\n\t<meta property=\"og:image:width\" content=\"768\" \/>\n\t<meta property=\"og:image:height\" content=\"768\" \/>\n\t<meta property=\"og:image:type\" content=\"image\/jpeg\" \/>\n<meta name=\"twitter:card\" content=\"summary_large_image\" \/>\n<meta name=\"twitter:label1\" content=\"Odhadovan\u00e1 doba \u010dten\u00ed\" \/>\n\t<meta name=\"twitter:data1\" content=\"1 minuta\" \/>\n<script type=\"application\/ld+json\" class=\"yoast-schema-graph\">{\"@context\":\"https:\/\/schema.org\",\"@graph\":[{\"@type\":\"WebPage\",\"@id\":\"https:\/\/www.texpol.sk\/cs\/eshop\/loznice\/skrine-cs\/skrin-p4-dddd\/\",\"url\":\"https:\/\/www.texpol.sk\/cs\/eshop\/loznice\/skrine-cs\/skrin-p4-dddd\/\",\"name\":\"Sk\u0159\u00ed\u0148 P4 DDDD | texpol.sk\",\"isPartOf\":{\"@id\":\"https:\/\/www.texpol.sk\/cs\/#website\"},\"primaryImageOfPage\":{\"@id\":\"https:\/\/www.texpol.sk\/cs\/eshop\/loznice\/skrine-cs\/skrin-p4-dddd\/#primaryimage\"},\"image\":{\"@id\":\"https:\/\/www.texpol.sk\/cs\/eshop\/loznice\/skrine-cs\/skrin-p4-dddd\/#primaryimage\"},\"thumbnailUrl\":\"https:\/\/www.texpol.sk\/wp-content\/uploads\/2016\/07\/p4ddd-jpg-1.jpg\",\"datePublished\":\"2016-07-11T11:03:56+00:00\",\"dateModified\":\"2025-06-06T12:46:23+00:00\",\"breadcrumb\":{\"@id\":\"https:\/\/www.texpol.sk\/cs\/eshop\/loznice\/skrine-cs\/skrin-p4-dddd\/#breadcrumb\"},\"inLanguage\":\"cs\",\"potentialAction\":[{\"@type\":\"ReadAction\",\"target\":[\"https:\/\/www.texpol.sk\/cs\/eshop\/loznice\/skrine-cs\/skrin-p4-dddd\/\"]}]},{\"@type\":\"ImageObject\",\"inLanguage\":\"cs\",\"@id\":\"https:\/\/www.texpol.sk\/cs\/eshop\/loznice\/skrine-cs\/skrin-p4-dddd\/#primaryimage\",\"url\":\"https:\/\/www.texpol.sk\/wp-content\/uploads\/2016\/07\/p4ddd-jpg-1.jpg\",\"contentUrl\":\"https:\/\/www.texpol.sk\/wp-content\/uploads\/2016\/07\/p4ddd-jpg-1.jpg\",\"width\":768,\"height\":768,\"caption\":\"P4 DDD\"},{\"@type\":\"BreadcrumbList\",\"@id\":\"https:\/\/www.texpol.sk\/cs\/eshop\/loznice\/skrine-cs\/skrin-p4-dddd\/#breadcrumb\",\"itemListElement\":[{\"@type\":\"ListItem\",\"position\":1,\"name\":\"Home\",\"item\":\"https:\/\/www.texpol.sk\/cs\/\"},{\"@type\":\"ListItem\",\"position\":2,\"name\":\"Produkty\",\"item\":\"https:\/\/www.texpol.sk\/cs\/shop\/\"},{\"@type\":\"ListItem\",\"position\":3,\"name\":\"Sk\u0159\u00ed\u0148 P4 DDDD\"}]},{\"@type\":\"WebSite\",\"@id\":\"https:\/\/www.texpol.sk\/cs\/#website\",\"url\":\"https:\/\/www.texpol.sk\/cs\/\",\"name\":\"texpol.sk\",\"description\":\"\",\"publisher\":{\"@id\":\"https:\/\/www.texpol.sk\/cs\/#organization\"},\"potentialAction\":[{\"@type\":\"SearchAction\",\"target\":{\"@type\":\"EntryPoint\",\"urlTemplate\":\"https:\/\/www.texpol.sk\/cs\/?s={search_term_string}\"},\"query-input\":{\"@type\":\"PropertyValueSpecification\",\"valueRequired\":true,\"valueName\":\"search_term_string\"}}],\"inLanguage\":\"cs\"},{\"@type\":\"Organization\",\"@id\":\"https:\/\/www.texpol.sk\/cs\/#organization\",\"name\":\"texpol.sk\",\"url\":\"https:\/\/www.texpol.sk\/cs\/\",\"logo\":{\"@type\":\"ImageObject\",\"inLanguage\":\"cs\",\"@id\":\"https:\/\/www.texpol.sk\/cs\/#\/schema\/logo\/image\/\",\"url\":\"https:\/\/www.texpol.sk\/wp-content\/uploads\/2022\/12\/texpol-logo-navbar.png\",\"contentUrl\":\"https:\/\/www.texpol.sk\/wp-content\/uploads\/2022\/12\/texpol-logo-navbar.png\",\"width\":151,\"height\":57,\"caption\":\"texpol.sk\"},\"image\":{\"@id\":\"https:\/\/www.texpol.sk\/cs\/#\/schema\/logo\/image\/\"}}]}<\/script>\n<!-- \/ Yoast SEO plugin. -->","yoast_head_json":{"title":"Sk\u0159\u00ed\u0148 P4 DDDD | texpol.sk","robots":{"index":"index","follow":"follow","max-snippet":"max-snippet:-1","max-image-preview":"max-image-preview:large","max-video-preview":"max-video-preview:-1"},"canonical":"https:\/\/www.texpol.sk\/cs\/eshop\/loznice\/skrine-cs\/skrin-p4-dddd\/","og_locale":"cs_CZ","og_type":"article","og_title":"Sk\u0159\u00ed\u0148 P4 DDDD | texpol.sk","og_description":"Praktick\u00e1 \u0161atn\u00ed sk\u0159\u00ed\u0148 z masivu Petra - P4DDDD  Sk\u0159\u00edn\u011b lze dodat jako solit\u00e9ry nebo jako sestavy. Jejich vnit\u0159n\u00ed uspo\u0159\u00e1d\u00e1n\u00ed lze p\u0159izp\u016fsobit p\u0159\u00e1n\u00ed z\u00e1kazn\u00edka. Pro korpusy sk\u0159\u00edn\u00ed se pou\u017e\u00edvaj\u00ed masivn\u00ed lamely.    DOD\u00c1N\u00cd DO 3 - 5 T\u00ddDN\u016e","og_url":"https:\/\/www.texpol.sk\/cs\/eshop\/loznice\/skrine-cs\/skrin-p4-dddd\/","og_site_name":"texpol.sk","article_modified_time":"2025-06-06T12:46:23+00:00","og_image":[{"width":768,"height":768,"url":"http:\/\/www.texpol.sk\/wp-content\/uploads\/2016\/07\/p4ddd-jpg-1.jpg","type":"image\/jpeg"}],"twitter_card":"summary_large_image","twitter_misc":{"Odhadovan\u00e1 doba \u010dten\u00ed":"1 minuta"},"schema":{"@context":"https:\/\/schema.org","@graph":[{"@type":"WebPage","@id":"https:\/\/www.texpol.sk\/cs\/eshop\/loznice\/skrine-cs\/skrin-p4-dddd\/","url":"https:\/\/www.texpol.sk\/cs\/eshop\/loznice\/skrine-cs\/skrin-p4-dddd\/","name":"Sk\u0159\u00ed\u0148 P4 DDDD | texpol.sk","isPartOf":{"@id":"https:\/\/www.texpol.sk\/cs\/#website"},"primaryImageOfPage":{"@id":"https:\/\/www.texpol.sk\/cs\/eshop\/loznice\/skrine-cs\/skrin-p4-dddd\/#primaryimage"},"image":{"@id":"https:\/\/www.texpol.sk\/cs\/eshop\/loznice\/skrine-cs\/skrin-p4-dddd\/#primaryimage"},"thumbnailUrl":"https:\/\/www.texpol.sk\/wp-content\/uploads\/2016\/07\/p4ddd-jpg-1.jpg","datePublished":"2016-07-11T11:03:56+00:00","dateModified":"2025-06-06T12:46:23+00:00","breadcrumb":{"@id":"https:\/\/www.texpol.sk\/cs\/eshop\/loznice\/skrine-cs\/skrin-p4-dddd\/#breadcrumb"},"inLanguage":"cs","potentialAction":[{"@type":"ReadAction","target":["https:\/\/www.texpol.sk\/cs\/eshop\/loznice\/skrine-cs\/skrin-p4-dddd\/"]}]},{"@type":"ImageObject","inLanguage":"cs","@id":"https:\/\/www.texpol.sk\/cs\/eshop\/loznice\/skrine-cs\/skrin-p4-dddd\/#primaryimage","url":"https:\/\/www.texpol.sk\/wp-content\/uploads\/2016\/07\/p4ddd-jpg-1.jpg","contentUrl":"https:\/\/www.texpol.sk\/wp-content\/uploads\/2016\/07\/p4ddd-jpg-1.jpg","width":768,"height":768,"caption":"P4 DDD"},{"@type":"BreadcrumbList","@id":"https:\/\/www.texpol.sk\/cs\/eshop\/loznice\/skrine-cs\/skrin-p4-dddd\/#breadcrumb","itemListElement":[{"@type":"ListItem","position":1,"name":"Home","item":"https:\/\/www.texpol.sk\/cs\/"},{"@type":"ListItem","position":2,"name":"Produkty","item":"https:\/\/www.texpol.sk\/cs\/shop\/"},{"@type":"ListItem","position":3,"name":"Sk\u0159\u00ed\u0148 P4 DDDD"}]},{"@type":"WebSite","@id":"https:\/\/www.texpol.sk\/cs\/#website","url":"https:\/\/www.texpol.sk\/cs\/","name":"texpol.sk","description":"","publisher":{"@id":"https:\/\/www.texpol.sk\/cs\/#organization"},"potentialAction":[{"@type":"SearchAction","target":{"@type":"EntryPoint","urlTemplate":"https:\/\/www.texpol.sk\/cs\/?s={search_term_string}"},"query-input":{"@type":"PropertyValueSpecification","valueRequired":true,"valueName":"search_term_string"}}],"inLanguage":"cs"},{"@type":"Organization","@id":"https:\/\/www.texpol.sk\/cs\/#organization","name":"texpol.sk","url":"https:\/\/www.texpol.sk\/cs\/","logo":{"@type":"ImageObject","inLanguage":"cs","@id":"https:\/\/www.texpol.sk\/cs\/#\/schema\/logo\/image\/","url":"https:\/\/www.texpol.sk\/wp-content\/uploads\/2022\/12\/texpol-logo-navbar.png","contentUrl":"https:\/\/www.texpol.sk\/wp-content\/uploads\/2022\/12\/texpol-logo-navbar.png","width":151,"height":57,"caption":"texpol.sk"},"image":{"@id":"https:\/\/www.texpol.sk\/cs\/#\/schema\/logo\/image\/"}}]}},"_links":{"self":[{"href":"https:\/\/www.texpol.sk\/cs\/wp-json\/wp\/v2\/product\/27273","targetHints":{"allow":["GET"]}}],"collection":[{"href":"https:\/\/www.texpol.sk\/cs\/wp-json\/wp\/v2\/product"}],"about":[{"href":"https:\/\/www.texpol.sk\/cs\/wp-json\/wp\/v2\/types\/product"}],"replies":[{"embeddable":true,"href":"https:\/\/www.texpol.sk\/cs\/wp-json\/wp\/v2\/comments?post=27273"}],"wp:featuredmedia":[{"embeddable":true,"href":"https:\/\/www.texpol.sk\/cs\/wp-json\/wp\/v2\/media\/22747"}],"wp:attachment":[{"href":"https:\/\/www.texpol.sk\/cs\/wp-json\/wp\/v2\/media?parent=27273"}],"wp:term":[{"taxonomy":"product_cat","embeddable":true,"href":"https:\/\/www.texpol.sk\/cs\/wp-json\/wp\/v2\/product_cat?post=27273"},{"taxonomy":"product_tag","embeddable":true,"href":"https:\/\/www.texpol.sk\/cs\/wp-json\/wp\/v2\/product_tag?post=27273"}],"curies":[{"name":"wp","href":"https:\/\/api.w.org\/{rel}","templated":true}]}}